{"id":7090,"date":"2016-07-17T19:44:11","date_gmt":"2016-07-17T19:44:11","guid":{"rendered":"http:\/\/nicaragua-travel-guide.com\/site\/?page_id=7090"},"modified":"2016-08-24T06:22:32","modified_gmt":"2016-08-24T06:22:32","slug":"floristeria-arreglos-decoracion-y-envios-desde-granada-nicaragua","status":"publish","type":"page","link":"https:\/\/nicaragua-travel-guide.com\/site\/floristeria-arreglos-decoracion-y-envios-desde-granada-nicaragua\/","title":{"rendered":"Florister\u00eda \u00abArreglos, decoracion y envios desde Granada\u00bb Nicaragua"},"content":{"rendered":"<table style=\"width: 1002.6666870117188px;\" border=\"0\">\n<tbody>\n<tr style=\"height: 21px;\">\n<td style=\"width: 362px; height: 21px;\" colspan=\"3\" valign=\"top\" bgcolor=\"#FFFF00\"><img loading=\"lazy\" decoding=\"async\" class=\"alignnone wp-image-7076\" src=\"http:\/\/nicaragua-travel-guide.com\/site\/wp-content\/uploads\/2016\/07\/headerfloristeriaparaeventosespeciales.jpg\" alt=\"headerfloristeriaparaeventosespeciales\" width=\"1105\" height=\"372\" srcset=\"https:\/\/nicaragua-travel-guide.com\/site\/wp-content\/uploads\/2016\/07\/headerfloristeriaparaeventosespeciales.jpg 1025w, https:\/\/nicaragua-travel-guide.com\/site\/wp-content\/uploads\/2016\/07\/headerfloristeriaparaeventosespeciales-600x202.jpg 600w\" sizes=\"(max-width: 1105px) 100vw, 1105px\" \/><\/td>\n<\/tr>\n<tr style=\"height: 3.66668701171875px;\">\n<td style=\"width: 342px; height: 3.66668701171875px;\" valign=\"top\" bgcolor=\"#FFFFFF\"><strong><a href=\"http:\/\/nicaragua-travel-guide.com\/site\/floristeria-servicios-por-organizar-y-hacer-nicaragua\/\">Servicios por Organizar y hacer:<\/a><\/strong><\/td>\n<td style=\"width: 20px; height: 3.66668701171875px;\" colspan=\"2\" valign=\"top\" bgcolor=\"#FFFFCC\"><strong><a href=\"http:\/\/nicaragua-travel-guide.com\/site\/floristeria-arreglos-y-decoracion-centros-de-mesa-organizamos-eventos-desde-granada\/\">Organizamos arreglos, decoraci\u00f3n y env\u00edos desde Granada<\/a><\/strong><\/td>\n<\/tr>\n<tr style=\"height: 728px;\">\n<td style=\"width: 342px; height: 728px;\" valign=\"top\" bgcolor=\"#FFFFFF\">\n<table style=\"width: 369.66668701171875px;\" border=\"0\">\n<tbody>\n<tr>\n<td style=\"width: 302.66668701171875px;\" colspan=\"3\" bgcolor=\"#FFCC99\" height=\"25\"><a href=\"http:\/\/nicaragua-travel-guide.com\/site\/floristeria-nicaragua\/\"><strong>Florister\u00eda:<\/strong><\/a><\/td>\n<\/tr>\n<tr>\n<td style=\"width: 112px;\" bgcolor=\"#FFFFFF\" height=\"25\">Para Ella<\/td>\n<td style=\"width: 105px;\" bgcolor=\"#FFFFFF\" height=\"25\">Para El<\/td>\n<td style=\"width: 85.66668701171875px;\" bgcolor=\"#FFFFFF\" height=\"25\">Ni\u00f1os<\/td>\n<\/tr>\n<tr>\n<td style=\"width: 302.66668701171875px;\" colspan=\"3\" bgcolor=\"#FFFFFF\" height=\"25\">Arreglos Florales<\/td>\n<\/tr>\n<tr>\n<td style=\"width: 302.66668701171875px;\" colspan=\"3\" bgcolor=\"#FFFF00\" height=\"25\">Eventos Religiosos<\/td>\n<\/tr>\n<tr>\n<td style=\"width: 302.66668701171875px;\" colspan=\"3\" bgcolor=\"#FFFFFF\" height=\"25\">Boda \u00a0 \u00a0 \u00a0 \u00a0Primera \u00a0 \u00a0 \u00a0 \u00a0Comuni\u00f3n \u00a0 \u00a0 \u00a0 Bautizo<\/td>\n<\/tr>\n<tr>\n<td style=\"width: 302.66668701171875px;\" colspan=\"3\" bgcolor=\"#FFFFFF\" height=\"25\">Funeral<\/td>\n<\/tr>\n<tr>\n<td style=\"width: 302.66668701171875px;\" colspan=\"3\" bgcolor=\"#FFFFFF\" height=\"25\">Arreglos y decoraci\u00f3n de fiestas<\/td>\n<\/tr>\n<tr>\n<td style=\"width: 302.66668701171875px;\" colspan=\"3\" bgcolor=\"#00CCFF\" height=\"25\"><strong>*<a href=\"http:\/\/nicaragua-travel-guide.com\/site\/floristeria-organizacion-de-eventos-quince-anos-arreglos-y-decoracion\/\">15 A\u00f1os de ella<\/a><\/strong><\/td>\n<\/tr>\n<tr>\n<td style=\"width: 302.66668701171875px;\" colspan=\"3\" bgcolor=\"#FFFFFF\" height=\"25\"><strong>Ramos de flores y rosas<\/strong><\/td>\n<\/tr>\n<tr>\n<td style=\"width: 302.66668701171875px;\" colspan=\"3\" valign=\"top\" bgcolor=\"#FFFFFF\" height=\"25\"><a href=\"http:\/\/nicaragua-travel-guide.com\/site\/floristeria-arreglos-y-decoracion-centros-de-mesa-organizamos-eventos-desde-granada\/\"><strong>Centros de mesa \u00a0y arreglos florales<\/strong><\/a><\/td>\n<\/tr>\n<tr>\n<td style=\"width: 302.66668701171875px;\" colspan=\"3\" valign=\"top\" bgcolor=\"#FFFFFF\" height=\"25\"><strong>Pergolas y Arcadas<\/strong><\/td>\n<\/tr>\n<tr>\n<td style=\"width: 302.66668701171875px;\" colspan=\"3\" bgcolor=\"#9999FF\" height=\"11\"><a href=\"http:\/\/nicaragua-travel-guide.com\/site\/floristeria-servicios-funerales-paquetes-especiales\/\">Servicios para Funerales \u00abPaquetes especiales\u00bb<\/a><\/td>\n<\/tr>\n<tr>\n<td style=\"width: 302.66668701171875px;\" colspan=\"3\" valign=\"top\" bgcolor=\"#FFFFFF\" height=\"25\">Palmas para Velatorios<\/td>\n<\/tr>\n<tr>\n<td style=\"width: 302.66668701171875px;\" colspan=\"3\" bgcolor=\"#FFFFFF\" height=\"12\">Coronas para Velorios<\/td>\n<\/tr>\n<tr>\n<td style=\"width: 302.66668701171875px;\" colspan=\"3\" bgcolor=\"#FFFFFF\" height=\"25\">Ata\u00fad<\/td>\n<\/tr>\n<tr>\n<td style=\"width: 302.66668701171875px;\" colspan=\"3\" bgcolor=\"#FFFFFF\" height=\"25\">F\u00e9retro<\/td>\n<\/tr>\n<tr>\n<td style=\"width: 302.66668701171875px;\" colspan=\"3\" bgcolor=\"#FFFFFF\" height=\"25\">Transporte<\/td>\n<\/tr>\n<tr>\n<td style=\"width: 302.66668701171875px;\" colspan=\"3\" bgcolor=\"#FFFFFF\" height=\"25\"><strong>Env\u00edo\u00a0de Flores<\/strong><\/td>\n<\/tr>\n<tr>\n<td style=\"width: 302.66668701171875px;\" colspan=\"3\" bgcolor=\"#FFFFFF\" height=\"25\">Tarjetas y Recuerdos<\/td>\n<\/tr>\n<tr>\n<td style=\"width: 302.66668701171875px;\" colspan=\"3\" valign=\"top\" bgcolor=\"#FFFFFF\" height=\"25\">Alimentos y bebidas<\/td>\n<\/tr>\n<tr bgcolor=\"#CC33CC\">\n<td style=\"width: 302.66668701171875px;\" colspan=\"3\" bgcolor=\"#FFFFFF\" height=\"25\"><a href=\"http:\/\/nicaragua-travel-guide.com\/site\/organizacion-de-eventos-salones-y-espacios-cerrados-y-abiertos-nicaragua\/\">Salones y espacios para eventos especiales<\/a><\/td>\n<\/tr>\n<tr bgcolor=\"#CC33CC\">\n<td style=\"width: 302.66668701171875px;\" colspan=\"3\" bgcolor=\"#FFFFFF\" height=\"25\">M\u00fasica<\/td>\n<\/tr>\n<tr bgcolor=\"#CC33CC\">\n<td style=\"width: 302.66668701171875px;\" colspan=\"3\" valign=\"top\" bgcolor=\"#FFFFFF\" height=\"25\"><strong>Decoraci\u00f3n\u00a0Eventos y Fiestas<\/strong><\/td>\n<\/tr>\n<tr bgcolor=\"#CC33CC\">\n<td style=\"width: 302.66668701171875px;\" colspan=\"3\" valign=\"top\" bgcolor=\"#FFFFFF\" height=\"25\"><b>Contactarnos<\/b><\/td>\n<\/tr>\n<\/tbody>\n<\/table>\n<\/td>\n<td style=\"width: 20px; height: 728px;\" colspan=\"2\" valign=\"top\" bgcolor=\"#FFFFCC\">\n<table style=\"width: 608px;\" border=\"0\">\n<tbody>\n<tr>\n<td style=\"width: 601px;\" bgcolor=\"#FFFFFF\">\n<ul>\n<li>Servicios de Florister\u00eda ubicada en Granada Nicaragua con personal calificado y especializado dispuesto siempre a atenderle.<\/li>\n<\/ul>\n<ul>\n<li>Mejoramos constantemente para ofrecerle art\u00edculos de calidad y de confianza el trato personalizado y familiar ha hecho de la florister\u00eda un local de reconocido prestigio en el sector de las <strong>florister\u00edas.<\/strong><\/li>\n<\/ul>\n<ul>\n<li>No poseemos sucursales pero si tenemos representante de venta.<\/li>\n<li>Somos una florister\u00eda seria con mas de treinta a\u00f1os de experiencia en el rubro de las flores, dedicada a la venta minorista y mayorista de arreglos florales de todo tipo, con la particularidad de brindar un servicio de florister\u00eda las 24 horas los 365 d\u00edas del a\u00f1o.<\/li>\n<\/ul>\n<ul>\n<li>Podemos llevar sus pedidos a casa.<\/li>\n<\/ul>\n<ul>\n<li>Realizamos ambientaci\u00f3n y decoraci\u00f3n de salones para 15 a\u00f1os, otros cumplea\u00f1os, eventos y ceremonias religiosas.<\/li>\n<\/ul>\n<\/td>\n<\/tr>\n<tr>\n<td style=\"width: 601px;\" align=\"left\" valign=\"top\" bgcolor=\"#FFFFFF\" height=\"249\">\n<table style=\"width: 623.6666870117188px;\" border=\"0\">\n<tbody>\n<tr style=\"height: 25px;\">\n<td style=\"height: 25px; width: 223px;\" align=\"left\" bgcolor=\"#FFFF00\">Celebraciones de &#8230;<\/td>\n<td style=\"height: 197px; width: 208px;\" rowspan=\"9\" align=\"left\" bgcolor=\"#FFFFFF\"><img loading=\"lazy\" decoding=\"async\" class=\"wp-image-12167 aligncenter\" src=\"http:\/\/nicaragua-travel-guide.com\/site\/wp-content\/uploads\/2016\/07\/arreglocanasatadefloresnavideno.jpg\" alt=\"arreglocanasatadefloresnavideno\" width=\"198\" height=\"189\" \/><\/td>\n<td style=\"height: 197px; width: 181.66668701171875px;\" rowspan=\"9\" align=\"left\" bgcolor=\"#FFFFFF\">\u00a0<img loading=\"lazy\" decoding=\"async\" class=\"wp-image-12166 aligncenter\" src=\"http:\/\/nicaragua-travel-guide.com\/site\/wp-content\/uploads\/2016\/07\/arreglofuneralcruzblanca.jpg\" alt=\"arreglofuneralcruzblanca\" width=\"139\" height=\"233\" \/><\/td>\n<\/tr>\n<tr style=\"height: 21px;\">\n<td style=\"height: 21px; width: 223px;\" align=\"left\" bgcolor=\"#FFFFCC\"><strong>D\u00eda\u00a0de la Secretaria<\/strong><\/td>\n<\/tr>\n<tr style=\"height: 21px;\">\n<td style=\"height: 21px; width: 223px;\" align=\"left\" bgcolor=\"#FFFFCC\"><strong>D\u00eda\u00a0de San Valentin<\/strong><\/td>\n<\/tr>\n<tr style=\"height: 21px;\">\n<td style=\"height: 21px; width: 223px;\" align=\"left\" bgcolor=\"#FF0000\">Dia de la Madre 30 de Mayo<\/td>\n<\/tr>\n<tr style=\"height: 21px;\">\n<td style=\"height: 21px; width: 223px;\" align=\"left\" bgcolor=\"#FFFFCC\">D\u00eda del Maestro<\/td>\n<\/tr>\n<tr style=\"height: 21px;\">\n<td style=\"height: 21px; width: 223px;\" align=\"left\" bgcolor=\"#FFFFCC\">Para Baby Shower y Nacimientos<\/td>\n<\/tr>\n<tr style=\"height: 21px;\">\n<td style=\"height: 21px; width: 223px;\" align=\"left\" bgcolor=\"#FFFFCC\"><strong>Env\u00edo\u00a0con Desayunos<\/strong><\/td>\n<\/tr>\n<tr style=\"height: 21px;\">\n<td style=\"height: 21px; width: 223px;\" align=\"left\" bgcolor=\"#FFFFCC\">Env\u00edos con Serenata<\/td>\n<\/tr>\n<tr style=\"height: 25px;\">\n<td style=\"height: 25px; width: 223px;\" align=\"left\" bgcolor=\"#FFFFCC\"><strong>Canastas de Ba\u00f1o Spa<\/strong><\/td>\n<\/tr>\n<\/tbody>\n<\/table>\n<\/td>\n<\/tr>\n<\/tbody>\n<\/table>\n<\/td>\n<\/tr>\n<\/tbody>\n<\/table>\n","protected":false},"excerpt":{"rendered":"<p>Servicios por Organizar y hacer: Organizamos arreglos, decoraci\u00f3n y env\u00edos desde Granada Florister\u00eda: Para Ella Para El Ni\u00f1os Arreglos Florales Eventos Religiosos Boda \u00a0 \u00a0 \u00a0 \u00a0Primera \u00a0 \u00a0 \u00a0 \u00a0Comuni\u00f3n \u00a0 \u00a0 \u00a0 Bautizo Funeral Arreglos y decoraci\u00f3n de fiestas *15 A\u00f1os de ella Ramos de flores y rosas Centros de mesa \u00a0y arreglos [&hellip;]<\/p>\n","protected":false},"author":2,"featured_media":0,"parent":0,"menu_order":0,"comment_status":"closed","ping_status":"closed","template":"","meta":{"footnotes":""},"_links":{"self":[{"href":"https:\/\/nicaragua-travel-guide.com\/site\/wp-json\/wp\/v2\/pages\/7090"}],"collection":[{"href":"https:\/\/nicaragua-travel-guide.com\/site\/wp-json\/wp\/v2\/pages"}],"about":[{"href":"https:\/\/nicaragua-travel-guide.com\/site\/wp-json\/wp\/v2\/types\/page"}],"author":[{"embeddable":true,"href":"https:\/\/nicaragua-travel-guide.com\/site\/wp-json\/wp\/v2\/users\/2"}],"replies":[{"embeddable":true,"href":"https:\/\/nicaragua-travel-guide.com\/site\/wp-json\/wp\/v2\/comments?post=7090"}],"version-history":[{"count":20,"href":"https:\/\/nicaragua-travel-guide.com\/site\/wp-json\/wp\/v2\/pages\/7090\/revisions"}],"predecessor-version":[{"id":12171,"href":"https:\/\/nicaragua-travel-guide.com\/site\/wp-json\/wp\/v2\/pages\/7090\/revisions\/12171"}],"wp:attachment":[{"href":"https:\/\/nicaragua-travel-guide.com\/site\/wp-json\/wp\/v2\/media?parent=7090"}],"curies":[{"name":"wp","href":"https:\/\/api.w.org\/{rel}","templated":true}]}}