{"id":7097,"date":"2016-07-17T20:05:53","date_gmt":"2016-07-17T20:05:53","guid":{"rendered":"http:\/\/nicaragua-travel-guide.com\/site\/?page_id=7097"},"modified":"2016-08-23T20:11:11","modified_gmt":"2016-08-23T20:11:11","slug":"floristeria-organizacion-de-eventos-quince-anos-arreglos-y-decoracion","status":"publish","type":"page","link":"https:\/\/nicaragua-travel-guide.com\/site\/floristeria-organizacion-de-eventos-quince-anos-arreglos-y-decoracion\/","title":{"rendered":"Florister\u00eda Organizaci\u00f3n de eventos \u00abQuince a\u00f1os\u00bb arreglos y decoraci\u00f3n"},"content":{"rendered":"<table style=\"width: 980.6666870117188px;\" border=\"0\">\n<tbody>\n<tr style=\"height: 21px;\">\n<td style=\"width: 737.6666870117188px; height: 21px;\" colspan=\"2\" valign=\"top\"><img loading=\"lazy\" decoding=\"async\" class=\"alignnone size-full wp-image-7098\" src=\"http:\/\/nicaragua-travel-guide.com\/site\/wp-content\/uploads\/2016\/07\/headerorganizaciondeventospaquetesparaquincenosrosado.jpg\" alt=\"headerorganizaciondeventospaquetesparaquincenosrosado\" width=\"1025\" height=\"345\" srcset=\"https:\/\/nicaragua-travel-guide.com\/site\/wp-content\/uploads\/2016\/07\/headerorganizaciondeventospaquetesparaquincenosrosado.jpg 1025w, https:\/\/nicaragua-travel-guide.com\/site\/wp-content\/uploads\/2016\/07\/headerorganizaciondeventospaquetesparaquincenosrosado-600x202.jpg 600w\" sizes=\"(max-width: 1025px) 100vw, 1025px\" \/><\/td>\n<\/tr>\n<tr style=\"height: 21px;\">\n<td style=\"width: 737.6666870117188px; height: 21px;\" colspan=\"2\" valign=\"top\">\n<table style=\"width: 993.6666870117188px;\" border=\"0\">\n<tbody>\n<tr style=\"height: 21.8646px;\">\n<td style=\"width: 272px; height: 21.8646px;\" bgcolor=\"#FF99FF\">Servicios por Organizar y hacer:<\/td>\n<td style=\"width: 541px; height: 21.8646px;\" bgcolor=\"#FF99FF\"><a href=\"http:\/\/nicaragua-travel-guide.com\/site\/floristeria-arreglos-decoracion-y-envios-desde-granada-nicaragua\/\">Organizamos arreglos florales, env\u00edo y decoraci\u00f3n desde Granada<\/a><\/td>\n<td style=\"width: 201.66668701171875px; height: 21.8646px;\" bgcolor=\"#FF99FF\">Contactarnos<\/td>\n<\/tr>\n<\/tbody>\n<\/table>\n<\/td>\n<\/tr>\n<tr style=\"height: 1358px;\">\n<td style=\"width: 342px; height: 1358px;\" valign=\"top\">\n<table style=\"width: 445.3333435058594px;\" border=\"0\">\n<tbody>\n<tr style=\"height: 25px;\">\n<td style=\"width: 30px; height: 25px;\" colspan=\"3\" bgcolor=\"#FFFFFF\"><strong>Servicio de Florister\u00eda para eventos y Fiesta<\/strong><\/td>\n<\/tr>\n<tr style=\"height: 25px;\">\n<td style=\"width: 30px; height: 25px;\" colspan=\"3\" bgcolor=\"#FFFFFF\">Arreglo Floral y Decoraci\u00f3n<\/td>\n<\/tr>\n<tr style=\"height: 25px;\">\n<td style=\"width: 30px; height: 25px;\" colspan=\"3\" bgcolor=\"#FFFFFF\">\n<table border=\"0\" width=\"397\">\n<tbody>\n<tr style=\"height: 22px;\">\n<td style=\"height: 22px;\" width=\"176\">Para Ella<\/td>\n<td style=\"height: 22px;\" width=\"116\">Para El<\/td>\n<td style=\"height: 22px;\" width=\"91\">Ni\u00f1os<\/td>\n<\/tr>\n<\/tbody>\n<\/table>\n<\/td>\n<\/tr>\n<tr style=\"height: 25px;\">\n<td style=\"width: 30px; height: 25px;\" colspan=\"3\" bgcolor=\"#FFCCFF\"><strong>Evento \u00a0Religioso<\/strong><\/td>\n<\/tr>\n<tr style=\"height: 25px;\">\n<td style=\"width: 30px; height: 25px;\" colspan=\"3\" bgcolor=\"#FFCCFF\">\n<table style=\"width: 458px;\" border=\"0\">\n<tbody>\n<tr>\n<td style=\"width: 64px;\" bgcolor=\"#FFFFCC\">Boda<\/td>\n<td style=\"width: 66px;\" bgcolor=\"#FFFFCC\">Bautizo<\/td>\n<td style=\"width: 185.33334350585938px;\" bgcolor=\"#FFFFCC\">Primera Comuni\u00f3n<\/td>\n<td style=\"width: 116.66665649414063px;\" bgcolor=\"#FFFFCC\">Aniversarios<\/td>\n<\/tr>\n<\/tbody>\n<\/table>\n<\/td>\n<\/tr>\n<tr style=\"height: 1px;\">\n<td style=\"width: 30px; height: 1px;\" colspan=\"3\" bgcolor=\"#FFCCFF\">\n<table style=\"width: 456px;\" border=\"0\">\n<tbody>\n<tr>\n<td style=\"width: 116px;\" bgcolor=\"#FFFFFF\">Para Ella<\/td>\n<td style=\"width: 155px;\" bgcolor=\"#FFFFFF\">Para El<\/td>\n<td style=\"width: 165px;\" bgcolor=\"#FFFFFF\">Ni\u00f1os<\/td>\n<\/tr>\n<\/tbody>\n<\/table>\n<\/td>\n<\/tr>\n<tr style=\"height: 37px;\">\n<td style=\"width: 30px; height: 37px;\" colspan=\"3\" bgcolor=\"#FFCCFF\"><strong>*15 A\u00f1os\u00a0<\/strong><\/td>\n<\/tr>\n<tr style=\"height: 25px;\">\n<td style=\"width: 30px; height: 25px;\" colspan=\"3\" bgcolor=\"#FFFFFF\"><strong>Ramos de flores y rosas<\/strong><\/td>\n<\/tr>\n<tr style=\"height: 25px;\">\n<td style=\"width: 30px; height: 25px;\" colspan=\"3\" valign=\"top\" bgcolor=\"#FFFFFF\"><a href=\"http:\/\/nicaragua-travel-guide.com\/site\/floristeria-arreglos-y-decoracion-centros-de-mesa-organizamos-eventos-desde-granada\/\"><strong>Centros de mesa arreglos florales<\/strong><\/a><\/td>\n<\/tr>\n<tr style=\"height: 25px;\">\n<td style=\"width: 30px; height: 25px;\" colspan=\"3\" valign=\"top\" bgcolor=\"#FFFFFF\"><strong>Pergolas y Arcadas<\/strong><\/td>\n<\/tr>\n<tr style=\"height: 25px;\">\n<td style=\"width: 30px; height: 25px;\" colspan=\"3\" bgcolor=\"#FFFFFF\">Transporte Bus Berlina Lanchas<\/td>\n<\/tr>\n<tr style=\"height: 25px;\">\n<td style=\"width: 30px; height: 25px;\" colspan=\"3\" bgcolor=\"#FFFFFF\">M\u00fasica<\/td>\n<\/tr>\n<tr style=\"height: 25px;\">\n<td style=\"width: 30px; height: 25px;\" colspan=\"3\" bgcolor=\"#FFFFFF\">Dise\u00f1o de Tarjetas \u00a0de Invitacion y recuerdo Impreso<\/td>\n<\/tr>\n<tr style=\"height: 25px;\">\n<td style=\"width: 30px; height: 25px;\" colspan=\"3\" valign=\"top\" bgcolor=\"#FFFFFF\">Alimentos y bebidas<\/td>\n<\/tr>\n<tr style=\"height: 25px;\" bgcolor=\"#CC33CC\">\n<td style=\"width: 30px; height: 25px;\" colspan=\"3\" bgcolor=\"#FFCCFF\"><a href=\"http:\/\/nicaragua-travel-guide.com\/site\/organizacion-de-eventos-salones-y-espacios-cerrados-y-abiertos-nicaragua\/\">Salones y espacios para eventos especiales<\/a><\/td>\n<\/tr>\n<tr style=\"height: 804.3333740234375px;\" bgcolor=\"#CC33CC\">\n<td style=\"width: 30px; height: 804.3333740234375px;\" colspan=\"3\" valign=\"top\" bgcolor=\"#FFFFFF\">\n<table style=\"width: 452px;\" border=\"0\">\n<tbody>\n<tr style=\"height: 126px;\">\n<td style=\"width: 190.6666717529297px; height: 126px;\"><img loading=\"lazy\" decoding=\"async\" class=\"wp-image-12124 aligncenter\" src=\"http:\/\/nicaragua-travel-guide.com\/site\/wp-content\/uploads\/2016\/07\/salonpinturalab.jpg\" alt=\"salonpinturalab\" width=\"132\" height=\"132\" srcset=\"https:\/\/nicaragua-travel-guide.com\/site\/wp-content\/uploads\/2016\/07\/salonpinturalab.jpg 225w, https:\/\/nicaragua-travel-guide.com\/site\/wp-content\/uploads\/2016\/07\/salonpinturalab-100x100.jpg 100w, https:\/\/nicaragua-travel-guide.com\/site\/wp-content\/uploads\/2016\/07\/salonpinturalab-200x200.jpg 200w\" sizes=\"(max-width: 132px) 100vw, 132px\" \/><\/td>\n<td style=\"width: 251.3333282470703px; height: 126px;\"><img loading=\"lazy\" decoding=\"async\" class=\" wp-image-11620 aligncenter\" src=\"http:\/\/nicaragua-travel-guide.com\/site\/wp-content\/uploads\/2016\/07\/salonpedicureocho.jpg\" alt=\"salonpedicureocho\" width=\"131\" height=\"145\" \/><\/td>\n<\/tr>\n<tr style=\"height: 24px;\">\n<td style=\"width: 190.6666717529297px; text-align: center; height: 24px;\">Sal\u00f3n de Belleza<\/td>\n<td style=\"width: 251.3333282470703px; text-align: center; height: 24px;\">Masaje\u00a0Spa<\/td>\n<\/tr>\n<tr style=\"height: 8px;\">\n<td style=\"width: 190.6666717529297px; height: 8px;\"><img loading=\"lazy\" decoding=\"async\" class=\" wp-image-12136 aligncenter\" src=\"http:\/\/nicaragua-travel-guide.com\/site\/wp-content\/uploads\/2016\/07\/joyerianilloquimuneca.jpg\" alt=\"joyerianilloquimuneca\" width=\"97\" height=\"97\" srcset=\"https:\/\/nicaragua-travel-guide.com\/site\/wp-content\/uploads\/2016\/07\/joyerianilloquimuneca.jpg 160w, https:\/\/nicaragua-travel-guide.com\/site\/wp-content\/uploads\/2016\/07\/joyerianilloquimuneca-100x100.jpg 100w\" sizes=\"(max-width: 97px) 100vw, 97px\" \/><\/td>\n<td style=\"width: 251.3333282470703px; height: 8px;\"><img loading=\"lazy\" decoding=\"async\" class=\" wp-image-12123 aligncenter\" src=\"http:\/\/nicaragua-travel-guide.com\/site\/wp-content\/uploads\/2016\/07\/salonpeinadodama.jpg\" alt=\"salonpeinadodama\" width=\"159\" height=\"195\" \/><\/td>\n<\/tr>\n<tr style=\"height: 24px;\">\n<td style=\"width: 190.6666717529297px; text-align: center; height: 24px;\" bgcolor=\"#FFCCFF\">Joyer\u00eda<\/td>\n<td style=\"width: 251.3333282470703px; text-align: center; height: 24px;\" bgcolor=\"#FFCCFF\">Peinado y maquillaje<\/td>\n<\/tr>\n<tr style=\"height: 78.3333740234375px;\">\n<td style=\"width: 190.6666717529297px; height: 78.3333740234375px;\"><img loading=\"lazy\" decoding=\"async\" class=\"alignnone wp-image-12127\" src=\"http:\/\/nicaragua-travel-guide.com\/site\/wp-content\/uploads\/2016\/07\/arreglofloralpergolablancortina.jpg\" alt=\"arreglofloralpergolablancortina\" width=\"161\" height=\"161\" srcset=\"https:\/\/nicaragua-travel-guide.com\/site\/wp-content\/uploads\/2016\/07\/arreglofloralpergolablancortina.jpg 119w, https:\/\/nicaragua-travel-guide.com\/site\/wp-content\/uploads\/2016\/07\/arreglofloralpergolablancortina-100x100.jpg 100w\" sizes=\"(max-width: 161px) 100vw, 161px\" \/><\/td>\n<td style=\"width: 251.3333282470703px; height: 78.3333740234375px;\"><img loading=\"lazy\" decoding=\"async\" class=\"alignnone wp-image-12138\" src=\"http:\/\/nicaragua-travel-guide.com\/site\/wp-content\/uploads\/2016\/07\/organo-melodico-para-quincea\u00f1o.jpg\" alt=\"organo melodico para quincea\u00f1o\" width=\"439\" height=\"245\" \/><\/td>\n<\/tr>\n<tr style=\"height: 22px;\">\n<td style=\"width: 190.6666717529297px; text-align: center; height: 22px;\" bgcolor=\"#FFCCFF\">Pergola<\/td>\n<td style=\"width: 251.3333282470703px; text-align: center; height: 22px;\" bgcolor=\"#FFCCFF\">Ejecuci\u00f3n\u00a0de piano\/\u00d3rgano<\/td>\n<\/tr>\n<\/tbody>\n<\/table>\n<\/td>\n<\/tr>\n<\/tbody>\n<\/table>\n<\/td>\n<td style=\"width: 395.66668701171875px; height: 1358px;\" valign=\"top\">\n<table style=\"width: 513px;\" border=\"0\">\n<tbody>\n<tr style=\"height: 29px;\">\n<td style=\"width: 536px; height: 29px;\" colspan=\"2\" bgcolor=\"#FFFFFF\"><img loading=\"lazy\" decoding=\"async\" class=\"wp-image-12144 aligncenter\" src=\"http:\/\/nicaragua-travel-guide.com\/site\/wp-content\/uploads\/2016\/07\/evento-quincea\u00f1o-paquete-especial.jpg\" alt=\"evento quincea\u00f1o paquete especial\" width=\"428\" height=\"144\" srcset=\"https:\/\/nicaragua-travel-guide.com\/site\/wp-content\/uploads\/2016\/07\/evento-quincea\u00f1o-paquete-especial.jpg 1025w, https:\/\/nicaragua-travel-guide.com\/site\/wp-content\/uploads\/2016\/07\/evento-quincea\u00f1o-paquete-especial-600x202.jpg 600w\" sizes=\"(max-width: 428px) 100vw, 428px\" \/><\/td>\n<\/tr>\n<tr style=\"height: 21px;\">\n<td style=\"width: 536px; height: 21px; text-align: center;\" colspan=\"2\" bgcolor=\"#FFCCFF\">\u00a0Gu\u00eda\u00a0de compras \u00a0Tienda de Vestidos y trajes<\/td>\n<\/tr>\n<tr style=\"height: 149px;\">\n<td style=\"width: 281.66668701171875px; height: 149px;\" bgcolor=\"#FFFFFF\"><img loading=\"lazy\" decoding=\"async\" class=\"wp-image-12126 aligncenter\" src=\"http:\/\/nicaragua-travel-guide.com\/site\/wp-content\/uploads\/2016\/07\/arreglofloraliglesialfombraquince.jpg\" alt=\"arreglofloraliglesialfombraquince\" width=\"202\" height=\"150\" \/><\/td>\n<td style=\"width: 254.33331298828125px; height: 149px;\" bgcolor=\"#FFFFFF\"><img loading=\"lazy\" decoding=\"async\" class=\"wp-image-12128 aligncenter\" src=\"http:\/\/nicaragua-travel-guide.com\/site\/wp-content\/uploads\/2016\/07\/arreglomesasbanquetequinceans.jpg\" alt=\"arreglomesasbanquetequinceans\" width=\"203\" height=\"152\" \/><\/td>\n<\/tr>\n<tr style=\"height: 22px;\">\n<td style=\"width: 281.66668701171875px; height: 22px; text-align: center;\" bgcolor=\"#FFCCFF\">Arreglos florales en iglesia<\/td>\n<td style=\"width: 254.33331298828125px; height: 22px; text-align: center;\" bgcolor=\"#FFCCFF\">Centros de mesa y\u00a0decoraci\u00f3n<\/td>\n<\/tr>\n<tr style=\"height: 157px;\">\n<td style=\"width: 281.66668701171875px; height: 157px;\" bgcolor=\"#FFFFFF\"><img loading=\"lazy\" decoding=\"async\" class=\"wp-image-12125 aligncenter\" src=\"http:\/\/nicaragua-travel-guide.com\/site\/wp-content\/uploads\/2016\/07\/alquilerdeberlinaparaquinceanorosado.jpg\" alt=\"alquilerdeberlinaparaquinceanorosado\" width=\"252\" height=\"127\" \/><\/td>\n<td style=\"width: 254.33331298828125px; height: 157px;\" bgcolor=\"#FFFFFF\"><img loading=\"lazy\" decoding=\"async\" class=\"wp-image-12142 aligncenter\" src=\"http:\/\/nicaragua-travel-guide.com\/site\/wp-content\/uploads\/2016\/07\/Transporte-privado-para-quincea\u00f1o-alquiler.jpg\" alt=\"Transporte privado para quincea\u00f1o alquiler\" width=\"166\" height=\"140\" \/><\/td>\n<\/tr>\n<tr style=\"height: 22px;\">\n<td style=\"width: 281.66668701171875px; height: 22px; text-align: center;\" bgcolor=\"#FFCCFF\">Carroza especial<\/td>\n<td style=\"width: 254.33331298828125px; height: 22px; text-align: center;\" bgcolor=\"#FFCCFF\">Transporte en\u00a0veh\u00edculo\u00a0\/ Bus<\/td>\n<\/tr>\n<tr style=\"height: 86px;\">\n<td style=\"width: 281.66668701171875px; height: 86px;\" bgcolor=\"#FFFFFF\"><img loading=\"lazy\" decoding=\"async\" class=\"wp-image-10413 aligncenter\" src=\"http:\/\/nicaragua-travel-guide.com\/site\/wp-content\/uploads\/2015\/02\/floresbuffetquince.jpeg\" alt=\"floresbuffetquince\" width=\"219\" height=\"163\" \/><\/td>\n<td style=\"width: 254.33331298828125px; height: 86px;\" bgcolor=\"#FFFFFF\"><img loading=\"lazy\" decoding=\"async\" class=\"wp-image-12092 aligncenter\" src=\"http:\/\/nicaragua-travel-guide.com\/site\/wp-content\/uploads\/2016\/07\/arreglomeserosbuffetdeventos.jpg\" alt=\"arreglomeserosbuffetdeventos\" width=\"180\" height=\"146\" \/><\/td>\n<\/tr>\n<tr style=\"height: 26px;\">\n<td style=\"width: 281.66668701171875px; height: 26px; text-align: center;\" bgcolor=\"#FFCCFF\">Servicio Buffet<\/td>\n<td style=\"width: 254.33331298828125px; height: 26px; text-align: center;\" bgcolor=\"#FFCCFF\">Pasteler\u00eda y postres<\/td>\n<\/tr>\n<tr style=\"height: 159px;\">\n<td style=\"width: 281.66668701171875px; height: 159px;\" bgcolor=\"#FFFFFF\"><img loading=\"lazy\" decoding=\"async\" class=\"wp-image-11967 aligncenter\" src=\"http:\/\/nicaragua-travel-guide.com\/site\/wp-content\/uploads\/2016\/07\/saloneventomesasarectangulares.jpg\" alt=\"saloneventomesasarectangulares\" width=\"206\" height=\"154\" \/><\/td>\n<td style=\"width: 254.33331298828125px; height: 159px;\" bgcolor=\"#FFFFFF\"><img loading=\"lazy\" decoding=\"async\" class=\"wp-image-12129 aligncenter\" src=\"http:\/\/nicaragua-travel-guide.com\/site\/wp-content\/uploads\/2016\/07\/arreglomesavestidarosado.jpg\" alt=\"arreglomesavestidarosado\" width=\"204\" height=\"138\" \/><\/td>\n<\/tr>\n<tr style=\"height: 46px;\">\n<td style=\"width: 281.66668701171875px; height: 46px; text-align: center;\" bgcolor=\"#FFCCFF\">\u00a0 \u00a0 \u00a0 Alquiler de\u00a0sal\u00f3n<\/td>\n<td style=\"width: 254.33331298828125px; height: 46px; text-align: center;\" bgcolor=\"#FFCCFF\">Sillas y mesas vestidas<\/td>\n<\/tr>\n<tr style=\"height: 191px;\">\n<td style=\"width: 281.66668701171875px; height: 191px;\" bgcolor=\"#FFFFFF\"><img loading=\"lazy\" decoding=\"async\" class=\"wp-image-12150 aligncenter\" src=\"http:\/\/nicaragua-travel-guide.com\/site\/wp-content\/uploads\/2016\/07\/comipastelybocadillosparaocasiones.jpg\" alt=\"comipastelybocadillosparaocasiones\" width=\"246\" height=\"169\" \/><\/td>\n<td style=\"width: 254.33331298828125px; height: 191px;\" bgcolor=\"#FFFFFF\"><img loading=\"lazy\" decoding=\"async\" class=\"wp-image-12133 aligncenter\" src=\"http:\/\/nicaragua-travel-guide.com\/site\/wp-content\/uploads\/2016\/07\/quinceanerarosado.jpg\" alt=\"quinceanerarosado\" width=\"127\" height=\"162\" \/><\/td>\n<\/tr>\n<tr style=\"height: 24px;\">\n<td style=\"width: 281.66668701171875px; height: 24px; text-align: center;\" bgcolor=\"#FFCCFF\">Pasteler\u00eda y bocadillos<\/td>\n<td style=\"width: 254.33331298828125px; height: 24px; text-align: center;\" bgcolor=\"#FFCCFF\">Fotograf\u00eda-Video-DVD<\/td>\n<\/tr>\n<tr style=\"height: 24px;\">\n<td style=\"width: 536px; height: 24px; background-color: #ffffff;\" bgcolor=\"#FFCCFF\"><img loading=\"lazy\" decoding=\"async\" class=\"wp-image-12090 aligncenter\" src=\"http:\/\/nicaragua-travel-guide.com\/site\/wp-content\/uploads\/2016\/07\/karaoke.jpg\" alt=\"karaoke\" width=\"192\" height=\"144\" \/><\/td>\n<td style=\"width: 536px; height: 24px; background-color: #ffffff;\" bgcolor=\"#FFCCFF\"><img loading=\"lazy\" decoding=\"async\" class=\"wp-image-12130 aligncenter\" style=\"font-family: inherit; font-size: inherit; line-height: 1.5;\" src=\"http:\/\/nicaragua-travel-guide.com\/site\/wp-content\/uploads\/2016\/07\/bailedehungaras.jpg\" alt=\"bailedehungaras\" width=\"219\" height=\"145\" srcset=\"https:\/\/nicaragua-travel-guide.com\/site\/wp-content\/uploads\/2016\/07\/bailedehungaras.jpg 253w, https:\/\/nicaragua-travel-guide.com\/site\/wp-content\/uploads\/2016\/07\/bailedehungaras-180x120.jpg 180w\" sizes=\"(max-width: 219px) 100vw, 219px\" \/><\/td>\n<\/tr>\n<tr style=\"height: 24px;\">\n<td style=\"width: 536px; height: 24px; background-color: #ffffff; text-align: center;\" bgcolor=\"#FFCCFF\">Cantante profesional<\/td>\n<td style=\"width: 536px; height: 24px; background-color: #ffffff; text-align: center;\" bgcolor=\"#FFCCFF\">Grupos de Danza<\/td>\n<\/tr>\n<\/tbody>\n<\/table>\n<\/td>\n<\/tr>\n<\/tbody>\n<\/table>\n","protected":false},"excerpt":{"rendered":"<p>Servicios por Organizar y hacer: Organizamos arreglos florales, env\u00edo y decoraci\u00f3n desde Granada Contactarnos Servicio de Florister\u00eda para eventos y Fiesta Arreglo Floral y Decoraci\u00f3n Para Ella Para El Ni\u00f1os Evento \u00a0Religioso Boda Bautizo Primera Comuni\u00f3n Aniversarios Para Ella Para El Ni\u00f1os *15 A\u00f1os\u00a0 Ramos de flores y rosas Centros de mesa arreglos florales Pergolas [&hellip;]<\/p>\n","protected":false},"author":2,"featured_media":0,"parent":0,"menu_order":0,"comment_status":"closed","ping_status":"closed","template":"","meta":{"footnotes":""},"_links":{"self":[{"href":"https:\/\/nicaragua-travel-guide.com\/site\/wp-json\/wp\/v2\/pages\/7097"}],"collection":[{"href":"https:\/\/nicaragua-travel-guide.com\/site\/wp-json\/wp\/v2\/pages"}],"about":[{"href":"https:\/\/nicaragua-travel-guide.com\/site\/wp-json\/wp\/v2\/types\/page"}],"author":[{"embeddable":true,"href":"https:\/\/nicaragua-travel-guide.com\/site\/wp-json\/wp\/v2\/users\/2"}],"replies":[{"embeddable":true,"href":"https:\/\/nicaragua-travel-guide.com\/site\/wp-json\/wp\/v2\/comments?post=7097"}],"version-history":[{"count":26,"href":"https:\/\/nicaragua-travel-guide.com\/site\/wp-json\/wp\/v2\/pages\/7097\/revisions"}],"predecessor-version":[{"id":12156,"href":"https:\/\/nicaragua-travel-guide.com\/site\/wp-json\/wp\/v2\/pages\/7097\/revisions\/12156"}],"wp:attachment":[{"href":"https:\/\/nicaragua-travel-guide.com\/site\/wp-json\/wp\/v2\/media?parent=7097"}],"curies":[{"name":"wp","href":"https:\/\/api.w.org\/{rel}","templated":true}]}}