{"id":7117,"date":"2016-07-17T20:42:50","date_gmt":"2016-07-17T20:42:50","guid":{"rendered":"http:\/\/nicaragua-travel-guide.com\/site\/?page_id=7117"},"modified":"2016-08-24T07:05:02","modified_gmt":"2016-08-24T07:05:02","slug":"floristeria-arreglos-y-decoracion-centros-de-mesa-organizamos-eventos-desde-granada","status":"publish","type":"page","link":"https:\/\/nicaragua-travel-guide.com\/site\/floristeria-arreglos-y-decoracion-centros-de-mesa-organizamos-eventos-desde-granada\/","title":{"rendered":"Florister\u00eda Arreglos y decoraci\u00f3n \u00abCentros de mesa\u00bb Organizamos Eventos desde Granada"},"content":{"rendered":"<table style=\"width: 1014.3333740234375px;\" border=\"0\">\n<tbody>\n<tr style=\"height: 22px;\">\n<td style=\"height: 22px; width: 996.3333740234375px;\" colspan=\"2\" bgcolor=\"#FFFFFF\"><img loading=\"lazy\" decoding=\"async\" class=\"alignnone wp-image-12172\" src=\"http:\/\/nicaragua-travel-guide.com\/site\/wp-content\/uploads\/2016\/07\/floristeria-arreglos-florales-y-centros-de-mesa.jpg\" alt=\"floristeria arreglos florales y centros de mesa\" width=\"1091\" height=\"383\" \/><\/td>\n<\/tr>\n<tr style=\"height: 31px;\">\n<td style=\"height: 31px; width: 996.3333740234375px;\" colspan=\"2\" bgcolor=\"#FFFFFF\">\n<table style=\"width: 1035.3333740234375px;\" border=\"0\">\n<tbody>\n<tr>\n<td style=\"width: 264px;\" bgcolor=\"#009900\"><a href=\"http:\/\/nicaragua-travel-guide.com\/site\/floristeria-servicios-por-organizar-y-hacer-nicaragua\/\">Servicios por organizar y \u00a0hacer:<\/a><\/td>\n<td style=\"width: 580px;\" bgcolor=\"#FFFF00\"><a href=\"http:\/\/nicaragua-travel-guide.com\/site\/floristeria-arreglos-decoracion-y-envios-desde-granada-nicaragua\/\"><strong>Organizamos arreglos florales,env\u00edo \u00a0y decoraci\u00f3n \u00a0desde Granada<\/strong><\/a><\/td>\n<td style=\"width: 188.3333740234375px;\" bgcolor=\"#FF0000\">Contactarnos<\/td>\n<\/tr>\n<\/tbody>\n<\/table>\n<\/td>\n<\/tr>\n<tr style=\"height: 296.858px;\">\n<td style=\"height: 296.858px; width: 338px;\" valign=\"top\" bgcolor=\"#FFFFFF\">\n<table border=\"0\" width=\"318\">\n<tbody>\n<tr>\n<td colspan=\"3\" bgcolor=\"#FFFF00\" height=\"25\">Florister\u00eda:<\/td>\n<\/tr>\n<tr>\n<td bgcolor=\"#FFFFFF\" width=\"89\" height=\"25\">Para Ella<\/td>\n<td bgcolor=\"#FFFFFF\" width=\"109\" height=\"25\">Para El<\/td>\n<td bgcolor=\"#FFFFFF\" width=\"106\" height=\"25\">Ni\u00f1os<\/td>\n<\/tr>\n<tr>\n<td colspan=\"3\" bgcolor=\"#FFFFFF\" height=\"25\">Arreglos florales y decoraci\u00f3n<\/td>\n<\/tr>\n<tr>\n<td colspan=\"3\" bgcolor=\"#FFFFFF\" height=\"25\"><strong>Eventos:<\/strong><\/td>\n<\/tr>\n<tr>\n<td colspan=\"3\" bgcolor=\"#FFFFFF\" height=\"25\">\n<table style=\"width: 312px;\" border=\"0\">\n<tbody>\n<tr>\n<td style=\"width: 62px;\" bgcolor=\"#FFFFCC\">Boda<\/td>\n<td style=\"width: 160.844px;\" bgcolor=\"#FFFFCC\">Primera \u00a0Comuni\u00f3n<\/td>\n<td style=\"width: 73.1562px;\" bgcolor=\"#FFFFCC\">Bautizo<\/td>\n<\/tr>\n<\/tbody>\n<\/table>\n<\/td>\n<\/tr>\n<tr>\n<td colspan=\"3\" bgcolor=\"#FFFFFF\" height=\"25\">*<a href=\"http:\/\/nicaragua-travel-guide.com\/site\/floristeria-organizacion-de-eventos-quince-anos-arreglos-y-decoracion\/\"><strong> 15 A\u00f1os\u00a0<\/strong><\/a>(Paquete especial)<\/td>\n<\/tr>\n<tr>\n<td colspan=\"3\" bgcolor=\"#FFFFFF\" height=\"25\">Ramos de flores y rosas<\/td>\n<\/tr>\n<tr>\n<td colspan=\"3\" valign=\"top\" bgcolor=\"#FFFFFF\" height=\"25\">Centros arreglos florales<\/td>\n<\/tr>\n<tr>\n<td colspan=\"3\" valign=\"top\" bgcolor=\"#FFFFFF\" height=\"25\">Pergolas y Arcadas<\/td>\n<\/tr>\n<tr>\n<td colspan=\"3\" bgcolor=\"#993399\" height=\"11\"><strong>Funeraria<\/strong><\/td>\n<\/tr>\n<tr>\n<td colspan=\"3\" bgcolor=\"#FFFFFF\" height=\"25\"><a href=\"http:\/\/nicaragua-travel-guide.com\/site\/floristeria-servicios-funerales-paquetes-especiales\/\"><strong>Arreglo \u00a0para Funeral<\/strong> \u00a0 (Paquete especial)<\/a><\/td>\n<\/tr>\n<tr>\n<td colspan=\"3\" valign=\"top\" bgcolor=\"#FFFFFF\" height=\"25\">Palmas para Velatorios<\/td>\n<\/tr>\n<tr>\n<td colspan=\"3\" bgcolor=\"#FFFFFF\" height=\"12\">Coronas para Velorios<\/td>\n<\/tr>\n<tr>\n<td colspan=\"3\" bgcolor=\"#FFFFFF\" height=\"25\"><strong>Env\u00edo\u00a0de Flores<\/strong><\/td>\n<\/tr>\n<tr>\n<td colspan=\"3\" bgcolor=\"#FFFFFF\" height=\"25\">Ata\u00fad<\/td>\n<\/tr>\n<tr>\n<td colspan=\"3\" bgcolor=\"#FFFFFF\" height=\"25\">\n<table border=\"0\" width=\"320\">\n<tbody>\n<tr>\n<td bgcolor=\"#993399\" width=\"122\">Para Ella<\/td>\n<td bgcolor=\"#993399\" width=\"98\">Para El<\/td>\n<td bgcolor=\"#993399\" width=\"86\">Ni\u00f1os<\/td>\n<\/tr>\n<\/tbody>\n<\/table>\n<\/td>\n<\/tr>\n<tr>\n<td colspan=\"3\" bgcolor=\"#FFFFFF\" height=\"25\">Servicio de F\u00e9retro<\/td>\n<\/tr>\n<tr>\n<td colspan=\"3\" bgcolor=\"#FFFFFF\" height=\"25\">Transporte<\/td>\n<\/tr>\n<tr>\n<td colspan=\"3\" bgcolor=\"#FFFFFF\" height=\"25\">Carruaje para funeral<\/td>\n<\/tr>\n<tr>\n<td colspan=\"3\" bgcolor=\"#FFFFFF\" height=\"25\">Berlina<\/td>\n<\/tr>\n<tr>\n<td colspan=\"3\" bgcolor=\"#FFFFFF\" height=\"25\">Limousina<\/td>\n<\/tr>\n<tr>\n<td colspan=\"3\" bgcolor=\"#FFFFFF\" height=\"25\">M\u00fasica<\/td>\n<\/tr>\n<tr>\n<td colspan=\"3\" bgcolor=\"#FFFFFF\" height=\"25\">Tarjetas y Recuerdos<\/td>\n<\/tr>\n<tr>\n<td colspan=\"3\" valign=\"top\" bgcolor=\"#FFFFFF\" height=\"25\">Alimentos y bebidas<\/td>\n<\/tr>\n<tr bgcolor=\"#CC33CC\">\n<td colspan=\"3\" bgcolor=\"#FFFFFF\" height=\"25\"><a href=\"http:\/\/nicaragua-travel-guide.com\/site\/organizacion-de-eventos-salones-y-espacios-cerrados-y-abiertos-nicaragua\/\">Salones y espacios para Eventos<\/a><\/td>\n<\/tr>\n<tr bgcolor=\"#CC33CC\">\n<td colspan=\"3\" valign=\"top\" bgcolor=\"#FFFFFF\" height=\"25\"><strong>Decoraci\u00f3n\u00a0para Eventos y Fiestas<\/strong><\/td>\n<\/tr>\n<\/tbody>\n<\/table>\n<\/td>\n<td style=\"height: 296.858px; width: 658.3333740234375px;\" valign=\"top\" bgcolor=\"#FFFFFF\">\n<table style=\"height: 1009px; width: 698px;\" border=\"0\">\n<tbody>\n<tr style=\"height: 21px;\">\n<td style=\"width: 183px; height: 21px;\">\u00a0\u00a0\u00a0<img loading=\"lazy\" decoding=\"async\" class=\"size-full wp-image-12184 aligncenter\" src=\"http:\/\/nicaragua-travel-guide.com\/site\/wp-content\/uploads\/2016\/07\/arreglofloresramoazul.jpg\" alt=\"arreglofloresramoazul\" width=\"113\" height=\"150\" \/><\/td>\n<td style=\"width: 164px; height: 21px;\"><img loading=\"lazy\" decoding=\"async\" class=\"size-full wp-image-12185 aligncenter\" src=\"http:\/\/nicaragua-travel-guide.com\/site\/wp-content\/uploads\/2016\/07\/arreglofloresramoosas.jpg\" alt=\"arreglofloresramoosas\" width=\"94\" height=\"150\" \/><\/td>\n<td style=\"width: 173.66668701171875px; height: 21px;\"><img loading=\"lazy\" decoding=\"async\" class=\"size-full wp-image-12186 aligncenter\" src=\"http:\/\/nicaragua-travel-guide.com\/site\/wp-content\/uploads\/2016\/07\/arreglofloresramopnoviablanco.jpg\" alt=\"arreglofloresramopnoviablanco\" width=\"150\" height=\"113\" \/><\/td>\n<td style=\"width: 184.33331298828125px; height: 21px;\"><img loading=\"lazy\" decoding=\"async\" class=\"size-full wp-image-12183 aligncenter\" src=\"http:\/\/nicaragua-travel-guide.com\/site\/wp-content\/uploads\/2016\/07\/arregloflorerojasyblancasregalo.jpg\" alt=\"arregloflorerojasyblancasregalo\" width=\"134\" height=\"113\" \/><\/td>\n<\/tr>\n<tr style=\"height: 21px;\">\n<td style=\"width: 183px; height: 21px;\">Ramo Azul<\/td>\n<td style=\"width: 164px; height: 21px;\">Ramillete<\/td>\n<td style=\"width: 173.66668701171875px; height: 21px;\">Buquet Blanco<\/td>\n<td style=\"width: 184.33331298828125px; height: 21px;\">Florero rosas rojas<\/td>\n<\/tr>\n<tr style=\"height: 21px;\">\n<td style=\"width: 183px; height: 21px;\"><img loading=\"lazy\" decoding=\"async\" class=\" wp-image-12167 aligncenter\" src=\"http:\/\/nicaragua-travel-guide.com\/site\/wp-content\/uploads\/2016\/07\/arreglocanasatadefloresnavideno.jpg\" alt=\"arreglocanasatadefloresnavideno\" width=\"164\" height=\"157\" \/><\/td>\n<td style=\"width: 164px; height: 21px;\"><img loading=\"lazy\" decoding=\"async\" class=\"wp-image-12165 aligncenter\" src=\"http:\/\/nicaragua-travel-guide.com\/site\/wp-content\/uploads\/2016\/07\/arreglocanastaflorespelucheycorazon.jpeg\" alt=\"arreglocanastaflorespelucheycorazon\" width=\"136\" height=\"181\" \/><\/td>\n<td style=\"width: 173.66668701171875px; height: 21px;\"><img loading=\"lazy\" decoding=\"async\" class=\" wp-image-12177 aligncenter\" src=\"http:\/\/nicaragua-travel-guide.com\/site\/wp-content\/uploads\/2016\/07\/arreglocanastafloresylpalmasblancas.jpg\" alt=\"arreglocanastafloresylpalmasblancas\" width=\"127\" height=\"170\" \/><\/td>\n<td style=\"width: 184.33331298828125px; height: 21px;\"><img loading=\"lazy\" decoding=\"async\" class=\"alignnone size-full wp-image-12178\" src=\"http:\/\/nicaragua-travel-guide.com\/site\/wp-content\/uploads\/2016\/07\/arreglocentrodefloresregalobebeceleste.jpg\" alt=\"arreglocentrodefloresregalobebeceleste\" width=\"330\" height=\"370\" \/><\/td>\n<\/tr>\n<tr style=\"height: 23px;\">\n<td style=\"width: 183px; height: 23px;\">Canasta Navide\u00f1a<\/td>\n<td style=\"width: 164px; height: 23px;\">D\u00eda del Amor<\/td>\n<td style=\"width: 173.66668701171875px; height: 23px;\">Palmas<\/td>\n<td style=\"width: 184.33331298828125px; height: 23px;\">Centro Baby Chower<\/td>\n<\/tr>\n<tr style=\"height: 9px;\">\n<td style=\"width: 183px; height: 9px;\">\u00a0<img loading=\"lazy\" decoding=\"async\" class=\" wp-image-12174 aligncenter\" src=\"http:\/\/nicaragua-travel-guide.com\/site\/wp-content\/uploads\/2016\/07\/arreglocanastadeflores.jpg\" alt=\"arreglocanastadeflores\" width=\"143\" height=\"143\" srcset=\"https:\/\/nicaragua-travel-guide.com\/site\/wp-content\/uploads\/2016\/07\/arreglocanastadeflores.jpg 114w, https:\/\/nicaragua-travel-guide.com\/site\/wp-content\/uploads\/2016\/07\/arreglocanastadeflores-100x100.jpg 100w\" sizes=\"(max-width: 143px) 100vw, 143px\" \/><\/td>\n<td style=\"width: 164px; height: 9px;\"><img loading=\"lazy\" decoding=\"async\" class=\"wp-image-12175 aligncenter\" src=\"http:\/\/nicaragua-travel-guide.com\/site\/wp-content\/uploads\/2016\/07\/arreglocanastadeflorespeluchrosado.jpg\" alt=\"arreglocanastadeflorespeluchrosado\" width=\"142\" height=\"105\" \/><\/td>\n<td style=\"width: 173.66668701171875px; height: 9px;\"><img loading=\"lazy\" decoding=\"async\" class=\"wp-image-12180 aligncenter\" src=\"http:\/\/nicaragua-travel-guide.com\/site\/wp-content\/uploads\/2016\/07\/arregloconvelasfloresamarillas.jpg\" alt=\"arregloconvelasfloresamarillas\" width=\"117\" height=\"88\" \/><\/td>\n<td style=\"width: 184.33331298828125px; height: 9px;\"><img loading=\"lazy\" decoding=\"async\" class=\"size-full wp-image-12179 aligncenter\" src=\"http:\/\/nicaragua-travel-guide.com\/site\/wp-content\/uploads\/2016\/07\/arreglocentrolargo.jpg\" alt=\"arreglocentrolargo\" width=\"150\" height=\"113\" \/><\/td>\n<\/tr>\n<tr style=\"height: 21px;\">\n<td style=\"width: 183px; height: 21px;\">Canasta flores surtidas<\/td>\n<td style=\"width: 164px; height: 21px;\">Canasta para Ni\u00f1a<\/td>\n<td style=\"width: 173.66668701171875px; height: 21px;\">Centro con Vela<\/td>\n<td style=\"width: 184.33331298828125px; height: 21px;\">Centro de Mesa<\/td>\n<\/tr>\n<tr style=\"height: 32px;\">\n<td style=\"width: 183px; height: 32px;\">\u00a0<img loading=\"lazy\" decoding=\"async\" class=\" wp-image-12189 aligncenter\" src=\"http:\/\/nicaragua-travel-guide.com\/site\/wp-content\/uploads\/2016\/07\/arreglomesablanco.jpg\" alt=\"arreglomesablanco\" width=\"126\" height=\"147\" \/><\/td>\n<td style=\"width: 164px; height: 32px;\"><img loading=\"lazy\" decoding=\"async\" class=\" wp-image-12127 aligncenter\" src=\"http:\/\/nicaragua-travel-guide.com\/site\/wp-content\/uploads\/2016\/07\/arreglofloralpergolablancortina.jpg\" alt=\"arreglofloralpergolablancortina\" width=\"141\" height=\"141\" srcset=\"https:\/\/nicaragua-travel-guide.com\/site\/wp-content\/uploads\/2016\/07\/arreglofloralpergolablancortina.jpg 119w, https:\/\/nicaragua-travel-guide.com\/site\/wp-content\/uploads\/2016\/07\/arreglofloralpergolablancortina-100x100.jpg 100w\" sizes=\"(max-width: 141px) 100vw, 141px\" \/><\/td>\n<td style=\"width: 173.66668701171875px; height: 32px;\"><img loading=\"lazy\" decoding=\"async\" class=\"wp-image-12190 aligncenter\" src=\"http:\/\/nicaragua-travel-guide.com\/site\/wp-content\/uploads\/2016\/07\/arreglomesaconflorescorazon.jpeg\" alt=\"arreglomesaconflorescorazon\" width=\"108\" height=\"137\" \/><\/td>\n<td style=\"width: 184.33331298828125px; height: 32px;\"><img loading=\"lazy\" decoding=\"async\" class=\"wp-image-12191 aligncenter\" src=\"http:\/\/nicaragua-travel-guide.com\/site\/wp-content\/uploads\/2016\/07\/arreglomesasbanquetebeig.jpg\" alt=\"arreglomesasbanquetebeig\" width=\"147\" height=\"147\" srcset=\"https:\/\/nicaragua-travel-guide.com\/site\/wp-content\/uploads\/2016\/07\/arreglomesasbanquetebeig.jpg 118w, https:\/\/nicaragua-travel-guide.com\/site\/wp-content\/uploads\/2016\/07\/arreglomesasbanquetebeig-100x100.jpg 100w\" sizes=\"(max-width: 147px) 100vw, 147px\" \/><\/td>\n<\/tr>\n<tr style=\"height: 21px;\">\n<td style=\"width: 705px; height: 21px;\" colspan=\"4\"><\/td>\n<\/tr>\n<\/tbody>\n<\/table>\n<\/td>\n<\/tr>\n<\/tbody>\n<\/table>\n","protected":false},"excerpt":{"rendered":"<p>Servicios por organizar y \u00a0hacer: Organizamos arreglos florales,env\u00edo \u00a0y decoraci\u00f3n \u00a0desde Granada Contactarnos Florister\u00eda: Para Ella Para El Ni\u00f1os Arreglos florales y decoraci\u00f3n Eventos: Boda Primera \u00a0Comuni\u00f3n Bautizo * 15 A\u00f1os\u00a0(Paquete especial) Ramos de flores y rosas Centros arreglos florales Pergolas y Arcadas Funeraria Arreglo \u00a0para Funeral \u00a0 (Paquete especial) Palmas para Velatorios Coronas para [&hellip;]<\/p>\n","protected":false},"author":2,"featured_media":0,"parent":0,"menu_order":0,"comment_status":"closed","ping_status":"closed","template":"","meta":{"footnotes":""},"_links":{"self":[{"href":"https:\/\/nicaragua-travel-guide.com\/site\/wp-json\/wp\/v2\/pages\/7117"}],"collection":[{"href":"https:\/\/nicaragua-travel-guide.com\/site\/wp-json\/wp\/v2\/pages"}],"about":[{"href":"https:\/\/nicaragua-travel-guide.com\/site\/wp-json\/wp\/v2\/types\/page"}],"author":[{"embeddable":true,"href":"https:\/\/nicaragua-travel-guide.com\/site\/wp-json\/wp\/v2\/users\/2"}],"replies":[{"embeddable":true,"href":"https:\/\/nicaragua-travel-guide.com\/site\/wp-json\/wp\/v2\/comments?post=7117"}],"version-history":[{"count":21,"href":"https:\/\/nicaragua-travel-guide.com\/site\/wp-json\/wp\/v2\/pages\/7117\/revisions"}],"predecessor-version":[{"id":12194,"href":"https:\/\/nicaragua-travel-guide.com\/site\/wp-json\/wp\/v2\/pages\/7117\/revisions\/12194"}],"wp:attachment":[{"href":"https:\/\/nicaragua-travel-guide.com\/site\/wp-json\/wp\/v2\/media?parent=7117"}],"curies":[{"name":"wp","href":"https:\/\/api.w.org\/{rel}","templated":true}]}}