{"id":7128,"date":"2016-07-17T21:12:58","date_gmt":"2016-07-17T21:12:58","guid":{"rendered":"http:\/\/nicaragua-travel-guide.com\/site\/?page_id=7128"},"modified":"2016-08-24T08:07:04","modified_gmt":"2016-08-24T08:07:04","slug":"floristeria-servicios-funerales-paquetes-especiales","status":"publish","type":"page","link":"https:\/\/nicaragua-travel-guide.com\/site\/floristeria-servicios-funerales-paquetes-especiales\/","title":{"rendered":"Florister\u00eda \u00abServicios Funerales\u00bb Paquetes especiales"},"content":{"rendered":"<p>&nbsp;<\/p>\n<table style=\"width: 1014px;\" border=\"0\">\n<tbody>\n<tr style=\"height: 5px;\">\n<td style=\"width: 981px; height: 5px;\" colspan=\"3\" bgcolor=\"#FFFFFF\"><img loading=\"lazy\" decoding=\"async\" class=\"alignnone wp-image-12195\" src=\"http:\/\/nicaragua-travel-guide.com\/site\/wp-content\/uploads\/2016\/07\/floristeria-arreglo-floral-funerario.jpg\" alt=\"floristeria arreglo floral funerario\" width=\"1031\" height=\"361\" \/><\/td>\n<\/tr>\n<tr style=\"height: 28px;\">\n<td style=\"width: 981px; height: 28px;\" colspan=\"3\" bgcolor=\"#FFFFFF\">\n<table style=\"width: 1006.91px;\" border=\"0\">\n<tbody>\n<tr>\n<td style=\"width: 289px; background-color: #f739d1;\" bgcolor=\"#FF3399\">Servicios por Organizar y Hacer<\/td>\n<td style=\"width: 480px; background-color: #b1fcfb;\" bgcolor=\"#0099FF\">Organizamos arreglos, decoraci\u00f3n y env\u00edo desde Granada<\/td>\n<td style=\"width: 226.906px; background-color: #f1f520;\" bgcolor=\"#339900\"><strong>Contactarnos<\/strong><\/td>\n<\/tr>\n<\/tbody>\n<\/table>\n<\/td>\n<\/tr>\n<tr style=\"height: 21px;\">\n<td style=\"width: 981px; height: 21px;\" colspan=\"3\" bgcolor=\"#6600CC\"><strong>Para Momentos\u00a0<\/strong><b>Dif\u00edciles<\/b><\/td>\n<\/tr>\n<tr style=\"height: 219px;\" bgcolor=\"#CCCCFF\">\n<td style=\"width: 330px; height: 1204px; background-color: #b6f7b2;\" rowspan=\"10\" valign=\"top\" bgcolor=\"#6600CC\">\n<table border=\"0\" width=\"330\">\n<tbody>\n<tr style=\"height: 22px;\">\n<td style=\"height: 22px; background-color: #b6f7b2; width: 324px; border-color: #b6f7b2;\" width=\"324\">Servicios F\u00fanebres:<\/td>\n<\/tr>\n<tr style=\"height: 22px;\" bgcolor=\"#6600CC\">\n<td style=\"height: 22px; background-color: #b6f7b2; width: 324px; border-color: #b6f7b2;\">Arreglos florales para funeral<\/td>\n<\/tr>\n<tr style=\"height: 22px;\" bgcolor=\"#6600CC\">\n<td style=\"height: 22px; background-color: #b6f7b2; width: 324px; border-color: #b6f7b2;\">Ata\u00fad \/ F\u00e9retro<\/td>\n<\/tr>\n<tr style=\"height: 22px;\" bgcolor=\"#6600CC\">\n<td style=\"height: 22px; background-color: #b6f7b2; width: 324px; border-color: #b6f7b2;\">Palmas para Velatorios<\/td>\n<\/tr>\n<tr style=\"height: 22px;\" bgcolor=\"#6600CC\">\n<td style=\"height: 22px; background-color: #b6f7b2; width: 324px; border-color: #b6f7b2;\">Flores para Funerales<\/td>\n<\/tr>\n<tr style=\"height: 22px;\" bgcolor=\"#6600CC\">\n<td style=\"height: 22px; background-color: #b6f7b2; width: 324px; border-color: #b6f7b2;\">Coronas para Velorios<\/td>\n<\/tr>\n<tr style=\"height: 22px;\" bgcolor=\"#6600CC\">\n<td style=\"height: 22px; background-color: #b6f7b2; width: 324px; border-color: #b6f7b2;\"><strong>Env\u00edo\u00a0de Flores<\/strong><\/td>\n<\/tr>\n<tr style=\"height: 22px;\" bgcolor=\"#6600CC\">\n<td style=\"height: 22px; background-color: #b6f7b2; width: 324px; border-color: #b6f7b2;\">Transporte<\/td>\n<\/tr>\n<tr style=\"height: 22px;\" bgcolor=\"#6600CC\">\n<td style=\"height: 22px; background-color: #b6f7b2; width: 324px; border-color: #b6f7b2;\">M\u00fasica<\/td>\n<\/tr>\n<tr style=\"height: 22px;\" bgcolor=\"#6600CC\">\n<td style=\"height: 22px; background-color: #b6f7b2; width: 324px; border-color: #b6f7b2;\">Alimentos y bebidas<\/td>\n<\/tr>\n<tr style=\"height: 22px;\" bgcolor=\"#6600CC\">\n<td style=\"background-color: #e0f2dc; height: 22px;\" bgcolor=\"#660099\"><strong>Env\u00edo de Caja para honra F\u00fanebre<\/strong><\/td>\n<\/tr>\n<tr style=\"height: 187px;\" bgcolor=\"#6600CC\">\n<td style=\"height: 187px;\" bgcolor=\"#FFFFFF\">\u00a0<img loading=\"lazy\" decoding=\"async\" class=\"alignnone wp-image-12197\" src=\"http:\/\/nicaragua-travel-guide.com\/site\/wp-content\/uploads\/2016\/07\/funerariacajalujosamadera.jpg\" alt=\"funerariacajalujosamadera\" width=\"306\" height=\"182\" \/><\/td>\n<\/tr>\n<tr style=\"height: 22.666748046875px;\" bgcolor=\"#6600CC\">\n<td style=\"background-color: #e0f2dc; height: 22.666748046875px; text-align: center;\" bgcolor=\"#660099\"><strong>Alquiler de Carruaje o Limous\u00edna<\/strong><\/td>\n<\/tr>\n<tr style=\"height: 22px;\" bgcolor=\"#6600CC\">\n<td style=\"height: 22px;\" bgcolor=\"#FFFFFF\">\u00a0<img loading=\"lazy\" decoding=\"async\" class=\"alignnone wp-image-12200\" src=\"http:\/\/nicaragua-travel-guide.com\/site\/wp-content\/uploads\/2016\/07\/arreglofuneralcarruajealquiler.jpg\" alt=\"arreglofuneralcarruajealquiler\" width=\"309\" height=\"231\" \/><\/td>\n<\/tr>\n<tr style=\"height: 22px;\" bgcolor=\"#6600CC\">\n<td style=\"background-color: #e0f2dc; height: 22px; text-align: center;\" bgcolor=\"#660099\"><strong>Alquiler de\u00a0Velatorio<\/strong><\/td>\n<\/tr>\n<tr style=\"height: 22px;\" bgcolor=\"#6600CC\">\n<td style=\"height: 22px;\" bgcolor=\"#FFFFFF\">\u00a0<img loading=\"lazy\" decoding=\"async\" class=\" wp-image-12203 aligncenter\" src=\"http:\/\/nicaragua-travel-guide.com\/site\/wp-content\/uploads\/2016\/07\/arreglofuneralvelatorio.jpg\" alt=\"arreglofuneralvelatorio\" width=\"296\" height=\"234\" \/><\/td>\n<\/tr>\n<tr style=\"height: 22px;\" bgcolor=\"#6600CC\">\n<td style=\"height: 22px; background-color: #e0f2dc; text-align: center;\" bgcolor=\"#FFFFFF\"><strong>Caf e y Boquitas<\/strong><\/td>\n<\/tr>\n<tr style=\"height: 22px;\" bgcolor=\"#6600CC\">\n<td style=\"height: 22px;\" bgcolor=\"#FFFFFF\"><img loading=\"lazy\" decoding=\"async\" class=\" wp-image-12205 aligncenter\" src=\"http:\/\/nicaragua-travel-guide.com\/site\/wp-content\/uploads\/2016\/07\/arreglomeserocoffebreakservicio.jpg\" alt=\"arreglomeserocoffebreakservicio\" width=\"279\" height=\"210\" \/><\/td>\n<\/tr>\n<\/tbody>\n<\/table>\n<\/td>\n<td style=\"width: 341.66668701171875px; height: 219px; background-color: #fcfce3; border-color: #fcfce3;\" align=\"center\" valign=\"middle\" bgcolor=\"#FFFFFF\">\u00a0\u00a0<img loading=\"lazy\" decoding=\"async\" class=\"alignnone wp-image-12207\" src=\"http:\/\/nicaragua-travel-guide.com\/site\/wp-content\/uploads\/2016\/07\/centroparafuneral.jpg\" alt=\"centroparafuneral\" width=\"298\" height=\"224\" \/><\/td>\n<td style=\"width: 341.66668701171875px; height: 219px; background-color: #fcfce3; border-color: #fcfce3;\" bgcolor=\"#FFFFFF\">\u00a0<img loading=\"lazy\" decoding=\"async\" class=\" wp-image-12179 aligncenter\" style=\"text-align: -webkit-center;\" src=\"http:\/\/nicaragua-travel-guide.com\/site\/wp-content\/uploads\/2016\/07\/arreglocentrolargo.jpg\" alt=\"arreglocentrolargo\" width=\"284\" height=\"213\" \/><\/td>\n<\/tr>\n<tr style=\"height: 219px;\" bgcolor=\"#CCCCFF\">\n<td style=\"width: 651px; height: 219px; background-color: #fcda95; border-color: #f7f1d0;\" colspan=\"2\" align=\"center\" valign=\"middle\" bgcolor=\"#FFFFFF\">Palmas y coronas para momentos dif\u00edciles, la corona de flores puede acompa\u00f1arse con una tarjeta o cinta seg\u00fan gusto del cliente.<br \/>\nPrecio:<\/td>\n<\/tr>\n<tr style=\"height: 14px;\">\n<td style=\"width: 341.66668701171875px; height: 14px; background-color: #f7f1d0; border-color: #f7f1d0; text-align: center;\" bgcolor=\"#6600CC\"><strong>Corona de Flores<\/strong><\/td>\n<td style=\"width: 309.33331298828125px; height: 14px; background-color: #f7f1d0; border-color: #f7f1d0; text-align: center;\" bgcolor=\"#6600CC\"><strong>Para Momentos\u00a0<\/strong><b>Dif\u00edciles<\/b><\/td>\n<\/tr>\n<tr style=\"height: 219px;\" bgcolor=\"#990099\">\n<td style=\"width: 341.66668701171875px; height: 219px; background-color: #fcfce3; border-color: #fcfce3;\" bgcolor=\"#FFFFFF\">\u00a0<img loading=\"lazy\" decoding=\"async\" class=\" wp-image-12201 aligncenter\" src=\"http:\/\/nicaragua-travel-guide.com\/site\/wp-content\/uploads\/2016\/07\/arreglofuneralcoronafloresypalma.jpg\" alt=\"arreglofuneralcoronafloresypalma\" width=\"320\" height=\"240\" \/><\/td>\n<td style=\"width: 341.66668701171875px; height: 219px; background-color: #fcfce3; border-color: #fcfce3;\" bgcolor=\"#FFFFFF\">\u00a0<img loading=\"lazy\" decoding=\"async\" class=\" wp-image-12177 aligncenter\" src=\"http:\/\/nicaragua-travel-guide.com\/site\/wp-content\/uploads\/2016\/07\/arreglocanastafloresylpalmasblancas.jpg\" alt=\"arreglocanastafloresylpalmasblancas\" width=\"216\" height=\"289\" \/><\/td>\n<\/tr>\n<tr style=\"height: 219px;\" bgcolor=\"#990099\">\n<td style=\"width: 651px; height: 219px; background-color: #fcda95; border-color: #f7f1d0;\" colspan=\"2\" bgcolor=\"#FFFFFF\">Env\u00edo de coronas para momentos dif\u00edciles y venta de palmas para sepelios, compuesta por rosas, (seg\u00fan \u00e9poca del a\u00f1o). La terminaci\u00f3n de las palmas para sepelios puede ser con una tarjeta o cinta seg\u00fan gusto del cliente.<br \/>\nPrecio:<\/td>\n<\/tr>\n<tr style=\"height: 36px;\">\n<td style=\"width: 341.66668701171875px; height: 36px; background-color: #f7f1d0; border-color: #f7f1d0; text-align: center;\" valign=\"top\" bgcolor=\"#6600CC\"><strong>Ata\u00fad Tres Categor\u00edas<\/strong><\/td>\n<td style=\"width: 309.33331298828125px; height: 36px; background-color: #f7f1d0; border-color: #f7f1d0; text-align: center;\" valign=\"top\" bgcolor=\"#6600CC\"><strong>\u00a0 \u00a0 \u00a0 \u00a0 \u00a0 \u00a0 \u00a0 Arreglo en la Iglesia<\/strong><\/td>\n<\/tr>\n<tr style=\"height: 219px;\">\n<td style=\"width: 341.66668701171875px; height: 219px; background-color: #f7f1d0; border-color: #f7f1d0;\" valign=\"top\" bgcolor=\"#FFFFFF\">\u00a0<img loading=\"lazy\" decoding=\"async\" class=\" wp-image-12199 aligncenter\" src=\"http:\/\/nicaragua-travel-guide.com\/site\/wp-content\/uploads\/2016\/07\/arreglofuneralataudesnventa.jpg\" alt=\"arreglofuneralataudesnventa\" width=\"292\" height=\"217\" \/><\/td>\n<td style=\"width: 309.33331298828125px; height: 219px; background-color: #f7f1d0; border-color: #f7f1d0;\" valign=\"bottom\" bgcolor=\"#FFFFFF\"><img loading=\"lazy\" decoding=\"async\" class=\"wp-image-12198 aligncenter\" style=\"font-family: inherit; font-size: inherit; line-height: 1.5;\" src=\"http:\/\/nicaragua-travel-guide.com\/site\/wp-content\/uploads\/2016\/07\/arreglofloraliglesiablancas.jpg\" alt=\"arreglofloraliglesiablancas\" width=\"299\" height=\"224\" \/><\/td>\n<\/tr>\n<tr style=\"height: 17px;\">\n<td style=\"width: 341.66668701171875px; height: 17px; background-color: #f7f1d0; border-color: #f7f1d0; text-align: center;\" valign=\"top\" bgcolor=\"#6600CC\"><strong>Servicio: Arreglos de Funeral<\/strong><\/td>\n<td style=\"width: 309.33331298828125px; height: 17px; background-color: #f7f1d0; border-color: #f7f1d0; text-align: center;\" valign=\"top\" bgcolor=\"#6600CC\"><strong>Arreglo florales en la Iglesia<\/strong><\/td>\n<\/tr>\n<tr style=\"height: 22px;\">\n<td style=\"width: 341.66668701171875px; height: 22px; background-color: #f7f1d0; border-color: #f7f1d0;\" valign=\"top\" bgcolor=\"#FFFFFF\">\u00a0<img loading=\"lazy\" decoding=\"async\" class=\" wp-image-12202 aligncenter\" src=\"http:\/\/nicaragua-travel-guide.com\/site\/wp-content\/uploads\/2016\/07\/arreglofuneralfloresyvelatorio.jpg\" alt=\"arreglofuneralfloresyvelatorio\" width=\"211\" height=\"213\" srcset=\"https:\/\/nicaragua-travel-guide.com\/site\/wp-content\/uploads\/2016\/07\/arreglofuneralfloresyvelatorio.jpg 116w, https:\/\/nicaragua-travel-guide.com\/site\/wp-content\/uploads\/2016\/07\/arreglofuneralfloresyvelatorio-100x100.jpg 100w\" sizes=\"(max-width: 211px) 100vw, 211px\" \/><\/td>\n<td style=\"width: 309.33331298828125px; height: 22px; background-color: #f7f1d0; border-color: #f7f1d0;\" align=\"center\" valign=\"top\" bgcolor=\"#FFFFCC\"><img loading=\"lazy\" decoding=\"async\" class=\" wp-image-12204 aligncenter\" style=\"text-align: start;\" src=\"http:\/\/nicaragua-travel-guide.com\/site\/wp-content\/uploads\/2016\/07\/arregloiglesiavelas.jpg\" alt=\"arregloiglesiavelas\" width=\"296\" height=\"231\" \/><\/td>\n<\/tr>\n<tr style=\"height: 20px;\">\n<td style=\"width: 341.66668701171875px; height: 20px; background-color: #f7f1d0; border-color: #f7f1d0; text-align: center;\" valign=\"top\" bgcolor=\"#FFFFFF\"><strong>Alquiler de Sal\u00f3n y espacio \u00a0velatorio<\/strong><\/td>\n<td style=\"width: 309.33331298828125px; height: 20px; background-color: #f7f1d0; border-color: #f7f1d0; text-align: center;\" align=\"center\" valign=\"top\" bgcolor=\"#FFFFCC\"><strong>Arreglo floral y velatorio<\/strong><\/td>\n<\/tr>\n<tr style=\"height: 2px;\">\n<td style=\"width: 981px; height: 2px; background-color: #85f57f;\" colspan=\"3\" bgcolor=\"#6600CC\"><strong>Por mayor informaci\u00f3n y reservaci\u00f3n<\/strong><strong> Contactarnos<\/strong><\/td>\n<\/tr>\n<\/tbody>\n<\/table>\n","protected":false},"excerpt":{"rendered":"<p>&nbsp; Servicios por Organizar y Hacer Organizamos arreglos, decoraci\u00f3n y env\u00edo desde Granada Contactarnos Para Momentos\u00a0Dif\u00edciles Servicios F\u00fanebres: Arreglos florales para funeral Ata\u00fad \/ F\u00e9retro Palmas para Velatorios Flores para Funerales Coronas para Velorios Env\u00edo\u00a0de Flores Transporte M\u00fasica Alimentos y bebidas Env\u00edo de Caja para honra F\u00fanebre \u00a0 Alquiler de Carruaje o Limous\u00edna \u00a0 Alquiler [&hellip;]<\/p>\n","protected":false},"author":2,"featured_media":0,"parent":0,"menu_order":0,"comment_status":"closed","ping_status":"closed","template":"","meta":{"footnotes":""},"_links":{"self":[{"href":"https:\/\/nicaragua-travel-guide.com\/site\/wp-json\/wp\/v2\/pages\/7128"}],"collection":[{"href":"https:\/\/nicaragua-travel-guide.com\/site\/wp-json\/wp\/v2\/pages"}],"about":[{"href":"https:\/\/nicaragua-travel-guide.com\/site\/wp-json\/wp\/v2\/types\/page"}],"author":[{"embeddable":true,"href":"https:\/\/nicaragua-travel-guide.com\/site\/wp-json\/wp\/v2\/users\/2"}],"replies":[{"embeddable":true,"href":"https:\/\/nicaragua-travel-guide.com\/site\/wp-json\/wp\/v2\/comments?post=7128"}],"version-history":[{"count":15,"href":"https:\/\/nicaragua-travel-guide.com\/site\/wp-json\/wp\/v2\/pages\/7128\/revisions"}],"predecessor-version":[{"id":12215,"href":"https:\/\/nicaragua-travel-guide.com\/site\/wp-json\/wp\/v2\/pages\/7128\/revisions\/12215"}],"wp:attachment":[{"href":"https:\/\/nicaragua-travel-guide.com\/site\/wp-json\/wp\/v2\/media?parent=7128"}],"curies":[{"name":"wp","href":"https:\/\/api.w.org\/{rel}","templated":true}]}}