{"id":7155,"date":"2016-07-17T23:52:43","date_gmt":"2016-07-17T23:52:43","guid":{"rendered":"http:\/\/nicaragua-travel-guide.com\/site\/?page_id=7155"},"modified":"2016-08-21T01:10:54","modified_gmt":"2016-08-21T01:10:54","slug":"servicio-catering-montaje-buffet-de-alimentos-y-bebidas-coctel-vinos-y-tragos-boquitas-salon-de-evento-sillas-y-mesas-vestidas-organizacion-de-evento-especial-en-nicaragua","status":"publish","type":"page","link":"https:\/\/nicaragua-travel-guide.com\/site\/servicio-catering-montaje-buffet-de-alimentos-y-bebidas-coctel-vinos-y-tragos-boquitas-salon-de-evento-sillas-y-mesas-vestidas-organizacion-de-evento-especial-en-nicaragua\/","title":{"rendered":"Evento especial \u00abCatering &#038; Buffet\u00bb Montaje del Servicio de alimentos y bebidas"},"content":{"rendered":"<table style=\"width: 977.6666870117188px;\" border=\"0\">\n<tbody>\n<tr style=\"height: 14px;\">\n<td style=\"height: 14px; width: 70px;\" colspan=\"7\" valign=\"top\" bgcolor=\"#FFFFFF\"><strong><img loading=\"lazy\" decoding=\"async\" class=\"size-full wp-image-5361 aligncenter\" src=\"http:\/\/nicaragua-travel-guide.com\/site\/wp-content\/uploads\/2016\/06\/header-catering-servicio-buffet-event-oespecial-caballo-bayo.jpg\" alt=\"header catering servicio buffet event oespecial caballo bayo\" width=\"1025\" height=\"345\" srcset=\"https:\/\/nicaragua-travel-guide.com\/site\/wp-content\/uploads\/2016\/06\/header-catering-servicio-buffet-event-oespecial-caballo-bayo.jpg 1025w, https:\/\/nicaragua-travel-guide.com\/site\/wp-content\/uploads\/2016\/06\/header-catering-servicio-buffet-event-oespecial-caballo-bayo-600x202.jpg 600w\" sizes=\"(max-width: 1025px) 100vw, 1025px\" \/><\/strong><\/td>\n<\/tr>\n<tr style=\"height: 25px;\">\n<td style=\"height: 25px; width: 70px; background-color: #d6f0d5;\" colspan=\"7\" valign=\"top\" bgcolor=\"#009900\"><strong>Eventos especiales catering buffet servicio de alimentos y bebidas<\/strong><\/td>\n<\/tr>\n<tr style=\"height: 25px;\">\n<td style=\"height: 25px; width: 70px; background-color: #ebf5bc;\" colspan=\"7\" valign=\"top\" bgcolor=\"#FFFF00\">No puede quedarse nada sin organizar&#8230;<\/td>\n<\/tr>\n<tr style=\"height: 25px;\">\n<td style=\"height: 25px; width: 70px; background-color: #f7f7e4;\" colspan=\"7\" valign=\"top\" bgcolor=\"#FFFFFF\">Para que tu evento sea \u00fanico e irrepetible donde se reunir\u00e1n todas tus amistades y familiares m\u00e1s queridos<\/p>\n<p>D\u00e9janos organizar el servicio de catering y buffet ese d\u00eda sera inolvidable.<\/p>\n<p align=\"left\">Te ofrecemos una amplia variedad en servicios complementarios con nuestra asesor\u00eda y asistencia ajust\u00e1ndonos a tu presupuesto seg\u00fan sea su estilo gusto y elecci\u00f3n.<\/p>\n<p align=\"left\">Donde nada puede fallar solo disfr\u00fatenlo!<\/p>\n<p align=\"left\">Con una atenci\u00f3n personalizada y la m\u00e1xima calidad en los productos utilizados, el servicio de Catering deleitar\u00e1 a sus invitados con una Cocina de alta gama para su banquete en su reuni\u00f3n de acuerdo a la ocasi\u00f3n.<\/p>\n<p align=\"left\">Imag\u00ednese el Evento Ideal&#8230; y d\u00e9jelo en nuestras manos. El servicio de catering le ofrece un servicio integral de Planificaci\u00f3n y organizaci\u00f3n de todo tipo de eventos, en Granada y donde usted lo solicite.<\/p>\n<p>Estamos a su disposici\u00f3n para planificar y organizar su evento desde el primer hasta el \u00faltimo detalle cualquier otro equipamiento o material necesario para hacer de su Evento el mejor.<\/p>\n<p>Con Servicio de <strong>Catering<\/strong> y Buffet trabajamos para que usted y su empresa , familia y amigos, no se preocupen por la organizaci\u00f3n del evento, nosotros lo haremos por ustedes.<\/td>\n<\/tr>\n<tr style=\"height: 9px;\">\n<td style=\"height: 9px; width: 70px;\" colspan=\"7\" align=\"left\" valign=\"top\" bgcolor=\"#FFFFFF\">\n<table border=\"0\" width=\"1002\">\n<tbody>\n<tr>\n<td style=\"background-color: #d60909; width: 307px; border-color: #d60909;\" bgcolor=\"#CC0000\" width=\"307\">Coordinamos el catering y los proveedores necesarios para la realizaci\u00f3n de eventos: decoraci\u00f3n, iluminaci\u00f3n, m\u00fasica, animaci\u00f3n, personal de apoyo (azafatas, seguridad, limpieza&#8230;<\/td>\n<td style=\"background-color: #d60909; width: 307px; border-color: #d60909;\" colspan=\"3\" bgcolor=\"#FFFFFF\" width=\"226\"><img loading=\"lazy\" decoding=\"async\" class=\"alignnone size-full wp-image-11811\" src=\"http:\/\/nicaragua-travel-guide.com\/site\/wp-content\/uploads\/2016\/07\/servicio-catering-evento-especial-paquete-arreglos-decoracion-payasos-y-luce.jpg\" alt=\"servicio catering evento especial paquete arreglos decoracion payasos y luce\" width=\"1025\" height=\"345\" srcset=\"https:\/\/nicaragua-travel-guide.com\/site\/wp-content\/uploads\/2016\/07\/servicio-catering-evento-especial-paquete-arreglos-decoracion-payasos-y-luce.jpg 1025w, https:\/\/nicaragua-travel-guide.com\/site\/wp-content\/uploads\/2016\/07\/servicio-catering-evento-especial-paquete-arreglos-decoracion-payasos-y-luce-600x202.jpg 600w\" sizes=\"(max-width: 1025px) 100vw, 1025px\" \/><\/td>\n<\/tr>\n<\/tbody>\n<\/table>\n<\/td>\n<\/tr>\n<tr style=\"height: 21px;\">\n<td style=\"height: 21px; width: 70px;\" colspan=\"7\" align=\"left\" valign=\"top\" bgcolor=\"#FFFFFF\">\n<table border=\"0\" width=\"1006\">\n<tbody>\n<tr>\n<td style=\"background-color: #4ef551; border-color: #4ef551; width: 300px;\" bgcolor=\"#CCFF66\" width=\"300\">Selecci\u00f3n<strong> de Vinos <\/strong>que m\u00e1s se ajuste a sus necesidades y solicite un presupuesto sin compromiso enviando un mensaje de texto o telef\u00f3nicamente.<\/p>\n<p>Servicio de Bartenders,Vinos,botellas de ron,Tragos,C\u00f3cteles,bolsas de hielo en cubitos etc&#8230;<\/td>\n<td style=\"background-color: #4ef551; border-color: #4ef551; width: 300px;\" width=\"696\"><img loading=\"lazy\" decoding=\"async\" class=\"alignnone size-full wp-image-11812\" src=\"http:\/\/nicaragua-travel-guide.com\/site\/wp-content\/uploads\/2016\/07\/servicio-catering-nicaragua-travel-guide-bartender-evento.jpg\" alt=\"servicio catering nicaragua travel guide bartender evento\" width=\"1025\" height=\"345\" srcset=\"https:\/\/nicaragua-travel-guide.com\/site\/wp-content\/uploads\/2016\/07\/servicio-catering-nicaragua-travel-guide-bartender-evento.jpg 1025w, https:\/\/nicaragua-travel-guide.com\/site\/wp-content\/uploads\/2016\/07\/servicio-catering-nicaragua-travel-guide-bartender-evento-600x202.jpg 600w\" sizes=\"(max-width: 1025px) 100vw, 1025px\" \/><\/td>\n<\/tr>\n<\/tbody>\n<\/table>\n<\/td>\n<\/tr>\n<tr style=\"height: 103px;\">\n<td style=\"height: 103px; width: 70px;\" colspan=\"7\" align=\"left\" valign=\"top\" bgcolor=\"#FFFFFF\">\n<table style=\"width: 1000px;\" border=\"0\">\n<tbody>\n<tr style=\"height: 48px;\">\n<td style=\"height: 48px; width: 295px; background-color: #0265fa; border-color: #0265fa;\">Alquiler de sillas, menaje,manteleria, mesas redondas, cuadradas, tablones, vajillas, cristaler\u00eda, vasos, copas, platos, cubiertos importados, calentadores, toldo y tarima.<\/td>\n<td style=\"height: 48px; width: 295px; background-color: #0265fa; border-color: #0265fa;\" colspan=\"3\"><img loading=\"lazy\" decoding=\"async\" class=\"size-full wp-image-11813 aligncenter\" src=\"http:\/\/nicaragua-travel-guide.com\/site\/wp-content\/uploads\/2016\/07\/servicio-catering-evento-sillas-y-mesas-decoracin-y-buffet.jpg\" alt=\"servicio catering evento sillas y mesas decoracin y buffet\" width=\"1025\" height=\"345\" srcset=\"https:\/\/nicaragua-travel-guide.com\/site\/wp-content\/uploads\/2016\/07\/servicio-catering-evento-sillas-y-mesas-decoracin-y-buffet.jpg 1025w, https:\/\/nicaragua-travel-guide.com\/site\/wp-content\/uploads\/2016\/07\/servicio-catering-evento-sillas-y-mesas-decoracin-y-buffet-600x202.jpg 600w\" sizes=\"(max-width: 1025px) 100vw, 1025px\" \/><\/td>\n<\/tr>\n<\/tbody>\n<\/table>\n<\/td>\n<\/tr>\n<tr style=\"height: 21px;\">\n<td style=\"height: 21px; width: 70px;\" colspan=\"7\" align=\"left\" valign=\"top\" bgcolor=\"#FFFFFF\">\n<table style=\"width: 1002px;\">\n<tbody>\n<tr style=\"height: 2.3333740234375px;\">\n<td style=\"height: 2.3333740234375px; width: 302px; background-color: #f5a905; border-color: #f5a905;\" bgcolor=\"#FFCC33\">Elaboraci\u00f3n de alimentos y bebidas a su preferencia desde los mas peque\u00f1os bocadillos hasta los mas grandes pasteles y servicio de alimentos buffet a su medida<\/td>\n<td style=\"height: 2.3333740234375px; width: 302px; background-color: #f5a905; border-color: #f5a905;\" colspan=\"3\"><img loading=\"lazy\" decoding=\"async\" class=\" wp-image-11814 aligncenter\" style=\"font-family: inherit; font-size: inherit; line-height: 1.5;\" src=\"http:\/\/nicaragua-travel-guide.com\/site\/wp-content\/uploads\/2016\/07\/servicio-catering-evento-buffet-banquete-y-postres.jpg\" alt=\"servicio catering evento buffet banquete y postres\" width=\"677\" height=\"228\" srcset=\"https:\/\/nicaragua-travel-guide.com\/site\/wp-content\/uploads\/2016\/07\/servicio-catering-evento-buffet-banquete-y-postres.jpg 1025w, https:\/\/nicaragua-travel-guide.com\/site\/wp-content\/uploads\/2016\/07\/servicio-catering-evento-buffet-banquete-y-postres-600x202.jpg 600w\" sizes=\"(max-width: 677px) 100vw, 677px\" \/><\/td>\n<\/tr>\n<\/tbody>\n<\/table>\n<\/td>\n<\/tr>\n<tr style=\"height: 21px;\">\n<td style=\"height: 21px; width: 70px;\" colspan=\"7\" align=\"left\" valign=\"top\" bgcolor=\"#FFFFFF\">\n<table border=\"0\" width=\"1003\">\n<tbody>\n<tr style=\"height: 8.666748046875px;\">\n<td style=\"height: 8.666748046875px; background-color: #26cf08; border-color: #26cf08; width: 308px;\" bgcolor=\"#009900\" width=\"308\"><strong><a href=\"http:\/\/nicaragua-travel-guide.com\/site\/organizacion-de-eventos-salones-y-espacios-cerrados-y-abiertos-nicaragua\/\">Salones de evento,<\/a><\/strong> \u00a0 Inauguraciones, congresos convenciones,seminarios lanzamientos de producto,cumplea\u00f1os, eventos religiosos, eventos culturales, almuerzos de trabajo, coffee-breaks<\/td>\n<td style=\"height: 8.666748046875px; background-color: #26cf08; border-color: #26cf08; width: 308px;\" colspan=\"3\" width=\"233\"><img loading=\"lazy\" decoding=\"async\" class=\" wp-image-11816 aligncenter\" src=\"http:\/\/nicaragua-travel-guide.com\/site\/wp-content\/uploads\/2016\/07\/servicio-catering-evento-inauguracion-coffee-break-salones.jpg\" alt=\"servicio catering evento inauguracion coffee break salones\" width=\"665\" height=\"224\" srcset=\"https:\/\/nicaragua-travel-guide.com\/site\/wp-content\/uploads\/2016\/07\/servicio-catering-evento-inauguracion-coffee-break-salones.jpg 1025w, https:\/\/nicaragua-travel-guide.com\/site\/wp-content\/uploads\/2016\/07\/servicio-catering-evento-inauguracion-coffee-break-salones-600x202.jpg 600w\" sizes=\"(max-width: 665px) 100vw, 665px\" \/><\/td>\n<\/tr>\n<\/tbody>\n<\/table>\n<\/td>\n<\/tr>\n<tr style=\"height: 137px;\">\n<td style=\"height: 137px; width: 70px;\" colspan=\"7\" align=\"left\" valign=\"top\" bgcolor=\"#FFFFFF\">\n<table border=\"0\" width=\"1007\">\n<tbody>\n<tr style=\"height: 43.33349609375px;\">\n<td style=\"background-color: #aa07db; width: 305px; border-color: #aa07db; height: 43.33349609375px;\" width=\"305\">Ofrecemos distintos propuestas de catering; desde el c\u00f3ctel m\u00e1s sofisticado a un almuerzo informal o una cena de gala.<\/td>\n<td style=\"background-color: #aa07db; width: 305px; border-color: #aa07db; height: 43.33349609375px;\" colspan=\"3\" valign=\"top\" width=\"242\">\u00a0<img loading=\"lazy\" decoding=\"async\" class=\"alignnone wp-image-11818\" src=\"http:\/\/nicaragua-travel-guide.com\/site\/wp-content\/uploads\/2016\/07\/servicio-catering-evento-boquitas-coctel-bebidas-vino-y-ron.jpg\" alt=\"servicio catering evento boquitas coctel bebidas vino y ron\" width=\"675\" height=\"228\" srcset=\"https:\/\/nicaragua-travel-guide.com\/site\/wp-content\/uploads\/2016\/07\/servicio-catering-evento-boquitas-coctel-bebidas-vino-y-ron.jpg 1025w, https:\/\/nicaragua-travel-guide.com\/site\/wp-content\/uploads\/2016\/07\/servicio-catering-evento-boquitas-coctel-bebidas-vino-y-ron-600x202.jpg 600w\" sizes=\"(max-width: 675px) 100vw, 675px\" \/><\/td>\n<\/tr>\n<\/tbody>\n<\/table>\n<\/td>\n<\/tr>\n<tr style=\"height: 17.33349609375px;\">\n<td style=\"height: 17.33349609375px; width: 70px; background-color: #f7f7e4;\" colspan=\"7\" align=\"left\" valign=\"top\" bgcolor=\"#FFFFFF\">Por mayor informaci\u00f3n y reservacion <strong>Contactarnos<\/strong><\/td>\n<\/tr>\n<\/tbody>\n<\/table>\n","protected":false},"excerpt":{"rendered":"<p>Eventos especiales catering buffet servicio de alimentos y bebidas No puede quedarse nada sin organizar&#8230; Para que tu evento sea \u00fanico e irrepetible donde se reunir\u00e1n todas tus amistades y familiares m\u00e1s queridos D\u00e9janos organizar el servicio de catering y buffet ese d\u00eda sera inolvidable. Te ofrecemos una amplia variedad en servicios complementarios con nuestra [&hellip;]<\/p>\n","protected":false},"author":2,"featured_media":0,"parent":0,"menu_order":0,"comment_status":"closed","ping_status":"closed","template":"","meta":{"footnotes":""},"_links":{"self":[{"href":"https:\/\/nicaragua-travel-guide.com\/site\/wp-json\/wp\/v2\/pages\/7155"}],"collection":[{"href":"https:\/\/nicaragua-travel-guide.com\/site\/wp-json\/wp\/v2\/pages"}],"about":[{"href":"https:\/\/nicaragua-travel-guide.com\/site\/wp-json\/wp\/v2\/types\/page"}],"author":[{"embeddable":true,"href":"https:\/\/nicaragua-travel-guide.com\/site\/wp-json\/wp\/v2\/users\/2"}],"replies":[{"embeddable":true,"href":"https:\/\/nicaragua-travel-guide.com\/site\/wp-json\/wp\/v2\/comments?post=7155"}],"version-history":[{"count":19,"href":"https:\/\/nicaragua-travel-guide.com\/site\/wp-json\/wp\/v2\/pages\/7155\/revisions"}],"predecessor-version":[{"id":11826,"href":"https:\/\/nicaragua-travel-guide.com\/site\/wp-json\/wp\/v2\/pages\/7155\/revisions\/11826"}],"wp:attachment":[{"href":"https:\/\/nicaragua-travel-guide.com\/site\/wp-json\/wp\/v2\/media?parent=7155"}],"curies":[{"name":"wp","href":"https:\/\/api.w.org\/{rel}","templated":true}]}}