{"id":7180,"date":"2016-07-18T06:36:12","date_gmt":"2016-07-18T06:36:12","guid":{"rendered":"http:\/\/nicaragua-travel-guide.com\/site\/?page_id=7180"},"modified":"2017-02-08T18:48:13","modified_gmt":"2017-02-08T18:48:13","slug":"musicos-y-equipos-de-sonido-organizamos-eventos-especiales-a-su-eleccion-desde-granada-viajamos-por-su-evento-en-el-interior-y-exterior-de-nicaragua","status":"publish","type":"page","link":"https:\/\/nicaragua-travel-guide.com\/site\/musicos-y-equipos-de-sonido-organizamos-eventos-especiales-a-su-eleccion-desde-granada-viajamos-por-su-evento-en-el-interior-y-exterior-de-nicaragua\/","title":{"rendered":"M\u00fasicos y equipos de sonido \u00abOrganizamos eventos especiales\u00bb a su elecci\u00f3n"},"content":{"rendered":"<table style=\"width: 1026px;\" border=\"0\">\n<tbody>\n<tr style=\"height: 23px;\">\n<td style=\"width: 858px; height: 23px;\" colspan=\"3\" bgcolor=\"#FFCC99\"><img loading=\"lazy\" decoding=\"async\" class=\"size-full wp-image-5349 aligncenter\" src=\"http:\/\/nicaragua-travel-guide.com\/site\/wp-content\/uploads\/2016\/06\/header-organizamos-la-musica-nicaragua-travle-guide-gioconda-tours-y-eventos-especiales.jpg\" alt=\"header organizamos la musica nicaragua travle guide gioconda tours y eventos especiales\" width=\"1025\" height=\"345\" srcset=\"https:\/\/nicaragua-travel-guide.com\/site\/wp-content\/uploads\/2016\/06\/header-organizamos-la-musica-nicaragua-travle-guide-gioconda-tours-y-eventos-especiales.jpg 1025w, https:\/\/nicaragua-travel-guide.com\/site\/wp-content\/uploads\/2016\/06\/header-organizamos-la-musica-nicaragua-travle-guide-gioconda-tours-y-eventos-especiales-600x202.jpg 600w\" sizes=\"(max-width: 1025px) 100vw, 1025px\" \/><\/td>\n<\/tr>\n<tr style=\"height: 21px;\">\n<td style=\"width: 858px; height: 21px; background-color: #fcd860;\" colspan=\"3\" bgcolor=\"#FFCC99\"><strong>M\u00fasica- Equipos &#8211; Sonido &#8211; Audiovisual- Luces &#8211; C\u00e1mara y acci\u00f3n&#8230;<\/strong><\/td>\n<\/tr>\n<tr style=\"height: 223px;\">\n<td style=\"width: 858px; height: 223px; background-color: #e6dfc3;\" colspan=\"3\" bgcolor=\"#FFFFFF\">Si hay algo que hacer antes de cualquier evento es planificar, sacar costos ajust\u00e1ndonos al presupuesto para la organizaci\u00f3n e instalaci\u00f3n de equipos de sonido audio &#8211; m\u00fasica y otros servicios que no pueden faltar seg\u00fan sea el tipo de evento: fiestas de cumplea\u00f1os, bodas, bautizos, misa de difuntos, aniversarios, reuniones corporativas, ejecutivas, congresos , seminarios, graduaciones y otras celebraciones existen varias posibilidades para organizar, desde el comienzo hasta el final.<\/p>\n<p>Es importante tomar una decisi\u00f3n sobre el tipo de m\u00fasica de acuerdo a la ocasi\u00f3n que se ofrecer\u00e1 a los invitados. \u00a1Debe pensarse en todo!&#8230; ac\u00e1 encontrar\u00e1s todo lo que busques para animar ese d\u00eda, \u00a1No busques m\u00e1s, aqu\u00ed tienes todas las opciones a tu disposici\u00f3n.<\/p>\n<p>Tu eliges y del resto nos encargamos nosotros!<\/td>\n<\/tr>\n<tr style=\"height: 28px;\">\n<td style=\"width: 858px; height: 28px;\" colspan=\"3\">\n<table style=\"width: 1013px;\" border=\"0\">\n<tbody>\n<tr>\n<td style=\"width: 291.66668701171875px; background-color: #adf745;\" bgcolor=\"#99CC33\"><strong>Dj&#8217;s \u00a0 \/ Luces<\/strong><\/td>\n<td style=\"width: 583.3333129882813px; background-color: #f2cbf0;\" bgcolor=\"#CCFFFF\"><strong>M\u00fasica seleccione instrumentos \u00a0y organizaremos lo dem\u00e1s<\/strong><\/td>\n<td style=\"width: 177px; background-color: #cbf6f7;\" bgcolor=\"#FFCC99\"><strong>Animadores<\/strong><\/td>\n<\/tr>\n<\/tbody>\n<\/table>\n<\/td>\n<\/tr>\n<tr style=\"height: 21px;\">\n<td style=\"width: 235.33334350585938px; height: 21px;\" bgcolor=\"#FFFFFF\">Alquiler de equipo de Sonido y Audio<\/td>\n<td style=\"width: 471.6666564941406px; height: 21px;\" bgcolor=\"#FFFFFF\"><strong>Solista \/ D\u00fao\/ Tr\u00edo\/ Cuarteto\/ Quinteto\/Conjunto<\/strong><\/td>\n<td style=\"width: 151px; height: 21px;\" bgcolor=\"#FFFFFF\">Maestro de ceremonia<\/td>\n<\/tr>\n<tr style=\"height: 21px;\">\n<td style=\"width: 235.33334350585938px; height: 21px;\" bgcolor=\"#FFFFFF\">Perifoneo publicidad<\/td>\n<td style=\"width: 471.6666564941406px; height: 21px;\" bgcolor=\"#FFFFFF\">\u00a0<a href=\"http:\/\/nicaragua-travel-guide.com\/site\/violinista-y-pianista-para-amenizar-en-evento-especial-en-nicaragua-y-el-exterior\/\">Viol\u00edn y Piano<\/a> \/ Chello\/bajo\/Flauta traversa \/Acorde\u00f3n<\/td>\n<td style=\"width: 151px; height: 21px;\" bgcolor=\"#FFFFFF\">Dj\u00b4s M\u00fasica<\/td>\n<\/tr>\n<tr style=\"height: 21px;\">\n<td style=\"width: 235.33334350585938px; height: 21px;\" bgcolor=\"#FFFFFF\">Micr\u00f3fonos<\/td>\n<td style=\"width: 471.6666564941406px; height: 21px;\" bgcolor=\"#FFFFFF\">\u00a0 <a href=\"http:\/\/nicaragua-travel-guide.com\/site\/guitarra-electrica-y-conjunto-saxofon-percusion-piano-flauta-traversa-seleccione-y-amenizamos-en-nicaragua-y-viajamos-al-exterior\/\">Guitarra el\u00e9ctrica\u00a0+ \u00a0conjunto<\/a>\u00a0 \u00a0\/<a href=\"http:\/\/nicaragua-travel-guide.com\/site\/saxofon-duo-piano-guitarra-percusion-violin-u-otros-instrumentos-a-su-eleccion-y-amenizamos\/\">Saxof\u00f3n<\/a>\u00a0 \/\u00a0Salterio \/\u00a0Bater\u00eda<\/td>\n<td style=\"width: 151px; height: 21px;\" bgcolor=\"#FFFFFF\">Imitadores<\/td>\n<\/tr>\n<tr style=\"height: 21px;\">\n<td style=\"width: 235.33334350585938px; height: 21px;\" bgcolor=\"#FFFFFF\">Parlantes amplificadores<\/td>\n<td style=\"width: 471.6666564941406px; height: 21px;\" bgcolor=\"#FFFFFF\">Complementos: \u00a0 Timbales \/ Trompetas \u00a0\/ \u00a0 Guira \u00a0\/<\/td>\n<td style=\"width: 151px; height: 21px;\" bgcolor=\"#FFFFFF\"><a href=\"http:\/\/nicaragua-travel-guide.com\/site\/eventos-para-ninos-animacion-payasos-sankistas-malabares-magia-globo-flexia-brinca-brinca-dulces-y-mas-alegria\/\">Payasos<\/a><\/td>\n<\/tr>\n<tr style=\"height: 21px;\">\n<td style=\"width: 235.33334350585938px; height: 21px;\" bgcolor=\"#FFFFFF\">Instalaci\u00f3n el\u00e9ctrica cableado<\/td>\n<td style=\"width: 471.6666564941406px; height: 21px;\" bgcolor=\"#FFFFFF\">\u00a0M\u00fasica de Camara \u00a0\/ Orquesta \/ Filarm\u00f3nicos: Chicheros \/<\/td>\n<td style=\"width: 151px; height: 21px;\" bgcolor=\"#FFFFFF\"><a href=\"http:\/\/nicaragua-travel-guide.com\/site\/danza-nicaragua-en-eventos-especiales-grupos-parejas-e-instructor\/\">Grupos de danza<\/a><\/td>\n<\/tr>\n<tr style=\"height: 21px;\">\n<td style=\"width: 235.33334350585938px; height: 21px;\" bgcolor=\"#FFFFFF\">\u00a0Luces<\/td>\n<td style=\"width: 471.6666564941406px; height: 21px;\" bgcolor=\"#FFFFFF\"><a href=\"http:\/\/nicaragua-travel-guide.com\/site\/pianista-ejecutante-genero-clasico-jazz-bailable-variado-repertorio-en-nicaragua-y-el-exterior\/\"><strong>Piano:<\/strong><\/a>\u00a0 de cola \u00a0\/ de pared \/electr\u00f3nico (ejecutante)<\/td>\n<td style=\"width: 151px; height: 21px;\" bgcolor=\"#FFFFFF\">\u00a0Danza folcl\u00f3rica<\/td>\n<\/tr>\n<tr style=\"height: 21px;\">\n<td style=\"width: 235.33334350585938px; height: 21px;\" bgcolor=\"#FFFFFF\">\u00a0Pantallas &#8211; Proyectores- Reflectores<\/td>\n<td style=\"width: 471.6666564941406px; height: 21px;\" bgcolor=\"#FFFFFF\"><a href=\"http:\/\/nicaragua-travel-guide.com\/site\/pianista-ejecutante-genero-clasico-jazz-bailable-variado-repertorio-en-nicaragua-y-el-exterior\/\">\u00a0Organo mel\u00f3dico electr\u00f3nico<\/a>\u00a0 \u00a0\/ <a href=\"http:\/\/nicaragua-travel-guide.com\/site\/pianista-ejecutante-genero-clasico-jazz-bailable-variado-repertorio-en-nicaragua-y-el-exterior\/\">Teclado electronico<\/a><\/td>\n<td style=\"width: 151px; height: 21px;\" bgcolor=\"#FFFFFF\">Danza contempor\u00e1nea<\/td>\n<\/tr>\n<tr style=\"height: 21px;\">\n<td style=\"width: 235.33334350585938px; height: 21px;\" bgcolor=\"#FFFFFF\">Letrinas Contenedores<\/td>\n<td style=\"width: 471.6666564941406px; height: 21px;\" bgcolor=\"#FFFFFF\"><strong><a href=\"http:\/\/nicaragua-travel-guide.com\/site\/musico-guitarrista-solista-duo-trio-cuarteto-quinteto-y-mas-ameniza-tu-evento-especial\/\">Guitarras<\/a>\u00a0\u00a0<\/strong>\/ <a href=\"http:\/\/nicaragua-travel-guide.com\/site\/mariachi-de-nicaragua-para-amenizar-en-evento-especial-cumpleanos-serenata-boda-quinceano-misas-y-funeral-paquete-con-regalo-incluido-o-sencillo\/\">Mariachis<\/a>\u00a0 \/Acorde\u00f3n \/ <a href=\"http:\/\/nicaragua-travel-guide.com\/site\/marimba-de-nicaragua-solista-duo-trio-conjunto-musical-folclorico-y-bailable-en-evento-especial\/\">Marimbas<\/a>\u00a0 Clasicas \/Marimba Popular<\/td>\n<td style=\"width: 151px; height: 21px;\" bgcolor=\"#FFFFFF\">Comparsas de carnaval<\/td>\n<\/tr>\n<tr style=\"height: 21px;\">\n<td style=\"width: 235.33334350585938px; height: 21px;\" bgcolor=\"#FFFFFF\"><\/td>\n<td style=\"width: 471.6666564941406px; height: 21px;\" bgcolor=\"#FFFFFF\"><strong>Karaoke:<\/strong>\u00a0\u00a0<a href=\"http:\/\/nicaragua-travel-guide.com\/site\/cantante-profesional-con-pista-de-karaoke-con-su-repertorio-en-evento-especial\/\">Rom\u00e1nticas<\/a>\u00a0 \/ Bailables \/<a href=\"http:\/\/nicaragua-travel-guide.com\/site\/cantante-soprano-lirico-profesional-gioconda-egresada-del-conservatorio-de-musica-de-nicaragua-desde-granada-para-amenizar-con-musica-en-eventos-especiales-culturales-celebraciones-religiosas-clases\/\"> Cantante \u00a0l\u00edrico<\/a> \/ \u00a0Ingles \/ Espa\u00f1ol<\/td>\n<td style=\"width: 151px; height: 21px;\" bgcolor=\"#FFFFFF\">Breakdance \u00a0callejero<\/td>\n<\/tr>\n<tr style=\"height: 21px;\">\n<td style=\"width: 235.33334350585938px; height: 21px;\" bgcolor=\"#FFFFFF\">Manteleria- Vajillas- Menaje- Meseros<\/td>\n<td style=\"width: 471.6666564941406px; height: 21px;\" bgcolor=\"#CCFFFF\"><strong>Internacional \/ Popular \/ L\u00edrico \/ Cl\u00e1sico<\/strong><\/td>\n<td style=\"width: 151px; height: 21px;\" bgcolor=\"#FFFFFF\">Atabal Granadino<\/td>\n<\/tr>\n<tr style=\"height: 21px;\">\n<td style=\"width: 235.33334350585938px; height: 21px;\" bgcolor=\"#FFFFFF\"><\/td>\n<td style=\"width: 471.6666564941406px; height: 21px;\" bgcolor=\"#FFFFFF\"><a href=\"http:\/\/nicaragua-travel-guide.com\/site\/cantante-profesional-celebracion-religiosa-misa-cantada-fiestas-cumpleanos-serenatas-evento-especial\/\"><strong>Cantante:<\/strong><\/a>\u00a0 <a href=\"http:\/\/nicaragua-travel-guide.com\/site\/cantante-profesional-nicaragua-variado-repertorio-baladas-bailable-clasico-lirico-musica-selecta\/\">Solista<\/a> &#8211; D\u00fao- Tr\u00edo- Cuarteto- Coro \u00a0 \u00a0 \u00a0 \u00a0 \u00a0 \u00a0 \u00a0(Evento especial)<\/td>\n<td style=\"width: 151px; height: 21px;\" bgcolor=\"#FFFFFF\">Gigantonas<\/td>\n<\/tr>\n<tr style=\"height: 21px;\">\n<td style=\"width: 235.33334350585938px; height: 21px;\" bgcolor=\"#FFFFFF\"><\/td>\n<td style=\"width: 471.6666564941406px; height: 21px;\" bgcolor=\"#FFFFFF\">Genero musical: Rom\u00e1ntica\/ Bailable\/ T\u00edpica \/ \u00a0 \u00a0 \u00a0 \u00a0 \u00a0 \u00a0<strong>Misa Cantada<\/strong><\/td>\n<td style=\"width: 151px; height: 21px;\" bgcolor=\"#FFFFFF\">Teatro y Mimo<\/td>\n<\/tr>\n<tr style=\"height: 21px;\">\n<td style=\"width: 235.33334350585938px; height: 21px;\" bgcolor=\"#FFFFFF\"><\/td>\n<td style=\"width: 471.6666564941406px; height: 21px;\" bgcolor=\"#FFFFFF\">Clases particulares de ARTE m\u00fasica y canto cl\u00e1sico \/ popular moderno<\/td>\n<td style=\"width: 151px; height: 21px;\" bgcolor=\"#FFFFFF\">\u00a0Comediantes<\/td>\n<\/tr>\n<tr style=\"height: 28px;\">\n<td style=\"width: 858px; height: 28px; background-color: #fcd860;\" colspan=\"3\" bgcolor=\"#FFCC99\">\u00a0 Por mayor informaci\u00f3n y reservaci\u00f3n <strong>Contactarnos<\/strong><\/td>\n<\/tr>\n<\/tbody>\n<\/table>\n","protected":false},"excerpt":{"rendered":"<p>M\u00fasica- Equipos &#8211; Sonido &#8211; Audiovisual- Luces &#8211; C\u00e1mara y acci\u00f3n&#8230; Si hay algo que hacer antes de cualquier evento es planificar, sacar costos ajust\u00e1ndonos al presupuesto para la organizaci\u00f3n e instalaci\u00f3n de equipos de sonido audio &#8211; m\u00fasica y otros servicios que no pueden faltar seg\u00fan sea el tipo de evento: fiestas de cumplea\u00f1os, [&hellip;]<\/p>\n","protected":false},"author":2,"featured_media":0,"parent":0,"menu_order":0,"comment_status":"closed","ping_status":"closed","template":"","meta":{"footnotes":""},"_links":{"self":[{"href":"https:\/\/nicaragua-travel-guide.com\/site\/wp-json\/wp\/v2\/pages\/7180"}],"collection":[{"href":"https:\/\/nicaragua-travel-guide.com\/site\/wp-json\/wp\/v2\/pages"}],"about":[{"href":"https:\/\/nicaragua-travel-guide.com\/site\/wp-json\/wp\/v2\/types\/page"}],"author":[{"embeddable":true,"href":"https:\/\/nicaragua-travel-guide.com\/site\/wp-json\/wp\/v2\/users\/2"}],"replies":[{"embeddable":true,"href":"https:\/\/nicaragua-travel-guide.com\/site\/wp-json\/wp\/v2\/comments?post=7180"}],"version-history":[{"count":41,"href":"https:\/\/nicaragua-travel-guide.com\/site\/wp-json\/wp\/v2\/pages\/7180\/revisions"}],"predecessor-version":[{"id":14306,"href":"https:\/\/nicaragua-travel-guide.com\/site\/wp-json\/wp\/v2\/pages\/7180\/revisions\/14306"}],"wp:attachment":[{"href":"https:\/\/nicaragua-travel-guide.com\/site\/wp-json\/wp\/v2\/media?parent=7180"}],"curies":[{"name":"wp","href":"https:\/\/api.w.org\/{rel}","templated":true}]}}