{"id":7196,"date":"2016-07-18T16:23:04","date_gmt":"2016-07-18T16:23:04","guid":{"rendered":"http:\/\/nicaragua-travel-guide.com\/site\/?page_id=7196"},"modified":"2016-12-06T01:02:00","modified_gmt":"2016-12-06T01:02:00","slug":"eventos-para-ninos-animacion-payasos-sankistas-malabares-magia-globo-flexia-brinca-brinca-dulces-y-mas-alegria","status":"publish","type":"page","link":"https:\/\/nicaragua-travel-guide.com\/site\/eventos-para-ninos-animacion-payasos-sankistas-malabares-magia-globo-flexia-brinca-brinca-dulces-y-mas-alegria\/","title":{"rendered":"Eventos para ni\u00f1os \u00abPayasos, sankistas,malabares, magia, globo flexia,brinca brinca y mucha alegr\u00eda\u00bb"},"content":{"rendered":"<table style=\"width: 1014px;\" border=\"0\">\n<tbody>\n<tr style=\"height: 12px;\">\n<td style=\"width: 994px; height: 12px; text-align: left;\" colspan=\"3\" bgcolor=\"#FFFF00\"><img loading=\"lazy\" decoding=\"async\" class=\" wp-image-11721 aligncenter\" src=\"http:\/\/nicaragua-travel-guide.com\/site\/wp-content\/uploads\/2016\/07\/headerpayasosanimaciondeeventos.jpg\" alt=\"headerpayasosanimaciondeeventos\" width=\"1002\" height=\"338\" srcset=\"https:\/\/nicaragua-travel-guide.com\/site\/wp-content\/uploads\/2016\/07\/headerpayasosanimaciondeeventos.jpg 1025w, https:\/\/nicaragua-travel-guide.com\/site\/wp-content\/uploads\/2016\/07\/headerpayasosanimaciondeeventos-600x202.jpg 600w\" sizes=\"(max-width: 1002px) 100vw, 1002px\" \/><\/td>\n<\/tr>\n<tr style=\"height: 24px;\">\n<td style=\"width: 294.66668701171875px; height: 24px;\" bgcolor=\"#FF3300\">Combo 1<\/td>\n<td style=\"width: 391.33331298828125px; height: 334px;\" rowspan=\"2\" valign=\"top\" bgcolor=\"#FFFFFF\"><img loading=\"lazy\" decoding=\"async\" class=\" wp-image-11716 aligncenter\" src=\"http:\/\/nicaragua-travel-guide.com\/site\/wp-content\/uploads\/2016\/07\/arreglopayaso.jpg\" alt=\"arreglopayaso\" width=\"369\" height=\"246\" \/><\/td>\n<td style=\"width: 308px; height: 24px;\" bgcolor=\"#FFFF00\">Combo 6<\/td>\n<\/tr>\n<tr style=\"height: 310px;\">\n<td style=\"width: 294.66668701171875px; height: 310px;\" bgcolor=\"#FFFFFF\">Show m\u00e1gico con animales Juegos<\/p>\n<p>Globo Flexia<br \/>\nRomper pi\u00f1ata<br \/>\nAlgod\u00f3n de az\u00facar \u00f3 Palomita de ma\u00edz<br \/>\nSonido para el show<br \/>\nMalabares<\/p>\n<p>Duraci\u00f3n en cumplea\u00f1os:<br \/>\n3 hrs.<\/p>\n<p>Precio:<\/td>\n<td style=\"width: 308px; height: 310px;\" bgcolor=\"#00CC00\">Show de un payaso<br \/>\nJuegos<br \/>\nMagia c\u00f3mica<br \/>\nGlobo flexia<br \/>\nRomper pi\u00f1ataDuraci\u00f3n en cumplea\u00f1os:<br \/>\n3 hrs.Precio:<\/td>\n<\/tr>\n<tr style=\"height: 22px;\">\n<td style=\"width: 294.66668701171875px; height: 22px;\" bgcolor=\"#0066FF\">Combo 2<\/td>\n<td style=\"width: 391.33331298828125px; height: 22px;\" bgcolor=\"#FF9900\"><\/td>\n<td style=\"width: 308px; height: 22px;\" bgcolor=\"#FF3399\">Sankistas<\/td>\n<\/tr>\n<tr style=\"height: 282px;\">\n<td style=\"width: 294.66668701171875px; height: 282px;\" bgcolor=\"#FF3300\">\n<p align=\"left\">Show m\u00e1gico con animales<br \/>\nJuegos<br \/>\nMalabares<br \/>\nGloboFlexia<br \/>\nRomper Pi\u00f1ata<br \/>\nSonido para el show<\/p>\n<p align=\"left\">Duraci\u00f3n en cumplea\u00f1os:<br \/>\n3 hrs.<\/p>\n<p>Precio:<\/td>\n<td style=\"width: 391.33331298828125px; height: 282px;\" align=\"center\" bgcolor=\"#FFFF00\"><img loading=\"lazy\" decoding=\"async\" class=\"alignnone wp-image-11720\" src=\"http:\/\/nicaragua-travel-guide.com\/site\/wp-content\/uploads\/2016\/07\/arreglopayasossankistas.jpg\" alt=\"arreglopayasossankistas\" width=\"226\" height=\"277\" \/><\/td>\n<td style=\"width: 308px; height: 282px;\" bgcolor=\"#9966FF\">Animaci\u00f3n en Eventos<br \/>\nFerias<br \/>\nCarnavales<br \/>\nKermeses<br \/>\nDegustaciones de productosPrecio: por hora<\/td>\n<\/tr>\n<tr style=\"height: 22px;\">\n<td style=\"width: 294.66668701171875px; height: 22px;\" bgcolor=\"#FFFF00\">Combo 3<\/td>\n<td style=\"width: 391.33331298828125px; height: 22px;\" bgcolor=\"#FF33CC\"><\/td>\n<td style=\"width: 308px; height: 22px;\" bgcolor=\"#FFFFFF\"><strong>Payaso Pinta Caritas<\/strong><\/td>\n<\/tr>\n<tr style=\"height: 267px;\">\n<td style=\"width: 294.66668701171875px; height: 267px;\" bgcolor=\"#9933CC\">Show de un payaso<br \/>\nJuegos, magia, c\u00f3mica\u00a0 Globo Flexia<br \/>\nSonido para el show<br \/>\nAlgod\u00f3n de az\u00facar<br \/>\nRomper Pi\u00f1ataDuraci\u00f3n en cumplea\u00f1os:<br \/>\n3 hrs.Precio:<\/td>\n<td style=\"width: 391.33331298828125px; height: 267px;\" align=\"center\" bgcolor=\"#00FFFF\"><img loading=\"lazy\" decoding=\"async\" class=\"wp-image-11717 aligncenter\" src=\"http:\/\/nicaragua-travel-guide.com\/site\/wp-content\/uploads\/2016\/07\/arreglopayasocaritamarip.jpg\" alt=\"arreglopayasocaritamarip\" width=\"212\" height=\"270\" \/><\/td>\n<td style=\"width: 308px; height: 267px;\" valign=\"top\" bgcolor=\"#FF3366\">Precio: por hora<\/td>\n<\/tr>\n<tr style=\"height: 22px;\">\n<td style=\"width: 294.66668701171875px; height: 22px;\" bgcolor=\"#FFFFFF\">Combo 4 <strong>\u00a0<\/strong><\/td>\n<td style=\"width: 391.33331298828125px; height: 22px;\" bgcolor=\"#009933\"><\/td>\n<td style=\"width: 308px; height: 22px;\" bgcolor=\"#FFFF00\"><strong>Telegrama Cantado<\/strong><\/td>\n<\/tr>\n<tr style=\"height: 279px;\">\n<td style=\"width: 294.66668701171875px; height: 279px;\" bgcolor=\"#0033FF\">Show de un payaso<br \/>\nJuegos<br \/>\nMagia c\u00f3mica<br \/>\nGlobo flexia<br \/>\nRomper pi\u00f1ata<br \/>\nBrinca Brincatiempo: 3 hrsPrecio:<\/td>\n<td style=\"width: 391.33331298828125px; height: 279px;\" align=\"center\" bgcolor=\"#99FF66\"><img loading=\"lazy\" decoding=\"async\" class=\"alignnone wp-image-11719\" src=\"http:\/\/nicaragua-travel-guide.com\/site\/wp-content\/uploads\/2016\/07\/arreglopayasoshow.jpg\" alt=\"arreglopayasoshow\" width=\"366\" height=\"274\" \/><\/td>\n<td style=\"width: 308px; height: 279px;\" bgcolor=\"#FFFFFF\">Precio:<\/td>\n<\/tr>\n<tr style=\"height: 22px;\">\n<td style=\"width: 294.66668701171875px; height: 22px;\" bgcolor=\"#FFFF00\">Combo 5 <strong>\u00a0Show de un payaso<\/strong><\/td>\n<td style=\"width: 391.33331298828125px; height: 22px;\" bgcolor=\"#FF3399\"><\/td>\n<td style=\"width: 308px; height: 22px;\" bgcolor=\"#9933FF\">\u00a0<a href=\"http:\/\/nicaragua-travel-guide.com\/site\/juegos-inflables-nicaragua-brinca-brinca-musica-payasos-dulces-y-muchas-sorpresas-mas-paquetes-especiales\/\"><strong>Alquiler de<\/strong>\u00a0<strong>\u00a0Brinca Brinca<\/strong><\/a><\/td>\n<\/tr>\n<tr style=\"height: 318px;\">\n<td style=\"width: 294.66668701171875px; height: 318px;\" valign=\"top\" bgcolor=\"#FF6600\">Show de un payaso<br \/>\nJuegos<br \/>\nMagia c\u00f3mica<br \/>\nGlobo flexia<br \/>\nRomper pi\u00f1ata<br \/>\nSonido para el showDuraci\u00f3n en cumplea\u00f1os:<br \/>\n3 hrs.Precio:<\/td>\n<td style=\"width: 391.33331298828125px; height: 318px;\" bgcolor=\"#0099FF\">\n<table style=\"width: 397px;\" border=\"0\">\n<tbody>\n<tr>\n<td style=\"width: 10px;\" rowspan=\"2\" align=\"center\"><\/td>\n<td style=\"width: 223.66668701171875px;\" rowspan=\"2\" align=\"center\"><img loading=\"lazy\" decoding=\"async\" class=\"alignnone wp-image-11718\" src=\"http:\/\/nicaragua-travel-guide.com\/site\/wp-content\/uploads\/2016\/07\/arreglopayasopipo.jpg\" alt=\"arreglopayasopipo\" width=\"233\" height=\"311\" \/><\/td>\n<td style=\"width: 164.33331298828125px;\" align=\"center\" valign=\"middle\" height=\"121\">\u00a0<a href=\"http:\/\/nicaragua-travel-guide.com\/site\/juegos-inflables-nicaragua-brinca-brinca-musica-payasos-dulces-y-muchas-sorpresas-mas-paquetes-especiales\/\"><img loading=\"lazy\" decoding=\"async\" class=\"alignnone wp-image-11724\" src=\"http:\/\/nicaragua-travel-guide.com\/site\/wp-content\/uploads\/2016\/07\/arreglopayasofiestajuguetes.jpg\" alt=\"arreglopayasofiestajuguetes\" width=\"142\" height=\"151\" \/><\/a><\/td>\n<\/tr>\n<tr>\n<td style=\"width: 164.33331298828125px;\" align=\"center\" height=\"100\"><img loading=\"lazy\" decoding=\"async\" class=\"alignnone wp-image-11723\" src=\"http:\/\/nicaragua-travel-guide.com\/site\/wp-content\/uploads\/2016\/07\/arreglopayasopalomitas.jpg\" alt=\"arreglopayasopalomitas\" width=\"116\" height=\"150\" \/><\/td>\n<\/tr>\n<\/tbody>\n<\/table>\n<\/td>\n<td style=\"width: 308px; height: 318px;\" valign=\"top\" bgcolor=\"#FFFF00\">Renta de Brinca Brinca<br \/>\nPeque\u00f1o: tiempo: 3 hrs.<br \/>\nMediano: tiempo:3 hrs.<br \/>\nGrande : tiempo 3 hrs.Maquina de Palomitas de Ma\u00edz<br \/>\nPrecio: tiempo:3 hrs.Maquina de Algod\u00f3n de Az\u00facar<br \/>\nPrecio: tiempo:3 hrs.Despacho de Hot Dogs<\/td>\n<\/tr>\n<tr style=\"height: 11px;\">\n<td style=\"width: 994px; height: 11px;\" colspan=\"3\" bgcolor=\"#FF0000\"><img loading=\"lazy\" decoding=\"async\" class=\"alignnone wp-image-11715\" src=\"http:\/\/nicaragua-travel-guide.com\/site\/wp-content\/uploads\/2016\/07\/payasosanimaciondeeventos.jpg\" alt=\"payasosanimaciondeeventos\" width=\"1043\" height=\"351\" srcset=\"https:\/\/nicaragua-travel-guide.com\/site\/wp-content\/uploads\/2016\/07\/payasosanimaciondeeventos.jpg 1025w, https:\/\/nicaragua-travel-guide.com\/site\/wp-content\/uploads\/2016\/07\/payasosanimaciondeeventos-600x202.jpg 600w\" sizes=\"(max-width: 1043px) 100vw, 1043px\" \/><\/td>\n<\/tr>\n<tr style=\"height: 8.666748046875px;\">\n<td style=\"width: 994px; height: 8.666748046875px;\" colspan=\"3\" bgcolor=\"#FF0000\">Por mayor informaci\u00f3n y reservaci\u00f3n Contactarnos<\/td>\n<\/tr>\n<\/tbody>\n<\/table>\n","protected":false},"excerpt":{"rendered":"<p>Combo 1 Combo 6 Show m\u00e1gico con animales Juegos Globo Flexia Romper pi\u00f1ata Algod\u00f3n de az\u00facar \u00f3 Palomita de ma\u00edz Sonido para el show Malabares Duraci\u00f3n en cumplea\u00f1os: 3 hrs. Precio: Show de un payaso Juegos Magia c\u00f3mica Globo flexia Romper pi\u00f1ataDuraci\u00f3n en cumplea\u00f1os: 3 hrs.Precio: Combo 2 Sankistas Show m\u00e1gico con animales Juegos Malabares [&hellip;]<\/p>\n","protected":false},"author":2,"featured_media":0,"parent":0,"menu_order":0,"comment_status":"closed","ping_status":"closed","template":"","meta":{"footnotes":""},"_links":{"self":[{"href":"https:\/\/nicaragua-travel-guide.com\/site\/wp-json\/wp\/v2\/pages\/7196"}],"collection":[{"href":"https:\/\/nicaragua-travel-guide.com\/site\/wp-json\/wp\/v2\/pages"}],"about":[{"href":"https:\/\/nicaragua-travel-guide.com\/site\/wp-json\/wp\/v2\/types\/page"}],"author":[{"embeddable":true,"href":"https:\/\/nicaragua-travel-guide.com\/site\/wp-json\/wp\/v2\/users\/2"}],"replies":[{"embeddable":true,"href":"https:\/\/nicaragua-travel-guide.com\/site\/wp-json\/wp\/v2\/comments?post=7196"}],"version-history":[{"count":11,"href":"https:\/\/nicaragua-travel-guide.com\/site\/wp-json\/wp\/v2\/pages\/7196\/revisions"}],"predecessor-version":[{"id":14253,"href":"https:\/\/nicaragua-travel-guide.com\/site\/wp-json\/wp\/v2\/pages\/7196\/revisions\/14253"}],"wp:attachment":[{"href":"https:\/\/nicaragua-travel-guide.com\/site\/wp-json\/wp\/v2\/media?parent=7196"}],"curies":[{"name":"wp","href":"https:\/\/api.w.org\/{rel}","templated":true}]}}