{"id":7204,"date":"2016-07-18T16:38:34","date_gmt":"2016-07-18T16:38:34","guid":{"rendered":"http:\/\/nicaragua-travel-guide.com\/site\/?page_id=7204"},"modified":"2016-11-02T05:04:32","modified_gmt":"2016-11-02T05:04:32","slug":"eventos-especiales-organizamos-fiesta-infantil-paquetes-a-su-eleccion","status":"publish","type":"page","link":"https:\/\/nicaragua-travel-guide.com\/site\/eventos-especiales-organizamos-fiesta-infantil-paquetes-a-su-eleccion\/","title":{"rendered":"Eventos especiales Organizamos \u00abFiesta infantil\u00bb Paquetes  a su elecci\u00f3n"},"content":{"rendered":"<table style=\"width: 971px;\" border=\"0\">\n<tbody>\n<tr style=\"height: 12px;\">\n<td style=\"height: 12px; width: 964px;\" bgcolor=\"#FFFFFF\"><img loading=\"lazy\" decoding=\"async\" class=\"wp-image-13683 alignnone\" style=\"font-family: inherit; font-size: inherit; line-height: 1.5;\" src=\"http:\/\/nicaragua-travel-guide.com\/site\/wp-content\/uploads\/2016\/07\/organizamospaquetesparafiestasinfantiles.jpg\" alt=\"organizamospaquetesparafiestasinfantiles\" width=\"1086\" height=\"365\" srcset=\"https:\/\/nicaragua-travel-guide.com\/site\/wp-content\/uploads\/2016\/07\/organizamospaquetesparafiestasinfantiles.jpg 1025w, https:\/\/nicaragua-travel-guide.com\/site\/wp-content\/uploads\/2016\/07\/organizamospaquetesparafiestasinfantiles-600x202.jpg 600w\" sizes=\"(max-width: 1086px) 100vw, 1086px\" \/><\/td>\n<\/tr>\n<tr style=\"height: 25px;\">\n<td style=\"height: 25px; width: 964px;\" bgcolor=\"#FFFFFF\"><strong>* Fiestas de Baby shower, \u00a0bautizos, primera comuni\u00f3n, \u00a0cumplea\u00f1os, \u00a0 \u00a0Pi\u00f1ata\u00a0<\/strong><\/td>\n<\/tr>\n<tr style=\"height: 25px;\">\n<td style=\"height: 25px; width: 964px;\" bgcolor=\"#FFFFCC\"><strong>El Vestuario:<\/strong> \u00a0 \u00a0 \u00a0 \u00a0 \u00a0<strong><a href=\"http:\/\/nicaragua-travel-guide.com\/site\/evento-especial-alquiler-o-confeccion-de-disfraz-tipico-nacional-de-fantasia-y-animalitos-mascotas-nicaragua-managua-masaya-y-granada\/\"> Alquiler de disfraz\u00a0<\/a>\u00a0 \u00a0 \u00a0\/ \u00a0Confecci\u00f3n\u00a0con modista \u00a0 \u00a0 \/\u00a0Gu\u00eda\u00a0de compras en tiendas<\/strong><\/td>\n<\/tr>\n<tr style=\"height: 26px;\">\n<td style=\"height: 26px; width: 964px;\" bgcolor=\"#FFFFFF\">Puedes comprar o alquilar trajes en boutiques y tiendas con nuestra asistencia.<\/td>\n<\/tr>\n<tr style=\"height: 48px;\">\n<td style=\"height: 48px; width: 964px;\" valign=\"top\" bgcolor=\"#FFFFCC\">Nos comprometemos a llevarte a las m\u00e1s prestigiosas Boutiques del Pa\u00eds, para el dise\u00f1o corte y confecci\u00f3n de vestidos o trajes, calzado y dem\u00e1s accesorios, tocados, todos hermosos y de \u00faltima moda tanto para tus Invitadas como las Damas de Honor de tu fiesta.<\/td>\n<\/tr>\n<tr style=\"height: 25px;\">\n<td style=\"height: 25px; width: 964px;\" bgcolor=\"#FFFFFF\">Vestidos de primera comuni\u00f3n estilizados dise\u00f1os al \u00a0gusto y medida con modista:<\/td>\n<\/tr>\n<tr style=\"height: 140px;\">\n<td style=\"height: 140px; width: 964px;\" valign=\"top\" bgcolor=\"#FFFFCC\">El festejado es el centro de atenci\u00f3n en su d\u00eda de celebraci\u00f3n, por ello deber\u00e1 lucir hermoso (a) . Al momento de elegir un vestido, y a\u00fan m\u00e1s el vestido de ni\u00f1a, es muy importante conocer su talla y qu\u00e9 tipo de pieza le sienta bien. El festejado no deber\u00e1 basarse simplemente en un modelo en particular sino fijarse cual vestido le resulta realmente favorable. Ponte en contacto con nosotros y te llevaremos donde el dise\u00f1ador a tu elecci\u00f3n desde la mas alta confecci\u00f3n a la medida, hasta el modelo mas sencillo, un Vestido especial, \u00fanico e inolvidable para que el d\u00eda de tu fiesta de primera comuni\u00f3n o cumplea\u00f1os tambi\u00e9n puedes hacer otros trajes para fiestas de disfraz para invitados a cumplea\u00f1os y lucir con mucho resplandor y alegr\u00eda.<\/td>\n<\/tr>\n<tr style=\"height: 25px;\">\n<td style=\"height: 25px; width: 964px;\" bgcolor=\"#FFFFFF\"><strong>Alquiler de traje: \u00abde vestir\u00bb<\/strong><\/td>\n<\/tr>\n<tr style=\"height: 71px;\">\n<td style=\"height: 71px; width: 964px;\" valign=\"top\" bgcolor=\"#FFFFCC\">Si en vez de comprar un vestido prefieres alquilarlo, contactarnos \u00a0y te llevaremos a una gama de tiendas que alquilan trajes para ocasiones especiales, trajes de primera comuni\u00f3n, y para fiestas de disfraz para ni\u00f1os y ni\u00f1as \u00e9sta es una muy buena opci\u00f3n cuando no quieras hacer un gasto muy grande en algo que, quiz\u00e1 en muy poco tiempo, pasar\u00e1 de moda.<\/td>\n<\/tr>\n<tr style=\"height: 25px;\">\n<td style=\"height: 25px; width: 964px;\" bgcolor=\"#FFFFFF\"><strong>Transporte de alquiler: microbus, bus, \u00a0carruaje, \u00a0berlina,\u00a0tren infantil, pachanguero, \u00a0juguetes \u00a0 para ni\u00f1os.<\/strong><\/td>\n<\/tr>\n<tr style=\"height: 119px;\">\n<td style=\"height: 119px; width: 964px;\" valign=\"top\" bgcolor=\"#FFFFCC\">Para que los festejados e invitados se sientan como\u00a0pr\u00edncipes\u00a0y\u00a0princesitas\u00a0el d\u00eda de la celebraci\u00f3n, le ofrecemos la opci\u00f3n de alquilar un veh\u00edculo o carro especial para su llegada a la Iglesia y el traslado tanto de la ni\u00f1a como del ni\u00f1o a la recepci\u00f3n o fiesta. Aqu\u00ed conseguir\u00e1s todo un directorio de los principales proveedores que ofrecen este servicio de alquiler de autos antiguos o totalmente modernos, convertibles o cl\u00e1sicos, berlinas o carruajes jalados por caballos en la ciudad de Granada, para ocasiones o eventos especiales. Esta elecci\u00f3n marcar\u00e1 la celebraci\u00f3n con mas estilo.<\/td>\n<\/tr>\n<tr style=\"height: 25px;\">\n<td style=\"height: 25px; width: 964px;\" bgcolor=\"#FFFFFF\"><strong><a href=\"http:\/\/nicaragua-travel-guide.com\/site\/organizamos-decoracion-de-iglesias-y-salon-de-eventos\/\">Florister\u00eda y decoraci\u00f3n:<\/a><\/strong><\/td>\n<\/tr>\n<tr style=\"height: 117px;\">\n<td style=\"height: 117px; width: 964px;\" valign=\"top\" bgcolor=\"#FFFFCC\">Algo que no puede faltar tanto en la ceremonia eclesi\u00e1stica como en la recepci\u00f3n son las flores y una hermosa decoraci\u00f3n con manteler\u00eda exclusiva. La decoraci\u00f3n floral es muy importante por el colorido y la vida que imprime en la Iglesia, en la recepci\u00f3n y en el bouquet de la Novia y el Cortejo. La decoraci\u00f3n que se utilizar\u00e1 el d\u00eda de la celebraci\u00f3n religiosa ser\u00e1, sin lugar a dudas un aspecto de sumo cuidado y\u00a0que abarca varios detalles a considerar. Ofrecemos opciones cl\u00e1sicas y modernas, decoraciones con \u00e1reas lounge y mucho m\u00e1s! ponte en contacto con nosotros!<\/td>\n<\/tr>\n<tr style=\"height: 25px;\">\n<td style=\"height: 25px; width: 964px;\" bgcolor=\"#FFFFFF\"><a href=\"http:\/\/nicaragua-travel-guide.com\/site\/diseno-web\/\"><strong>Tarjetas de invitaci\u00f3n:<\/strong><\/a><\/td>\n<\/tr>\n<tr style=\"height: 140px;\">\n<td style=\"height: 140px; width: 964px;\" valign=\"top\" bgcolor=\"#FFFFCC\">Los detalles que rodean cualquier celebraci\u00f3n son muy importantes para dejar buena impresi\u00f3n entre los invitados. Hay que cuidar cada momento, desde el primero al \u00faltimo. En el caso de las celebraciones religiosas, las Invitaciones o tarjetas deben tener algo especial, para que recuerden siempre esta fiesta. La tarjeta de invitaci\u00f3n Ser\u00e1 la carta de presentaci\u00f3n tanto de la celebraci\u00f3n como del feliz festejado. Por otra parte, los misales o programas de Iglesia o de la Misa ser\u00e1n tambi\u00e9n muy \u00fatiles para los invitados a tu ceremonia religiosa. Dar\u00e1n un toque personal y exclusivo a la misa de tu boda. ponte en contacto con nosotros y te llevaremos donde algunos proveedores que podr\u00e1n ofrecerte el mejor servicio y las tarjetas de invitaci\u00f3n y misales m\u00e1s espectaculares!.<\/td>\n<\/tr>\n<tr style=\"height: 25px;\">\n<td style=\"height: 25px; width: 964px;\" bgcolor=\"#FFFFFF\"><strong><a href=\"http:\/\/nicaragua-travel-guide.com\/site\/organizacion-de-eventos-salones-y-espacios-cerrados-y-abiertos-nicaragua\/\">Salones de eventos y fiestas:<\/a><\/strong><\/td>\n<\/tr>\n<tr style=\"height: 97px;\">\n<td style=\"height: 97px; width: 964px;\" valign=\"top\" bgcolor=\"#FFFFCC\">El Sal\u00f3n de Fiesta ser\u00e1 el lugar o la locaci\u00f3n donde se lleve a cabo la Recepci\u00f3n y el Banquete luego de la celebraci\u00f3n\u00a0religiosa. Hay diversas opciones al momento de elegir el lugar. Hermosos salones de fiesta ubicados en hoteles, centros comerciales, restaurantes, al aire libre y mucho m\u00e1s. Te invitamos a conocer algunos de los Salones y lugares m\u00e1s adecuados para celebrar tu fiesta so\u00f1ada, y combinados con la mejor decoraci\u00f3n har\u00e1n de tu fiesta algo inolvidable.<\/td>\n<\/tr>\n<tr style=\"height: 25px;\">\n<td style=\"height: 25px; width: 964px;\" bgcolor=\"#FFFFFF\"><a href=\"http:\/\/nicaragua-travel-guide.com\/site\/pasteles-personalizados-para-ninos-y-ninas-y-adultos\/\"><strong>Pasteler\u00eda:<\/strong><\/a><\/td>\n<\/tr>\n<tr style=\"height: 97px;\">\n<td style=\"height: 97px; width: 964px;\" valign=\"top\" bgcolor=\"#FFFFCC\">El Pastel o Torta de cumplea\u00f1os y primeras comuniones constituyen una parte tradicional de la celebraci\u00f3n ya que simboliza la primera comida que se comparte con los invitados a participar en la fiesta. As\u00ed que debes darle la importancia que se merece decorando una mesa especial para el mismo y d\u00e1ndole al pastel un toque especial y \u00fanico. Contactanos y te llevaremos a conocer diversos proveedores que podr\u00e1n ofrecerte tortas tradicionales y modernas, dulces y postres que podr\u00e1n disfrutar durante el banquete o recepci\u00f3n de tu matrimonio.<\/td>\n<\/tr>\n<tr style=\"height: 25px;\">\n<td style=\"height: 25px; width: 964px;\" bgcolor=\"#FFFFFF\"><strong><a href=\"http:\/\/nicaragua-travel-guide.com\/site\/eventos-especiales-catering-buffet-servicio-de-alimentos-y-bebidas\/\">Servicio Catering \u00a0&amp; \u00a0Buffet<\/a> <\/strong>\u00a0 \u00a0 \u00a0\u00abAlimentos\u00bb \u00a0 \u00a0\u00a0nacional e internacional<\/td>\n<\/tr>\n<tr style=\"height: 25px;\">\n<td style=\"height: 25px; width: 964px;\" bgcolor=\"#FFFFCC\"><strong>Bebidas,\u00a0c\u00f3ctel\u00a0y \u00a0Banquete.<\/strong><\/p>\n<p>Cualquiera sea el tipo de recepci\u00f3n que deseen realizar, desde un brindis hasta una gran celebraci\u00f3n, aqu\u00ed encontrar\u00e1n todos los recursos que necesitan para organizarlos y aquellas compa\u00f1\u00edas dedicadas a prestar ese tipo de servicios y catering, mesas de queso, estaciones de sushi hasta un banquete estilo gourmet acompa\u00f1ado de cocteles especiales para la ocasi\u00f3n. No dudes en Contactarnos, ustedes s\u00f3lo enc\u00e1rguense de disfrutar su evento!<\/td>\n<\/tr>\n<tr style=\"height: 25px;\">\n<td style=\"height: 25px; width: 964px;\" bgcolor=\"#FFFFFF\"><strong>Decoraci\u00f3n y recuerdos para la fiesta!<\/strong><\/td>\n<\/tr>\n<tr style=\"height: 71px;\">\n<td style=\"height: 71px; width: 964px;\" valign=\"top\" bgcolor=\"#FFFFCC\">Donde comprar los dulces, gorros, sombreros, m\u00e1scaras, collares, lentes, guirnaldas, pitos&#8230; \u00a1los festejados no sabr\u00e1n qu\u00e9 elegir y con nuestra compa\u00f1\u00eda conseguir\u00e1n todo lo que quieran para lograr una verdadera celebraci\u00f3n. con un sin n\u00famero de opciones para lograr que su fiesta sea inolvidables para ustedes y todos sus invitados.<\/td>\n<\/tr>\n<tr style=\"height: 25px;\">\n<td style=\"height: 25px; width: 964px;\" valign=\"top\" bgcolor=\"#FFFFFF\"><strong>*\u00a0<a href=\"http:\/\/nicaragua-travel-guide.com\/site\/musicos-y-equipos-de-sonido-organizamos-eventos-especiales-a-su-eleccion\/\">M\u00fasicos \/ \u00a0Animaci\u00f3n \/ Equipos \/ Conjuntos<\/a>\u00a0 \u00a0Dj \u00a0 \u00a0 \u00a0 \u00a0 \u00a0 \u00a0 \u00a0 Cantado \u00a0en Iglesia \u00a0 \/ \u00a0Cantado en la fiesta<\/strong><\/td>\n<\/tr>\n<tr style=\"height: 141.666748046875px;\">\n<td style=\"height: 141.666748046875px; width: 964px;\" valign=\"top\" bgcolor=\"#FFFFCC\">Si hay algo que no puede faltar en una celebraci\u00f3n es la m\u00fasica, para distintos motivos de fiestas existen varias posibilidades de introducir m\u00fasica, desde el momento de entrada en la Iglesia, hasta el banquete o recepci\u00f3n, serenatas entre otras. Es importante tomar una decisi\u00f3n sobre el tipo de m\u00fasica y repertorio que seguir\u00e1 a la recepci\u00f3n y se ofrecer\u00e1 a los invitados. \u00a1Debe pensarse en todos los gustos!&#8230; ac\u00e1 encontrar\u00e1s m\u00fasica sacra, Dj\u00b4s, orquestas bailables, m\u00fasica en vivo, tecladistas, guitarristas, bandas filarmonicas, el atabal y la gigantona, m\u00fasica bailable y folcl\u00f3rica, cantantes, animadores y todo lo que busques para tu gran d\u00eda&#8230; No busques m\u00e1s, aqu\u00ed tienes todas las opciones!.<\/td>\n<\/tr>\n<tr style=\"height: 25px;\">\n<td style=\"height: 25px; width: 964px;\" valign=\"top\" bgcolor=\"#FFFFFF\"><strong>\u00a0 *Animaci\u00f3n: \u00a0 \u00a0 \u00a0 *\u00a0<a href=\"http:\/\/nicaragua-travel-guide.com\/site\/eventos-para-ninos-animacion-payasos-sankistas-malabares-magia-globo-flexia-brinca-brinca-dulces-y-mas-alegria\/\">Show de payasos \u00a0y circo<\/a>\u00a0 \u00a0 \u00a0 \u00a0 \u00a0 \u00a0 \u00a0 \u00a0 \u00a0 \u00a0* Malabaristas\u00a0 \u00a0 \u00a0 \u00a0 \u00a0 \u00a0 \u00a0 \u00a0 \u00a0 \u00a0 \u00a0 \u00a0 \u00a0 \u00a0 \u00a0 \u00a0 \u00a0*Show \u00a0Teatro \u00a0<\/strong><b>tem\u00e1tico<\/b><\/td>\n<\/tr>\n<tr style=\"height: 71px;\">\n<td style=\"height: 71px; width: 964px;\" valign=\"top\" bgcolor=\"#FFFFCC\">Excelente show de payasos con trucos, chistes, magia y maromas de circo para fiestas infantiles, cumplea\u00f1os, Payasos formados por numerosos artistas instruidos tanto en circo como en magia, malabares y acrobacia. Brindaran un show de circo para fiestas impresionante donde participaran tanto grandes como chicos haci\u00e9ndoles pasar un momento a pura diversi\u00f3n y asombro.<\/td>\n<\/tr>\n<tr style=\"height: 25px;\">\n<td style=\"height: 25px; width: 964px;\" valign=\"top\" bgcolor=\"#FFFFFF\"><strong>*<a href=\"http:\/\/nicaragua-travel-guide.com\/site\/fotografo-y-video\/\">Fot\u00f3grafo,v\u00eddeo grabaci\u00f3n y edici\u00f3n:<\/a><\/strong><\/td>\n<\/tr>\n<tr style=\"height: 94px;\">\n<td style=\"height: 94px; width: 964px;\" valign=\"top\" bgcolor=\"#FFFFCC\">Uno de los detalles m\u00e1s importantes que hay que tener en cuenta cuando organicemos la fiesta de nuestro sue\u00f1os es la realizaci\u00f3n del video y el \u00e1lbum de fotograf\u00edas. Hay que pensar que ser\u00e1 un momento \u00fanico e irrepetible, un recuerdo para toda la vida, por lo que es necesario contar con fot\u00f3grafos altamente profesionales y de calidad demostrada que realicen un trabajo excelente y logren que la imagen de los festejados e invitados quede plasmada por siempre en cada una de las tomas&#8230; luciendo muy felices.<\/td>\n<\/tr>\n<tr style=\"height: 25px;\">\n<td style=\"height: 25px; width: 964px;\" valign=\"top\" bgcolor=\"#FFFFFF\">\u00a0 *Brinca brinca COMBOS \u00a0Paquetes especiales \u00a0 \u00a0 \u00a0 \u00a0 \u00a0 \u00a0 \u00a0 \u00a0 \u00a0 \u00a0 \u00a0 \u00a0 \u00a0 Toldos, tarimas, sillas, mesas, luces y m\u00e1s..<\/td>\n<\/tr>\n<tr style=\"height: 25px;\">\n<td style=\"height: 25px; width: 964px;\" valign=\"top\" bgcolor=\"#FFFF00\">Por mayor informaci\u00f3n y reservacion <strong>Contactarnos<\/strong><\/td>\n<\/tr>\n<\/tbody>\n<\/table>\n","protected":false},"excerpt":{"rendered":"<p>* Fiestas de Baby shower, \u00a0bautizos, primera comuni\u00f3n, \u00a0cumplea\u00f1os, \u00a0 \u00a0Pi\u00f1ata\u00a0 El Vestuario: \u00a0 \u00a0 \u00a0 \u00a0 \u00a0 Alquiler de disfraz\u00a0\u00a0 \u00a0 \u00a0\/ \u00a0Confecci\u00f3n\u00a0con modista \u00a0 \u00a0 \/\u00a0Gu\u00eda\u00a0de compras en tiendas Puedes comprar o alquilar trajes en boutiques y tiendas con nuestra asistencia. Nos comprometemos a llevarte a las m\u00e1s prestigiosas Boutiques del Pa\u00eds, para [&hellip;]<\/p>\n","protected":false},"author":2,"featured_media":0,"parent":0,"menu_order":0,"comment_status":"closed","ping_status":"closed","template":"","meta":{"footnotes":""},"_links":{"self":[{"href":"https:\/\/nicaragua-travel-guide.com\/site\/wp-json\/wp\/v2\/pages\/7204"}],"collection":[{"href":"https:\/\/nicaragua-travel-guide.com\/site\/wp-json\/wp\/v2\/pages"}],"about":[{"href":"https:\/\/nicaragua-travel-guide.com\/site\/wp-json\/wp\/v2\/types\/page"}],"author":[{"embeddable":true,"href":"https:\/\/nicaragua-travel-guide.com\/site\/wp-json\/wp\/v2\/users\/2"}],"replies":[{"embeddable":true,"href":"https:\/\/nicaragua-travel-guide.com\/site\/wp-json\/wp\/v2\/comments?post=7204"}],"version-history":[{"count":24,"href":"https:\/\/nicaragua-travel-guide.com\/site\/wp-json\/wp\/v2\/pages\/7204\/revisions"}],"predecessor-version":[{"id":13686,"href":"https:\/\/nicaragua-travel-guide.com\/site\/wp-json\/wp\/v2\/pages\/7204\/revisions\/13686"}],"wp:attachment":[{"href":"https:\/\/nicaragua-travel-guide.com\/site\/wp-json\/wp\/v2\/media?parent=7204"}],"curies":[{"name":"wp","href":"https:\/\/api.w.org\/{rel}","templated":true}]}}