{"id":7213,"date":"2016-07-18T17:04:02","date_gmt":"2016-07-18T17:04:02","guid":{"rendered":"http:\/\/nicaragua-travel-guide.com\/site\/?page_id=7213"},"modified":"2016-08-20T22:51:48","modified_gmt":"2016-08-20T22:51:48","slug":"violinista-y-pianista-para-amenizar-en-evento-especial-en-nicaragua-y-el-exterior","status":"publish","type":"page","link":"https:\/\/nicaragua-travel-guide.com\/site\/violinista-y-pianista-para-amenizar-en-evento-especial-en-nicaragua-y-el-exterior\/","title":{"rendered":"\u00abViolinista y pianista\u00bb para amenizar en evento especial  en Nicaragua y el exterior"},"content":{"rendered":"<table style=\"width: 845.3333740234375px;\" border=\"0\">\n<tbody>\n<tr>\n<td style=\"width: 695.3333740234375px;\" bgcolor=\"#660000\"><img loading=\"lazy\" decoding=\"async\" class=\"alignnone size-full wp-image-7214\" src=\"http:\/\/nicaragua-travel-guide.com\/site\/wp-content\/uploads\/2016\/07\/headerorganizamosmusicaparatueventoviolinpiano.jpg\" alt=\"headerorganizamosmusicaparatueventoviolinpiano\" width=\"1025\" height=\"345\" srcset=\"https:\/\/nicaragua-travel-guide.com\/site\/wp-content\/uploads\/2016\/07\/headerorganizamosmusicaparatueventoviolinpiano.jpg 1025w, https:\/\/nicaragua-travel-guide.com\/site\/wp-content\/uploads\/2016\/07\/headerorganizamosmusicaparatueventoviolinpiano-600x202.jpg 600w\" sizes=\"(max-width: 1025px) 100vw, 1025px\" \/><\/td>\n<\/tr>\n<tr>\n<td style=\"background-color: #f59b42; width: 695.3333740234375px;\" bgcolor=\"#660000\"><strong>Viol\u00edn y piano para amenizar en evento \u00a0especial \u00a0y concierto.<\/strong><\/td>\n<\/tr>\n<tr>\n<td style=\"width: 695.3333740234375px; background-color: #faf4dc;\" bgcolor=\"#660000\">\n<table style=\"width: 816px; height: 82px;\" border=\"0\">\n<tbody>\n<tr>\n<td style=\"width: 306px; background-color: #faf4dc; border-color: #faf4dc;\" rowspan=\"3\" bgcolor=\"#660000\">\n<ul>\n<li>Restaurante<\/li>\n<li><span style=\"font-family: inherit; font-size: inherit; line-height: 1.5;\">Sal\u00f3n de hotel<\/span><\/li>\n<li><span style=\"font-family: inherit; font-size: inherit; line-height: 1.5;\">Graduaci\u00f3n<\/span><\/li>\n<\/ul>\n<\/td>\n<td style=\"width: 306px; background-color: #faf4dc; border-color: #faf4dc;\" rowspan=\"3\" bgcolor=\"#660000\">\n<ul>\n<li>Recepci\u00f3n<\/li>\n<li><span style=\"font-family: inherit; font-size: inherit; line-height: 1.5;\">Boda<\/span><\/li>\n<li><span style=\"font-family: inherit; font-size: inherit; line-height: 1.5;\">Quince a\u00f1os<\/span><\/li>\n<\/ul>\n<\/td>\n<td style=\"width: 306px; background-color: #faf4dc; border-color: #faf4dc;\" rowspan=\"3\" bgcolor=\"#660000\">\n<ul>\n<li>Cumplea\u00f1os<\/li>\n<li><span style=\"font-family: inherit; font-size: inherit; line-height: 1.5;\">Funeral<\/span><\/li>\n<li><span style=\"font-family: inherit; font-size: inherit; line-height: 1.5;\">Aniversario<\/span><\/li>\n<\/ul>\n<\/td>\n<\/tr>\n<\/tbody>\n<\/table>\n<\/td>\n<\/tr>\n<tr>\n<td style=\"width: 695.3333740234375px;\" bgcolor=\"#660000\"><img loading=\"lazy\" decoding=\"async\" class=\"alignnone size-full wp-image-11759\" src=\"http:\/\/nicaragua-travel-guide.com\/site\/wp-content\/uploads\/2016\/07\/eventosespecialesbrindisconcierto.jpg\" alt=\"eventosespecialesbrindisconcierto\" width=\"1025\" height=\"345\" srcset=\"https:\/\/nicaragua-travel-guide.com\/site\/wp-content\/uploads\/2016\/07\/eventosespecialesbrindisconcierto.jpg 1025w, https:\/\/nicaragua-travel-guide.com\/site\/wp-content\/uploads\/2016\/07\/eventosespecialesbrindisconcierto-600x202.jpg 600w\" sizes=\"(max-width: 1025px) 100vw, 1025px\" \/><\/td>\n<\/tr>\n<tr>\n<td style=\"background-color: #f59b42; height: 21px; width: 695.3333740234375px;\" bgcolor=\"#660000\" height=\"21\">Por mayor informaci\u00f3n y reservaci\u00f3n <a href=\"http:\/\/nicaragua-travel-guide.com\/site\/contactanos\/\"><strong>Contactarnos<\/strong><\/a><\/td>\n<\/tr>\n<\/tbody>\n<\/table>\n","protected":false},"excerpt":{"rendered":"<p>Viol\u00edn y piano para amenizar en evento \u00a0especial \u00a0y concierto. Restaurante Sal\u00f3n de hotel Graduaci\u00f3n Recepci\u00f3n Boda Quince a\u00f1os Cumplea\u00f1os Funeral Aniversario Por mayor informaci\u00f3n y reservaci\u00f3n Contactarnos<\/p>\n","protected":false},"author":2,"featured_media":0,"parent":0,"menu_order":0,"comment_status":"closed","ping_status":"closed","template":"","meta":{"footnotes":""},"_links":{"self":[{"href":"https:\/\/nicaragua-travel-guide.com\/site\/wp-json\/wp\/v2\/pages\/7213"}],"collection":[{"href":"https:\/\/nicaragua-travel-guide.com\/site\/wp-json\/wp\/v2\/pages"}],"about":[{"href":"https:\/\/nicaragua-travel-guide.com\/site\/wp-json\/wp\/v2\/types\/page"}],"author":[{"embeddable":true,"href":"https:\/\/nicaragua-travel-guide.com\/site\/wp-json\/wp\/v2\/users\/2"}],"replies":[{"embeddable":true,"href":"https:\/\/nicaragua-travel-guide.com\/site\/wp-json\/wp\/v2\/comments?post=7213"}],"version-history":[{"count":9,"href":"https:\/\/nicaragua-travel-guide.com\/site\/wp-json\/wp\/v2\/pages\/7213\/revisions"}],"predecessor-version":[{"id":11793,"href":"https:\/\/nicaragua-travel-guide.com\/site\/wp-json\/wp\/v2\/pages\/7213\/revisions\/11793"}],"wp:attachment":[{"href":"https:\/\/nicaragua-travel-guide.com\/site\/wp-json\/wp\/v2\/media?parent=7213"}],"curies":[{"name":"wp","href":"https:\/\/api.w.org\/{rel}","templated":true}]}}