{"id":7220,"date":"2016-07-18T17:16:17","date_gmt":"2016-07-18T17:16:17","guid":{"rendered":"http:\/\/nicaragua-travel-guide.com\/site\/?page_id=7220"},"modified":"2016-08-20T19:41:50","modified_gmt":"2016-08-20T19:41:50","slug":"guitarra-electrica-y-conjunto-saxofon-percusion-piano-flauta-traversa-seleccione-y-amenizamos-en-nicaragua-y-viajamos-al-exterior","status":"publish","type":"page","link":"https:\/\/nicaragua-travel-guide.com\/site\/guitarra-electrica-y-conjunto-saxofon-percusion-piano-flauta-traversa-seleccione-y-amenizamos-en-nicaragua-y-viajamos-al-exterior\/","title":{"rendered":"Guitarra el\u00e9ctrica y conjunto\u00bb Saxof\u00f3n, percusi\u00f3n,piano,flauta traversa\u00bb seleccione y amenizamos"},"content":{"rendered":"<table border=\"0\" width=\"1018\">\n<tbody>\n<tr style=\"height: 9px;\">\n<td style=\"height: 9px; background-color: #ffffff; width: 1012px;\" colspan=\"2\" bgcolor=\"#000000\" width=\"1012\"><img loading=\"lazy\" decoding=\"async\" class=\"alignnone wp-image-11755\" src=\"http:\/\/nicaragua-travel-guide.com\/site\/wp-content\/uploads\/2016\/07\/headerduoguitarraelectricasaxofon.jpg\" alt=\"headerduoguitarraelectricasaxofon\" width=\"1009\" height=\"339\" srcset=\"https:\/\/nicaragua-travel-guide.com\/site\/wp-content\/uploads\/2016\/07\/headerduoguitarraelectricasaxofon.jpg 1025w, https:\/\/nicaragua-travel-guide.com\/site\/wp-content\/uploads\/2016\/07\/headerduoguitarraelectricasaxofon-600x202.jpg 600w\" sizes=\"(max-width: 1009px) 100vw, 1009px\" \/><\/td>\n<\/tr>\n<tr style=\"height: 6.98611px;\">\n<td style=\"height: 6.98611px; background-color: #f7e4ad;\" colspan=\"2\" bgcolor=\"#FFFFFF\"><strong>Organizamos<\/strong> m\u00fasica a selecci\u00f3n de nuestro repertorio, acompa\u00f1amos cantantes \u00a0en eventos especiales.<\/td>\n<\/tr>\n<tr style=\"height: 10px;\">\n<td style=\"height: 10px; background-color: #faf7de;\" colspan=\"2\" valign=\"top\" bgcolor=\"#FFFFFF\">\n<ul>\n<li>Boda<\/li>\n<li><span style=\"font-family: inherit; font-size: inherit; line-height: 1.5;\">Quincea\u00f1o<\/span><\/li>\n<li><span style=\"font-family: inherit; font-size: inherit; line-height: 1.5;\">Aniversario<\/span><\/li>\n<li><span style=\"font-family: inherit; font-size: inherit; line-height: 1.5;\">Cumplea\u00f1o<\/span><\/li>\n<li><span style=\"font-family: inherit; font-size: inherit; line-height: 1.5;\">Amenizaci\u00f3n<\/span><\/li>\n<\/ul>\n<\/td>\n<\/tr>\n<tr style=\"height: 21px;\">\n<td style=\"height: 21px; background-color: #f7e4ad;\" colspan=\"2\" bgcolor=\"#FFFFFF\">Por mayor informaci\u00f3n y Reservaci\u00f3n <strong>Contactarnos<\/strong><\/td>\n<\/tr>\n<\/tbody>\n<\/table>\n","protected":false},"excerpt":{"rendered":"<p>Organizamos m\u00fasica a selecci\u00f3n de nuestro repertorio, acompa\u00f1amos cantantes \u00a0en eventos especiales. Boda Quincea\u00f1o Aniversario Cumplea\u00f1o Amenizaci\u00f3n Por mayor informaci\u00f3n y Reservaci\u00f3n Contactarnos<\/p>\n","protected":false},"author":2,"featured_media":0,"parent":0,"menu_order":0,"comment_status":"closed","ping_status":"closed","template":"","meta":{"footnotes":""},"_links":{"self":[{"href":"https:\/\/nicaragua-travel-guide.com\/site\/wp-json\/wp\/v2\/pages\/7220"}],"collection":[{"href":"https:\/\/nicaragua-travel-guide.com\/site\/wp-json\/wp\/v2\/pages"}],"about":[{"href":"https:\/\/nicaragua-travel-guide.com\/site\/wp-json\/wp\/v2\/types\/page"}],"author":[{"embeddable":true,"href":"https:\/\/nicaragua-travel-guide.com\/site\/wp-json\/wp\/v2\/users\/2"}],"replies":[{"embeddable":true,"href":"https:\/\/nicaragua-travel-guide.com\/site\/wp-json\/wp\/v2\/comments?post=7220"}],"version-history":[{"count":4,"href":"https:\/\/nicaragua-travel-guide.com\/site\/wp-json\/wp\/v2\/pages\/7220\/revisions"}],"predecessor-version":[{"id":11757,"href":"https:\/\/nicaragua-travel-guide.com\/site\/wp-json\/wp\/v2\/pages\/7220\/revisions\/11757"}],"wp:attachment":[{"href":"https:\/\/nicaragua-travel-guide.com\/site\/wp-json\/wp\/v2\/media?parent=7220"}],"curies":[{"name":"wp","href":"https:\/\/api.w.org\/{rel}","templated":true}]}}