{"id":7223,"date":"2016-07-18T17:25:41","date_gmt":"2016-07-18T17:25:41","guid":{"rendered":"http:\/\/nicaragua-travel-guide.com\/site\/?page_id=7223"},"modified":"2016-08-20T22:31:44","modified_gmt":"2016-08-20T22:31:44","slug":"saxofon-duo-piano-guitarra-percusion-violin-u-otros-instrumentos-a-su-eleccion-y-amenizamos","status":"publish","type":"page","link":"https:\/\/nicaragua-travel-guide.com\/site\/saxofon-duo-piano-guitarra-percusion-violin-u-otros-instrumentos-a-su-eleccion-y-amenizamos\/","title":{"rendered":"Saxof\u00f3n D\u00fao \u00abPiano, guitarra, percusi\u00f3n, violin, u otros instrumentos a su elecci\u00f3n\u00bb y amenizamos"},"content":{"rendered":"<table border=\"0\" width=\"1018\">\n<tbody>\n<tr style=\"height: 9px;\">\n<td style=\"height: 9px;\" colspan=\"2\" bgcolor=\"#000000\" width=\"1012\"><img loading=\"lazy\" decoding=\"async\" class=\"alignnone size-full wp-image-11755\" src=\"http:\/\/nicaragua-travel-guide.com\/site\/wp-content\/uploads\/2016\/07\/headerduoguitarraelectricasaxofon.jpg\" alt=\"headerduoguitarraelectricasaxofon\" width=\"1025\" height=\"345\" srcset=\"https:\/\/nicaragua-travel-guide.com\/site\/wp-content\/uploads\/2016\/07\/headerduoguitarraelectricasaxofon.jpg 1025w, https:\/\/nicaragua-travel-guide.com\/site\/wp-content\/uploads\/2016\/07\/headerduoguitarraelectricasaxofon-600x202.jpg 600w\" sizes=\"(max-width: 1025px) 100vw, 1025px\" \/><\/td>\n<\/tr>\n<tr style=\"height: 42px;\">\n<td style=\"height: 42px; background-color: #defaf8;\" colspan=\"2\" bgcolor=\"#FFFFFF\">Organizamos \u00a0y amenizamos con m\u00fasicos ejecutantes de repertorio \u00a0acompa\u00f1ado por \u00a0cantante es una opci\u00f3n para \u00a0su\u00a0\u00a0eventos especial.<\/td>\n<\/tr>\n<tr style=\"height: 10px;\">\n<td style=\"height: 10px;\" colspan=\"2\" valign=\"top\" bgcolor=\"#FFFFFF\">\n<ul>\n<li>Boda<\/li>\n<li><span style=\"font-family: inherit; font-size: inherit; line-height: 1.5;\">Quince a\u00f1o<\/span><\/li>\n<li><span style=\"font-family: inherit; font-size: inherit; line-height: 1.5;\">Aniversario<\/span><\/li>\n<li><span style=\"font-family: inherit; font-size: inherit; line-height: 1.5;\">Cumplea\u00f1os<\/span><\/li>\n<\/ul>\n<\/td>\n<\/tr>\n<tr style=\"height: 21px;\">\n<td style=\"height: 21px; background-color: #defaf8;\" colspan=\"2\" bgcolor=\"#FFFFFF\">Por mayor informaci\u00f3n y Reservaci\u00f3n<strong> Contactarnos<\/strong><\/td>\n<\/tr>\n<\/tbody>\n<\/table>\n","protected":false},"excerpt":{"rendered":"<p>Organizamos \u00a0y amenizamos con m\u00fasicos ejecutantes de repertorio \u00a0acompa\u00f1ado por \u00a0cantante es una opci\u00f3n para \u00a0su\u00a0\u00a0eventos especial. Boda Quince a\u00f1o Aniversario Cumplea\u00f1os Por mayor informaci\u00f3n y Reservaci\u00f3n Contactarnos<\/p>\n","protected":false},"author":2,"featured_media":0,"parent":0,"menu_order":0,"comment_status":"closed","ping_status":"closed","template":"","meta":{"footnotes":""},"_links":{"self":[{"href":"https:\/\/nicaragua-travel-guide.com\/site\/wp-json\/wp\/v2\/pages\/7223"}],"collection":[{"href":"https:\/\/nicaragua-travel-guide.com\/site\/wp-json\/wp\/v2\/pages"}],"about":[{"href":"https:\/\/nicaragua-travel-guide.com\/site\/wp-json\/wp\/v2\/types\/page"}],"author":[{"embeddable":true,"href":"https:\/\/nicaragua-travel-guide.com\/site\/wp-json\/wp\/v2\/users\/2"}],"replies":[{"embeddable":true,"href":"https:\/\/nicaragua-travel-guide.com\/site\/wp-json\/wp\/v2\/comments?post=7223"}],"version-history":[{"count":7,"href":"https:\/\/nicaragua-travel-guide.com\/site\/wp-json\/wp\/v2\/pages\/7223\/revisions"}],"predecessor-version":[{"id":11788,"href":"https:\/\/nicaragua-travel-guide.com\/site\/wp-json\/wp\/v2\/pages\/7223\/revisions\/11788"}],"wp:attachment":[{"href":"https:\/\/nicaragua-travel-guide.com\/site\/wp-json\/wp\/v2\/media?parent=7223"}],"curies":[{"name":"wp","href":"https:\/\/api.w.org\/{rel}","templated":true}]}}