{"id":7239,"date":"2016-07-18T18:01:28","date_gmt":"2016-07-18T18:01:28","guid":{"rendered":"http:\/\/nicaragua-travel-guide.com\/site\/?page_id=7239"},"modified":"2016-08-20T22:00:44","modified_gmt":"2016-08-20T22:00:44","slug":"musico-guitarrista-solista-duo-trio-cuarteto-quinteto-y-mas-ameniza-tu-evento-especial","status":"publish","type":"page","link":"https:\/\/nicaragua-travel-guide.com\/site\/musico-guitarrista-solista-duo-trio-cuarteto-quinteto-y-mas-ameniza-tu-evento-especial\/","title":{"rendered":"M\u00fasico  \u00abGuitarrista solista, d\u00fao,trio, cuarteto, quinteto y mas\u00bb ameniza  tu evento especial"},"content":{"rendered":"<table style=\"width: 912.3333740234375px;\" border=\"0\">\n<tbody>\n<tr>\n<td style=\"width: 905.3333740234375px;\" bgcolor=\"#CC9900\" height=\"21\"><img loading=\"lazy\" decoding=\"async\" class=\"alignnone size-full wp-image-7240\" src=\"http:\/\/nicaragua-travel-guide.com\/site\/wp-content\/uploads\/2016\/07\/headerorganizamosmusicaguitarrasparaevento.jpg\" alt=\"headerorganizamosmusicaguitarrasparaevento\" width=\"1025\" height=\"345\" srcset=\"https:\/\/nicaragua-travel-guide.com\/site\/wp-content\/uploads\/2016\/07\/headerorganizamosmusicaguitarrasparaevento.jpg 1025w, https:\/\/nicaragua-travel-guide.com\/site\/wp-content\/uploads\/2016\/07\/headerorganizamosmusicaguitarrasparaevento-600x202.jpg 600w\" sizes=\"(max-width: 1025px) 100vw, 1025px\" \/><\/td>\n<\/tr>\n<tr>\n<td style=\"background-color: #d6a622; height: 21px; width: 905.3333740234375px;\" bgcolor=\"#CC9900\" height=\"21\"><strong>\u00a0Guitarras para acompa\u00f1ar en su evento \u00a0especial:<\/strong><\/td>\n<\/tr>\n<tr>\n<td style=\"width: 905.3333740234375px; height: 167px; background-color: #faf3d2; border-color: #faf3d2;\" valign=\"top\" bgcolor=\"#FFFFFF\" height=\"167\">\n<table style=\"width: 888.3333740234375px;\" border=\"0\">\n<tbody>\n<tr style=\"height: 23.66668701171875px;\">\n<td style=\"height: 23.66668701171875px; width: 249px; background-color: #f7f2d2; border-color: #f7f2d2;\" rowspan=\"7\">\n<ul>\n<li>Ceremonias religiosas<\/li>\n<li>Aniversarios<\/li>\n<li><span style=\"font-family: inherit; font-size: inherit; line-height: 1.5;\">Cumplea\u00f1os<\/span><\/li>\n<li>Quince a\u00f1o<\/li>\n<li>Serenata<\/li>\n<li>Fiestas<\/li>\n<li><span style=\"font-family: inherit; font-size: inherit; line-height: 1.5;\">Bodas<\/span><\/li>\n<\/ul>\n<\/td>\n<td style=\"height: 166.66668701171875px; width: 560.3333740234375px; background-color: #f5e8a6; border-color: #f5e8a6;\" rowspan=\"7\" valign=\"top\">&nbsp;<\/p>\n<p>Vamos por su evento dentro del territorio \u00a0de Nicaragua y \u00a0viajamos al exterior, d\u00edganos que tipo de m\u00fasica quiere, le agregamos mas instrumentos si desea d\u00fao, tr\u00edo, cuarteto, quinteto, y formar un conjunto musical con mas variedad, instrumental y con una o mas voces cantando.<\/p>\n<p>Reclame su obsequio de temporada por paquete.<\/td>\n<\/tr>\n<\/tbody>\n<\/table>\n<\/td>\n<\/tr>\n<tr>\n<td style=\"height: 21px; width: 905.3333740234375px; background-color: #d49231;\" bgcolor=\"#CC9900\" height=\"21\">Por mayor informaci\u00f3n y reservaci\u00e1n <strong>Contactarnos<\/strong><\/td>\n<\/tr>\n<\/tbody>\n<\/table>\n","protected":false},"excerpt":{"rendered":"<p>\u00a0Guitarras para acompa\u00f1ar en su evento \u00a0especial: Ceremonias religiosas Aniversarios Cumplea\u00f1os Quince a\u00f1o Serenata Fiestas Bodas &nbsp; Vamos por su evento dentro del territorio \u00a0de Nicaragua y \u00a0viajamos al exterior, d\u00edganos que tipo de m\u00fasica quiere, le agregamos mas instrumentos si desea d\u00fao, tr\u00edo, cuarteto, quinteto, y formar un conjunto musical con mas variedad, instrumental [&hellip;]<\/p>\n","protected":false},"author":2,"featured_media":0,"parent":0,"menu_order":0,"comment_status":"closed","ping_status":"closed","template":"","meta":{"footnotes":""},"_links":{"self":[{"href":"https:\/\/nicaragua-travel-guide.com\/site\/wp-json\/wp\/v2\/pages\/7239"}],"collection":[{"href":"https:\/\/nicaragua-travel-guide.com\/site\/wp-json\/wp\/v2\/pages"}],"about":[{"href":"https:\/\/nicaragua-travel-guide.com\/site\/wp-json\/wp\/v2\/types\/page"}],"author":[{"embeddable":true,"href":"https:\/\/nicaragua-travel-guide.com\/site\/wp-json\/wp\/v2\/users\/2"}],"replies":[{"embeddable":true,"href":"https:\/\/nicaragua-travel-guide.com\/site\/wp-json\/wp\/v2\/comments?post=7239"}],"version-history":[{"count":9,"href":"https:\/\/nicaragua-travel-guide.com\/site\/wp-json\/wp\/v2\/pages\/7239\/revisions"}],"predecessor-version":[{"id":11785,"href":"https:\/\/nicaragua-travel-guide.com\/site\/wp-json\/wp\/v2\/pages\/7239\/revisions\/11785"}],"wp:attachment":[{"href":"https:\/\/nicaragua-travel-guide.com\/site\/wp-json\/wp\/v2\/media?parent=7239"}],"curies":[{"name":"wp","href":"https:\/\/api.w.org\/{rel}","templated":true}]}}