{"id":7247,"date":"2016-07-18T18:19:08","date_gmt":"2016-07-18T18:19:08","guid":{"rendered":"http:\/\/nicaragua-travel-guide.com\/site\/?page_id=7247"},"modified":"2016-08-20T20:12:08","modified_gmt":"2016-08-20T20:12:08","slug":"marimba-de-nicaragua-solista-duo-trio-conjunto-musical-folclorico-y-bailable-en-evento-especial","status":"publish","type":"page","link":"https:\/\/nicaragua-travel-guide.com\/site\/marimba-de-nicaragua-solista-duo-trio-conjunto-musical-folclorico-y-bailable-en-evento-especial\/","title":{"rendered":"Marimba de Nicaragua \u00abSolista, d\u00fao, tr\u00edo, conjunto musical folcl\u00f3rico y bailable\u00bb en evento especial"},"content":{"rendered":"<table style=\"width: 905.6666870117188px;\" border=\"0\">\n<tbody>\n<tr>\n<td style=\"width: 898.6666870117188px;\" bgcolor=\"#FFFFFF\"><img loading=\"lazy\" decoding=\"async\" class=\"alignnone size-full wp-image-11764\" src=\"http:\/\/nicaragua-travel-guide.com\/site\/wp-content\/uploads\/2016\/07\/headerorganizamoseventosdjmarimba.jpg\" alt=\"headerorganizamoseventosdjmarimba\" width=\"1025\" height=\"345\" srcset=\"https:\/\/nicaragua-travel-guide.com\/site\/wp-content\/uploads\/2016\/07\/headerorganizamoseventosdjmarimba.jpg 1025w, https:\/\/nicaragua-travel-guide.com\/site\/wp-content\/uploads\/2016\/07\/headerorganizamoseventosdjmarimba-600x202.jpg 600w\" sizes=\"(max-width: 1025px) 100vw, 1025px\" \/><\/td>\n<\/tr>\n<tr>\n<td style=\"background-color: #fab623; width: 898.6666870117188px;\" bgcolor=\"#CC6600\">Marimba t\u00edpica de Nicaragua para amenizar y alegrar en fiesta,\u00a0cumplea\u00f1os,reuni\u00f3n familiar y\u00a0social.<\/td>\n<\/tr>\n<tr>\n<td style=\"width: 898.6666870117188px;\">\n<table style=\"width: 905px;\" border=\"0\">\n<tbody>\n<tr style=\"height: 24.333343505859375px;\">\n<td style=\"width: 100px; height: 24.333343505859375px; background-color: #ffffff; border-color: #ffffff;\">Bailables<\/td>\n<td style=\"width: 100px; height: 24.333343505859375px; background-color: #ffffff; border-color: #ffffff;\">Nacional\/Local<\/td>\n<td style=\"width: 14.3333740234375px; height: 24.333343505859375px; background-color: #ffffff; border-color: #ffffff;\">Palo de mayo<\/td>\n<td style=\"width: 184.6666259765625px; height: 72.33334350585938px; background-color: #ffffff; border-color: #ffffff;\" rowspan=\"3\">Agregamos otros\u00a0instrumentos\u00a0para organizar el \u00a0conjunto.<\/p>\n<p>Combinamos presentaci\u00f3n art\u00edstica con baile de danza\u00a0folcl\u00f3rica.<\/td>\n<\/tr>\n<tr style=\"height: 24px;\">\n<td style=\"width: 100px; height: 24px; background-color: #ffffff; border-color: #ffffff;\">Cumbia<\/td>\n<td style=\"width: 100px; height: 24px; background-color: #ffffff; border-color: #ffffff;\">*T\u00edpica\u00a0folcl\u00f3rica<\/td>\n<td style=\"width: 14.3333740234375px; height: 24px; background-color: #ffffff; border-color: #ffffff;\">Polka cumbia<\/td>\n<\/tr>\n<tr style=\"height: 24px;\">\n<td style=\"width: 100px; height: 24px; background-color: #ffffff; border-color: #ffffff;\">Merengue<\/td>\n<td style=\"width: 100px; height: 24px; background-color: #ffffff; border-color: #ffffff;\">Rom\u00e1nticas<\/td>\n<td style=\"width: 14.3333740234375px; height: 24px; background-color: #ffffff; border-color: #ffffff;\">de\u00a0Centroam\u00e9rica<\/td>\n<\/tr>\n<\/tbody>\n<\/table>\n<\/td>\n<\/tr>\n<tr>\n<td style=\"background-color: #fab623; height: 21px; width: 898.6666870117188px;\" bgcolor=\"#CC6600\" height=\"21\">Por mayor\u00a0informaci\u00f3n\u00a0y reservacion<strong> Contactarnos<\/strong><\/td>\n<\/tr>\n<\/tbody>\n<\/table>\n","protected":false},"excerpt":{"rendered":"<p>Marimba t\u00edpica de Nicaragua para amenizar y alegrar en fiesta,\u00a0cumplea\u00f1os,reuni\u00f3n familiar y\u00a0social. Bailables Nacional\/Local Palo de mayo Agregamos otros\u00a0instrumentos\u00a0para organizar el \u00a0conjunto. Combinamos presentaci\u00f3n art\u00edstica con baile de danza\u00a0folcl\u00f3rica. Cumbia *T\u00edpica\u00a0folcl\u00f3rica Polka cumbia Merengue Rom\u00e1nticas de\u00a0Centroam\u00e9rica Por mayor\u00a0informaci\u00f3n\u00a0y reservacion Contactarnos<\/p>\n","protected":false},"author":2,"featured_media":0,"parent":0,"menu_order":0,"comment_status":"closed","ping_status":"closed","template":"","meta":{"footnotes":""},"_links":{"self":[{"href":"https:\/\/nicaragua-travel-guide.com\/site\/wp-json\/wp\/v2\/pages\/7247"}],"collection":[{"href":"https:\/\/nicaragua-travel-guide.com\/site\/wp-json\/wp\/v2\/pages"}],"about":[{"href":"https:\/\/nicaragua-travel-guide.com\/site\/wp-json\/wp\/v2\/types\/page"}],"author":[{"embeddable":true,"href":"https:\/\/nicaragua-travel-guide.com\/site\/wp-json\/wp\/v2\/users\/2"}],"replies":[{"embeddable":true,"href":"https:\/\/nicaragua-travel-guide.com\/site\/wp-json\/wp\/v2\/comments?post=7247"}],"version-history":[{"count":6,"href":"https:\/\/nicaragua-travel-guide.com\/site\/wp-json\/wp\/v2\/pages\/7247\/revisions"}],"predecessor-version":[{"id":11768,"href":"https:\/\/nicaragua-travel-guide.com\/site\/wp-json\/wp\/v2\/pages\/7247\/revisions\/11768"}],"wp:attachment":[{"href":"https:\/\/nicaragua-travel-guide.com\/site\/wp-json\/wp\/v2\/media?parent=7247"}],"curies":[{"name":"wp","href":"https:\/\/api.w.org\/{rel}","templated":true}]}}