{"id":7278,"date":"2016-07-18T21:56:20","date_gmt":"2016-07-18T21:56:20","guid":{"rendered":"http:\/\/nicaragua-travel-guide.com\/site\/?page_id=7278"},"modified":"2016-11-02T18:42:07","modified_gmt":"2016-11-02T18:42:07","slug":"embajadas-y-consulados-de-sudamerica-en-nicaragua","status":"publish","type":"page","link":"https:\/\/nicaragua-travel-guide.com\/site\/embajadas-y-consulados-de-sudamerica-en-nicaragua\/","title":{"rendered":"Embajadas y Consulados de Sudam\u00e9rica en Nicaragua"},"content":{"rendered":"<table style=\"width: 901px;\" cellspacing=\"0\" cellpadding=\"0\">\n<tbody>\n<tr style=\"height: 28px;\">\n<td style=\"height: 28px; width: 891px;\" colspan=\"2\" align=\"center\" bgcolor=\"#FFFF00\"><strong><img loading=\"lazy\" decoding=\"async\" class=\"size-full wp-image-7273 aligncenter\" src=\"http:\/\/nicaragua-travel-guide.com\/site\/wp-content\/uploads\/2016\/07\/header-embajadas.jpg\" alt=\"header embajadas\" width=\"1025\" height=\"345\" srcset=\"https:\/\/nicaragua-travel-guide.com\/site\/wp-content\/uploads\/2016\/07\/header-embajadas.jpg 1025w, https:\/\/nicaragua-travel-guide.com\/site\/wp-content\/uploads\/2016\/07\/header-embajadas-600x202.jpg 600w\" sizes=\"(max-width: 1025px) 100vw, 1025px\" \/><\/strong><\/td>\n<\/tr>\n<tr style=\"height: 28px;\">\n<td style=\"height: 28px; width: 891px; background-color: #faed3c;\" colspan=\"2\" align=\"center\" bgcolor=\"#FFFF00\"><strong>Embajadas y Consulados de Sudam\u00e9rica en Nicaragua<\/strong><\/td>\n<\/tr>\n<tr style=\"height: 141px;\">\n<td style=\"height: 141px; width: 325.66668701171875px; background-color: #6bd4fa;\" align=\"center\" bgcolor=\"#0033FF\"><img loading=\"lazy\" decoding=\"async\" class=\"alignnone size-full wp-image-12988\" src=\"http:\/\/nicaragua-travel-guide.com\/site\/wp-content\/uploads\/2016\/06\/embajada-de-argentina-bandera.gif\" alt=\"embajada de argentina bandera\" width=\"500\" height=\"332\" srcset=\"https:\/\/nicaragua-travel-guide.com\/site\/wp-content\/uploads\/2016\/06\/embajada-de-argentina-bandera.gif 500w, https:\/\/nicaragua-travel-guide.com\/site\/wp-content\/uploads\/2016\/06\/embajada-de-argentina-bandera-180x120.gif 180w\" sizes=\"(max-width: 500px) 100vw, 500px\" \/><\/td>\n<td style=\"height: 141px; width: 565.3333129882813px;\" align=\"center\" bgcolor=\"#0033FF\">\n<table class=\" alignleft\" style=\"width: 99.7995018062735%;\" border=\"0\" cellspacing=\"5\" cellpadding=\"0\">\n<tbody>\n<tr style=\"height: 24px;\">\n<td style=\"width: 101%; height: 24px;\" colspan=\"2\" nowrap=\"nowrap\">Embajada de Argentina en Managua:<\/td>\n<\/tr>\n<tr style=\"height: 24px;\">\n<td style=\"width: 36.81578947368421%; height: 24px;\" nowrap=\"nowrap\">Oficina:<\/td>\n<td style=\"width: 64.18421052631578%; height: 24px;\">Embajada<\/td>\n<\/tr>\n<tr style=\"height: 24px;\">\n<td style=\"width: 36.81578947368421%; height: 24px;\" nowrap=\"nowrap\">Calle:<\/td>\n<td style=\"width: 64.18421052631578%; height: 24px;\">Calle Prado Ecuestre 235 B (intersecci\u00f3n con Calle Los Mangos)<\/td>\n<\/tr>\n<tr style=\"height: 24px;\">\n<td style=\"width: 36.81578947368421%; height: 24px;\" nowrap=\"nowrap\">Direcci\u00f3n Postal:<\/td>\n<td style=\"width: 64.18421052631578%; height: 24px;\">703 Managua<\/td>\n<\/tr>\n<tr style=\"height: 24px;\">\n<td style=\"width: 36.81578947368421%; height: 24px;\" nowrap=\"nowrap\">Ciudad:<\/td>\n<td style=\"width: 64.18421052631578%; height: 24px;\">Managua<\/td>\n<\/tr>\n<tr style=\"height: 24px;\">\n<td style=\"width: 36.81578947368421%; height: 24px;\" nowrap=\"nowrap\">Provincia \/ Estado:<\/td>\n<td style=\"width: 64.18421052631578%; height: 24px;\">Managua<\/td>\n<\/tr>\n<tr style=\"height: 24px;\">\n<td style=\"width: 36.81578947368421%; height: 24px;\" nowrap=\"nowrap\">Pa\u00eds:<\/td>\n<td style=\"width: 64.18421052631578%; height: 24px;\">Nicaragua<\/td>\n<\/tr>\n<tr style=\"height: 24px;\">\n<td style=\"width: 36.81578947368421%; height: 24px;\" nowrap=\"nowrap\">Tel\u00e9fono\/s:<\/td>\n<td style=\"width: 64.18421052631578%; height: 24px;\">(505) 2-55-0062,55-0089,76-0116<\/td>\n<\/tr>\n<tr style=\"height: 24px;\">\n<td style=\"width: 36.81578947368421%; height: 24px;\" nowrap=\"nowrap\">Fax:<\/td>\n<td style=\"width: 64.18421052631578%; height: 24px;\">(505) 2-76-2654<\/td>\n<\/tr>\n<tr style=\"height: 24px;\">\n<td style=\"width: 36.81578947368421%; height: 24px;\" nowrap=\"nowrap\">Mail:<\/td>\n<td style=\"width: 64.18421052631578%; height: 24px;\">embargentina@alfanumeric.com.ni<\/td>\n<\/tr>\n<\/tbody>\n<\/table>\n<\/td>\n<\/tr>\n<tr style=\"height: 46px;\">\n<td style=\"height: 46px; width: 325.66668701171875px; background-color: #3ef760;\" align=\"center\" bgcolor=\"#009900\"><img loading=\"lazy\" decoding=\"async\" class=\"alignnone size-full wp-image-13747\" src=\"http:\/\/nicaragua-travel-guide.com\/site\/wp-content\/uploads\/2016\/07\/embajada-de-Bolivia-bandera-flag.jpg\" alt=\"embajada-de-bolivia-bandera-flag\" width=\"240\" height=\"160\" srcset=\"https:\/\/nicaragua-travel-guide.com\/site\/wp-content\/uploads\/2016\/07\/embajada-de-Bolivia-bandera-flag.jpg 240w, https:\/\/nicaragua-travel-guide.com\/site\/wp-content\/uploads\/2016\/07\/embajada-de-Bolivia-bandera-flag-180x120.jpg 180w\" sizes=\"(max-width: 240px) 100vw, 240px\" \/><\/td>\n<td style=\"height: 46px; width: 565.3333129882813px;\" bgcolor=\"#ffffff\">\n<table style=\"width: 99.7493795523966%;\" border=\"0\" cellspacing=\"5\" cellpadding=\"0\">\n<tbody>\n<tr style=\"height: 24px;\">\n<td style=\"width: 99.62633344322253%; height: 24px;\" colspan=\"2\" nowrap=\"nowrap\"><strong>Consulado Honorario de Bolivia:<\/strong><\/td>\n<\/tr>\n<tr style=\"height: 24px;\">\n<td style=\"width: 99.62633344322253%; height: 24px;\" colspan=\"2\" nowrap=\"nowrap\">Embajada de Bolivia en Managua:<\/td>\n<\/tr>\n<tr style=\"height: 25.66668701171875px;\">\n<td style=\"width: 19%; height: 25.66668701171875px;\" nowrap=\"nowrap\">Direcci\u00f3n Oficina:<\/td>\n<td style=\"width: 80.62633344322253%; height: 25.66668701171875px;\">Optica Nicaraguense,\u00a02 cuadras arriba y \u00bd al Sur; Bolonia<\/td>\n<\/tr>\n<tr style=\"height: 24px;\">\n<td style=\"width: 19%; height: 24px;\" nowrap=\"nowrap\">Direcci\u00f3n Postal:<\/td>\n<td style=\"width: 80.62633344322253%; height: 24px;\">Apartado Postal: 3811<\/td>\n<\/tr>\n<tr style=\"height: 24px;\">\n<td style=\"width: 19%; height: 24px;\" nowrap=\"nowrap\">Ciudad:<\/td>\n<td style=\"width: 80.62633344322253%; height: 24px;\">Managua<\/td>\n<\/tr>\n<tr style=\"height: 24px;\">\n<td style=\"width: 19%; height: 24px;\" nowrap=\"nowrap\">Provincia \/ Estado:<\/td>\n<td style=\"width: 80.62633344322253%; height: 24px;\">Managua<\/td>\n<\/tr>\n<tr style=\"height: 24px;\">\n<td style=\"width: 19%; height: 24px;\" nowrap=\"nowrap\">Pa\u00eds:<\/td>\n<td style=\"width: 80.62633344322253%; height: 24px;\">Nicaragua<\/td>\n<\/tr>\n<tr style=\"height: 24px;\">\n<td style=\"width: 19%; height: 24px;\" nowrap=\"nowrap\">Tel\u00e9fono\/s:<\/td>\n<td style=\"width: 80.62633344322253%; height: 24px;\">+ 505 2770802 + 505 2669329<\/td>\n<\/tr>\n<tr style=\"height: 24px;\">\n<td style=\"width: 19%; height: 24px;\" nowrap=\"nowrap\">Fax:<\/td>\n<td style=\"width: 80.62633344322253%; height: 24px;\">+ 505 2669328<\/td>\n<\/tr>\n<tr style=\"height: 24px;\">\n<td style=\"width: 19%; height: 24px;\" nowrap=\"nowrap\">Mail:<\/td>\n<td style=\"width: 80.62633344322253%; height: 24px;\"><\/td>\n<\/tr>\n<\/tbody>\n<\/table>\n<\/td>\n<\/tr>\n<tr style=\"height: 18px;\">\n<td style=\"height: 18px; width: 325.66668701171875px; background-color: #f71b86;\" align=\"center\" bgcolor=\"#FF0066\"><img loading=\"lazy\" decoding=\"async\" class=\"alignnone size-full wp-image-12990\" src=\"http:\/\/nicaragua-travel-guide.com\/site\/wp-content\/uploads\/2016\/06\/embajada-de-brazil-bandera.png\" alt=\"embajada de brazil bandera\" width=\"720\" height=\"500\" srcset=\"https:\/\/nicaragua-travel-guide.com\/site\/wp-content\/uploads\/2016\/06\/embajada-de-brazil-bandera.png 720w, https:\/\/nicaragua-travel-guide.com\/site\/wp-content\/uploads\/2016\/06\/embajada-de-brazil-bandera-600x417.png 600w\" sizes=\"(max-width: 720px) 100vw, 720px\" \/><\/td>\n<td style=\"height: 18px; width: 565.3333129882813px;\" bgcolor=\"#FFFFFF\">&nbsp;<\/p>\n<table class=\" alignleft\" style=\"width: 99.74937955239662%;\" border=\"0\" cellspacing=\"5\" cellpadding=\"0\">\n<tbody>\n<tr style=\"height: 24px;\">\n<td style=\"width: 101.96379776732229%; height: 24px;\" colspan=\"2\" nowrap=\"nowrap\">Embajada de Brasil en Managua:<\/td>\n<\/tr>\n<tr style=\"height: 24px;\">\n<td style=\"width: 18%; height: 24px;\" nowrap=\"nowrap\">Oficina:<\/td>\n<td style=\"width: 83.96379776732229%; height: 24px;\">Embajada<\/td>\n<\/tr>\n<tr style=\"height: 24px;\">\n<td style=\"width: 18%; height: 24px;\" nowrap=\"nowrap\">Calle:<\/td>\n<td style=\"width: 83.96379776732229%; height: 24px;\">KM 7 3\/4 de la Carretera Interamericana sur Quinta<\/td>\n<\/tr>\n<tr style=\"height: 24px;\">\n<td style=\"width: 18%; height: 24px;\" nowrap=\"nowrap\">Ciudad:<\/td>\n<td style=\"width: 83.96379776732229%; height: 24px;\">Managua<\/td>\n<\/tr>\n<tr style=\"height: 24px;\">\n<td style=\"width: 18%; height: 24px;\" nowrap=\"nowrap\">Provincia \/ Estado:<\/td>\n<td style=\"width: 83.96379776732229%; height: 24px;\">Managua<\/td>\n<\/tr>\n<tr style=\"height: 24px;\">\n<td style=\"width: 18%; height: 24px;\" nowrap=\"nowrap\">Pa\u00eds:<\/td>\n<td style=\"width: 83.96379776732229%; height: 24px;\">Nicaragua<\/td>\n<\/tr>\n<tr style=\"height: 24px;\">\n<td style=\"width: 18%; height: 24px;\" nowrap=\"nowrap\">Tel\u00e9fono\/s:<\/td>\n<td style=\"width: 83.96379776732229%; height: 24px;\">(+505) 2650035, 1681, 1729<\/td>\n<\/tr>\n<tr style=\"height: 24px;\">\n<td style=\"width: 18%; height: 24px;\" nowrap=\"nowrap\">Fax:<\/td>\n<td style=\"width: 83.96379776732229%; height: 24px;\">(+505) 2652206<\/td>\n<\/tr>\n<tr style=\"height: 24px;\">\n<td style=\"width: 18%; height: 24px;\" nowrap=\"nowrap\">Mail:<\/td>\n<td style=\"width: 83.96379776732229%; height: 24px;\">ebrasil@ibw.com.ni<\/td>\n<\/tr>\n<tr style=\"height: 24px;\">\n<td style=\"width: 18%; height: 24px;\" nowrap=\"nowrap\">P\u00e1gina Web:<\/td>\n<td style=\"width: 83.96379776732229%; height: 24px;\">www.embajadadelbrasil.org.ni<\/td>\n<\/tr>\n<\/tbody>\n<\/table>\n<\/td>\n<\/tr>\n<tr style=\"height: 23px;\">\n<td style=\"height: 23px; width: 325.66668701171875px; background-color: #fcbc30;\" align=\"center\" bgcolor=\"#00CCFF\"><img loading=\"lazy\" decoding=\"async\" class=\"alignnone size-full wp-image-12992\" src=\"http:\/\/nicaragua-travel-guide.com\/site\/wp-content\/uploads\/2016\/06\/embajada-de-chile-flag.png\" alt=\"embajada de chile flag\" width=\"2560\" height=\"1707\" srcset=\"https:\/\/nicaragua-travel-guide.com\/site\/wp-content\/uploads\/2016\/06\/embajada-de-chile-flag.png 2560w, https:\/\/nicaragua-travel-guide.com\/site\/wp-content\/uploads\/2016\/06\/embajada-de-chile-flag-600x400.png 600w, https:\/\/nicaragua-travel-guide.com\/site\/wp-content\/uploads\/2016\/06\/embajada-de-chile-flag-180x120.png 180w\" sizes=\"(max-width: 2560px) 100vw, 2560px\" \/><\/td>\n<td style=\"height: 23px; width: 565.3333129882813px;\" bgcolor=\"#ffffff\">\n<table style=\"width: 99.54887218045113%;\" border=\"0\" cellspacing=\"5\" cellpadding=\"0\">\n<tbody>\n<tr>\n<td style=\"width: 105.07936507936508%;\" colspan=\"3\" nowrap=\"nowrap\">Embajada de Chile en Managua:<\/td>\n<\/tr>\n<tr>\n<td style=\"width: 18%;\" nowrap=\"nowrap\">Oficina:<\/td>\n<td style=\"width: 87.07936507936508%;\" colspan=\"2\">Embajada<\/td>\n<\/tr>\n<tr>\n<td style=\"width: 18%;\" nowrap=\"nowrap\">Calle:<\/td>\n<td style=\"width: 87.07936507936508%;\" colspan=\"2\">Reparto los Robles, entrada principal, 1c al oeste, 1c al sur 15mts al oeste<\/td>\n<\/tr>\n<tr>\n<td style=\"width: 18%;\" nowrap=\"nowrap\">Ciudad:<\/td>\n<td style=\"width: 87.07936507936508%;\" colspan=\"2\">Managua<\/td>\n<\/tr>\n<tr>\n<td style=\"width: 18%;\" nowrap=\"nowrap\">Provincia \/ Estado:<\/td>\n<td style=\"width: 87.07936507936508%;\" colspan=\"2\">Managua<\/td>\n<\/tr>\n<tr>\n<td style=\"width: 18%;\" nowrap=\"nowrap\">Pa\u00eds:<\/td>\n<td style=\"width: 87.07936507936508%;\" colspan=\"2\">Nicaragua<\/td>\n<\/tr>\n<tr>\n<td style=\"width: 18%;\" nowrap=\"nowrap\">Tel\u00e9fono\/s:<\/td>\n<td style=\"width: 87.07936507936508%;\" colspan=\"2\">(+505) 2780619, 2787015<\/td>\n<\/tr>\n<tr>\n<td style=\"width: 18%;\" nowrap=\"nowrap\">Fax:<\/td>\n<td style=\"width: 87.07936507936508%;\" colspan=\"2\">(+505) 2704073<\/td>\n<\/tr>\n<tr>\n<td style=\"width: 18%;\" nowrap=\"nowrap\">Mail:<\/td>\n<td style=\"width: 33%;\">echileni@cablenet.com.ni<\/td>\n<td style=\"width: 54.079365079365076%;\">echileni@ibw.com.ni<\/td>\n<\/tr>\n<tr>\n<td style=\"width: 18%;\" nowrap=\"nowrap\">P\u00e1gina Web:<\/td>\n<td style=\"width: 87.07936507936508%;\" colspan=\"2\">http:\/\/www.ibw.com.ni\/~echileni\/<\/td>\n<\/tr>\n<tr>\n<td style=\"width: 18%;\" nowrap=\"nowrap\"><\/td>\n<td style=\"width: 87.07936507936508%;\" colspan=\"2\">http:\/\/mail.cablenet.com.ni\/~echielni<\/td>\n<\/tr>\n<\/tbody>\n<\/table>\n<\/td>\n<\/tr>\n<tr style=\"height: 24px;\">\n<td style=\"height: 24px; width: 325.66668701171875px; background-color: #d649f2;\" align=\"center\" bgcolor=\"#9933CC\"><img loading=\"lazy\" decoding=\"async\" class=\"alignnone size-full wp-image-12994\" src=\"http:\/\/nicaragua-travel-guide.com\/site\/wp-content\/uploads\/2016\/06\/embajada-de-colombia-flag.jpg\" alt=\"embajada de colombia flag\" width=\"795\" height=\"647\" srcset=\"https:\/\/nicaragua-travel-guide.com\/site\/wp-content\/uploads\/2016\/06\/embajada-de-colombia-flag.jpg 795w, https:\/\/nicaragua-travel-guide.com\/site\/wp-content\/uploads\/2016\/06\/embajada-de-colombia-flag-600x488.jpg 600w\" sizes=\"(max-width: 795px) 100vw, 795px\" \/><\/td>\n<td style=\"height: 24px; width: 565.3333129882813px;\" bgcolor=\"#ffffff\">\n<table style=\"width: 100.35088331179512%;\" border=\"0\" cellspacing=\"5\" cellpadding=\"0\">\n<tbody>\n<tr>\n<td style=\"width: 104.94445096529446%;\" colspan=\"2\" nowrap=\"nowrap\">Embajada de Colombia en Managua:<\/td>\n<\/tr>\n<tr>\n<td style=\"width: 18%;\" nowrap=\"nowrap\">Oficina:<\/td>\n<td style=\"width: 86.94445096529446%;\">Embajada<\/td>\n<\/tr>\n<tr>\n<td style=\"width: 18%;\" nowrap=\"nowrap\">Calle:<\/td>\n<td style=\"width: 86.94445096529446%;\">de donde fue Mtorama 1 cuadra al sur y 1 12 cuadra abajo, casa No.82 (de Copa 12 cuadra abajo a la izquierda)<\/td>\n<\/tr>\n<tr>\n<td style=\"width: 18%;\" nowrap=\"nowrap\">Ciudad:<\/td>\n<td style=\"width: 86.94445096529446%;\">Managua<\/td>\n<\/tr>\n<tr>\n<td style=\"width: 18%;\" nowrap=\"nowrap\">Provincia \/ Estado:<\/td>\n<td style=\"width: 86.94445096529446%;\">Managua<\/td>\n<\/tr>\n<tr>\n<td style=\"width: 18%;\" nowrap=\"nowrap\">Pa\u00eds:<\/td>\n<td style=\"width: 86.94445096529446%;\">Nicaragua<\/td>\n<\/tr>\n<tr>\n<td style=\"width: 18%;\" nowrap=\"nowrap\">Tel\u00e9fono\/s:<\/td>\n<td style=\"width: 86.94445096529446%;\">(+505-2) 2762149<\/td>\n<\/tr>\n<tr>\n<td style=\"width: 18%;\" nowrap=\"nowrap\">Fax:<\/td>\n<td style=\"width: 86.94445096529446%;\">(+505-2) 780705<\/td>\n<\/tr>\n<\/tbody>\n<\/table>\n<\/td>\n<\/tr>\n<tr style=\"height: 23px;\">\n<td style=\"height: 23px; width: 325.66668701171875px; background-color: #09edd6;\" align=\"center\" bgcolor=\"#009900\"><img loading=\"lazy\" decoding=\"async\" class=\"alignnone size-full wp-image-12998\" src=\"http:\/\/nicaragua-travel-guide.com\/site\/wp-content\/uploads\/2016\/06\/embajada-de-ecuador-fllag.gif\" alt=\"embajada de ecuador    fllag\" width=\"468\" height=\"300\" \/><\/td>\n<td style=\"height: 23px; width: 565.3333129882813px;\" bgcolor=\"#FFFFFF\">\n<table style=\"width: 99.7995018062735%;\" border=\"0\" cellspacing=\"5\" cellpadding=\"0\">\n<tbody>\n<tr>\n<td style=\"width: 103.18629309446135%;\" colspan=\"2\" nowrap=\"nowrap\">Embajada de Ecuador en Barrio Bolonia:<\/td>\n<\/tr>\n<tr>\n<td style=\"width: 18%;\" nowrap=\"nowrap\">Oficina:<\/td>\n<td style=\"width: 85.18629309446135%;\">Embajada<\/td>\n<\/tr>\n<tr>\n<td style=\"width: 18%;\" nowrap=\"nowrap\">Calle:<\/td>\n<td style=\"width: 85.18629309446135%;\">De los Pipitos 1 1\/2 Cuadras oeste<\/td>\n<\/tr>\n<tr>\n<td style=\"width: 18%;\" nowrap=\"nowrap\">Direcci\u00f3n Postal:<\/td>\n<td style=\"width: 85.18629309446135%;\">PO Box C-33<\/td>\n<\/tr>\n<tr>\n<td style=\"width: 18%;\" nowrap=\"nowrap\">Ciudad:<\/td>\n<td style=\"width: 85.18629309446135%;\">Barrio Bolonia<\/td>\n<\/tr>\n<tr>\n<td style=\"width: 18%;\" nowrap=\"nowrap\">Provincia \/ Estado:<\/td>\n<td style=\"width: 85.18629309446135%;\">Managua<\/td>\n<\/tr>\n<tr>\n<td style=\"width: 18%;\" nowrap=\"nowrap\">Pa\u00eds:<\/td>\n<td style=\"width: 85.18629309446135%;\">Nicaragua<\/td>\n<\/tr>\n<tr>\n<td style=\"width: 18%;\" nowrap=\"nowrap\">Tel\u00e9fono\/s:<\/td>\n<td style=\"width: 85.18629309446135%;\">(+505) 2681098<\/td>\n<\/tr>\n<tr>\n<td style=\"width: 18%;\" nowrap=\"nowrap\">Fax:<\/td>\n<td style=\"width: 85.18629309446135%;\">(+505) 2668081<\/td>\n<\/tr>\n<tr>\n<td style=\"width: 18%;\" nowrap=\"nowrap\">Mail:<\/td>\n<td style=\"width: 85.18629309446135%;\">ecuador@ibw.com.ni<\/td>\n<\/tr>\n<\/tbody>\n<\/table>\n<\/td>\n<\/tr>\n<tr style=\"height: 23px;\">\n<td style=\"height: 23px; width: 325.66668701171875px;\" valign=\"top\" bgcolor=\"#FFFFFF\">&nbsp;<\/p>\n<p>&nbsp;<\/p>\n<p>&nbsp;<\/p>\n<p><img loading=\"lazy\" decoding=\"async\" class=\"alignnone size-full wp-image-13016\" src=\"http:\/\/nicaragua-travel-guide.com\/site\/wp-content\/uploads\/2016\/06\/embajada-de-panama-flag.jpg\" alt=\"embajada de panama flag\" width=\"300\" height=\"168\" \/><\/p>\n<p style=\"text-align: center;\">\n<\/td>\n<td style=\"height: 23px; width: 565.3333129882813px;\" valign=\"top\" bgcolor=\"#FFFFFF\">\n<table style=\"width: 99.52070248672385%;\" border=\"0\" cellspacing=\"5\" cellpadding=\"0\">\n<tbody>\n<tr>\n<td style=\"width: 95.2300526793574%;\" colspan=\"2\" nowrap=\"nowrap\">Embajada de\u00a0Panam\u00e1\u00a0en Nicaragua<\/td>\n<\/tr>\n<tr>\n<td style=\"width: 95.2300526793574%;\" colspan=\"2\" nowrap=\"nowrap\">Embajadora Extraordinaria y Plenipotenciaria: Su Excelencia Josefina Mar\u00edn Diez<\/td>\n<\/tr>\n<tr>\n<td style=\"width: 18%;\" nowrap=\"nowrap\">Oficina:<\/td>\n<td style=\"width: 77.2300526793574%;\">Embajada<\/td>\n<\/tr>\n<tr>\n<td style=\"width: 18%;\" nowrap=\"nowrap\">Direcci\u00f3n Postal:<\/td>\n<td style=\"width: 77.2300526793574%;\">Reparto M\u00e1ntica del Cuartel General de Bomberos, 1 cuadra abajo, Casa No. 93<\/td>\n<\/tr>\n<tr>\n<td style=\"width: 18%;\" nowrap=\"nowrap\">Poblaci\u00f3n:<\/td>\n<td style=\"width: 77.2300526793574%;\">Managua<\/td>\n<\/tr>\n<tr>\n<td style=\"width: 18%;\" nowrap=\"nowrap\">Ciudad:<\/td>\n<td style=\"width: 77.2300526793574%;\">Managua<\/td>\n<\/tr>\n<tr>\n<td style=\"width: 18%;\" nowrap=\"nowrap\">Provincia \/ Estado:<\/td>\n<td style=\"width: 77.2300526793574%;\">Managua<\/td>\n<\/tr>\n<tr>\n<td style=\"width: 18%;\" nowrap=\"nowrap\">Pa\u00eds:<\/td>\n<td style=\"width: 77.2300526793574%;\">Nicaragua<\/td>\n<\/tr>\n<tr>\n<td style=\"width: 18%;\" nowrap=\"nowrap\">Tel\u00e9fono\/s:<\/td>\n<td style=\"width: 77.2300526793574%;\">+505-266-2224<\/td>\n<\/tr>\n<tr>\n<td style=\"width: 18%;\" nowrap=\"nowrap\">Fax:<\/td>\n<td style=\"width: 77.2300526793574%;\">+505-266-8633<\/td>\n<\/tr>\n<tr>\n<td style=\"width: 18%;\" nowrap=\"nowrap\">E-Mail:<\/td>\n<td style=\"width: 77.2300526793574%;\">embdpma@yahoo.com<\/td>\n<\/tr>\n<\/tbody>\n<\/table>\n<\/td>\n<\/tr>\n<tr style=\"height: 23px;\">\n<td style=\"height: 23px; width: 325.66668701171875px; background-color: #f037e6;\" align=\"center\" bgcolor=\"#0033FF\"><img loading=\"lazy\" decoding=\"async\" class=\"alignnone size-full wp-image-13748\" src=\"http:\/\/nicaragua-travel-guide.com\/site\/wp-content\/uploads\/2016\/07\/embajada-de-paraguay-bandera-flag.png\" alt=\"embajada-de-paraguay-bandera-flag\" width=\"283\" height=\"178\" \/><\/td>\n<td style=\"height: 23px; width: 565.3333129882813px;\" bgcolor=\"#FFFFFF\">\n<table style=\"width: 99.94987774612311%;\" border=\"0\" cellspacing=\"5\" cellpadding=\"0\">\n<tbody>\n<tr>\n<td style=\"width: 106.96175196913423%;\" colspan=\"2\" nowrap=\"nowrap\">Consulado de Paraguay en Managua:<\/td>\n<\/tr>\n<tr>\n<td style=\"width: 18%;\" nowrap=\"nowrap\">Oficina:<\/td>\n<td style=\"width: 88.96175196913423%;\">Consulado<\/td>\n<\/tr>\n<tr>\n<td style=\"width: 18%;\" nowrap=\"nowrap\">Calle:<\/td>\n<td style=\"width: 88.96175196913423%;\">Villa Fontana Norte N\u00b0 86<\/td>\n<\/tr>\n<tr>\n<td style=\"width: 18%;\" nowrap=\"nowrap\">Ciudad:<\/td>\n<td style=\"width: 88.96175196913423%;\">Managua<\/td>\n<\/tr>\n<tr>\n<td style=\"width: 18%;\" nowrap=\"nowrap\">Provincia \/ Estado:<\/td>\n<td style=\"width: 88.96175196913423%;\">managua<\/td>\n<\/tr>\n<tr>\n<td style=\"width: 18%;\" nowrap=\"nowrap\">Pa\u00eds:<\/td>\n<td style=\"width: 88.96175196913423%;\">Nicaragua<\/td>\n<\/tr>\n<tr>\n<td style=\"width: 18%;\" nowrap=\"nowrap\">Tel\u00e9fono\/s:<\/td>\n<td style=\"width: 88.96175196913423%;\">(+505-2) 2704691<\/td>\n<\/tr>\n<tr>\n<td style=\"width: 18%;\" nowrap=\"nowrap\">Fax:<\/td>\n<td style=\"width: 88.96175196913423%;\">(+505-2) 2704691<\/td>\n<\/tr>\n<tr>\n<td style=\"width: 18%;\" nowrap=\"nowrap\">Mail:<\/td>\n<td style=\"width: 88.96175196913423%;\">fyaluk@cablenet.com.ni<\/td>\n<\/tr>\n<\/tbody>\n<\/table>\n<\/td>\n<\/tr>\n<tr style=\"height: 23px;\">\n<td style=\"height: 46px; width: 325.66668701171875px; background-color: #589ffc; text-align: center;\" bgcolor=\"#FF3399\"><img loading=\"lazy\" decoding=\"async\" class=\"alignnone size-full wp-image-13749\" src=\"http:\/\/nicaragua-travel-guide.com\/site\/wp-content\/uploads\/2016\/07\/embajada-de-uruguay-bandera-flag.png\" alt=\"embajada-de-uruguay-bandera-flag\" width=\"277\" height=\"182\" \/><\/td>\n<td style=\"height: 23px; width: 565.3333129882813px;\" bgcolor=\"#FF3399\">\n<table style=\"width: 99.54887218045113%;\" border=\"0\" cellspacing=\"5\" cellpadding=\"0\">\n<tbody>\n<tr>\n<td style=\"width: 104.24092409240924%;\" colspan=\"2\" nowrap=\"nowrap\">Consulado de Uruguay en Managua:<\/td>\n<\/tr>\n<tr>\n<td style=\"width: 18%;\" nowrap=\"nowrap\">Oficina:<\/td>\n<td style=\"width: 86.24092409240924%;\">Consulado<\/td>\n<\/tr>\n<tr>\n<td style=\"width: 18%;\" nowrap=\"nowrap\">Calle:<\/td>\n<td style=\"width: 86.24092409240924%;\">Callejon Zelaya Nro. 11, (Montoya 3c. Al lago, 1 c. Arriba)<\/td>\n<\/tr>\n<tr>\n<td style=\"width: 18%;\" nowrap=\"nowrap\">Ciudad:<\/td>\n<td style=\"width: 86.24092409240924%;\">Managua<\/td>\n<\/tr>\n<tr>\n<td style=\"width: 18%;\" nowrap=\"nowrap\">Provincia \/ Estado:<\/td>\n<td style=\"width: 86.24092409240924%;\">Managua<\/td>\n<\/tr>\n<tr>\n<td style=\"width: 18%;\" nowrap=\"nowrap\">Pa\u00eds:<\/td>\n<td style=\"width: 86.24092409240924%;\">Nicaragua<\/td>\n<\/tr>\n<tr>\n<td style=\"width: 18%;\" nowrap=\"nowrap\">Tel\u00e9fono\/s:<\/td>\n<td style=\"width: 86.24092409240924%;\">(+505) 662963<\/td>\n<\/tr>\n<tr>\n<td style=\"width: 18%;\" nowrap=\"nowrap\">Fax:<\/td>\n<td style=\"width: 86.24092409240924%;\">(+505) 662965<\/td>\n<\/tr>\n<tr>\n<td style=\"width: 18%;\" nowrap=\"nowrap\">Mail:<\/td>\n<td style=\"width: 86.24092409240924%;\">bergman@interlink.com.ni<\/td>\n<\/tr>\n<\/tbody>\n<\/table>\n<\/td>\n<\/tr>\n<tr style=\"height: 23px;\">\n<td style=\"height: 23px; width: 325.66668701171875px; background-color: #fcbf17;\" align=\"center\" bgcolor=\"#FFFF00\"><img loading=\"lazy\" decoding=\"async\" class=\"alignnone size-full wp-image-12985\" src=\"http:\/\/nicaragua-travel-guide.com\/site\/wp-content\/uploads\/2016\/06\/embajada-de-venezuela-flag.jpg\" alt=\"embajada de venezuela flag\" width=\"500\" height=\"349\" \/><\/td>\n<td style=\"height: 23px; width: 565.3333129882813px;\" bgcolor=\"#FFFFFF\">\n<table style=\"width: 99.74937955239662%;\" border=\"0\" cellspacing=\"5\" cellpadding=\"0\">\n<tbody>\n<tr>\n<td style=\"width: 108.4609528091481%;\" colspan=\"2\" nowrap=\"nowrap\">Embajada de Venezuela en Managua:<\/td>\n<\/tr>\n<tr>\n<td style=\"width: 19%;\" nowrap=\"nowrap\">Oficina:<\/td>\n<td style=\"width: 89.4609528091481%;\">Embajada<\/td>\n<\/tr>\n<tr>\n<td style=\"width: 19%;\" nowrap=\"nowrap\">Calle:<\/td>\n<td style=\"width: 89.4609528091481%;\">Kilometro 10-1\/4, Highway To Masaya<\/td>\n<\/tr>\n<tr>\n<td style=\"width: 19%;\" nowrap=\"nowrap\">Direcci\u00f3n Postal:<\/td>\n<td style=\"width: 89.4609528091481%;\">PO Box 406<\/td>\n<\/tr>\n<tr>\n<td style=\"width: 19%;\" nowrap=\"nowrap\">Ciudad:<\/td>\n<td style=\"width: 89.4609528091481%;\">Managua<\/td>\n<\/tr>\n<tr>\n<td style=\"width: 19%;\" nowrap=\"nowrap\">Provincia \/ Estado:<\/td>\n<td style=\"width: 89.4609528091481%;\">Managua<\/td>\n<\/tr>\n<tr>\n<td style=\"width: 19%;\" nowrap=\"nowrap\">Pa\u00eds:<\/td>\n<td style=\"width: 89.4609528091481%;\">Nicaragua<\/td>\n<\/tr>\n<tr>\n<td style=\"width: 19%;\" nowrap=\"nowrap\">Tel\u00e9fono\/s:<\/td>\n<td style=\"width: 89.4609528091481%;\">(+505-2) 2760267, 2760268<\/td>\n<\/tr>\n<tr>\n<td style=\"width: 19%;\" nowrap=\"nowrap\">Fax:<\/td>\n<td style=\"width: 89.4609528091481%;\">(+505-2) 2762265<\/td>\n<\/tr>\n<tr>\n<td style=\"width: 19%;\" nowrap=\"nowrap\">Mail:<\/td>\n<td style=\"width: 89.4609528091481%;\">embaveneznica@cablenet.com.ni<\/td>\n<\/tr>\n<\/tbody>\n<\/table>\n<\/td>\n<\/tr>\n<tr style=\"height: 23px;\">\n<td style=\"height: 23px; width: 891px; background-color: #38eff5; text-align: center;\" colspan=\"2\" valign=\"top\" bgcolor=\"#0033FF\"><a href=\"http:\/\/nicaragua-travel-guide.com\/site\/embajadas-y-consulados-en-nicaragua\/\"><strong>&lt;&lt; Volver a Embajadas y Consulados de otros Pa\u00edses en Nicaragua<\/strong><\/a><\/td>\n<\/tr>\n<\/tbody>\n<\/table>\n","protected":false},"excerpt":{"rendered":"<p>Embajadas y Consulados de Sudam\u00e9rica en Nicaragua Embajada de Argentina en Managua: Oficina: Embajada Calle: Calle Prado Ecuestre 235 B (intersecci\u00f3n con Calle Los Mangos) Direcci\u00f3n Postal: 703 Managua Ciudad: Managua Provincia \/ Estado: Managua Pa\u00eds: Nicaragua Tel\u00e9fono\/s: (505) 2-55-0062,55-0089,76-0116 Fax: (505) 2-76-2654 Mail: embargentina@alfanumeric.com.ni Consulado Honorario de Bolivia: Embajada de Bolivia en Managua: Direcci\u00f3n [&hellip;]<\/p>\n","protected":false},"author":2,"featured_media":0,"parent":0,"menu_order":0,"comment_status":"closed","ping_status":"closed","template":"","meta":{"footnotes":""},"_links":{"self":[{"href":"https:\/\/nicaragua-travel-guide.com\/site\/wp-json\/wp\/v2\/pages\/7278"}],"collection":[{"href":"https:\/\/nicaragua-travel-guide.com\/site\/wp-json\/wp\/v2\/pages"}],"about":[{"href":"https:\/\/nicaragua-travel-guide.com\/site\/wp-json\/wp\/v2\/types\/page"}],"author":[{"embeddable":true,"href":"https:\/\/nicaragua-travel-guide.com\/site\/wp-json\/wp\/v2\/users\/2"}],"replies":[{"embeddable":true,"href":"https:\/\/nicaragua-travel-guide.com\/site\/wp-json\/wp\/v2\/comments?post=7278"}],"version-history":[{"count":11,"href":"https:\/\/nicaragua-travel-guide.com\/site\/wp-json\/wp\/v2\/pages\/7278\/revisions"}],"predecessor-version":[{"id":13750,"href":"https:\/\/nicaragua-travel-guide.com\/site\/wp-json\/wp\/v2\/pages\/7278\/revisions\/13750"}],"wp:attachment":[{"href":"https:\/\/nicaragua-travel-guide.com\/site\/wp-json\/wp\/v2\/media?parent=7278"}],"curies":[{"name":"wp","href":"https:\/\/api.w.org\/{rel}","templated":true}]}}