{"id":7280,"date":"2016-07-18T22:03:58","date_gmt":"2016-07-18T22:03:58","guid":{"rendered":"http:\/\/nicaragua-travel-guide.com\/site\/?page_id=7280"},"modified":"2016-11-02T19:16:25","modified_gmt":"2016-11-02T19:16:25","slug":"embajadas-y-consulados-de-asia-en-nicaragua","status":"publish","type":"page","link":"https:\/\/nicaragua-travel-guide.com\/site\/embajadas-y-consulados-de-asia-en-nicaragua\/","title":{"rendered":"Embajadas y  Consulados de Asia y Africa en Nicaragua"},"content":{"rendered":"<table style=\"width: 1014px;\" cellspacing=\"0\" cellpadding=\"0\">\n<tbody>\n<tr style=\"height: 10px;\">\n<td style=\"height: 10px; width: 1020px;\" colspan=\"2\" bgcolor=\"#FFFF00\"><strong><img loading=\"lazy\" decoding=\"async\" class=\"size-full wp-image-7273 aligncenter\" src=\"http:\/\/nicaragua-travel-guide.com\/site\/wp-content\/uploads\/2016\/07\/header-embajadas.jpg\" alt=\"header embajadas\" width=\"1025\" height=\"345\" srcset=\"https:\/\/nicaragua-travel-guide.com\/site\/wp-content\/uploads\/2016\/07\/header-embajadas.jpg 1025w, https:\/\/nicaragua-travel-guide.com\/site\/wp-content\/uploads\/2016\/07\/header-embajadas-600x202.jpg 600w\" sizes=\"(max-width: 1025px) 100vw, 1025px\" \/><\/strong><\/td>\n<\/tr>\n<tr style=\"height: 10px;\">\n<td style=\"height: 10px; width: 1020px;\" colspan=\"2\" bgcolor=\"#FFFF00\"><strong>Embajadas y \u00a0Consulados de Asia en Nicaragua<\/strong><\/td>\n<\/tr>\n<tr style=\"height: 316px;\">\n<td style=\"height: 316px; width: 339px;\" align=\"center\" bgcolor=\"#FF0000\"><img loading=\"lazy\" decoding=\"async\" class=\"alignnone size-full wp-image-12993\" src=\"http:\/\/nicaragua-travel-guide.com\/site\/wp-content\/uploads\/2016\/06\/embajada-de-china-taiwan-flag.png\" alt=\"embajada de china taiwan flag\" width=\"275\" height=\"183\" srcset=\"https:\/\/nicaragua-travel-guide.com\/site\/wp-content\/uploads\/2016\/06\/embajada-de-china-taiwan-flag.png 275w, https:\/\/nicaragua-travel-guide.com\/site\/wp-content\/uploads\/2016\/06\/embajada-de-china-taiwan-flag-180x120.png 180w\" sizes=\"(max-width: 275px) 100vw, 275px\" \/><\/td>\n<td style=\"height: 316px; width: 681px;\" bgcolor=\"#FFFFFF\">\n<table style=\"width: 786px;\">\n<tbody>\n<tr>\n<th style=\"width: 794px;\" colspan=\"2\" align=\"left\" bgcolor=\"#FF0000\">Embajada de la Republica China (Taiwan) en Managua<\/th>\n<\/tr>\n<tr>\n<th style=\"width: 158.33334350585938px; text-align: left;\" bgcolor=\"#FFFFFF\">Direcci\u00f3n<\/th>\n<td style=\"width: 635.6666564941406px;\" bgcolor=\"#FFFFFF\">Embajada de la Rep\u00fablica de China (Taiw\u00e1n) en Nicaragua<\/p>\n<p>Km. 4 1\/2 Carretera a Masaya, de la Optica Matamoros 2c. al oeste, 1\/2c. al norte, Managua,Nicaragua<\/td>\n<\/tr>\n<tr>\n<th style=\"width: 158.33334350585938px; text-align: left;\" bgcolor=\"#FFFFFF\">Tel\u00e9fono:<\/th>\n<td style=\"width: 635.6666564941406px;\" bgcolor=\"#FFFFFF\">505 \u00a0 2277 \u00a0 1333 \u00a0 &#8211; \u00a0 2277 \u00a0 \u00a01334 \u00a0 \u00a0 \u00a0 \u00a0 \u00a0 \u00a0 \u00a0 \u00a0 \u00a0 \u00a0 \u00a0 \u00a0Emergencia: \u00a0505 \u00a08886 \u00a00602<\/td>\n<\/tr>\n<tr>\n<th style=\"width: 158.33334350585938px; text-align: left;\" bgcolor=\"#FFFFFF\">Fax:<\/th>\n<td style=\"width: 635.6666564941406px;\" bgcolor=\"#FFFFFF\">505 \u00a0 2267 \u00a0 4025<\/td>\n<\/tr>\n<tr>\n<th style=\"width: 158.33334350585938px; text-align: left;\" bgcolor=\"#FFFFFF\">Email:<\/th>\n<td style=\"width: 635.6666564941406px;\" bgcolor=\"#FFFFFF\"><a href=\"mailto:nic@mofa.gov.tw\">nic@mofa.gov.tw<\/a><\/td>\n<\/tr>\n<tr>\n<th style=\"width: 158.33334350585938px; text-align: left;\" bgcolor=\"#FFFFFF\">Sitio Web<\/th>\n<td style=\"width: 635.6666564941406px;\" bgcolor=\"#FFFFFF\">http:\/\/www.taiwanembassy.org\/ni\/<\/td>\n<\/tr>\n<tr>\n<th style=\"width: 794px; text-align: left;\" colspan=\"2\" bgcolor=\"#FFFFFF\">Horario de Atencion: de lunes a viernes, de 8:30 a 12:30 y 13:30 a 17:30<\/th>\n<\/tr>\n<\/tbody>\n<\/table>\n<\/td>\n<\/tr>\n<tr style=\"height: 253px;\">\n<td style=\"height: 253px; width: 339px;\" align=\"center\" bgcolor=\"#0000FF\"><img loading=\"lazy\" decoding=\"async\" class=\"alignnone size-full wp-image-13751\" src=\"http:\/\/nicaragua-travel-guide.com\/site\/wp-content\/uploads\/2016\/07\/embajada-de-corea-del-sur-bandera-flag.png\" alt=\"embajada-de-corea-del-sur-bandera-flag\" width=\"760\" height=\"500\" srcset=\"https:\/\/nicaragua-travel-guide.com\/site\/wp-content\/uploads\/2016\/07\/embajada-de-corea-del-sur-bandera-flag.png 760w, https:\/\/nicaragua-travel-guide.com\/site\/wp-content\/uploads\/2016\/07\/embajada-de-corea-del-sur-bandera-flag-600x395.png 600w\" sizes=\"(max-width: 760px) 100vw, 760px\" \/><\/td>\n<td style=\"height: 253px; width: 681px;\" bgcolor=\"#FFFFFF\">\n<table style=\"width: 792px;\">\n<tbody>\n<tr>\n<th style=\"width: 776px;\" colspan=\"2\" align=\"left\" valign=\"top\" bgcolor=\"#0033FF\">Embajada de Corea del Sur en Managua<\/th>\n<\/tr>\n<tr>\n<th style=\"width: 146px; text-align: left;\" valign=\"top\" bgcolor=\"#FFFFFF\">Direcci\u00f3n<\/th>\n<td style=\"width: 630px;\" bgcolor=\"#FFFFFF\">De la Rotonda Plaza Espa\u0148a 3c al Oeste, Banpro Bolonia 50mts al Sur Casa #45<br \/>\nManagua<br \/>\nNicaragua<\/td>\n<\/tr>\n<tr>\n<th style=\"width: 146px; text-align: left;\" bgcolor=\"#FFFFFF\">Tel\u00e9fono<\/th>\n<td style=\"width: 630px;\" bgcolor=\"#FFFFFF\">local: 2254.8110<br \/>\ninternacional: \u00a0505 \u00a0 2254 8110<\/td>\n<\/tr>\n<tr>\n<th style=\"width: 146px; text-align: left;\" bgcolor=\"#FFFFFF\">Fax<\/th>\n<td style=\"width: 630px;\" bgcolor=\"#FFFFFF\">local: 2254 \u00a08131<br \/>\ninternacional: 505 \u00a0 2254 \u00a08131<\/td>\n<\/tr>\n<tr>\n<th style=\"width: 146px; text-align: left;\" bgcolor=\"#FFFFFF\">Email<\/th>\n<td style=\"width: 630px;\" bgcolor=\"#FFFFFF\"><a href=\"mailto:nicaragua@mofat.go.kr\">nicaragua@mofat.go.kr<\/a><\/td>\n<\/tr>\n<\/tbody>\n<\/table>\n<\/td>\n<\/tr>\n<tr style=\"height: 212px;\">\n<td style=\"height: 212px; width: 339px;\" align=\"center\" valign=\"top\" bgcolor=\"#6600CC\">&nbsp;<\/p>\n<p><img loading=\"lazy\" decoding=\"async\" class=\"alignnone size-full wp-image-13752\" src=\"http:\/\/nicaragua-travel-guide.com\/site\/wp-content\/uploads\/2016\/07\/embajada-de-indonesia-bandera-flag.png\" alt=\"embajada-de-indonesia-bandera-flag\" width=\"1000\" height=\"667\" srcset=\"https:\/\/nicaragua-travel-guide.com\/site\/wp-content\/uploads\/2016\/07\/embajada-de-indonesia-bandera-flag.png 1000w, https:\/\/nicaragua-travel-guide.com\/site\/wp-content\/uploads\/2016\/07\/embajada-de-indonesia-bandera-flag-600x400.png 600w, https:\/\/nicaragua-travel-guide.com\/site\/wp-content\/uploads\/2016\/07\/embajada-de-indonesia-bandera-flag-180x120.png 180w\" sizes=\"(max-width: 1000px) 100vw, 1000px\" \/><\/td>\n<td style=\"height: 212px; width: 681px;\" valign=\"top\" bgcolor=\"#FFFFFF\">\n<table style=\"width: 787.6666870117188px;\">\n<tbody>\n<tr style=\"height: 22px;\">\n<th style=\"width: 774.6666870117188px; height: 22px;\" colspan=\"2\" align=\"left\" valign=\"top\" bgcolor=\"#6600FF\"><strong>Consulado de Indonesia en Nicaragua<\/strong><\/th>\n<\/tr>\n<tr style=\"height: 22px;\">\n<th style=\"width: 146px; text-align: left; height: 22px;\" valign=\"top\" bgcolor=\"#FFFFFF\">Direcci\u00f3n<\/th>\n<td style=\"width: 628.6666870117188px; height: 22px;\" bgcolor=\"#FFFFFF\">Pepsi Cola Building \u00a0 \u00a0 \u00a0 \u00a0 \u00a0 \u00a0 \u00a0Km. 7.5 \u00a0 \u00a0Carretera Norte<\/td>\n<\/tr>\n<tr style=\"height: 22px;\">\n<th style=\"width: 146px; text-align: left; height: 22px;\" bgcolor=\"#FFFFFF\">Poblaci\u00f3n:<\/th>\n<td style=\"width: 628.6666870117188px; height: 22px;\" bgcolor=\"#FFFFFF\">Managua<\/td>\n<\/tr>\n<tr style=\"height: 22px;\">\n<th style=\"width: 146px; text-align: left; height: 22px;\" bgcolor=\"#FFFFFF\">Tel\u00e9fono<\/th>\n<td style=\"width: 628.6666870117188px; height: 22px;\" bgcolor=\"#FFFFFF\">505 \u00a0\u00a02263 \u00a01309<\/td>\n<\/tr>\n<tr style=\"height: 46px;\">\n<th style=\"width: 146px; text-align: left; height: 46px;\" bgcolor=\"#FFFFFF\">Fax<\/th>\n<td style=\"width: 628.6666870117188px; height: 46px;\" bgcolor=\"#FFFFFF\">\u00a0505 \u00a02263 \u00a01320<br \/>\n505 \u00a02263 \u00a01319<\/td>\n<\/tr>\n<tr style=\"height: 24px;\">\n<th style=\"width: 146px; text-align: left; height: 24px;\" bgcolor=\"#FFFFFF\">Email<\/th>\n<td style=\"width: 628.6666870117188px; height: 24px;\" bgcolor=\"#FFFFFF\"><\/td>\n<\/tr>\n<\/tbody>\n<\/table>\n<\/td>\n<\/tr>\n<tr style=\"height: 253px;\">\n<td style=\"height: 253px; width: 339px;\" align=\"center\" valign=\"top\" bgcolor=\"#FF3399\">&nbsp;<\/p>\n<p><img loading=\"lazy\" decoding=\"async\" class=\"alignnone size-full wp-image-13008\" src=\"http:\/\/nicaragua-travel-guide.com\/site\/wp-content\/uploads\/2016\/06\/embajada-de-japon-flag.png\" alt=\"embajada de japon flag\" width=\"275\" height=\"183\" srcset=\"https:\/\/nicaragua-travel-guide.com\/site\/wp-content\/uploads\/2016\/06\/embajada-de-japon-flag.png 275w, https:\/\/nicaragua-travel-guide.com\/site\/wp-content\/uploads\/2016\/06\/embajada-de-japon-flag-180x120.png 180w\" sizes=\"(max-width: 275px) 100vw, 275px\" \/><\/td>\n<td style=\"height: 253px; width: 681px;\" valign=\"top\" bgcolor=\"#FFFFFF\">\n<table style=\"width: 791.3333740234375px;\">\n<tbody>\n<tr style=\"height: 22px;\">\n<th style=\"width: 618.3333740234375px; height: 22px;\" colspan=\"2\" align=\"left\" bgcolor=\"#FF3399\">Embajada de Jap\u00f3n en Managua<\/th>\n<\/tr>\n<tr style=\"height: 94.3333740234375px;\">\n<th style=\"width: 107px; height: 94.3333740234375px; text-align: left;\" bgcolor=\"#FFFFFF\">Direcci\u00f3n<\/th>\n<td style=\"width: 511.3333740234375px; height: 94.3333740234375px;\" bgcolor=\"#FFFFFF\">Plaza Espa\u00f1a 1 cuadra abajo y 1 cuadra al lago<br \/>\nFrom Plaza Espa\u00f1a \u00a0 go one block down and one block toward the lake.<br \/>\nBolonia, Managua<br \/>\nNicaragua<\/td>\n<\/tr>\n<tr style=\"height: 46px;\">\n<th style=\"width: 107px; height: 46px; text-align: left;\" bgcolor=\"#FFFFFF\">Tel\u00e9fono<\/th>\n<td style=\"width: 511.3333740234375px; height: 46px;\" bgcolor=\"#FFFFFF\">local: \u00a02266 \u00a08668<br \/>\ninternacional: 505 \u00a02266 \u00a08668<\/td>\n<\/tr>\n<tr style=\"height: 46px;\">\n<th style=\"width: 107px; height: 46px; text-align: left;\" bgcolor=\"#FFFFFF\">Fax<\/th>\n<td style=\"width: 511.3333740234375px; height: 46px;\" bgcolor=\"#FFFFFF\">local: \u00a02266 \u00a08566<br \/>\ninternacional: 505 \u00a02266 \u00a08566<\/td>\n<\/tr>\n<tr style=\"height: 22px;\">\n<th style=\"width: 107px; height: 22px; text-align: left;\" bgcolor=\"#FFFFFF\">Sitio Web<\/th>\n<td style=\"width: 511.3333740234375px; height: 22px;\" bgcolor=\"#FFFFFF\">http:\/\/www.ni.emb-japan.go.jp\/<\/td>\n<\/tr>\n<\/tbody>\n<\/table>\n<\/td>\n<\/tr>\n<tr style=\"height: 215px;\">\n<td style=\"height: 215px; width: 339px;\" align=\"center\" valign=\"top\" bgcolor=\"#006600\">&nbsp;<\/p>\n<p>&nbsp;<\/p>\n<p><img loading=\"lazy\" decoding=\"async\" class=\"alignnone size-full wp-image-13015\" src=\"http:\/\/nicaragua-travel-guide.com\/site\/wp-content\/uploads\/2016\/06\/embajada-de-palestina-flag.png\" alt=\"embajada de palestina flag\" width=\"318\" height=\"159\" \/><\/p>\n<p>&nbsp;<\/td>\n<td style=\"height: 215px; width: 681px;\" bgcolor=\"#ffffff\">\n<table style=\"width: 790px;\">\n<tbody>\n<tr style=\"height: 22px;\">\n<th style=\"width: 775px; height: 22px;\" colspan=\"2\" align=\"left\" bgcolor=\"#006600\">Embajada de Palestina en Managua<\/th>\n<\/tr>\n<tr style=\"height: 46px;\">\n<th style=\"width: 131px; height: 46px; text-align: left;\" bgcolor=\"#FFFFFF\">Direcci\u00f3n<\/th>\n<td style=\"width: 644px; height: 46px;\" bgcolor=\"#FFFFFF\">P.O. Box 5305<br \/>\nLas Colinas-Calle Las Flores # 136<\/td>\n<\/tr>\n<tr style=\"height: 22px;\">\n<th style=\"width: 131px; height: 22px; text-align: left;\" bgcolor=\"#FFFFFF\">Poblaci\u00f3n<\/th>\n<td style=\"width: 644px; height: 22px;\" bgcolor=\"#FFFFFF\">Managua<\/td>\n<\/tr>\n<tr style=\"height: 22px;\">\n<th style=\"width: 131px; height: 22px; text-align: left;\" bgcolor=\"#FFFFFF\">Tel\u00e9fono<\/th>\n<td style=\"width: 644px; height: 22px;\" bgcolor=\"#FFFFFF\">505 \u00a0 \u00a02265 \u00a0 1916<\/td>\n<\/tr>\n<tr style=\"height: 22px;\">\n<th style=\"width: 131px; height: 22px; text-align: left;\" bgcolor=\"#FFFFFF\">Fax<\/th>\n<td style=\"width: 644px; height: 22px;\" bgcolor=\"#FFFFFF\">505 \u00a0 \u00a02265 \u00a00589<\/td>\n<\/tr>\n<tr style=\"height: 22px;\">\n<th style=\"width: 131px; height: 22px; text-align: left;\" bgcolor=\"#FFFFFF\">E-Mail:<\/th>\n<td style=\"width: 644px; height: 22px;\" bgcolor=\"#FFFFFF\">embpal@ns.tmx.com.ni<\/td>\n<\/tr>\n<tr style=\"height: 22px;\">\n<th style=\"width: 131px; height: 22px; text-align: left;\" bgcolor=\"#FFFFFF\">Sitio Web<\/th>\n<td style=\"width: 644px; height: 22px;\" bgcolor=\"#FFFFFF\"><\/td>\n<\/tr>\n<\/tbody>\n<\/table>\n<\/td>\n<\/tr>\n<tr style=\"height: 26px;\">\n<td style=\"height: 26px; width: 1020px; background-color: #fcf80a;\" colspan=\"2\" align=\"center\" valign=\"top\" bgcolor=\"#006600\"><a href=\"http:\/\/nicaragua-travel-guide.com\/site\/embajadas-y-consulados-en-nicaragua\/\"><strong>&lt;&lt; Volver a Embajadas y Consulados de otros Pa\u00edses en Nicaragua<\/strong><\/a><\/td>\n<\/tr>\n<\/tbody>\n<\/table>\n","protected":false},"excerpt":{"rendered":"<p>Embajadas y \u00a0Consulados de Asia en Nicaragua Embajada de la Republica China (Taiwan) en Managua Direcci\u00f3n Embajada de la Rep\u00fablica de China (Taiw\u00e1n) en Nicaragua Km. 4 1\/2 Carretera a Masaya, de la Optica Matamoros 2c. al oeste, 1\/2c. al norte, Managua,Nicaragua Tel\u00e9fono: 505 \u00a0 2277 \u00a0 1333 \u00a0 &#8211; \u00a0 2277 \u00a0 \u00a01334 \u00a0 [&hellip;]<\/p>\n","protected":false},"author":2,"featured_media":0,"parent":0,"menu_order":0,"comment_status":"closed","ping_status":"closed","template":"","meta":{"footnotes":""},"_links":{"self":[{"href":"https:\/\/nicaragua-travel-guide.com\/site\/wp-json\/wp\/v2\/pages\/7280"}],"collection":[{"href":"https:\/\/nicaragua-travel-guide.com\/site\/wp-json\/wp\/v2\/pages"}],"about":[{"href":"https:\/\/nicaragua-travel-guide.com\/site\/wp-json\/wp\/v2\/types\/page"}],"author":[{"embeddable":true,"href":"https:\/\/nicaragua-travel-guide.com\/site\/wp-json\/wp\/v2\/users\/2"}],"replies":[{"embeddable":true,"href":"https:\/\/nicaragua-travel-guide.com\/site\/wp-json\/wp\/v2\/comments?post=7280"}],"version-history":[{"count":11,"href":"https:\/\/nicaragua-travel-guide.com\/site\/wp-json\/wp\/v2\/pages\/7280\/revisions"}],"predecessor-version":[{"id":13758,"href":"https:\/\/nicaragua-travel-guide.com\/site\/wp-json\/wp\/v2\/pages\/7280\/revisions\/13758"}],"wp:attachment":[{"href":"https:\/\/nicaragua-travel-guide.com\/site\/wp-json\/wp\/v2\/media?parent=7280"}],"curies":[{"name":"wp","href":"https:\/\/api.w.org\/{rel}","templated":true}]}}