{"id":7317,"date":"2016-07-18T23:10:42","date_gmt":"2016-07-18T23:10:42","guid":{"rendered":"http:\/\/nicaragua-travel-guide.com\/site\/?page_id=7317"},"modified":"2016-12-05T00:29:15","modified_gmt":"2016-12-05T00:29:15","slug":"guia-de-restaurantes-bar-y-cafeterias-servicio-de-alimentos-y-bebidas-en-granada-y-sus-alrededores","status":"publish","type":"page","link":"https:\/\/nicaragua-travel-guide.com\/site\/guia-de-restaurantes-bar-y-cafeterias-servicio-de-alimentos-y-bebidas-en-granada-y-sus-alrededores\/","title":{"rendered":"Guia de Restaurantes, Bar y Cafeter\u00edas \u00abServicio de alimentos y bebidas en Granada y sus alrededores"},"content":{"rendered":"<table style=\"width: 1007.43px;\" border=\"0\">\n<tbody>\n<tr style=\"height: 12px;\">\n<td style=\"height: 12px; width: 979.434px;\" colspan=\"2\" valign=\"top\" bgcolor=\"#990033\"><img loading=\"lazy\" decoding=\"async\" class=\"alignnone size-full wp-image-7318\" src=\"http:\/\/nicaragua-travel-guide.com\/site\/wp-content\/uploads\/2016\/07\/header-guia-de-donde-comer-en-granada.jpg\" alt=\"header guia de donde comer en granada\" width=\"1025\" height=\"345\" srcset=\"https:\/\/nicaragua-travel-guide.com\/site\/wp-content\/uploads\/2016\/07\/header-guia-de-donde-comer-en-granada.jpg 1025w, https:\/\/nicaragua-travel-guide.com\/site\/wp-content\/uploads\/2016\/07\/header-guia-de-donde-comer-en-granada-600x202.jpg 600w\" sizes=\"(max-width: 1025px) 100vw, 1025px\" \/><\/td>\n<\/tr>\n<tr style=\"height: 12px;\">\n<td style=\"height: 12px; width: 979.434px;\" colspan=\"2\" valign=\"top\" bgcolor=\"#990033\"><strong>Donde Comer y beber en la Ciudad de Granada y sus alrededores:<\/strong><\/td>\n<\/tr>\n<tr style=\"height: 12px;\">\n<td style=\"height: 12px; width: 979.434px; background-color: #f5f2f2;\" colspan=\"2\" valign=\"top\" bgcolor=\"#990033\"><img loading=\"lazy\" decoding=\"async\" class=\"alignnone wp-image-14150\" src=\"http:\/\/nicaragua-travel-guide.com\/site\/wp-content\/uploads\/2016\/07\/granada-header-restaurantes.jpg\" alt=\"granada-header-restaurantes\" width=\"1003\" height=\"351\" \/><\/td>\n<\/tr>\n<tr style=\"height: 68px;\">\n<td style=\"height: 68px; width: 979.434px;\" colspan=\"2\" bgcolor=\"#990000\">Ofrecemos el listado de los bares y restaurantes con servicio de comidas y bebidas desde lo mas sofisticado hasta lo mas sencillo de comidas r\u00e1pidas, amplios salones en el centro hist\u00f3rico o en lugares rodeados de naturaleza con flora y fauna, ideal para hacer una recepci\u00f3n especial, fiestas y <a href=\"http:\/\/nicaragua-travel-guide.com\/site\/organizacion-de-eventos-salones-y-espacios-cerrados-y-abiertos-nicaragua\/\">*Eventos especiales en salones de hoteles, centros culturales, restaurantes y bar a su elecci\u00f3n.<\/a>\u00a0<strong>Reserve con nuetra guia.<\/strong><\/td>\n<\/tr>\n<tr style=\"height: 21px;\">\n<td style=\"height: 21px; width: 499px;\" bgcolor=\"#0033FF\">Sal\u00f3n de Hotel Bar Restaurante para Eventos<\/td>\n<td style=\"height: 21px; width: 480.434px;\" bgcolor=\"#006600\">Bar y Restaurantes<\/td>\n<\/tr>\n<tr style=\"height: 100px;\">\n<td style=\"height: 100px; width: 979.434px;\" colspan=\"2\" bgcolor=\"#FFFFFF\">\n<table border=\"0\" width=\"997\">\n<tbody>\n<tr>\n<td valign=\"top\" width=\"498\" height=\"94\">\n<ul>\n<li><a href=\"http:\/\/nicaragua-travel-guide.com\/site\/granada-hotel-granada-bar-restaurant-trattoria\/\">El Cortijo*<\/a><\/li>\n<li><a href=\"http:\/\/nicaragua-travel-guide.com\/site\/granada-hotel-granada-bar-restaurant-trattoria\/\">Bar y Rest Trattoria Garivaldi<\/a><\/li>\n<li><a href=\"http:\/\/nicaragua-travel-guide.com\/site\/granada-hotel-dario-bar-y-restaurante-el-tranvia\/\">El Tranv\u00eda <\/a>\/ <a href=\"http:\/\/nicaragua-travel-guide.com\/site\/granada-hotel-dario-coffee-shop-chocolate\/\">Chocolate Coffee Shop<\/a>*<\/li>\n<li><a href=\"http:\/\/nicaragua-travel-guide.com\/site\/granada-bar-restaurante-la-gran-francia-evento-especial\/\">Restaurante y Bar La Gran Francia<\/a>*<\/li>\n<\/ul>\n<\/td>\n<td valign=\"top\" width=\"489\">\n<ul>\n<li><a href=\"http:\/\/nicaragua-travel-guide.com\/site\/granada-bar-restaurante-el-tercer-ojo\/\">Bar y Restaurante El Tercer Ojo<\/a><\/li>\n<li><a href=\"http:\/\/nicaragua-travel-guide.com\/site\/granada-bar-restaurante-el-club\/\">Bar y Restaurante El Club<\/a><\/li>\n<li><a href=\"http:\/\/nicaragua-travel-guide.com\/site\/granada-hotel-alhambra-restaurante-delliet\/\">Restaurante D\u00b4Elliet<\/a><\/li>\n<li><a href=\"http:\/\/nicaragua-travel-guide.com\/site\/granada-bar-restaurante-el-centralito\/\">Bar \u00abEl Centralito\u00bb<\/a><\/li>\n<\/ul>\n<\/td>\n<\/tr>\n<\/tbody>\n<\/table>\n<\/td>\n<\/tr>\n<tr style=\"height: 21px;\">\n<td style=\"height: 21px; width: 499px;\" bgcolor=\"#009933\">Bar y Restaurantes Rodeados de Naturaleza y Centro Tur\u00edstico<\/td>\n<td style=\"height: 21px; width: 480.434px;\" bgcolor=\"#660033\"><b>Cafeter\u00edas<\/b><\/td>\n<\/tr>\n<tr style=\"height: 100px;\">\n<td style=\"height: 100px; width: 979.434px;\" colspan=\"2\" bgcolor=\"#FFFFFF\">\n<table border=\"0\" width=\"1000\">\n<tbody>\n<tr>\n<td bgcolor=\"#FFFFFF\" width=\"516\" height=\"94\">\n<ul>\n<li>Bar y Restaurante Inuit Kayak<\/li>\n<li>Cesar Disco Bar y Restaurante<\/li>\n<li>Restaurante Puerto Asese<\/li>\n<li>Restaurante Rosti &#8211; Pollo<\/li>\n<\/ul>\n<\/td>\n<td width=\"474\">\n<ul>\n<li><a href=\"http:\/\/nicaragua-travel-guide.com\/site\/granada-cafeteria-taza-blanca-desayunos-almuerzo-comida-casera-comidas-rapidas-refrescos-naturales\/\">Cafeter\u00eda\u00a0Taza Blanca<\/a><strong> (Ver\u00a0Men\u00fa\u00a0Especial del\u00a0d\u00eda)*<\/strong><\/li>\n<li><a href=\"http:\/\/nicaragua-travel-guide.com\/site\/granada-hotel-granada-spa-choco-museo-y-cafe\/\">Caf\u00e9 y \u00a0chocolate\u00a0<\/a><\/li>\n<li>Caf\u00e9\u00a0\u00a0Ru\u00edz<\/li>\n<\/ul>\n<\/td>\n<\/tr>\n<\/tbody>\n<\/table>\n<\/td>\n<\/tr>\n<tr style=\"height: 21px;\">\n<td style=\"height: 21px; width: 979.434px;\" colspan=\"2\" bgcolor=\"#993333\">Calle La Calzada<\/td>\n<\/tr>\n<tr style=\"height: 176px;\">\n<td style=\"height: 176px; width: 979.434px;\" colspan=\"2\" bgcolor=\"#FFFFFF\">\n<table border=\"0\" width=\"979\">\n<tbody>\n<tr>\n<td valign=\"top\" width=\"518\" height=\"140\">\n<ul>\n<li><a href=\"http:\/\/nicaragua-travel-guide.com\/site\/granada-restaurante-comidas-tipicas-y-mas\/\">Bar y restaurante comidas t\u00edpicas y m\u00e1s<\/a><\/li>\n<li><a href=\"http:\/\/www.nicaragua-travel-guide.com\/restauranteybartequilavallartagranada.html\">Bar y restaurante El Tequila Vallarta<\/a><\/li>\n<li><a href=\"http:\/\/nicaragua-travel-guide.com\/site\/granada-bar-restaurante-grill-house\/\">Bar y Restaurante Grill House<\/a><\/li>\n<li><a href=\"http:\/\/nicaragua-travel-guide.com\/site\/granada-bar-restaurante-el-nectar\/\">Bar y Restaurante El Nectar<\/a><\/li>\n<li><a href=\"http:\/\/nicaragua-travel-guide.com\/site\/granada-bar-y-restaurante-rodehos\/\">Bar y Restaurante \u00abRodehos\u00bb<\/a><\/li>\n<li><a href=\"http:\/\/nicaragua-travel-guide.com\/site\/granada-bar-restaurante-irish-pub-osheas\/\">Bar y restaurante Irish Pub<\/a><\/li>\n<\/ul>\n<\/td>\n<td valign=\"top\" width=\"451\">\n<ul>\n<li><a href=\"http:\/\/nicaragua-travel-guide.com\/site\/granada-bar-restaurante-road-house\/\">Bar y Restaurante Road House<\/a><\/li>\n<li>Bar y Restaurante Evelings<\/li>\n<li><a href=\"http:\/\/nicaragua-travel-guide.com\/site\/granada-bar-restaurante-margarita\/\">Bar y Restaurante Margarita<\/a><\/li>\n<li>Bar y Restaurante Rodehos 2<\/li>\n<li>Restaurante y \u00a0Hotel El \u00a0Torito<\/li>\n<li>Bar y restaurante Casa Blanca<\/li>\n<\/ul>\n<\/td>\n<\/tr>\n<\/tbody>\n<\/table>\n<\/td>\n<\/tr>\n<tr style=\"height: 21px;\">\n<td style=\"height: 21px; width: 499px;\" bgcolor=\"#CCCC00\">Bar<\/td>\n<td style=\"height: 21px; width: 480.434px;\" bgcolor=\"#FF9900\"><strong>Comidas R\u00e1pidas<\/strong><\/td>\n<\/tr>\n<tr style=\"height: 106px;\">\n<td style=\"height: 106px; width: 979.434px;\" colspan=\"2\" valign=\"top\" bgcolor=\"#FFFFFF\">\n<table border=\"0\" width=\"1003\">\n<tbody>\n<tr>\n<td width=\"519\">\n<ul>\n<li>Bar El Coyote<\/li>\n<li>Kelly&#8217;s Bar<\/li>\n<li><a href=\"http:\/\/nicaragua-travel-guide.com\/site\/granada-bar-restaurante-nuestro-mundo\/\">Bar y Restaurante Nuestro Mundo<\/a><\/li>\n<\/ul>\n<\/td>\n<td width=\"474\">\n<ul>\n<li>Vigor\u00f3n el Gordito<\/li>\n<li>Pollo Tip-ToP<\/li>\n<li>La Querubes<\/li>\n<\/ul>\n<\/td>\n<\/tr>\n<\/tbody>\n<\/table>\n<\/td>\n<\/tr>\n<tr style=\"height: 25px;\">\n<td style=\"height: 25px; width: 499px;\" valign=\"top\" bgcolor=\"#9966FF\">Helader\u00edas<\/td>\n<td style=\"height: 25px; width: 480.434px;\" bgcolor=\"#0099FF\"><strong>Pizzerias<\/strong><\/td>\n<\/tr>\n<tr style=\"height: 77px;\">\n<td style=\"height: 77px; width: 499px;\" valign=\"top\" bgcolor=\"#FFFFFF\">\n<ul>\n<li>Helader\u00eda Eskimo<\/li>\n<li>Helader\u00eda Italiana<\/li>\n<\/ul>\n<\/td>\n<td style=\"height: 77px; width: 480.434px;\" valign=\"top\" bgcolor=\"#FFFFFF\">\n<ul>\n<li>Tele Pizza<\/li>\n<li><a href=\"http:\/\/nicaragua-travel-guide.com\/site\/granada-pizza-mona-lisa\/\">Pizza Mona Lisa<\/a><\/li>\n<li>Pizzeria Don Luca<\/li>\n<\/ul>\n<\/td>\n<\/tr>\n<tr style=\"height: 24px;\">\n<td style=\"height: 24px; width: 499px;\" bgcolor=\"#990000\">Restaurante en \u00e1rea \u00a0rural natural<\/td>\n<td style=\"height: 24px; width: 480.434px;\" bgcolor=\"#990000\"><b>Restaurante en \u00a0Municipio<\/b><\/td>\n<\/tr>\n<tr style=\"height: 24px;\">\n<td style=\"height: 24px; width: 499px;\" bgcolor=\"#990000\">\n<ul>\n<li><a href=\"http:\/\/nicaragua-travel-guide.com\/site\/granada-restaurante-bar-y-hotel-puerto-asese-piscina-kayaks-bote-de-remo-lancha-de-motor-jate-privado-organizamos-eventos-especiales-para-grupo\/\">Restaurante Puerto ASESE<\/a><\/li>\n<li>Restaurante en Isleta<\/li>\n<li>Restaurante en centro tur\u00edstico<\/li>\n<li>Volc\u00e1n Mombacho<\/li>\n<li>Hacienda Santa Lastenia<\/li>\n<li>Hacienda Eco<\/li>\n<li>Blue Mountain<\/li>\n<\/ul>\n<p>&nbsp;<\/td>\n<td style=\"height: 24px; width: 480.434px; text-align: left;\" bgcolor=\"#990000\">\n<ul>\n<li>Diriomo<\/li>\n<li>Nandaime<\/li>\n<li>Malacatoya<\/li>\n<li>Laguna de apoyo<\/li>\n<\/ul>\n<\/td>\n<\/tr>\n<tr style=\"height: 24px;\">\n<td style=\"height: 24px; width: 499px;\" bgcolor=\"#990000\">Por mayor informaci\u00f3n y reservacion \u00a0\u00a0<a href=\"http:\/\/nicaragua-travel-guide.com\/site\/contactanos\/\">Contactarnos<\/a><\/td>\n<td style=\"height: 24px; width: 480.434px;\" bgcolor=\"#990000\">\u00a0&lt;&lt;<a href=\"http:\/\/nicaragua-travel-guide.com\/site\/granada\/\"> Volver a Granada<\/a><\/td>\n<\/tr>\n<\/tbody>\n<\/table>\n","protected":false},"excerpt":{"rendered":"<p>Donde Comer y beber en la Ciudad de Granada y sus alrededores: Ofrecemos el listado de los bares y restaurantes con servicio de comidas y bebidas desde lo mas sofisticado hasta lo mas sencillo de comidas r\u00e1pidas, amplios salones en el centro hist\u00f3rico o en lugares rodeados de naturaleza con flora y fauna, ideal para [&hellip;]<\/p>\n","protected":false},"author":2,"featured_media":0,"parent":0,"menu_order":0,"comment_status":"closed","ping_status":"closed","template":"","meta":{"footnotes":""},"_links":{"self":[{"href":"https:\/\/nicaragua-travel-guide.com\/site\/wp-json\/wp\/v2\/pages\/7317"}],"collection":[{"href":"https:\/\/nicaragua-travel-guide.com\/site\/wp-json\/wp\/v2\/pages"}],"about":[{"href":"https:\/\/nicaragua-travel-guide.com\/site\/wp-json\/wp\/v2\/types\/page"}],"author":[{"embeddable":true,"href":"https:\/\/nicaragua-travel-guide.com\/site\/wp-json\/wp\/v2\/users\/2"}],"replies":[{"embeddable":true,"href":"https:\/\/nicaragua-travel-guide.com\/site\/wp-json\/wp\/v2\/comments?post=7317"}],"version-history":[{"count":49,"href":"https:\/\/nicaragua-travel-guide.com\/site\/wp-json\/wp\/v2\/pages\/7317\/revisions"}],"predecessor-version":[{"id":14219,"href":"https:\/\/nicaragua-travel-guide.com\/site\/wp-json\/wp\/v2\/pages\/7317\/revisions\/14219"}],"wp:attachment":[{"href":"https:\/\/nicaragua-travel-guide.com\/site\/wp-json\/wp\/v2\/media?parent=7317"}],"curies":[{"name":"wp","href":"https:\/\/api.w.org\/{rel}","templated":true}]}}