{"id":7325,"date":"2016-07-18T23:41:47","date_gmt":"2016-07-18T23:41:47","guid":{"rendered":"http:\/\/nicaragua-travel-guide.com\/site\/?page_id=7325"},"modified":"2016-11-22T18:44:04","modified_gmt":"2016-11-22T18:44:04","slug":"granada-cafeteria-taza-blanca-desayunos-almuerzo-comida-casera-comidas-rapidas-refrescos-naturales","status":"publish","type":"page","link":"https:\/\/nicaragua-travel-guide.com\/site\/granada-cafeteria-taza-blanca-desayunos-almuerzo-comida-casera-comidas-rapidas-refrescos-naturales\/","title":{"rendered":"Granada \u00abCafeter\u00eda Taza Blanca\u00bb"},"content":{"rendered":"<table style=\"width: 1090px;\" border=\"0\">\n<tbody>\n<tr style=\"height: 1px;\">\n<td style=\"height: 1px; width: 1077px;\" colspan=\"2\" valign=\"top\" bgcolor=\"#330000\"><img loading=\"lazy\" decoding=\"async\" class=\"alignnone wp-image-7326\" src=\"http:\/\/nicaragua-travel-guide.com\/site\/wp-content\/uploads\/2016\/07\/cafeteriatazablancaheader.jpg\" alt=\"cafeteriatazablancaheader\" width=\"1090\" height=\"367\" srcset=\"https:\/\/nicaragua-travel-guide.com\/site\/wp-content\/uploads\/2016\/07\/cafeteriatazablancaheader.jpg 1025w, https:\/\/nicaragua-travel-guide.com\/site\/wp-content\/uploads\/2016\/07\/cafeteriatazablancaheader-600x202.jpg 600w\" sizes=\"(max-width: 1090px) 100vw, 1090px\" \/><\/td>\n<\/tr>\n<tr style=\"height: 65.33334350585938px;\">\n<td style=\"height: 65.33334350585938px; width: 1077px;\" colspan=\"2\" valign=\"top\" bgcolor=\"#330000\">Cafeter\u00eda Taza Blanca es un peque\u00f1o establecimiento que ofrece servicio de alimentos y bebidas en un ambiente familiar,el men\u00fa ofrece comida casera y r\u00e1pidas servidas y para llevar, con atenci\u00f3n personalizada,se hacen alimentos para grupos con previa reservaci\u00f3n.<\/td>\n<\/tr>\n<tr style=\"height: 13px;\">\n<td style=\"height: 13px; width: 1077px; text-align: center;\" colspan=\"2\" valign=\"top\" bgcolor=\"#330000\">\u00abPreguntar por el plato del d\u00eda\u00bb<\/td>\n<\/tr>\n<tr style=\"height: 37px;\">\n<td style=\"height: 37px; width: 1077px; text-align: center;\" colspan=\"2\" bgcolor=\"#FFFFCC\"><strong>Ver Men\u00fa:<\/strong><\/td>\n<\/tr>\n<tr style=\"height: 382px;\">\n<td style=\"height: 382px; width: 1077px;\" colspan=\"2\" bgcolor=\"#FFFFFF\">\n<table style=\"width: 1078.666748046875px;\" border=\"0\">\n<tbody>\n<tr>\n<th style=\"width: 48px;\" scope=\"col\" align=\"left\" bgcolor=\"#FFFFCC\"><\/th>\n<th style=\"width: 352px;\" scope=\"col\" align=\"left\" bgcolor=\"#330000\"><strong>Desayunos: ( a cualquier hora del d\u00eda)<\/strong><\/th>\n<th style=\"width: 27px;\" scope=\"col\" bgcolor=\"#FFFFFF\">C$<\/th>\n<th style=\"width: 51px;\" scope=\"col\" bgcolor=\"#FFFFFF\"><\/th>\n<th style=\"width: 40px;\" scope=\"col\" align=\"left\" bgcolor=\"#FFFFCC\"><\/th>\n<th style=\"width: 352px;\" scope=\"col\" align=\"left\" bgcolor=\"#330000\"><strong>Almuerzo:<\/strong> (preguntar por el\u00a0especial del d\u00eda)<\/th>\n<th style=\"width: 156.666748046875px;\" scope=\"col\" bgcolor=\"#FFFFFF\">C$90.00<\/th>\n<\/tr>\n<tr>\n<th style=\"width: 48px;\" scope=\"row\" align=\"left\" bgcolor=\"#FFFFCC\">1<\/th>\n<th style=\"width: 352px;\" scope=\"row\" align=\"left\" bgcolor=\"#FFFFCC\">Gallo pinto,2 huevos,jam\u00f3n, queso (tortilla o pan)<\/th>\n<th style=\"width: 27px;\" scope=\"row\" bgcolor=\"#FFFFFF\">C$<\/th>\n<th style=\"width: 51px;\" scope=\"row\" bgcolor=\"#FFFFFF\">80.00<\/th>\n<td style=\"width: 40px;\" bgcolor=\"#FFFFCC\">13<\/td>\n<td style=\"width: 352px;\" bgcolor=\"#FFFFCC\">Jugos Naturales<\/td>\n<td style=\"width: 156.666748046875px;\" bgcolor=\"#FFFFFF\">C$25 \/ 30<\/td>\n<\/tr>\n<tr>\n<th style=\"width: 48px;\" scope=\"row\" align=\"left\" bgcolor=\"#FFFFCC\">2<\/th>\n<th style=\"width: 352px;\" scope=\"row\" align=\"left\" bgcolor=\"#FFFFCC\">Gallo pinto, 2 hevos, queso (tortilla o pan<\/th>\n<th style=\"width: 27px;\" scope=\"row\" bgcolor=\"#FFFFFF\">C$<\/th>\n<th style=\"width: 51px;\" scope=\"row\" bgcolor=\"#FFFFFF\">70.00<\/th>\n<td style=\"width: 40px;\" bgcolor=\"#FFFFCC\">14<\/td>\n<td style=\"width: 352px;\" bgcolor=\"#FFFFCC\">Batidos: melon, pi\u00f1a, naranja<\/td>\n<td style=\"width: 156.666748046875px;\" bgcolor=\"#FFFFFF\">C$50.00<\/td>\n<\/tr>\n<tr>\n<th style=\"width: 48px;\" scope=\"row\" align=\"left\" bgcolor=\"#FFFFCC\">3<\/th>\n<th style=\"width: 352px;\" scope=\"row\" align=\"left\" bgcolor=\"#FFFFCC\">2 pancakes, 2 huevos con jam\u00f3n (tortilla o pan)<\/th>\n<th style=\"width: 27px;\" scope=\"row\" bgcolor=\"#FFFFFF\">C$<\/th>\n<th style=\"width: 51px;\" scope=\"row\" bgcolor=\"#FFFFFF\">80.00<\/th>\n<td style=\"width: 40px;\" bgcolor=\"#FFFFCC\">15<\/td>\n<td style=\"width: 352px;\" bgcolor=\"#FFFFCC\">Caf\u00e9\u00a0Negro Grande<\/td>\n<td style=\"width: 156.666748046875px;\" bgcolor=\"#FFFFFF\">C$18.00<\/td>\n<\/tr>\n<tr>\n<th style=\"width: 48px;\" scope=\"row\" align=\"left\" bgcolor=\"#FFFFCC\">4<\/th>\n<th style=\"width: 352px;\" scope=\"row\" align=\"left\" bgcolor=\"#FFFFCC\">2 huevos con jam\u00f3n, tortilla o pan<\/th>\n<th style=\"width: 27px;\" scope=\"row\" bgcolor=\"#FFFFFF\">C$<\/th>\n<th style=\"width: 51px;\" scope=\"row\" bgcolor=\"#FFFFFF\">50.00<\/th>\n<td style=\"width: 40px;\" bgcolor=\"#FFFFCC\">16<\/td>\n<td style=\"width: 352px;\" bgcolor=\"#FFFFCC\">Caf\u00e9 negro peque\u00f1o<\/td>\n<td style=\"width: 156.666748046875px;\" bgcolor=\"#FFFFFF\">C$15.00<\/td>\n<\/tr>\n<tr>\n<th style=\"width: 48px;\" scope=\"row\" align=\"left\" bgcolor=\"#FFFFCC\">5<\/th>\n<th style=\"width: 352px;\" scope=\"row\" align=\"left\" bgcolor=\"#FFFFCC\">Cereal Granola + yogurt<\/th>\n<th style=\"width: 27px;\" scope=\"row\" bgcolor=\"#FFFFFF\">C$<\/th>\n<th style=\"width: 51px;\" scope=\"row\" bgcolor=\"#FFFFFF\">50.00<\/th>\n<td style=\"width: 40px;\" bgcolor=\"#FFFFCC\">17<\/td>\n<td style=\"width: 352px;\" bgcolor=\"#FFFFCC\">Caf\u00e9 con leche<\/td>\n<td style=\"width: 156.666748046875px;\" bgcolor=\"#FFFFFF\">C$20.00<\/td>\n<\/tr>\n<tr>\n<th style=\"width: 48px;\" scope=\"row\" align=\"left\" bgcolor=\"#FFFFCC\">6<\/th>\n<th style=\"width: 352px;\" scope=\"row\" align=\"left\" bgcolor=\"#FFFFCC\">Ensalada de frutas<\/th>\n<th style=\"width: 27px;\" scope=\"row\" bgcolor=\"#FFFFFF\">C$<\/th>\n<th style=\"width: 51px;\" scope=\"row\" bgcolor=\"#FFFFFF\">23.00<\/th>\n<td style=\"width: 40px;\" bgcolor=\"#FFFFCC\">18<\/td>\n<td style=\"width: 352px;\" bgcolor=\"#FFFFCC\">T\u00e9 Caliente<\/td>\n<td style=\"width: 156.666748046875px;\" bgcolor=\"#FFFFFF\">C$25.00<\/td>\n<\/tr>\n<tr>\n<th style=\"width: 48px;\" scope=\"row\" align=\"left\" bgcolor=\"#FFFFCC\"><\/th>\n<th style=\"width: 352px;\" scope=\"row\" align=\"left\" bgcolor=\"#330000\"><strong>Comidas R\u00e1pidas:<\/strong><\/th>\n<th style=\"width: 27px;\" scope=\"row\" bgcolor=\"#FFFFFF\">C$<\/th>\n<th style=\"width: 51px;\" scope=\"row\" bgcolor=\"#FFFFFF\"><\/th>\n<td style=\"width: 40px;\" bgcolor=\"#FFFFCC\">19<\/td>\n<td style=\"width: 352px;\" bgcolor=\"#FFFFCC\">T\u00e9 fr\u00edo<\/td>\n<td style=\"width: 156.666748046875px;\" bgcolor=\"#FFFFFF\">C$30.00<\/td>\n<\/tr>\n<tr>\n<th style=\"width: 48px;\" scope=\"row\" align=\"left\" bgcolor=\"#FFFFCC\">7<\/th>\n<th style=\"width: 352px;\" scope=\"row\" align=\"left\" bgcolor=\"#FFFFCC\">Hamburguesa con queso y papas (especial)<\/th>\n<th style=\"width: 27px;\" scope=\"row\" bgcolor=\"#FFFFFF\">C$<\/th>\n<th style=\"width: 51px;\" scope=\"row\" bgcolor=\"#FFFFFF\">60.00<\/th>\n<td style=\"width: 40px;\" bgcolor=\"#FFFFCC\">20<\/td>\n<td style=\"width: 352px;\" bgcolor=\"#FFFFCC\">Gaseosas de sabores, coca, pepsi botella 12 onz<\/td>\n<td style=\"width: 156.666748046875px;\" bgcolor=\"#FFFFFF\">C$15.00<\/td>\n<\/tr>\n<tr>\n<th style=\"width: 48px;\" scope=\"row\" align=\"left\" bgcolor=\"#FFFFCC\">8<\/th>\n<th style=\"width: 352px;\" scope=\"row\" align=\"left\" bgcolor=\"#FFFFCC\">Hamburguesa de carne con papas<\/th>\n<th style=\"width: 27px;\" scope=\"row\" bgcolor=\"#FFFFFF\">C$<\/th>\n<th style=\"width: 51px;\" scope=\"row\" bgcolor=\"#FFFFFF\">55.00<\/th>\n<td style=\"width: 40px;\" bgcolor=\"#FFFFCC\">21<\/td>\n<td style=\"width: 352px;\" bgcolor=\"#FFFFCC\">Gaseosa de medio litro<\/td>\n<td style=\"width: 156.666748046875px;\" bgcolor=\"#FFFFFF\">C$20.00<\/td>\n<\/tr>\n<tr>\n<th style=\"width: 48px;\" scope=\"row\" align=\"left\" bgcolor=\"#FFFFCC\">9<\/th>\n<th style=\"width: 352px;\" scope=\"row\" align=\"left\" bgcolor=\"#FFFFCC\">Hamburguesa \u00a0Sencilla<\/th>\n<th style=\"width: 27px;\" scope=\"row\" bgcolor=\"#FFFFFF\">C$<\/th>\n<th style=\"width: 51px;\" scope=\"row\" bgcolor=\"#FFFFFF\">45.00<\/th>\n<td style=\"width: 40px;\" bgcolor=\"#FFFFCC\">22<\/td>\n<td style=\"width: 352px;\" bgcolor=\"#FFFFCC\">Agua \u00a0de botella grande litro y medio<\/td>\n<td style=\"width: 156.666748046875px;\" bgcolor=\"#FFFFFF\">C$25.00<\/td>\n<\/tr>\n<tr>\n<th style=\"width: 48px;\" scope=\"row\" align=\"left\" bgcolor=\"#FFFFCC\">10<\/th>\n<th style=\"width: 352px;\" scope=\"row\" align=\"left\" bgcolor=\"#FFFFCC\">Sandwich con Jam\u00f3n y queso<\/th>\n<th style=\"width: 27px;\" scope=\"row\" bgcolor=\"#FFFFFF\">C$<\/th>\n<th style=\"width: 51px;\" scope=\"row\" bgcolor=\"#FFFFFF\">50.00<\/th>\n<td style=\"width: 40px;\" align=\"left\" valign=\"top\" bgcolor=\"#FFFFCC\">23<\/td>\n<td style=\"width: 352px;\" align=\"left\" valign=\"top\" bgcolor=\"#FFFFCC\">Agua botella peque\u00f1a 1\/2 litro<\/td>\n<td style=\"width: 156.666748046875px;\" bgcolor=\"#FFFFFF\">C$15.00<\/td>\n<\/tr>\n<tr>\n<th style=\"width: 48px;\" scope=\"row\" align=\"left\" bgcolor=\"#FFFFCC\">11<\/th>\n<th style=\"width: 352px;\" scope=\"row\" align=\"left\" bgcolor=\"#FFFFCC\">Sandwich Sencillo<\/th>\n<th style=\"width: 27px;\" scope=\"row\" bgcolor=\"#FFFFFF\">C$<\/th>\n<th style=\"width: 51px;\" scope=\"row\" bgcolor=\"#FFFFFF\">35.00<\/th>\n<td style=\"width: 548.666748046875px;\" colspan=\"3\" rowspan=\"2\" bgcolor=\"#FFFFCC\">Estos precios Incluyen\u00a0 el\u00a0 IGV\u00a0 15%<\/td>\n<\/tr>\n<tr>\n<th style=\"width: 48px;\" scope=\"row\" align=\"center\" bgcolor=\"#FFFFCC\">12<\/th>\n<th style=\"width: 352px;\" scope=\"row\" align=\"center\" bgcolor=\"#FFFFCC\">Repochetas (pizza nica)<\/th>\n<th style=\"width: 27px;\" scope=\"row\" align=\"center\" bgcolor=\"#FFFFFF\">C$<\/th>\n<th style=\"width: 51px;\" scope=\"row\" align=\"center\" bgcolor=\"#FFFFFF\">60.00<\/th>\n<\/tr>\n<\/tbody>\n<\/table>\n<\/td>\n<\/tr>\n<tr style=\"height: 162px;\">\n<td style=\"height: 162px; width: 1077px;\" colspan=\"2\" bgcolor=\"#330000\">Puedes ver decorado con posters de paisajes de la flora y fauna, volcanes lugares naturales edificios y personajes, gobernantes de la historia de Nicaragua adem\u00e1s de estar ubicado en una casa hist\u00f3rica en el centro de la ciudad a solo una cuadra del mercado municipal y del parque central o de la Iglesia de la Merced una cuadra al sur y 75 mts al este, tambi\u00e9n se ofrece servicio de informaci\u00f3n tur\u00edstica atendido por Gioconda gu\u00eda tur\u00edstico nacional quien trabajan de manera independiente en el mismo local.<\/p>\n<p>Vis\u00edtenos,Pregunte por el especial del d\u00eda, ser\u00e1 un gusto atenderles!<\/td>\n<\/tr>\n<tr style=\"height: 13px;\">\n<td style=\"height: 13px; width: 1077px;\" colspan=\"2\" align=\"center\" bgcolor=\"#FFFFCC\"><img loading=\"lazy\" decoding=\"async\" class=\"alignnone wp-image-14132\" src=\"http:\/\/nicaragua-travel-guide.com\/site\/wp-content\/uploads\/2016\/07\/cafeteriatazablancadesayuno.jpg\" alt=\"cafeteriatazablancadesayuno\" width=\"1111\" height=\"374\" srcset=\"https:\/\/nicaragua-travel-guide.com\/site\/wp-content\/uploads\/2016\/07\/cafeteriatazablancadesayuno.jpg 1025w, https:\/\/nicaragua-travel-guide.com\/site\/wp-content\/uploads\/2016\/07\/cafeteriatazablancadesayuno-600x202.jpg 600w\" sizes=\"(max-width: 1111px) 100vw, 1111px\" \/><\/td>\n<\/tr>\n<tr style=\"height: 14px;\">\n<td style=\"height: 14px; width: 1077px;\" colspan=\"2\" align=\"center\" bgcolor=\"#FFFFCC\"><img loading=\"lazy\" decoding=\"async\" class=\"alignnone wp-image-14133\" src=\"http:\/\/nicaragua-travel-guide.com\/site\/wp-content\/uploads\/2016\/07\/cafeteriatazablancahamburguesandwich.jpg\" alt=\"cafeteriatazablancahamburguesandwich\" width=\"1084\" height=\"365\" srcset=\"https:\/\/nicaragua-travel-guide.com\/site\/wp-content\/uploads\/2016\/07\/cafeteriatazablancahamburguesandwich.jpg 1025w, https:\/\/nicaragua-travel-guide.com\/site\/wp-content\/uploads\/2016\/07\/cafeteriatazablancahamburguesandwich-600x202.jpg 600w\" sizes=\"(max-width: 1084px) 100vw, 1084px\" \/><\/td>\n<\/tr>\n<tr style=\"height: 7px;\">\n<td style=\"height: 7px; width: 1077px;\" colspan=\"2\" align=\"center\" bgcolor=\"#FFFFCC\"><img loading=\"lazy\" decoding=\"async\" class=\"alignnone wp-image-14134\" src=\"http:\/\/nicaragua-travel-guide.com\/site\/wp-content\/uploads\/2016\/07\/cafeteriatazablancaplatodeldialmuerzo1.jpg\" alt=\"cafeteriatazablancaplatodeldialmuerzo1\" width=\"1099\" height=\"370\" srcset=\"https:\/\/nicaragua-travel-guide.com\/site\/wp-content\/uploads\/2016\/07\/cafeteriatazablancaplatodeldialmuerzo1.jpg 1025w, https:\/\/nicaragua-travel-guide.com\/site\/wp-content\/uploads\/2016\/07\/cafeteriatazablancaplatodeldialmuerzo1-600x202.jpg 600w\" sizes=\"(max-width: 1099px) 100vw, 1099px\" \/><\/td>\n<\/tr>\n<tr style=\"height: 13px;\">\n<td style=\"height: 13px; width: 1077px;\" colspan=\"2\" align=\"center\" bgcolor=\"#FFFFCC\"><img loading=\"lazy\" decoding=\"async\" class=\"alignnone wp-image-14135\" src=\"http:\/\/nicaragua-travel-guide.com\/site\/wp-content\/uploads\/2016\/07\/cafeteriatazablancarepochetacafe.jpg\" alt=\"cafeteriatazablancarepochetacafe\" width=\"1070\" height=\"360\" srcset=\"https:\/\/nicaragua-travel-guide.com\/site\/wp-content\/uploads\/2016\/07\/cafeteriatazablancarepochetacafe.jpg 1025w, https:\/\/nicaragua-travel-guide.com\/site\/wp-content\/uploads\/2016\/07\/cafeteriatazablancarepochetacafe-600x202.jpg 600w\" sizes=\"(max-width: 1070px) 100vw, 1070px\" \/><\/td>\n<\/tr>\n<tr style=\"height: 77px;\">\n<td style=\"height: 77px; width: 1077px;\" colspan=\"2\" align=\"center\" bgcolor=\"#FFFFCC\">\n<table style=\"width: 1040.3333740234375px;\" border=\"0\">\n<tbody>\n<tr>\n<td style=\"width: 479px;\" rowspan=\"2\">Direcci\u00f3n: Calle Estrada Casa #101<br \/>\nGranada &#8211; Nicaragua<br \/>\nTel: (505) 2552 2876 \u00a0 \u00a0 \u00a0 \u00a0 \u00a0 Cel:8865 0959<\/td>\n<td style=\"width: 90px;\" rowspan=\"2\"><a href=\"https:\/\/www.facebook.com\/Cafeteria-Taza-Blanca-371530509584503\/?fref=ts\"><img loading=\"lazy\" decoding=\"async\" class=\"alignnone size-full wp-image-14136\" src=\"http:\/\/nicaragua-travel-guide.com\/site\/wp-content\/uploads\/2016\/07\/logofacebook.jpg\" alt=\"logofacebook\" width=\"225\" height=\"225\" srcset=\"https:\/\/nicaragua-travel-guide.com\/site\/wp-content\/uploads\/2016\/07\/logofacebook.jpg 225w, https:\/\/nicaragua-travel-guide.com\/site\/wp-content\/uploads\/2016\/07\/logofacebook-100x100.jpg 100w, https:\/\/nicaragua-travel-guide.com\/site\/wp-content\/uploads\/2016\/07\/logofacebook-200x200.jpg 200w\" sizes=\"(max-width: 225px) 100vw, 225px\" \/><\/a><\/td>\n<td style=\"width: 450.3333740234375px;\" valign=\"bottom\" height=\"61\">Cafeter\u00eda Taza Blanca<\/td>\n<\/tr>\n<tr>\n<td style=\"width: 450.3333740234375px;\" height=\"25\"><\/td>\n<\/tr>\n<\/tbody>\n<\/table>\n<\/td>\n<\/tr>\n<tr style=\"height: 53px;\">\n<td style=\"height: 53px; width: 486px;\" bgcolor=\"#330000\">Por mayor informaci\u00f3n y reservaci\u00f3n Contactarnos<\/td>\n<td style=\"height: 53px; width: 591px;\" bgcolor=\"#330000\">Galer\u00eda de Im\u00e1genes<\/td>\n<\/tr>\n<\/tbody>\n<\/table>\n","protected":false},"excerpt":{"rendered":"<p>Cafeter\u00eda Taza Blanca es un peque\u00f1o establecimiento que ofrece servicio de alimentos y bebidas en un ambiente familiar,el men\u00fa ofrece comida casera y r\u00e1pidas servidas y para llevar, con atenci\u00f3n personalizada,se hacen alimentos para grupos con previa reservaci\u00f3n. \u00abPreguntar por el plato del d\u00eda\u00bb Ver Men\u00fa: Desayunos: ( a cualquier hora del d\u00eda) C$ Almuerzo: [&hellip;]<\/p>\n","protected":false},"author":2,"featured_media":0,"parent":0,"menu_order":0,"comment_status":"closed","ping_status":"closed","template":"","meta":{"footnotes":""},"_links":{"self":[{"href":"https:\/\/nicaragua-travel-guide.com\/site\/wp-json\/wp\/v2\/pages\/7325"}],"collection":[{"href":"https:\/\/nicaragua-travel-guide.com\/site\/wp-json\/wp\/v2\/pages"}],"about":[{"href":"https:\/\/nicaragua-travel-guide.com\/site\/wp-json\/wp\/v2\/types\/page"}],"author":[{"embeddable":true,"href":"https:\/\/nicaragua-travel-guide.com\/site\/wp-json\/wp\/v2\/users\/2"}],"replies":[{"embeddable":true,"href":"https:\/\/nicaragua-travel-guide.com\/site\/wp-json\/wp\/v2\/comments?post=7325"}],"version-history":[{"count":7,"href":"https:\/\/nicaragua-travel-guide.com\/site\/wp-json\/wp\/v2\/pages\/7325\/revisions"}],"predecessor-version":[{"id":14139,"href":"https:\/\/nicaragua-travel-guide.com\/site\/wp-json\/wp\/v2\/pages\/7325\/revisions\/14139"}],"wp:attachment":[{"href":"https:\/\/nicaragua-travel-guide.com\/site\/wp-json\/wp\/v2\/media?parent=7325"}],"curies":[{"name":"wp","href":"https:\/\/api.w.org\/{rel}","templated":true}]}}