{"id":7368,"date":"2016-07-20T16:48:51","date_gmt":"2016-07-20T16:48:51","guid":{"rendered":"http:\/\/nicaragua-travel-guide.com\/site\/?page_id=7368"},"modified":"2016-07-20T16:48:51","modified_gmt":"2016-07-20T16:48:51","slug":"alquiler-de-casa-con-3-habitaciones-por-mes-xalteva-granada","status":"publish","type":"page","link":"https:\/\/nicaragua-travel-guide.com\/site\/alquiler-de-casa-con-3-habitaciones-por-mes-xalteva-granada\/","title":{"rendered":"Alquiler de casa con 3 habitaciones por mes \u00abXalteva\u00bb Granada"},"content":{"rendered":"<table border=\"0\" width=\"1015\">\n<tbody>\n<tr style=\"height: 37px;\">\n<td style=\"height: 37px;\" bgcolor=\"#FFFFFF\">Se Alquila Casa<\/td>\n<td style=\"height: 178.094px;\" rowspan=\"3\" valign=\"top\" bgcolor=\"#FFCC00\" width=\"219\"><img loading=\"lazy\" decoding=\"async\" src=\"http:\/\/www.nicaragua-travel-guide.com\/imangenestres\/alquiler%20de%20casa%20iconocupadanaranja.jpg\" width=\"217\" height=\"165\" \/><\/td>\n<\/tr>\n<tr>\n<td bgcolor=\"#FFCC00\">Es una casa de dos pisos ubicada cerca de la Iglesia de Xalteva.<\/td>\n<\/tr>\n<tr style=\"height: 155px;\" bgcolor=\"#FFCC66\">\n<td style=\"height: 155px;\" bgcolor=\"#FFCC00\" width=\"786\">Totalmente en un barrio seguro tiene un porche con corredor exterior, tiene una sala amueblada, \u00e1rea de comedor, cuatro habitaciones; tres con ba\u00f1o un privado completo y una habitaci\u00f3n con ba\u00f1o compartido.<\/p>\n<p>TV con cable, servicio de lavander\u00eda, abanico, aire acondicionado, un patio interior<\/p>\n<p>Precio: U$ mensual otros pagos b\u00e1sicos de luz, agua lo paga separado el hu\u00e9sped.<\/td>\n<\/tr>\n<tr style=\"height: 25px;\">\n<td style=\"height: 25px;\" colspan=\"2\" bgcolor=\"#FFFFFF\">Por mayor informaci\u00f3n Contactarnos<\/td>\n<\/tr>\n<\/tbody>\n<\/table>\n","protected":false},"excerpt":{"rendered":"<p>Se Alquila Casa Es una casa de dos pisos ubicada cerca de la Iglesia de Xalteva. Totalmente en un barrio seguro tiene un porche con corredor exterior, tiene una sala amueblada, \u00e1rea de comedor, cuatro habitaciones; tres con ba\u00f1o un privado completo y una habitaci\u00f3n con ba\u00f1o compartido. TV con cable, servicio de lavander\u00eda, abanico, [&hellip;]<\/p>\n","protected":false},"author":2,"featured_media":0,"parent":0,"menu_order":0,"comment_status":"closed","ping_status":"closed","template":"","meta":{"footnotes":""},"_links":{"self":[{"href":"https:\/\/nicaragua-travel-guide.com\/site\/wp-json\/wp\/v2\/pages\/7368"}],"collection":[{"href":"https:\/\/nicaragua-travel-guide.com\/site\/wp-json\/wp\/v2\/pages"}],"about":[{"href":"https:\/\/nicaragua-travel-guide.com\/site\/wp-json\/wp\/v2\/types\/page"}],"author":[{"embeddable":true,"href":"https:\/\/nicaragua-travel-guide.com\/site\/wp-json\/wp\/v2\/users\/2"}],"replies":[{"embeddable":true,"href":"https:\/\/nicaragua-travel-guide.com\/site\/wp-json\/wp\/v2\/comments?post=7368"}],"version-history":[{"count":1,"href":"https:\/\/nicaragua-travel-guide.com\/site\/wp-json\/wp\/v2\/pages\/7368\/revisions"}],"predecessor-version":[{"id":7369,"href":"https:\/\/nicaragua-travel-guide.com\/site\/wp-json\/wp\/v2\/pages\/7368\/revisions\/7369"}],"wp:attachment":[{"href":"https:\/\/nicaragua-travel-guide.com\/site\/wp-json\/wp\/v2\/media?parent=7368"}],"curies":[{"name":"wp","href":"https:\/\/api.w.org\/{rel}","templated":true}]}}