{"id":7371,"date":"2016-07-20T17:11:18","date_gmt":"2016-07-20T17:11:18","guid":{"rendered":"http:\/\/nicaragua-travel-guide.com\/site\/?page_id=7371"},"modified":"2016-07-20T17:33:26","modified_gmt":"2016-07-20T17:33:26","slug":"alquiler-de-apartamento-condominio-centro-granada","status":"publish","type":"page","link":"https:\/\/nicaragua-travel-guide.com\/site\/alquiler-de-apartamento-condominio-centro-granada\/","title":{"rendered":"Se alquila o vende apartamento de condominio \u00abCentro\u00bb Granada"},"content":{"rendered":"<table border=\"0\" width=\"1020\">\n<tbody>\n<tr>\n<td colspan=\"2\" bgcolor=\"#FFFFFF\" width=\"1014\">\n<table style=\"width: 1007px;\" border=\"0\">\n<tbody>\n<tr style=\"height: 196px;\">\n<td style=\"height: 196px; width: 995px;\" colspan=\"2\" bgcolor=\"#FFFFFF\"><img loading=\"lazy\" decoding=\"async\" src=\"http:\/\/www.nicaragua-travel-guide.com\/imangenestres\/headercondominiumsxalteva.jpg\" width=\"1003\" height=\"308\" \/><\/td>\n<\/tr>\n<tr style=\"height: 228px;\">\n<td style=\"height: 228px; width: 995px;\" colspan=\"2\" bgcolor=\"#FFFFFF\"><img loading=\"lazy\" decoding=\"async\" src=\"http:\/\/www.nicaragua-travel-guide.com\/imangenestres\/hotelcondosxaltevabalcon.jpg\" width=\"336\" height=\"221\" \/><img loading=\"lazy\" decoding=\"async\" src=\"http:\/\/www.nicaragua-travel-guide.com\/imangenestres\/logotipocondomuniumsxalteva.jpg\" alt=\"\" width=\"346\" height=\"226\" \/><img loading=\"lazy\" decoding=\"async\" src=\"http:\/\/www.nicaragua-travel-guide.com\/imangenestres\/hotelcondosxaltevasealquila.jpg\" width=\"313\" height=\"224\" \/><\/td>\n<\/tr>\n<tr style=\"height: 17.1667px;\">\n<td style=\"height: 17.1667px; width: 681.198px;\" valign=\"top\" bgcolor=\"#FFFFFF\"><\/td>\n<td style=\"height: 17.1667px; width: 313.802px;\" bgcolor=\"#FFFFFF\"><a href=\"http:\/\/nicaragua-travel-guide.com\/site\/hotel-condominio-central-granada-apartamentos-habitaciones-precios\/\">&lt;&lt;Ver tabla de Precios de Habitaciones<\/a><\/td>\n<\/tr>\n<tr style=\"height: 249px;\">\n<td style=\"height: 249px; width: 681.198px;\" valign=\"top\" bgcolor=\"#FFFFFF\">Condos Xalteva son los primeros condominios disponibles en la ciudad colonial hermosa de Granada, Nicaragua. Localizado en la vecindad residencial reservada y segura de Xalteva, con las vistas del volc\u00e1n de Mombacho y de la ciudad. Condos \u00a0Xalteva est\u00e1n dentro de la distancia que camina del Parque Central hist\u00f3rico con compras, los restaurantes y la vida de noche.<\/p>\n<p>Ocho dormitorios,\u00a0dos ba\u00f1os en los dormitorios, agua de reserva y respaldo opcional de la energ\u00eda. Las \u00e1reas comunes incluyen: piscina elegante, patio, palapa que recolecta el lugar con el estacionamiento y la seguridad de 24 horas.<\/p>\n<p>\u00a1Gran potencial de la inversi\u00f3n con renta!<\/td>\n<td style=\"height: 249px; width: 313.802px;\" bgcolor=\"#FFFFFF\"><img loading=\"lazy\" decoding=\"async\" src=\"http:\/\/www.nicaragua-travel-guide.com\/imangenestres\/hotelcondosxaltevende.jpg\" width=\"308\" height=\"226\" \/><\/td>\n<\/tr>\n<tr style=\"height: 23px;\">\n<td style=\"height: 23px; width: 681.198px;\" valign=\"top\" bgcolor=\"#FFFFFF\">Por mayor informaci\u00f3n y reservacion Contactarnos<\/td>\n<td style=\"height: 23px; width: 313.802px;\" bgcolor=\"#FFFFFF\"><\/td>\n<\/tr>\n<\/tbody>\n<\/table>\n<\/td>\n<\/tr>\n<\/tbody>\n<\/table>\n","protected":false},"excerpt":{"rendered":"<p>&lt;&lt;Ver tabla de Precios de Habitaciones Condos Xalteva son los primeros condominios disponibles en la ciudad colonial hermosa de Granada, Nicaragua. Localizado en la vecindad residencial reservada y segura de Xalteva, con las vistas del volc\u00e1n de Mombacho y de la ciudad. Condos \u00a0Xalteva est\u00e1n dentro de la distancia que camina del Parque Central hist\u00f3rico [&hellip;]<\/p>\n","protected":false},"author":2,"featured_media":0,"parent":0,"menu_order":0,"comment_status":"closed","ping_status":"closed","template":"","meta":{"footnotes":""},"_links":{"self":[{"href":"https:\/\/nicaragua-travel-guide.com\/site\/wp-json\/wp\/v2\/pages\/7371"}],"collection":[{"href":"https:\/\/nicaragua-travel-guide.com\/site\/wp-json\/wp\/v2\/pages"}],"about":[{"href":"https:\/\/nicaragua-travel-guide.com\/site\/wp-json\/wp\/v2\/types\/page"}],"author":[{"embeddable":true,"href":"https:\/\/nicaragua-travel-guide.com\/site\/wp-json\/wp\/v2\/users\/2"}],"replies":[{"embeddable":true,"href":"https:\/\/nicaragua-travel-guide.com\/site\/wp-json\/wp\/v2\/comments?post=7371"}],"version-history":[{"count":7,"href":"https:\/\/nicaragua-travel-guide.com\/site\/wp-json\/wp\/v2\/pages\/7371\/revisions"}],"predecessor-version":[{"id":7390,"href":"https:\/\/nicaragua-travel-guide.com\/site\/wp-json\/wp\/v2\/pages\/7371\/revisions\/7390"}],"wp:attachment":[{"href":"https:\/\/nicaragua-travel-guide.com\/site\/wp-json\/wp\/v2\/media?parent=7371"}],"curies":[{"name":"wp","href":"https:\/\/api.w.org\/{rel}","templated":true}]}}