{"id":7381,"date":"2016-07-20T17:22:24","date_gmt":"2016-07-20T17:22:24","guid":{"rendered":"http:\/\/nicaragua-travel-guide.com\/site\/?page_id=7381"},"modified":"2016-08-02T04:51:37","modified_gmt":"2016-08-02T04:51:37","slug":"condominio-apartamentos-y-habitaciones-centro-de-granada-se-alquila-y-vende","status":"publish","type":"page","link":"https:\/\/nicaragua-travel-guide.com\/site\/condominio-apartamentos-y-habitaciones-centro-de-granada-se-alquila-y-vende\/","title":{"rendered":"Condominio apartamentos y habitaciones  centro de Granada \u00abSe alquila y  vende\u00bb"},"content":{"rendered":"<table style=\"width: 1003px;\" border=\"0\">\n<tbody>\n<tr style=\"height: 196px;\">\n<td style=\"height: 196px; width: 1323px;\" colspan=\"2\" bgcolor=\"#FFFFFF\"><img loading=\"lazy\" decoding=\"async\" src=\"http:\/\/www.nicaragua-travel-guide.com\/imangenestres\/headercondominiumsxalteva.jpg\" width=\"1003\" height=\"308\" \/><\/td>\n<\/tr>\n<tr style=\"height: 24px;\">\n<td style=\"height: 24px; width: 1323px;\" colspan=\"2\" bgcolor=\"#FFFFFF\">\n<table style=\"height: 93px;\" width=\"998\">\n<tbody>\n<tr>\n<td style=\"width: 325.799px;\"><img loading=\"lazy\" decoding=\"async\" src=\"http:\/\/www.nicaragua-travel-guide.com\/imangenestres\/hotelcondosxaltevabalcon.jpg\" width=\"336\" height=\"221\" \/><\/td>\n<td style=\"width: 325.799px;\"><img loading=\"lazy\" decoding=\"async\" class=\"\" src=\"http:\/\/www.nicaragua-travel-guide.com\/imangenestres\/logotipocondomuniumsxalteva.jpg\" alt=\"\" width=\"323\" height=\"122\" \/><\/td>\n<td style=\"width: 326.91px;\"><img loading=\"lazy\" decoding=\"async\" class=\"\" src=\"http:\/\/www.nicaragua-travel-guide.com\/imangenestres\/hotelcondosxaltevasealquila.jpg\" width=\"328\" height=\"245\" \/><\/td>\n<\/tr>\n<\/tbody>\n<\/table>\n<\/td>\n<\/tr>\n<tr style=\"height: 6px;\">\n<td style=\"height: 6px; width: 884.493px; background-color: #a9cbcc;\" valign=\"top\" bgcolor=\"#FFFFFF\"><\/td>\n<td style=\"height: 6px; width: 438.507px; background-color: #a9cbcc;\" bgcolor=\"#FFFFFF\"><a href=\"http:\/\/nicaragua-travel-guide.com\/site\/hotel-condominio-central-granada-apartamentos-habitaciones-precios\/\">&lt;&lt;Ver tabla de Precios de Habitaciones<\/a><\/td>\n<\/tr>\n<tr style=\"height: 211.528px;\">\n<td style=\"height: 211.528px; width: 884.493px;\" valign=\"top\" bgcolor=\"#FFFFFF\">Condos \u00a0Xalteva son los primeros condominios disponibles en la ciudad colonial hermosa de Granada, Nicaragua. Localizado en la vecindad residencial reservada y segura de Xalteva, con las vistas del volc\u00e1n de Mombacho y de la ciudad.<\/p>\n<p>&nbsp;<\/p>\n<p>Condos \u00a0Xalteva est\u00e1n dentro de la distancia que camina del Parque Central hist\u00f3rico con compras, los restaurantes y la vida de noche.<\/p>\n<p>&nbsp;<\/p>\n<p>Ocho dormitorios,\u00a0dos ba\u00f1os en los dormitorios, agua de reserva y respaldo opcional de la energ\u00eda. Las \u00e1reas comunes incluyen: piscina elegante, patio, palapa que recolecta el lugar con el estacionamiento y la seguridad de 24 horas.<\/p>\n<p>&nbsp;<\/p>\n<p>\u00a1Gran potencial de la inversi\u00f3n con renta!<\/td>\n<td style=\"height: 211.528px; width: 438.507px;\" bgcolor=\"#FFFFFF\"><img loading=\"lazy\" decoding=\"async\" class=\"\" src=\"http:\/\/www.nicaragua-travel-guide.com\/imangenestres\/hotelcondosxaltevende.jpg\" width=\"327\" height=\"245\" \/><\/td>\n<\/tr>\n<tr style=\"height: 23px;\">\n<td style=\"height: 23px; width: 884.493px; background-color: #f5f589;\" valign=\"top\" bgcolor=\"#FFFFFF\">Por mayor informaci\u00f3n y reservacion<strong>\u00a0 Contactarnos<\/strong><\/td>\n<td style=\"height: 23px; width: 438.507px; background-color: #f5f589;\" bgcolor=\"#FFFFFF\"><\/td>\n<\/tr>\n<\/tbody>\n<\/table>\n","protected":false},"excerpt":{"rendered":"<p>&lt;&lt;Ver tabla de Precios de Habitaciones Condos \u00a0Xalteva son los primeros condominios disponibles en la ciudad colonial hermosa de Granada, Nicaragua. Localizado en la vecindad residencial reservada y segura de Xalteva, con las vistas del volc\u00e1n de Mombacho y de la ciudad. &nbsp; Condos \u00a0Xalteva est\u00e1n dentro de la distancia que camina del Parque Central [&hellip;]<\/p>\n","protected":false},"author":2,"featured_media":0,"parent":0,"menu_order":0,"comment_status":"closed","ping_status":"closed","template":"","meta":{"footnotes":""},"_links":{"self":[{"href":"https:\/\/nicaragua-travel-guide.com\/site\/wp-json\/wp\/v2\/pages\/7381"}],"collection":[{"href":"https:\/\/nicaragua-travel-guide.com\/site\/wp-json\/wp\/v2\/pages"}],"about":[{"href":"https:\/\/nicaragua-travel-guide.com\/site\/wp-json\/wp\/v2\/types\/page"}],"author":[{"embeddable":true,"href":"https:\/\/nicaragua-travel-guide.com\/site\/wp-json\/wp\/v2\/users\/2"}],"replies":[{"embeddable":true,"href":"https:\/\/nicaragua-travel-guide.com\/site\/wp-json\/wp\/v2\/comments?post=7381"}],"version-history":[{"count":10,"href":"https:\/\/nicaragua-travel-guide.com\/site\/wp-json\/wp\/v2\/pages\/7381\/revisions"}],"predecessor-version":[{"id":9631,"href":"https:\/\/nicaragua-travel-guide.com\/site\/wp-json\/wp\/v2\/pages\/7381\/revisions\/9631"}],"wp:attachment":[{"href":"https:\/\/nicaragua-travel-guide.com\/site\/wp-json\/wp\/v2\/media?parent=7381"}],"curies":[{"name":"wp","href":"https:\/\/api.w.org\/{rel}","templated":true}]}}