{"id":7473,"date":"2016-07-21T08:25:23","date_gmt":"2016-07-21T08:25:23","guid":{"rendered":"http:\/\/nicaragua-travel-guide.com\/site\/?page_id=7473"},"modified":"2016-10-02T01:16:25","modified_gmt":"2016-10-02T01:16:25","slug":"salon-de-belleza-manicure-pedicure-pintado-de-unas-acrilicas-limpieza-facial-maquillaje-masaje-paquete-especial","status":"publish","type":"page","link":"https:\/\/nicaragua-travel-guide.com\/site\/salon-de-belleza-manicure-pedicure-pintado-de-unas-acrilicas-limpieza-facial-maquillaje-masaje-paquete-especial\/","title":{"rendered":"Sal\u00f3n de Belleza \u00abmanicure,pedicure,pintura,u\u00f1as acr\u00edlicas,limpieza,masaje \u00abPaquete especial\u00bb"},"content":{"rendered":"<table style=\"width: 1069px;\">\n<tbody>\n<tr style=\"height: 8.666667938232422px;\">\n<td style=\"width: 1067px; height: 8.666667938232422px;\" colspan=\"3\" bgcolor=\"#FFFFFF\"><\/td>\n<\/tr>\n<tr style=\"height: 22px;\">\n<td style=\"width: 1067px; height: 22px;\" colspan=\"3\" bgcolor=\"#FFFFFF\"><span lang=\"ES-MX\" xml:lang=\"ES-MX\">El manicure consiste en el embellecimiento y cuidado de las manos, la palabra manicure viene del lat\u00edn \u00bb manus i curare\u00bb mano i curar \u00abmanicura\u00bb<\/span><\/p>\n<p><span lang=\"ES-MX\" xml:lang=\"ES-MX\">No es necesario que las u\u00f1as sean largas, s\u00faper coloreadas y maravillosas, es suficiente con que est\u00e9n bien cuidadas para completar la apariencia general. Un manicure completo resulta atractivo para una misma y para los dem\u00e1s.<\/span><\/p>\n<p><span lang=\"ES-MX\" xml:lang=\"ES-MX\">Las u\u00f1as representan el espejo de nuestro estado de salud, del cuidado personal y de nuestra personalidad. Por ello en la mayor\u00eda de los casos, durante las entrevistas\u00a0de trabajo, las manos son muy observadas. Las u\u00f1as son la tarjeta de visita de nuestras manos y con una hora semanal dedicada al manicure ,crecen sanas y fuertes.<\/span><\/p>\n<p><span lang=\"ES-MX\" xml:lang=\"ES-MX\">Un manicure consiste en la realizaci\u00f3n de una limpieza, exfoliaci\u00f3n, empuje o eliminaci\u00f3n de cut\u00edcula, limado y esmaltado de u\u00f1as y por ultimo un masaje de manos.<\/span><\/p>\n<p><span lang=\"ES-MX\" xml:lang=\"ES-MX\">Las <strong>u\u00f1as saludables<\/strong> son firmes y tienen un color rosado y v\u00e1lido. La superficie debe ser lisa, curva, sin manchas, hendiduras o arrugas.<\/span><\/p>\n<p><span lang=\"ES-MX\" xml:lang=\"ES-MX\">Tanto hombres como mujeres pueden gozar por igual de las ventajas de un manicure.<\/span><\/p>\n<p><span style=\"font-family: Verdana, sans-serif;\"><span lang=\"ES-MX\" xml:lang=\"ES-MX\">Por \u00faltimo, la cut\u00edcula a veces es recortada, aun que no es recomendable\u00a0ya que\u00a0hay un cierto riesgo de propagaci\u00f3n de\u00a0una <span lang=\"EN\" xml:lang=\"EN\">infecci\u00f3n<\/span> por lo que debe ser\u00a0realizada por personal\u00a0calificado, tambien puede haber riesgo de infecci\u00f3n por la utilizaci\u00f3n de herramientas utilizadas por muchas personas y, por lo tanto, <span lang=\"EN\" xml:lang=\"EN\">el saneamiento<\/span> es una cuesti\u00f3n de suma importancia.<\/span><\/span><\/td>\n<\/tr>\n<tr style=\"height: 22px;\">\n<td style=\"width: 1067px; height: 22px;\" colspan=\"3\" bgcolor=\"#FFFFFF\"><\/td>\n<\/tr>\n<tr style=\"height: 22px;\">\n<td style=\"width: 1067px; height: 22px;\" colspan=\"3\" bgcolor=\"#FFFFFF\">Al igual que el manicure un pedicure significa el cuidado de los pies y su prop\u00f3sito es el de mejorar su apariencia y aspecto.<\/p>\n<p>Un <strong>pedicure<\/strong> es una forma de mejorar la apariencia de los pies y sus u\u00f1as.<\/p>\n<p>El\u00a0pedicure generalmente\u00a0se refiere a la eliminaci\u00f3n de\u00a0c\u00e9lulas muertas de la piel, en la parte inferior de los pies, y \u00a0se \u00a0realiza frot\u00e1ndolos usado una \u00e1spera piedra llamada piedra p\u00f3mez.<\/p>\n<p>El pedicure SPA consiste en una desinfecci\u00f3n, exfoliaci\u00f3n, tratamiento de cut\u00edcula y u\u00f1as y por \u00faltimo un masaje.<\/p>\n<p><strong>Masaje de Pie<\/strong><\/p>\n<p>La reflexolog\u00eda en\u00a0el pie se ha utilizado ampliamente, adem\u00e1s del masaje de pies. Se dice que es necesario para calmar los nervios de todo el cuerpo.\u00a0Profesionales tambi\u00e9n pueden masajear con piedras calientes en las manos y usar cremas con mentol \u00a0que\u00a0ayuda a rejuvenecer el pie.\u00a0 Una piedra p\u00f3mez se utiliza para frotar la piel muerta fuera de los pies.<\/td>\n<\/tr>\n<tr style=\"height: 22px;\">\n<td style=\"width: 371.66668701171875px; height: 22px;\" bgcolor=\"#FFFFFF\">\u00a0<img loading=\"lazy\" decoding=\"async\" class=\"wp-image-11529 aligncenter\" src=\"http:\/\/nicaragua-travel-guide.com\/site\/wp-content\/uploads\/2016\/06\/salondebellezamanicureped.jpg\" alt=\"salondebellezamanicureped\" width=\"319\" height=\"213\" srcset=\"https:\/\/nicaragua-travel-guide.com\/site\/wp-content\/uploads\/2016\/06\/salondebellezamanicureped.jpg 518w, https:\/\/nicaragua-travel-guide.com\/site\/wp-content\/uploads\/2016\/06\/salondebellezamanicureped-180x120.jpg 180w\" sizes=\"(max-width: 319px) 100vw, 319px\" \/><\/td>\n<td style=\"width: 304.33331298828125px; height: 22px;\" bgcolor=\"#FFFFFF\">\u00a0<img loading=\"lazy\" decoding=\"async\" class=\"wp-image-11527 aligncenter\" src=\"http:\/\/nicaragua-travel-guide.com\/site\/wp-content\/uploads\/2016\/06\/salonpedicurelija.jpg\" alt=\"salonpedicurelija\" width=\"229\" height=\"229\" srcset=\"https:\/\/nicaragua-travel-guide.com\/site\/wp-content\/uploads\/2016\/06\/salonpedicurelija.jpg 400w, https:\/\/nicaragua-travel-guide.com\/site\/wp-content\/uploads\/2016\/06\/salonpedicurelija-300x300.jpg 300w, https:\/\/nicaragua-travel-guide.com\/site\/wp-content\/uploads\/2016\/06\/salonpedicurelija-100x100.jpg 100w, https:\/\/nicaragua-travel-guide.com\/site\/wp-content\/uploads\/2016\/06\/salonpedicurelija-200x200.jpg 200w\" sizes=\"(max-width: 229px) 100vw, 229px\" \/><\/td>\n<td style=\"width: 391px; height: 22px;\" bgcolor=\"#FFFFFF\"><img loading=\"lazy\" decoding=\"async\" class=\" wp-image-11629 aligncenter\" style=\"font-family: inherit; font-size: inherit; line-height: 1.5;\" src=\"http:\/\/nicaragua-travel-guide.com\/site\/wp-content\/uploads\/2016\/07\/salondemaniquiure.jpg\" alt=\"salondemaniquiure\" width=\"304\" height=\"203\" srcset=\"https:\/\/nicaragua-travel-guide.com\/site\/wp-content\/uploads\/2016\/07\/salondemaniquiure.jpg 275w, https:\/\/nicaragua-travel-guide.com\/site\/wp-content\/uploads\/2016\/07\/salondemaniquiure-180x120.jpg 180w\" sizes=\"(max-width: 304px) 100vw, 304px\" \/><\/td>\n<\/tr>\n<tr style=\"height: 22px;\">\n<td style=\"width: 371.66668701171875px; height: 22px;\" bgcolor=\"#FFFFFF\"><img loading=\"lazy\" decoding=\"async\" class=\"alignnone wp-image-11622\" src=\"http:\/\/nicaragua-travel-guide.com\/site\/wp-content\/uploads\/2016\/07\/salonpedicuresiet.jpg\" alt=\"salonpedicuresiet\" width=\"359\" height=\"238\" srcset=\"https:\/\/nicaragua-travel-guide.com\/site\/wp-content\/uploads\/2016\/07\/salonpedicuresiet.jpg 276w, https:\/\/nicaragua-travel-guide.com\/site\/wp-content\/uploads\/2016\/07\/salonpedicuresiet-180x120.jpg 180w\" sizes=\"(max-width: 359px) 100vw, 359px\" \/><\/td>\n<td style=\"width: 304.33331298828125px; height: 22px;\" bgcolor=\"#FFFFFF\"><img loading=\"lazy\" decoding=\"async\" class=\"alignnone size-medium wp-image-11617\" src=\"http:\/\/nicaragua-travel-guide.com\/site\/wp-content\/uploads\/2016\/07\/unasrojasesmalte.jpg\" alt=\"unasrojasesmalte\" width=\"399\" height=\"233\" \/><\/td>\n<td style=\"width: 391px; height: 22px;\" bgcolor=\"#FFFFFF\"><img loading=\"lazy\" decoding=\"async\" class=\"wp-image-11618 aligncenter\" src=\"http:\/\/nicaragua-travel-guide.com\/site\/wp-content\/uploads\/2016\/07\/salonpedicurecinco.jpg\" alt=\"salonpedicurecinco\" width=\"358\" height=\"238\" srcset=\"https:\/\/nicaragua-travel-guide.com\/site\/wp-content\/uploads\/2016\/07\/salonpedicurecinco.jpg 275w, https:\/\/nicaragua-travel-guide.com\/site\/wp-content\/uploads\/2016\/07\/salonpedicurecinco-180x120.jpg 180w\" sizes=\"(max-width: 358px) 100vw, 358px\" \/><\/td>\n<\/tr>\n<tr style=\"height: 22px;\">\n<td style=\"width: 371.66668701171875px; height: 22px;\" bgcolor=\"#FFFFFF\">\u00a0<img loading=\"lazy\" decoding=\"async\" class=\"wp-image-11623 aligncenter\" src=\"http:\/\/nicaragua-travel-guide.com\/site\/wp-content\/uploads\/2016\/07\/salonpedicureuno.jpg\" alt=\"salonpedicureuno\" width=\"235\" height=\"235\" srcset=\"https:\/\/nicaragua-travel-guide.com\/site\/wp-content\/uploads\/2016\/07\/salonpedicureuno.jpg 225w, https:\/\/nicaragua-travel-guide.com\/site\/wp-content\/uploads\/2016\/07\/salonpedicureuno-100x100.jpg 100w, https:\/\/nicaragua-travel-guide.com\/site\/wp-content\/uploads\/2016\/07\/salonpedicureuno-200x200.jpg 200w\" sizes=\"(max-width: 235px) 100vw, 235px\" \/><\/td>\n<td style=\"width: 304.33331298828125px; height: 22px;\" bgcolor=\"#FFFFFF\">\u00a0<img loading=\"lazy\" decoding=\"async\" class=\"wp-image-11625 aligncenter\" src=\"http:\/\/nicaragua-travel-guide.com\/site\/wp-content\/uploads\/2016\/07\/unasacrilicas.jpg\" alt=\"unasacrilicas\" width=\"179\" height=\"219\" \/><\/td>\n<td style=\"width: 391px; height: 22px;\" bgcolor=\"#FFFFFF\">\u00a0<img loading=\"lazy\" decoding=\"async\" class=\"wp-image-11611 aligncenter\" src=\"http:\/\/nicaragua-travel-guide.com\/site\/wp-content\/uploads\/2016\/07\/unasmixtcoloridas.jpg\" alt=\"unasmixtcoloridas\" width=\"352\" height=\"234\" srcset=\"https:\/\/nicaragua-travel-guide.com\/site\/wp-content\/uploads\/2016\/07\/unasmixtcoloridas.jpg 545w, https:\/\/nicaragua-travel-guide.com\/site\/wp-content\/uploads\/2016\/07\/unasmixtcoloridas-180x120.jpg 180w\" sizes=\"(max-width: 352px) 100vw, 352px\" \/><\/td>\n<\/tr>\n<tr style=\"height: 3px;\">\n<td style=\"width: 371.66668701171875px; height: 3px;\" bgcolor=\"#FFFFFF\"><img loading=\"lazy\" decoding=\"async\" class=\"alignnone size-medium wp-image-11613\" src=\"http:\/\/nicaragua-travel-guide.com\/site\/wp-content\/uploads\/2016\/07\/unasoro.jpg\" alt=\"unasoro\" width=\"400\" height=\"271\" \/><\/td>\n<td style=\"width: 304.33331298828125px; height: 3px;\" valign=\"top\" bgcolor=\"#FFFFFF\"><img loading=\"lazy\" decoding=\"async\" class=\"alignnone size-medium wp-image-11615\" src=\"http:\/\/nicaragua-travel-guide.com\/site\/wp-content\/uploads\/2016\/07\/unaspurpurarosa.jpg\" alt=\"unaspurpurarosa\" width=\"300\" height=\"248\" \/><\/td>\n<td style=\"width: 391px; height: 3px;\" valign=\"top\" bgcolor=\"#FFFFFF\"><img loading=\"lazy\" decoding=\"async\" class=\"wp-image-11628 aligncenter\" src=\"http:\/\/nicaragua-travel-guide.com\/site\/wp-content\/uploads\/2016\/07\/unaslargas.jpg\" alt=\"unaslargas\" width=\"233\" height=\"251\" \/><\/td>\n<\/tr>\n<tr style=\"height: 22px;\">\n<td style=\"width: 371.66668701171875px; height: 22px;\" bgcolor=\"#FFFFFF\">\u00a0<img loading=\"lazy\" decoding=\"async\" class=\"size-medium wp-image-11614 aligncenter\" src=\"http:\/\/nicaragua-travel-guide.com\/site\/wp-content\/uploads\/2016\/07\/unasplateadas.jpg\" alt=\"unasplateadas\" width=\"500\" height=\"333\" srcset=\"https:\/\/nicaragua-travel-guide.com\/site\/wp-content\/uploads\/2016\/07\/unasplateadas.jpg 500w, https:\/\/nicaragua-travel-guide.com\/site\/wp-content\/uploads\/2016\/07\/unasplateadas-180x120.jpg 180w\" sizes=\"(max-width: 500px) 100vw, 500px\" \/><\/td>\n<td style=\"width: 304.33331298828125px; height: 22px;\" bgcolor=\"#FFFFFF\">\u00a0<img loading=\"lazy\" decoding=\"async\" class=\"size-medium wp-image-11612 aligncenter\" src=\"http:\/\/nicaragua-travel-guide.com\/site\/wp-content\/uploads\/2016\/07\/unasnievestrellas.jpg\" alt=\"unasnievestrellas\" width=\"396\" height=\"240\" \/><\/td>\n<td style=\"width: 391px; height: 22px;\" bgcolor=\"#FFFFFF\">\u00a0<img loading=\"lazy\" decoding=\"async\" class=\"size-medium wp-image-11616 aligncenter\" src=\"http:\/\/nicaragua-travel-guide.com\/site\/wp-content\/uploads\/2016\/07\/unasrayasblancas.jpg\" alt=\"unasrayasblancas\" width=\"374\" height=\"248\" srcset=\"https:\/\/nicaragua-travel-guide.com\/site\/wp-content\/uploads\/2016\/07\/unasrayasblancas.jpg 374w, https:\/\/nicaragua-travel-guide.com\/site\/wp-content\/uploads\/2016\/07\/unasrayasblancas-180x120.jpg 180w\" sizes=\"(max-width: 374px) 100vw, 374px\" \/><\/td>\n<\/tr>\n<tr style=\"height: 4px;\">\n<td style=\"width: 371.66668701171875px; height: 4px;\" bgcolor=\"#FFFFFF\"><img loading=\"lazy\" decoding=\"async\" class=\"wp-image-11627 aligncenter\" src=\"http:\/\/nicaragua-travel-guide.com\/site\/wp-content\/uploads\/2016\/07\/unasfloramarilla.jpg\" alt=\"unasfloramarilla\" width=\"334\" height=\"222\" srcset=\"https:\/\/nicaragua-travel-guide.com\/site\/wp-content\/uploads\/2016\/07\/unasfloramarilla.jpg 512w, https:\/\/nicaragua-travel-guide.com\/site\/wp-content\/uploads\/2016\/07\/unasfloramarilla-180x120.jpg 180w\" sizes=\"(max-width: 334px) 100vw, 334px\" \/><\/td>\n<td style=\"width: 304.33331298828125px; height: 4px;\" bgcolor=\"#FFFFFF\"><img loading=\"lazy\" decoding=\"async\" class=\" wp-image-11626 aligncenter\" src=\"http:\/\/nicaragua-travel-guide.com\/site\/wp-content\/uploads\/2016\/07\/unascafe.jpg\" alt=\"unascafe\" width=\"152\" height=\"203\" \/><\/td>\n<td style=\"width: 391px; height: 4px;\" bgcolor=\"#FFFFFF\"><img loading=\"lazy\" decoding=\"async\" class=\"wp-image-11624 aligncenter\" src=\"http:\/\/nicaragua-travel-guide.com\/site\/wp-content\/uploads\/2016\/07\/salonpedicurezapato.jpg\" alt=\"salonpedicurezapato\" width=\"293\" height=\"228\" \/><\/td>\n<\/tr>\n<tr style=\"height: 22px;\">\n<td style=\"width: 371.66668701171875px; height: 22px;\" bgcolor=\"#FFFFFF\">\u00a0<img loading=\"lazy\" decoding=\"async\" class=\"alignnone wp-image-11621\" src=\"http:\/\/nicaragua-travel-guide.com\/site\/wp-content\/uploads\/2016\/07\/salonpedicureseis.jpg\" alt=\"salonpedicureseis\" width=\"340\" height=\"272\" \/><\/td>\n<td style=\"width: 304.33331298828125px; height: 22px;\" bgcolor=\"#FFFFFF\">\u00a0<img loading=\"lazy\" decoding=\"async\" class=\"wp-image-11619 aligncenter\" src=\"http:\/\/nicaragua-travel-guide.com\/site\/wp-content\/uploads\/2016\/07\/salonpedicuredos.jpg\" alt=\"salonpedicuredos\" width=\"284\" height=\"206\" \/><\/td>\n<td style=\"width: 391px; height: 22px;\" bgcolor=\"#FFFFFF\">\u00a0<img loading=\"lazy\" decoding=\"async\" class=\" wp-image-11620 aligncenter\" src=\"http:\/\/nicaragua-travel-guide.com\/site\/wp-content\/uploads\/2016\/07\/salonpedicureocho.jpg\" alt=\"salonpedicureocho\" width=\"242\" height=\"268\" \/><\/td>\n<\/tr>\n<tr style=\"height: 25px;\">\n<td style=\"width: 1067px; height: 25px; background-color: #f7e9d0;\" colspan=\"3\" bgcolor=\"#FF0000\">Por mayor informaci\u00f3n y reservaci\u00f3n <strong>Contactarnos<\/strong><\/td>\n<\/tr>\n<\/tbody>\n<\/table>\n","protected":false},"excerpt":{"rendered":"<p>El manicure consiste en el embellecimiento y cuidado de las manos, la palabra manicure viene del lat\u00edn \u00bb manus i curare\u00bb mano i curar \u00abmanicura\u00bb No es necesario que las u\u00f1as sean largas, s\u00faper coloreadas y maravillosas, es suficiente con que est\u00e9n bien cuidadas para completar la apariencia general. Un manicure completo resulta atractivo para [&hellip;]<\/p>\n","protected":false},"author":2,"featured_media":0,"parent":0,"menu_order":0,"comment_status":"closed","ping_status":"closed","template":"","meta":{"footnotes":""},"_links":{"self":[{"href":"https:\/\/nicaragua-travel-guide.com\/site\/wp-json\/wp\/v2\/pages\/7473"}],"collection":[{"href":"https:\/\/nicaragua-travel-guide.com\/site\/wp-json\/wp\/v2\/pages"}],"about":[{"href":"https:\/\/nicaragua-travel-guide.com\/site\/wp-json\/wp\/v2\/types\/page"}],"author":[{"embeddable":true,"href":"https:\/\/nicaragua-travel-guide.com\/site\/wp-json\/wp\/v2\/users\/2"}],"replies":[{"embeddable":true,"href":"https:\/\/nicaragua-travel-guide.com\/site\/wp-json\/wp\/v2\/comments?post=7473"}],"version-history":[{"count":8,"href":"https:\/\/nicaragua-travel-guide.com\/site\/wp-json\/wp\/v2\/pages\/7473\/revisions"}],"predecessor-version":[{"id":13573,"href":"https:\/\/nicaragua-travel-guide.com\/site\/wp-json\/wp\/v2\/pages\/7473\/revisions\/13573"}],"wp:attachment":[{"href":"https:\/\/nicaragua-travel-guide.com\/site\/wp-json\/wp\/v2\/media?parent=7473"}],"curies":[{"name":"wp","href":"https:\/\/api.w.org\/{rel}","templated":true}]}}