{"id":7482,"date":"2016-07-21T08:35:06","date_gmt":"2016-07-21T08:35:06","guid":{"rendered":"http:\/\/nicaragua-travel-guide.com\/site\/?page_id=7482"},"modified":"2016-08-20T01:38:53","modified_gmt":"2016-08-20T01:38:53","slug":"salon-de-belleza-tratamientos-faciales-paquete-especial-limpieza-facialdepilacion-con-cera-y-laser","status":"publish","type":"page","link":"https:\/\/nicaragua-travel-guide.com\/site\/salon-de-belleza-tratamientos-faciales-paquete-especial-limpieza-facialdepilacion-con-cera-y-laser\/","title":{"rendered":"Sal\u00f3n de belleza \u00abTratamiento facial\u00bb Paquete especial: Limpieza facial,depilaci\u00f3n con cera y laser"},"content":{"rendered":"<table style=\"width: 1046.666748046875px;\" border=\"0\">\n<tbody>\n<tr style=\"height: 16px;\">\n<td style=\"height: 16px; width: 30px; background-color: #f5edd7; border-color: #f5edd7;\" colspan=\"3\" bgcolor=\"#FFCCCC\"><img loading=\"lazy\" decoding=\"async\" class=\"alignnone  wp-image-11637\" src=\"http:\/\/nicaragua-travel-guide.com\/site\/wp-content\/uploads\/2016\/07\/nicaragua-travel-guide-salon-de-belleza-paquete-depilacion-facial-con-pinza-y-cera.jpg\" alt=\"nicaragua travel guide salon de belleza paquete depilacion  facial con pinza y cera\" width=\"1061\" height=\"357\" srcset=\"https:\/\/nicaragua-travel-guide.com\/site\/wp-content\/uploads\/2016\/07\/nicaragua-travel-guide-salon-de-belleza-paquete-depilacion-facial-con-pinza-y-cera.jpg 1025w, https:\/\/nicaragua-travel-guide.com\/site\/wp-content\/uploads\/2016\/07\/nicaragua-travel-guide-salon-de-belleza-paquete-depilacion-facial-con-pinza-y-cera-600x202.jpg 600w\" sizes=\"(max-width: 1061px) 100vw, 1061px\" \/><\/td>\n<\/tr>\n<tr style=\"height: 16px;\">\n<td style=\"height: 16px; width: 30px; background-color: #f5edd7; border-color: #f5edd7;\" colspan=\"3\" bgcolor=\"#FFCCCC\"><img loading=\"lazy\" decoding=\"async\" class=\"alignnone  wp-image-11636\" src=\"http:\/\/nicaragua-travel-guide.com\/site\/wp-content\/uploads\/2016\/07\/nicaraguatravelguidesalondebellezapaquetedepilacionlaserfacialcejascuellobigotesbarbillaespaldaaxilaspiernaentrepiernaspantorrillaspaqueteespecialcombo.jpg\" alt=\"nicaraguatravelguidesalondebellezapaquetedepilacionlaserfacialcejascuellobigotesbarbillaespaldaaxilaspiernaentrepiernaspantorrillaspaqueteespecialcombo\" width=\"1058\" height=\"356\" srcset=\"https:\/\/nicaragua-travel-guide.com\/site\/wp-content\/uploads\/2016\/07\/nicaraguatravelguidesalondebellezapaquetedepilacionlaserfacialcejascuellobigotesbarbillaespaldaaxilaspiernaentrepiernaspantorrillaspaqueteespecialcombo.jpg 1025w, https:\/\/nicaragua-travel-guide.com\/site\/wp-content\/uploads\/2016\/07\/nicaraguatravelguidesalondebellezapaquetedepilacionlaserfacialcejascuellobigotesbarbillaespaldaaxilaspiernaentrepiernaspantorrillaspaqueteespecialcombo-600x202.jpg 600w\" sizes=\"(max-width: 1058px) 100vw, 1058px\" \/><\/td>\n<\/tr>\n<tr style=\"height: 16px;\">\n<td style=\"height: 16px; width: 30px; background-color: #f5edd7; border-color: #f5edd7;\" colspan=\"3\" bgcolor=\"#FFCCCC\">Eliga el servicio de depilaci\u00f3n en Sal\u00f3n de belleza o cl\u00ednica especializada<\/td>\n<\/tr>\n<tr style=\"height: 16px;\">\n<td style=\"height: 16px; width: 30px; background-color: #f5edd7; border-color: #f5edd7;\" colspan=\"3\" bgcolor=\"#FFCCCC\">\n<table style=\"height: 5px; width: 1057px;\">\n<tbody>\n<tr style=\"height: 206.41px;\">\n<td style=\"width: 365.66668701171875px; height: 206.41px;\"><img loading=\"lazy\" decoding=\"async\" class=\"alignnone  wp-image-11512\" src=\"http:\/\/nicaragua-travel-guide.com\/site\/wp-content\/uploads\/2016\/06\/saludtratamientofacialdepilacionheader.jpg\" alt=\"saludtratamientofacialdepilacionheader\" width=\"572\" height=\"507\" \/><\/td>\n<td style=\"width: 364.33331298828125px; height: 206.41px;\"><img loading=\"lazy\" decoding=\"async\" class=\"alignnone  wp-image-11513\" src=\"http:\/\/nicaragua-travel-guide.com\/site\/wp-content\/uploads\/2016\/06\/saludtratamientofacialdos.jpg\" alt=\"saludtratamientofacialdos\" width=\"535\" height=\"466\" \/><\/td>\n<\/tr>\n<\/tbody>\n<\/table>\n<\/td>\n<\/tr>\n<tr style=\"height: 4.3333740234375px;\">\n<td style=\"height: 4.3333740234375px; width: 30px;\" colspan=\"3\" bgcolor=\"#FFCC99\">Ver secci\u00f3n de Productos cosm\u00e9ticos y paquetes de tratamientos de belleza y salud<\/td>\n<\/tr>\n<\/tbody>\n<\/table>\n","protected":false},"excerpt":{"rendered":"<p>Eliga el servicio de depilaci\u00f3n en Sal\u00f3n de belleza o cl\u00ednica especializada Ver secci\u00f3n de Productos cosm\u00e9ticos y paquetes de tratamientos de belleza y salud<\/p>\n","protected":false},"author":2,"featured_media":0,"parent":0,"menu_order":0,"comment_status":"closed","ping_status":"closed","template":"","meta":{"footnotes":""},"_links":{"self":[{"href":"https:\/\/nicaragua-travel-guide.com\/site\/wp-json\/wp\/v2\/pages\/7482"}],"collection":[{"href":"https:\/\/nicaragua-travel-guide.com\/site\/wp-json\/wp\/v2\/pages"}],"about":[{"href":"https:\/\/nicaragua-travel-guide.com\/site\/wp-json\/wp\/v2\/types\/page"}],"author":[{"embeddable":true,"href":"https:\/\/nicaragua-travel-guide.com\/site\/wp-json\/wp\/v2\/users\/2"}],"replies":[{"embeddable":true,"href":"https:\/\/nicaragua-travel-guide.com\/site\/wp-json\/wp\/v2\/comments?post=7482"}],"version-history":[{"count":9,"href":"https:\/\/nicaragua-travel-guide.com\/site\/wp-json\/wp\/v2\/pages\/7482\/revisions"}],"predecessor-version":[{"id":11638,"href":"https:\/\/nicaragua-travel-guide.com\/site\/wp-json\/wp\/v2\/pages\/7482\/revisions\/11638"}],"wp:attachment":[{"href":"https:\/\/nicaragua-travel-guide.com\/site\/wp-json\/wp\/v2\/media?parent=7482"}],"curies":[{"name":"wp","href":"https:\/\/api.w.org\/{rel}","templated":true}]}}