{"id":7505,"date":"2016-07-22T01:31:17","date_gmt":"2016-07-22T01:31:17","guid":{"rendered":"http:\/\/nicaragua-travel-guide.com\/site\/?page_id=7505"},"modified":"2016-09-03T20:46:27","modified_gmt":"2016-09-03T20:46:27","slug":"joyeria-sortija-de-compromiso-paquete-especial-granada-masaya-managua","status":"publish","type":"page","link":"https:\/\/nicaragua-travel-guide.com\/site\/joyeria-sortija-de-compromiso-paquete-especial-granada-masaya-managua\/","title":{"rendered":"Joyeria \u00abSortija de compromiso\u00bb Paquete especial Granada, Masaya, Managua"},"content":{"rendered":"<table style=\"width: 993px; border-color: #f2f2f2; height: 1268px;\" border=\"0\">\n<tbody>\n<tr style=\"height: 25px;\">\n<td style=\"width: 1366.6666660308838px; height: 25px;\" colspan=\"6\" bgcolor=\"#FFFFFF\"><img loading=\"lazy\" decoding=\"async\" class=\"alignnone wp-image-13122\" src=\"http:\/\/nicaragua-travel-guide.com\/site\/wp-content\/uploads\/2016\/07\/nicaragua-travel-guia-de-compras-joyeria-de-oro-y-plata-nacional-de-compromiso.jpg\" alt=\"nicaragua travel guia de compras joyeria de oro y plata nacional de compromiso\" width=\"1881\" height=\"656\" \/><\/td>\n<\/tr>\n<tr style=\"height: 24px;\">\n<td style=\"width: 378px; height: 24px; background-color: #f5bb27;\" colspan=\"2\" bgcolor=\"#FF0000\"><strong>Anillos de compromiso de Oro Compromiso<\/strong><\/td>\n<td style=\"width: 696.6666660308838px; background-color: #e33105; height: 174px;\" colspan=\"2\" rowspan=\"6\" valign=\"top\" bgcolor=\"#CC0000\">\n<table style=\"width: 290.472px;\" border=\"0\">\n<tbody>\n<tr style=\"height: 21px;\">\n<td style=\"width: 286.472px; height: 21px;\">\u00a0<strong><a href=\"http:\/\/nicaragua-travel-guide.com\/site\/joyerias-orfebrerias-en-nicaragua-disenos-de-lujo-y-sencillos-para-toda-ocasion-y-evento-especial-compromiso-boda-graduacion-y-mas\/\">Inicio<\/a><\/strong><\/td>\n<\/tr>\n<tr style=\"height: 21px;\">\n<td style=\"width: 286.472px; height: 21px;\"><a href=\"http:\/\/nicaragua-travel-guide.com\/site\/joyeria-cadenas-gargantillas-dijes-brazaletes-pulseras-aretes-y-mas-en-granada-masaya-y-managua\/\">Joyer\u00eda en General<\/a><\/td>\n<\/tr>\n<tr style=\"height: 21px;\">\n<td style=\"width: 286.472px; height: 21px;\"><a href=\"http:\/\/nicaragua-travel-guide.com\/site\/joyeria-cadenas-gargantillas-dijes-brazaletes-pulseras-aretes-y-mas-en-granada-masaya-y-managua\/\">Cadenas oro y plata gargantillas, dijes<\/a><\/td>\n<\/tr>\n<tr style=\"height: 21px;\">\n<td style=\"width: 286.472px; height: 21px;\"><a href=\"http:\/\/nicaragua-travel-guide.com\/site\/joyeria-sortija-para-quince-anos-paquete-especial-por-evento-en-granada-masaya-managua\/\">Anillos para Quince a\u00f1os<\/a><\/td>\n<\/tr>\n<tr style=\"height: 21.9688px;\">\n<td style=\"width: 286.472px; height: 21.9688px; background-color: #faddac;\">Anillos de Compromiso<\/td>\n<\/tr>\n<tr style=\"height: 21px;\">\n<td style=\"width: 286.472px; height: 21px;\"><a href=\"http:\/\/nicaragua-travel-guide.com\/site\/joyeria-sortijas-de-matrimonio-evento-especial-paquetes-en-granada-masaya-y-managua\/\">Anillos de Matrimonio<\/a><\/td>\n<\/tr>\n<tr style=\"height: 21px;\">\n<td style=\"width: 286.472px; height: 21px;\"><a href=\"http:\/\/nicaragua-travel-guide.com\/site\/joyeria-sortijas-para-graduacion-granada-masaya-managua\/\">Anillos de Graduaci\u00f3n<\/a><\/td>\n<\/tr>\n<tr style=\"height: 53px;\">\n<td style=\"width: 286.472px; height: 53px;\">\n<ul>\n<li>Pre escolar<\/li>\n<\/ul>\n<\/td>\n<\/tr>\n<tr style=\"height: 53px;\">\n<td style=\"width: 286.472px; height: 53px;\">\n<ul>\n<li>Primaria<\/li>\n<\/ul>\n<\/td>\n<\/tr>\n<tr style=\"height: 53px;\">\n<td style=\"width: 286.472px; height: 53px;\">\n<ul>\n<li>Secundaria<\/li>\n<\/ul>\n<\/td>\n<\/tr>\n<\/tbody>\n<\/table>\n<\/td>\n<td style=\"width: 292px; background-color: #b8b6b6; height: 24px;\" colspan=\"2\" bgcolor=\"#CCCCCC\">Anillos de compromiso de Plata<\/td>\n<\/tr>\n<tr style=\"height: 21px;\">\n<td style=\"width: 191px; height: 21px;\"><img loading=\"lazy\" decoding=\"async\" class=\"alignnone wp-image-13221\" src=\"http:\/\/nicaragua-travel-guide.com\/site\/wp-content\/uploads\/2016\/07\/joyeriaanillocompromdiam.jpg\" alt=\"joyeriaanillocompromdiam\" width=\"178\" height=\"171\" \/><\/td>\n<td style=\"width: 187px; height: 21px;\"><img loading=\"lazy\" decoding=\"async\" class=\"alignnone size-medium wp-image-13227\" src=\"http:\/\/nicaragua-travel-guide.com\/site\/wp-content\/uploads\/2016\/07\/joyerianillodecompromisoro.jpg\" alt=\"joyerianillodecompromisoro\" width=\"222\" height=\"195\" \/><\/td>\n<td style=\"width: 134px; height: 21px;\"><img loading=\"lazy\" decoding=\"async\" class=\"alignnone size-medium wp-image-13220\" src=\"http:\/\/nicaragua-travel-guide.com\/site\/wp-content\/uploads\/2016\/07\/joyeriaanillocomprojo.jpg\" alt=\"joyeriaanillocomprojo\" width=\"222\" height=\"165\" \/><\/td>\n<td style=\"width: 158px; height: 21px;\"><img loading=\"lazy\" decoding=\"async\" class=\"alignnone size-medium wp-image-13226\" style=\"line-height: 1.5;\" src=\"http:\/\/nicaragua-travel-guide.com\/site\/wp-content\/uploads\/2016\/07\/joyerianillodecompromisopatzaf.jpg\" alt=\"joyerianillodecompromisopatzaf\" width=\"270\" height=\"226\" \/><\/td>\n<\/tr>\n<tr style=\"height: 14px;\">\n<td style=\"width: 191px; height: 14px;\"><img loading=\"lazy\" decoding=\"async\" class=\"alignnone wp-image-13228\" src=\"http:\/\/nicaragua-travel-guide.com\/site\/wp-content\/uploads\/2016\/07\/joyerianillodecompromisorodiam.jpg\" alt=\"joyerianillodecompromisorodiam\" width=\"173\" height=\"170\" \/><\/td>\n<td style=\"width: 187px; height: 14px;\"><img loading=\"lazy\" decoding=\"async\" class=\"alignnone wp-image-13222\" src=\"http:\/\/nicaragua-travel-guide.com\/site\/wp-content\/uploads\/2016\/07\/joyeriaanillocompromorotres.jpg\" alt=\"joyeriaanillocompromorotres\" width=\"178\" height=\"171\" \/><\/td>\n<td style=\"width: 134px; height: 14px;\"><img loading=\"lazy\" decoding=\"async\" class=\"alignnone size-medium wp-image-13237\" style=\"line-height: 1.5;\" src=\"http:\/\/nicaragua-travel-guide.com\/site\/wp-content\/uploads\/2016\/07\/joyerianillosdecompromisoazulpl.jpg\" alt=\"joyerianillosdecompromisoazulpl\" width=\"243\" height=\"242\" srcset=\"https:\/\/nicaragua-travel-guide.com\/site\/wp-content\/uploads\/2016\/07\/joyerianillosdecompromisoazulpl.jpg 243w, https:\/\/nicaragua-travel-guide.com\/site\/wp-content\/uploads\/2016\/07\/joyerianillosdecompromisoazulpl-100x100.jpg 100w, https:\/\/nicaragua-travel-guide.com\/site\/wp-content\/uploads\/2016\/07\/joyerianillosdecompromisoazulpl-200x200.jpg 200w\" sizes=\"(max-width: 243px) 100vw, 243px\" \/><\/td>\n<td style=\"width: 158px; height: 14px;\"><img loading=\"lazy\" decoding=\"async\" class=\"alignnone size-medium wp-image-13235\" style=\"line-height: 1.5;\" src=\"http:\/\/nicaragua-travel-guide.com\/site\/wp-content\/uploads\/2016\/07\/joyerianillopiedraceleste-1.jpg\" alt=\"joyerianillopiedraceleste\" width=\"225\" height=\"225\" srcset=\"https:\/\/nicaragua-travel-guide.com\/site\/wp-content\/uploads\/2016\/07\/joyerianillopiedraceleste-1.jpg 225w, https:\/\/nicaragua-travel-guide.com\/site\/wp-content\/uploads\/2016\/07\/joyerianillopiedraceleste-1-100x100.jpg 100w, https:\/\/nicaragua-travel-guide.com\/site\/wp-content\/uploads\/2016\/07\/joyerianillopiedraceleste-1-200x200.jpg 200w\" sizes=\"(max-width: 225px) 100vw, 225px\" \/><\/td>\n<\/tr>\n<tr style=\"height: 3px;\">\n<td style=\"width: 191px; height: 3px;\"><img loading=\"lazy\" decoding=\"async\" class=\"alignnone size-medium wp-image-13225\" src=\"http:\/\/nicaragua-travel-guide.com\/site\/wp-content\/uploads\/2016\/07\/joyerianillodecompro.jpg\" alt=\"joyerianillodecompro\" width=\"191\" height=\"125\" \/><\/td>\n<td style=\"width: 187px; height: 3px;\"><img loading=\"lazy\" decoding=\"async\" class=\"alignnone size-full wp-image-13218\" src=\"http:\/\/nicaragua-travel-guide.com\/site\/wp-content\/uploads\/2016\/07\/joyanillocomprom.jpg\" alt=\"joyanillocomprom\" width=\"200\" height=\"117\" \/><\/td>\n<td style=\"width: 134px; height: 3px;\" valign=\"top\"><img loading=\"lazy\" decoding=\"async\" class=\"alignnone size-medium wp-image-13224\" style=\"line-height: 1.5;\" src=\"http:\/\/nicaragua-travel-guide.com\/site\/wp-content\/uploads\/2016\/07\/joyerianillocomprplat.jpg\" alt=\"joyerianillocomprplat\" width=\"225\" height=\"139\" \/><\/td>\n<td style=\"width: 158px; height: 3px;\" valign=\"top\"><img loading=\"lazy\" decoding=\"async\" class=\"alignnone size-medium wp-image-13219\" src=\"http:\/\/nicaragua-travel-guide.com\/site\/wp-content\/uploads\/2016\/07\/joyeranillodecompromisorosado-1.jpg\" alt=\"joyeranillodecompromisorosado\" width=\"162\" height=\"162\" srcset=\"https:\/\/nicaragua-travel-guide.com\/site\/wp-content\/uploads\/2016\/07\/joyeranillodecompromisorosado-1.jpg 162w, https:\/\/nicaragua-travel-guide.com\/site\/wp-content\/uploads\/2016\/07\/joyeranillodecompromisorosado-1-100x100.jpg 100w\" sizes=\"(max-width: 162px) 100vw, 162px\" \/><\/td>\n<\/tr>\n<tr style=\"height: 1px;\">\n<td style=\"width: 191px; height: 1px;\"><img loading=\"lazy\" decoding=\"async\" class=\"alignnone size-medium wp-image-13231\" style=\"line-height: 1.5;\" src=\"http:\/\/nicaragua-travel-guide.com\/site\/wp-content\/uploads\/2016\/07\/joyerianillodegraduaciokin-1.jpg\" alt=\"joyerianillodegraduaciokin\" width=\"188\" height=\"138\" \/><\/td>\n<td style=\"width: 187px; height: 1px;\"><img loading=\"lazy\" decoding=\"async\" class=\"alignnone size-medium wp-image-13229\" style=\"line-height: 1.5;\" src=\"http:\/\/nicaragua-travel-guide.com\/site\/wp-content\/uploads\/2016\/07\/joyerianillodecompromisoverde-1.jpg\" alt=\"joyerianillodecompromisoverde\" width=\"225\" height=\"145\" \/><\/td>\n<td style=\"width: 134px; height: 1px;\" valign=\"top\"><img loading=\"lazy\" decoding=\"async\" class=\"alignnone size-medium wp-image-13230\" style=\"line-height: 1.5;\" src=\"http:\/\/nicaragua-travel-guide.com\/site\/wp-content\/uploads\/2016\/07\/joyerianillodecomprplata.jpg\" alt=\"joyerianillodecomprplata\" width=\"300\" height=\"300\" srcset=\"https:\/\/nicaragua-travel-guide.com\/site\/wp-content\/uploads\/2016\/07\/joyerianillodecomprplata.jpg 300w, https:\/\/nicaragua-travel-guide.com\/site\/wp-content\/uploads\/2016\/07\/joyerianillodecomprplata-100x100.jpg 100w, https:\/\/nicaragua-travel-guide.com\/site\/wp-content\/uploads\/2016\/07\/joyerianillodecomprplata-200x200.jpg 200w\" sizes=\"(max-width: 300px) 100vw, 300px\" \/><\/td>\n<td style=\"width: 158px; height: 1px;\" valign=\"top\"><img loading=\"lazy\" decoding=\"async\" class=\"alignnone size-medium wp-image-13236\" style=\"line-height: 1.5;\" src=\"http:\/\/nicaragua-travel-guide.com\/site\/wp-content\/uploads\/2016\/07\/joyerianilloplatapiedraverde-1.jpg\" alt=\"joyerianilloplatapiedraverde\" width=\"173\" height=\"152\" \/><\/td>\n<\/tr>\n<tr style=\"height: 111px;\">\n<td style=\"width: 191px; height: 111px;\"><img loading=\"lazy\" decoding=\"async\" class=\"alignnone size-medium wp-image-13234\" style=\"line-height: 1.5;\" src=\"http:\/\/nicaragua-travel-guide.com\/site\/wp-content\/uploads\/2016\/07\/joyerianillonoviatequiero.jpg\" alt=\"joyerianillonoviatequiero\" width=\"179\" height=\"174\" \/><\/td>\n<td style=\"width: 187px; height: 111px;\"><img loading=\"lazy\" decoding=\"async\" class=\"alignnone size-medium wp-image-13232\" src=\"http:\/\/nicaragua-travel-guide.com\/site\/wp-content\/uploads\/2016\/07\/joyerianillodeorocorazonlila.jpg\" alt=\"joyerianillodeorocorazonlila\" width=\"211\" height=\"149\" \/><\/td>\n<td style=\"width: 134px; height: 111px;\" valign=\"top\"><img loading=\"lazy\" decoding=\"async\" class=\"alignnone size-medium wp-image-13223\" style=\"line-height: 1.5;\" src=\"http:\/\/nicaragua-travel-guide.com\/site\/wp-content\/uploads\/2016\/07\/joyeriaanillodecomplata.jpg\" alt=\"joyeriaanillodecomplata\" width=\"205\" height=\"199\" \/><\/td>\n<td style=\"width: 158px; height: 111px;\" valign=\"top\"><img loading=\"lazy\" decoding=\"async\" class=\"alignnone size-medium wp-image-13233\" style=\"line-height: 1.5;\" src=\"http:\/\/nicaragua-travel-guide.com\/site\/wp-content\/uploads\/2016\/07\/joyerianillodeplatatriple.jpg\" alt=\"joyerianillodeplatatriple\" width=\"334\" height=\"272\" \/><\/td>\n<\/tr>\n<tr style=\"height: 25px;\">\n<td style=\"width: 1366.6666660308838px; height: 25px;\" colspan=\"6\">Nota: Nicaragua travel guide.com \u00a0\u00abNo es productora fabricante de joyer\u00eda, solo sirve de gu\u00eda.<\/td>\n<\/tr>\n<tr style=\"height: 25px;\">\n<td style=\"width: 1366.6666660308838px; height: 25px;\" colspan=\"6\">\u00a0Por mayor\u00a0informaci\u00f3n\u00a0y reservacion \u00a0 <strong>\u00a0CONTACTARNOS<\/strong><\/td>\n<\/tr>\n<\/tbody>\n<\/table>\n<p><span style=\"line-height: 1.5;\">\u00a0<\/span><span style=\"line-height: 1.5;\">\u00a0<\/span><span style=\"line-height: 1.5;\">\u00a0<\/span><span style=\"line-height: 1.5;\">\u00a0<\/span><span style=\"line-height: 1.5;\">\u00a0<\/span><span style=\"line-height: 1.5;\">\u00a0<\/span><span style=\"line-height: 1.5;\">\u00a0<\/span><span style=\"line-height: 1.5;\">\u00a0<\/span><span style=\"line-height: 1.5;\">\u00a0<\/span><span style=\"line-height: 1.5;\">\u00a0<\/span><span style=\"line-height: 1.5;\">\u00a0<\/span><span style=\"line-height: 1.5;\">\u00a0<\/span><span style=\"line-height: 1.5;\">\u00a0<\/span><span style=\"line-height: 1.5;\">\u00a0<\/span><\/p>\n","protected":false},"excerpt":{"rendered":"<p>Anillos de compromiso de Oro Compromiso \u00a0Inicio Joyer\u00eda en General Cadenas oro y plata gargantillas, dijes Anillos para Quince a\u00f1os Anillos de Compromiso Anillos de Matrimonio Anillos de Graduaci\u00f3n Pre escolar Primaria Secundaria Anillos de compromiso de Plata Nota: Nicaragua travel guide.com \u00a0\u00abNo es productora fabricante de joyer\u00eda, solo sirve de gu\u00eda. \u00a0Por mayor\u00a0informaci\u00f3n\u00a0y reservacion [&hellip;]<\/p>\n","protected":false},"author":2,"featured_media":0,"parent":0,"menu_order":0,"comment_status":"closed","ping_status":"closed","template":"","meta":{"footnotes":""},"_links":{"self":[{"href":"https:\/\/nicaragua-travel-guide.com\/site\/wp-json\/wp\/v2\/pages\/7505"}],"collection":[{"href":"https:\/\/nicaragua-travel-guide.com\/site\/wp-json\/wp\/v2\/pages"}],"about":[{"href":"https:\/\/nicaragua-travel-guide.com\/site\/wp-json\/wp\/v2\/types\/page"}],"author":[{"embeddable":true,"href":"https:\/\/nicaragua-travel-guide.com\/site\/wp-json\/wp\/v2\/users\/2"}],"replies":[{"embeddable":true,"href":"https:\/\/nicaragua-travel-guide.com\/site\/wp-json\/wp\/v2\/comments?post=7505"}],"version-history":[{"count":37,"href":"https:\/\/nicaragua-travel-guide.com\/site\/wp-json\/wp\/v2\/pages\/7505\/revisions"}],"predecessor-version":[{"id":13240,"href":"https:\/\/nicaragua-travel-guide.com\/site\/wp-json\/wp\/v2\/pages\/7505\/revisions\/13240"}],"wp:attachment":[{"href":"https:\/\/nicaragua-travel-guide.com\/site\/wp-json\/wp\/v2\/media?parent=7505"}],"curies":[{"name":"wp","href":"https:\/\/api.w.org\/{rel}","templated":true}]}}