{"id":7512,"date":"2016-07-22T01:40:40","date_gmt":"2016-07-22T01:40:40","guid":{"rendered":"http:\/\/nicaragua-travel-guide.com\/site\/?page_id=7512"},"modified":"2016-09-03T19:47:08","modified_gmt":"2016-09-03T19:47:08","slug":"joyeria-cadenas-gargantillas-dijes-brazaletes-pulseras-aretes-y-mas-en-granada-masaya-y-managua","status":"publish","type":"page","link":"https:\/\/nicaragua-travel-guide.com\/site\/joyeria-cadenas-gargantillas-dijes-brazaletes-pulseras-aretes-y-mas-en-granada-masaya-y-managua\/","title":{"rendered":"Joyer\u00eda \u00abvariedades en general\u00bb en Granada, Masaya y Managua"},"content":{"rendered":"<table style=\"height: 180px; width: 975.6666870117188px;\">\n<tbody>\n<tr>\n<td style=\"width: 283px;\"><img loading=\"lazy\" decoding=\"async\" class=\"alignnone wp-image-13174\" src=\"http:\/\/nicaragua-travel-guide.com\/site\/wp-content\/uploads\/2016\/07\/joyeriacruzdijeoro.jpg\" alt=\"joyeriacruzdijeoro\" width=\"295\" height=\"271\" \/><\/td>\n<td style=\"width: 701.6666870117188px;\"><img loading=\"lazy\" decoding=\"async\" class=\"alignnone wp-image-13120\" src=\"http:\/\/nicaragua-travel-guide.com\/site\/wp-content\/uploads\/2016\/07\/nicaragua-travel-guia-de-compras-joyeria-de-oro-y-plata-nacional-varaido-a-la-medida.jpg\" alt=\"nicaragua travel guia de compras joyeria de oro y plata nacional varaido a la medida\" width=\"810\" height=\"283\" \/><\/td>\n<\/tr>\n<tr>\n<td style=\"width: 984.6666870117188px;\" colspan=\"2\">\n<table style=\"width: 1004.66px;\" border=\"0\">\n<tbody>\n<tr style=\"height: 3.48267px;\">\n<td style=\"height: 3.48267px; width: 91px;\" bgcolor=\"#FF9900\"><strong><a href=\"http:\/\/nicaragua-travel-guide.com\/site\/joyerias-orfebrerias-en-nicaragua-disenos-de-lujo-y-sencillos-para-toda-ocasion-y-evento-especial-compromiso-boda-graduacion-y-mas\/\">Inicio<\/a><\/strong><\/td>\n<td style=\"height: 3.48267px; width: 144px;\" bgcolor=\"#0000FF\"><a href=\"http:\/\/nicaragua-travel-guide.com\/site\/joyeria-sortijas-para-graduacion-granada-masaya-managua\/\">Graduaci\u00f3n<\/a><\/td>\n<td style=\"height: 3.48267px; width: 173px;\" bgcolor=\"#FF0000\"><a href=\"http:\/\/nicaragua-travel-guide.com\/site\/joyeria-sortija-de-compromiso-paquete-especial-granada-masaya-managua\/\">Compromiso<\/a><\/td>\n<td style=\"height: 3.48267px; width: 193px;\" bgcolor=\"#FFFFFF\"><a href=\"http:\/\/nicaragua-travel-guide.com\/site\/joyeria-sortijas-de-matrimonio-evento-especial-paquetes-en-granada-masaya-y-managua\/\">Matrimonio<\/a><\/td>\n<td style=\"height: 3.48267px; width: 199px;\" bgcolor=\"#FFFFFF\"><a href=\"http:\/\/nicaragua-travel-guide.com\/site\/joyeria-sortija-para-quince-anos-paquete-especial-por-evento-en-granada-masaya-managua\/\">Quince a\u00f1os<\/a><\/td>\n<td style=\"height: 3.48267px; width: 240px;\" bgcolor=\"#CCCC00\">Joyer\u00eda en General<\/td>\n<td style=\"height: 3.48267px; width: 199.66px;\" bgcolor=\"#000000\">Brazaletes, pulseras<\/td>\n<\/tr>\n<\/tbody>\n<\/table>\n<\/td>\n<\/tr>\n<tr>\n<td style=\"width: 984.6666870117188px;\" colspan=\"2\">\n<table style=\"width: 1001px; height: 2290px;\" border=\"0\">\n<tbody>\n<tr style=\"height: 21px;\">\n<td style=\"height: 21px; width: 501px; background-color: #c78b0a;\" colspan=\"2\" bgcolor=\"#FFCC66\">Cadenas de oro, collares, dijes y brazaletes<\/td>\n<td style=\"height: 21px; width: 505px; background-color: #b8b6b6;\" colspan=\"2\" bgcolor=\"#CCCCCC\">Cadena de plata,collares, dijes y brazaletes de plata<\/td>\n<\/tr>\n<tr style=\"height: 238px;\">\n<td style=\"height: 238px; width: 261px;\"><img loading=\"lazy\" decoding=\"async\" class=\"alignnone size-medium wp-image-13168\" src=\"http:\/\/nicaragua-travel-guide.com\/site\/wp-content\/uploads\/2016\/07\/joyeriacadenaoroeslabon.jpg\" alt=\"joyeriacadenaoroeslabon\" width=\"327\" height=\"154\" \/><\/td>\n<td style=\"height: 238px; width: 240px;\"><img loading=\"lazy\" decoding=\"async\" class=\"alignnone size-full wp-image-13166\" src=\"http:\/\/nicaragua-travel-guide.com\/site\/wp-content\/uploads\/2016\/07\/joyeriacadenadaorotris.jpg\" alt=\"joyeriacadenadaorotris\" width=\"215\" height=\"194\" \/><\/td>\n<td style=\"height: 238px; width: 247.3333740234375px;\"><img loading=\"lazy\" decoding=\"async\" class=\"alignnone size-medium wp-image-13199\" src=\"http:\/\/nicaragua-travel-guide.com\/site\/wp-content\/uploads\/2016\/07\/joyeriacadenahombremed.jpg\" alt=\"joyeriacadenahombremed\" width=\"255\" height=\"198\" \/><\/td>\n<td style=\"height: 238px; width: 257.6666259765625px;\" valign=\"top\"><img loading=\"lazy\" decoding=\"async\" class=\"alignnone size-medium wp-image-13171\" src=\"http:\/\/nicaragua-travel-guide.com\/site\/wp-content\/uploads\/2016\/07\/joyeriacadenaplatagruesa.jpg\" alt=\"joyeriacadenaplatagruesa\" width=\"256\" height=\"197\" \/><\/td>\n<\/tr>\n<tr style=\"height: 245px;\">\n<td style=\"height: 245px; width: 261px;\"><img loading=\"lazy\" decoding=\"async\" class=\"alignnone size-medium wp-image-13170\" src=\"http:\/\/nicaragua-travel-guide.com\/site\/wp-content\/uploads\/2016\/07\/joyeriacadenaparamaria.jpg\" alt=\"joyeriacadenaparamaria\" width=\"233\" height=\"216\" \/><\/td>\n<td style=\"height: 245px; width: 240px;\"><img loading=\"lazy\" decoding=\"async\" class=\"alignnone size-medium wp-image-13169\" src=\"http:\/\/nicaragua-travel-guide.com\/site\/wp-content\/uploads\/2016\/07\/joyeriacadenaorofino.jpg\" alt=\"joyeriacadenaorofino\" width=\"136\" height=\"136\" srcset=\"https:\/\/nicaragua-travel-guide.com\/site\/wp-content\/uploads\/2016\/07\/joyeriacadenaorofino.jpg 136w, https:\/\/nicaragua-travel-guide.com\/site\/wp-content\/uploads\/2016\/07\/joyeriacadenaorofino-100x100.jpg 100w\" sizes=\"(max-width: 136px) 100vw, 136px\" \/><\/td>\n<td style=\"height: 245px; width: 247.3333740234375px;\"><img loading=\"lazy\" decoding=\"async\" class=\"alignnone size-medium wp-image-13184\" src=\"http:\/\/nicaragua-travel-guide.com\/site\/wp-content\/uploads\/2016\/07\/joyeriagragantillaypulseraoro.jpg\" alt=\"joyeriagragantillaypulseraoro\" width=\"225\" height=\"225\" srcset=\"https:\/\/nicaragua-travel-guide.com\/site\/wp-content\/uploads\/2016\/07\/joyeriagragantillaypulseraoro.jpg 225w, https:\/\/nicaragua-travel-guide.com\/site\/wp-content\/uploads\/2016\/07\/joyeriagragantillaypulseraoro-100x100.jpg 100w, https:\/\/nicaragua-travel-guide.com\/site\/wp-content\/uploads\/2016\/07\/joyeriagragantillaypulseraoro-200x200.jpg 200w\" sizes=\"(max-width: 225px) 100vw, 225px\" \/><\/td>\n<td style=\"height: 245px; width: 257.6666259765625px;\"><img loading=\"lazy\" decoding=\"async\" class=\"alignnone size-medium wp-image-13172\" src=\"http:\/\/nicaragua-travel-guide.com\/site\/wp-content\/uploads\/2016\/07\/joyeriacadenaplatahombre.jpg\" alt=\"joyeriacadenaplatahombre\" width=\"226\" height=\"223\" srcset=\"https:\/\/nicaragua-travel-guide.com\/site\/wp-content\/uploads\/2016\/07\/joyeriacadenaplatahombre.jpg 226w, https:\/\/nicaragua-travel-guide.com\/site\/wp-content\/uploads\/2016\/07\/joyeriacadenaplatahombre-100x100.jpg 100w\" sizes=\"(max-width: 226px) 100vw, 226px\" \/><\/td>\n<\/tr>\n<tr style=\"height: 272px;\">\n<td style=\"height: 272px; width: 261px;\" bgcolor=\"#FFFFFF\"><img loading=\"lazy\" decoding=\"async\" class=\"alignnone size-medium wp-image-13196\" src=\"http:\/\/nicaragua-travel-guide.com\/site\/wp-content\/uploads\/2016\/07\/joyeriacadenadeororolliza.jpg\" alt=\"joyeriacadenadeororolliza\" width=\"600\" height=\"308\" \/><\/td>\n<td style=\"height: 272px; width: 240px;\" bgcolor=\"#FFFFFF\"><img loading=\"lazy\" decoding=\"async\" class=\"alignnone size-medium wp-image-13200\" src=\"http:\/\/nicaragua-travel-guide.com\/site\/wp-content\/uploads\/2016\/07\/joyeriacadenaoro.jpg\" alt=\"joyeriacadenaoro\" width=\"229\" height=\"220\" \/><\/td>\n<td style=\"height: 272px; width: 247.3333740234375px;\" bgcolor=\"#FFFFFF\"><img loading=\"lazy\" decoding=\"async\" class=\"alignnone size-medium wp-image-13173\" src=\"http:\/\/nicaragua-travel-guide.com\/site\/wp-content\/uploads\/2016\/07\/joyeriacadenasplatahombretamanos.jpg\" alt=\"joyeriacadenasplatahombretamanos\" width=\"278\" height=\"181\" \/><\/td>\n<td style=\"height: 272px; width: 257.6666259765625px;\" bgcolor=\"#FFFFFF\"><img loading=\"lazy\" decoding=\"async\" class=\"alignnone size-medium wp-image-13198\" src=\"http:\/\/nicaragua-travel-guide.com\/site\/wp-content\/uploads\/2016\/07\/joyeriacadenadeplatapmujer.jpg\" alt=\"joyeriacadenadeplatapmujer\" width=\"275\" height=\"183\" srcset=\"https:\/\/nicaragua-travel-guide.com\/site\/wp-content\/uploads\/2016\/07\/joyeriacadenadeplatapmujer.jpg 275w, https:\/\/nicaragua-travel-guide.com\/site\/wp-content\/uploads\/2016\/07\/joyeriacadenadeplatapmujer-180x120.jpg 180w\" sizes=\"(max-width: 275px) 100vw, 275px\" \/><\/td>\n<\/tr>\n<tr style=\"height: 21px;\">\n<td style=\"height: 21px; width: 1006px; background-color: #c79714;\" colspan=\"4\" bgcolor=\"#CCCC33\">Dijes, Prendedores, pendientes de oro y plata en general<\/td>\n<\/tr>\n<tr style=\"height: 384px;\">\n<td style=\"height: 384px; width: 261px;\"><img loading=\"lazy\" decoding=\"async\" class=\"alignnone wp-image-13177\" src=\"http:\/\/nicaragua-travel-guide.com\/site\/wp-content\/uploads\/2016\/07\/joyeriadijecruz.jpg\" alt=\"joyeriadijecruz\" width=\"224\" height=\"276\" \/><\/td>\n<td style=\"height: 384px; width: 240px;\"><img loading=\"lazy\" decoding=\"async\" class=\"alignnone size-medium wp-image-13167\" src=\"http:\/\/nicaragua-travel-guide.com\/site\/wp-content\/uploads\/2016\/07\/joyeriacadenaorocrucifijo.jpg\" alt=\"joyeriacadenaorocrucifijo\" width=\"229\" height=\"220\" \/><\/td>\n<td style=\"height: 384px; width: 247.3333740234375px;\"><img loading=\"lazy\" decoding=\"async\" class=\"alignnone size-medium wp-image-13197\" src=\"http:\/\/nicaragua-travel-guide.com\/site\/wp-content\/uploads\/2016\/07\/joyeriacadenadeplataparamama.jpg\" alt=\"joyeriacadenadeplataparamama\" width=\"205\" height=\"239\" \/><\/td>\n<td style=\"height: 384px; width: 257.6666259765625px;\"><img loading=\"lazy\" decoding=\"async\" class=\"alignnone size-medium wp-image-13186\" src=\"http:\/\/nicaragua-travel-guide.com\/site\/wp-content\/uploads\/2016\/07\/joyeriagranadagargantillacollaresoro-1.jpg\" alt=\"joyeriagranadagargantillacollaresoro\" width=\"206\" height=\"189\" \/><\/td>\n<\/tr>\n<tr style=\"height: 229px;\">\n<td style=\"height: 229px; width: 261px;\"><img loading=\"lazy\" decoding=\"async\" class=\"alignnone size-medium wp-image-13180\" src=\"http:\/\/nicaragua-travel-guide.com\/site\/wp-content\/uploads\/2016\/07\/joyeriadijequinceanos-1.jpg\" alt=\"joyeriadijequinceanos\" width=\"135\" height=\"203\" \/><\/td>\n<td style=\"height: 229px; width: 240px;\"><img loading=\"lazy\" decoding=\"async\" class=\"alignnone size-medium wp-image-13175\" src=\"http:\/\/nicaragua-travel-guide.com\/site\/wp-content\/uploads\/2016\/07\/joyeriadeorocadenadiamante.jpg\" alt=\"joyeriadeorocadenadiamante\" width=\"246\" height=\"205\" \/><\/td>\n<td style=\"height: 229px; width: 247.3333740234375px;\"><img loading=\"lazy\" decoding=\"async\" class=\"alignnone size-medium wp-image-13195\" src=\"http:\/\/nicaragua-travel-guide.com\/site\/wp-content\/uploads\/2016\/07\/joyeriapulseraplatayoro.jpg\" alt=\"joyeriapulseraplatayoro\" width=\"190\" height=\"198\" \/><\/td>\n<td style=\"height: 229px; width: 257.6666259765625px;\"><img loading=\"lazy\" decoding=\"async\" class=\"alignnone size-medium wp-image-13179\" src=\"http:\/\/nicaragua-travel-guide.com\/site\/wp-content\/uploads\/2016\/07\/joyeriadijeororana.jpg\" alt=\"joyeriadijeororana\" width=\"172\" height=\"224\" \/><\/td>\n<\/tr>\n<tr style=\"height: 250px;\">\n<td style=\"height: 250px; width: 261px;\"><img loading=\"lazy\" decoding=\"async\" class=\"alignnone size-medium wp-image-13201\" src=\"http:\/\/nicaragua-travel-guide.com\/site\/wp-content\/uploads\/2016\/07\/joyeriacadenaorocorazon.jpg\" alt=\"joyeriacadenaorocorazon\" width=\"259\" height=\"194\" \/><\/td>\n<td style=\"height: 250px; width: 240px;\"><img loading=\"lazy\" decoding=\"async\" class=\"alignnone size-full wp-image-13202\" src=\"http:\/\/nicaragua-travel-guide.com\/site\/wp-content\/uploads\/2016\/07\/joyeriacadenaorocorazonmadre.jpg\" alt=\"joyeriacadenaorocorazonmadre\" width=\"136\" height=\"136\" srcset=\"https:\/\/nicaragua-travel-guide.com\/site\/wp-content\/uploads\/2016\/07\/joyeriacadenaorocorazonmadre.jpg 136w, https:\/\/nicaragua-travel-guide.com\/site\/wp-content\/uploads\/2016\/07\/joyeriacadenaorocorazonmadre-100x100.jpg 100w\" sizes=\"(max-width: 136px) 100vw, 136px\" \/><\/td>\n<td style=\"height: 250px; width: 247.3333740234375px;\"><img loading=\"lazy\" decoding=\"async\" class=\"alignnone size-medium wp-image-13182\" src=\"http:\/\/nicaragua-travel-guide.com\/site\/wp-content\/uploads\/2016\/07\/joyeriadijevirgenino.jpg\" alt=\"joyeriadijevirgenino\" width=\"203\" height=\"248\" \/><\/td>\n<td style=\"height: 250px; width: 257.6666259765625px;\">\n<table border=\"0\" width=\"226\">\n<tbody>\n<tr>\n<td width=\"120\"><img loading=\"lazy\" decoding=\"async\" class=\"alignnone size-medium wp-image-13181\" src=\"http:\/\/nicaragua-travel-guide.com\/site\/wp-content\/uploads\/2016\/07\/joyeriadijequincellave-1.jpg\" alt=\"joyeriadijequincellave\" width=\"93\" height=\"213\" \/><\/td>\n<td width=\"94\"><img loading=\"lazy\" decoding=\"async\" class=\"alignnone size-medium wp-image-13176\" src=\"http:\/\/nicaragua-travel-guide.com\/site\/wp-content\/uploads\/2016\/07\/joyeriadijecrucitalisa.jpg\" alt=\"joyeriadijecrucitalisa\" width=\"62\" height=\"102\" \/><\/td>\n<\/tr>\n<\/tbody>\n<\/table>\n<\/td>\n<\/tr>\n<tr style=\"height: 21px;\">\n<td style=\"height: 21px; width: 1006px; background-color: #bd8413;\" colspan=\"4\" bgcolor=\"#FFCC00\">Brazaletes y pulseras de oro para mujer<\/td>\n<\/tr>\n<tr style=\"height: 230px;\">\n<td style=\"height: 230px; width: 261px;\"><img loading=\"lazy\" decoding=\"async\" class=\"alignnone size-medium wp-image-13188\" src=\"http:\/\/nicaragua-travel-guide.com\/site\/wp-content\/uploads\/2016\/07\/joyeriapulseradeorodurocirculo.jpg\" alt=\"joyeriapulseradeorodurocirculo\" width=\"308\" height=\"164\" \/><\/td>\n<td style=\"height: 230px; width: 240px;\"><img loading=\"lazy\" decoding=\"async\" class=\"alignnone size-medium wp-image-13189\" src=\"http:\/\/nicaragua-travel-guide.com\/site\/wp-content\/uploads\/2016\/07\/joyeriapulseradeoromujer.jpg\" alt=\"joyeriapulseradeoromujer\" width=\"234\" height=\"216\" \/><\/td>\n<td style=\"height: 230px; width: 247.3333740234375px;\"><img loading=\"lazy\" decoding=\"async\" class=\"alignnone size-medium wp-image-13190\" src=\"http:\/\/nicaragua-travel-guide.com\/site\/wp-content\/uploads\/2016\/07\/joyeriapulseraorodos.jpg\" alt=\"joyeriapulseraorodos\" width=\"225\" height=\"225\" srcset=\"https:\/\/nicaragua-travel-guide.com\/site\/wp-content\/uploads\/2016\/07\/joyeriapulseraorodos.jpg 225w, https:\/\/nicaragua-travel-guide.com\/site\/wp-content\/uploads\/2016\/07\/joyeriapulseraorodos-100x100.jpg 100w, https:\/\/nicaragua-travel-guide.com\/site\/wp-content\/uploads\/2016\/07\/joyeriapulseraorodos-200x200.jpg 200w\" sizes=\"(max-width: 225px) 100vw, 225px\" \/><\/td>\n<td style=\"height: 230px; width: 257.6666259765625px;\"><img loading=\"lazy\" decoding=\"async\" class=\"alignnone size-medium wp-image-13191\" src=\"http:\/\/nicaragua-travel-guide.com\/site\/wp-content\/uploads\/2016\/07\/joyeriapulseraoropelotitas.jpg\" alt=\"joyeriapulseraoropelotitas\" width=\"225\" height=\"225\" srcset=\"https:\/\/nicaragua-travel-guide.com\/site\/wp-content\/uploads\/2016\/07\/joyeriapulseraoropelotitas.jpg 225w, https:\/\/nicaragua-travel-guide.com\/site\/wp-content\/uploads\/2016\/07\/joyeriapulseraoropelotitas-100x100.jpg 100w, https:\/\/nicaragua-travel-guide.com\/site\/wp-content\/uploads\/2016\/07\/joyeriapulseraoropelotitas-200x200.jpg 200w\" sizes=\"(max-width: 225px) 100vw, 225px\" \/><\/td>\n<\/tr>\n<tr style=\"height: 21px;\">\n<td style=\"height: 21px; width: 1006px;\" colspan=\"4\" bgcolor=\"#CCCCCC\">Brazaletes y pulseras de plata para hombre<\/td>\n<\/tr>\n<tr style=\"height: 265px;\">\n<td style=\"height: 265px; width: 261px;\"><img loading=\"lazy\" decoding=\"async\" class=\"alignnone size-medium wp-image-13192\" src=\"http:\/\/nicaragua-travel-guide.com\/site\/wp-content\/uploads\/2016\/07\/joyeriapulseraplatacorzon.jpg\" alt=\"joyeriapulseraplatacorzon\" width=\"212\" height=\"238\" \/><\/td>\n<td style=\"height: 265px; width: 240px;\"><img loading=\"lazy\" decoding=\"async\" class=\"alignnone size-medium wp-image-13193\" src=\"http:\/\/nicaragua-travel-guide.com\/site\/wp-content\/uploads\/2016\/07\/joyeriapulseraplatanina.jpg\" alt=\"joyeriapulseraplatanina\" width=\"244\" height=\"207\" \/><\/td>\n<td style=\"height: 265px; width: 247.3333740234375px;\"><img loading=\"lazy\" decoding=\"async\" class=\"alignnone size-medium wp-image-13194\" src=\"http:\/\/nicaragua-travel-guide.com\/site\/wp-content\/uploads\/2016\/07\/joyeriapulseraplatanombre.jpg\" alt=\"joyeriapulseraplatanombre\" width=\"225\" height=\"225\" srcset=\"https:\/\/nicaragua-travel-guide.com\/site\/wp-content\/uploads\/2016\/07\/joyeriapulseraplatanombre.jpg 225w, https:\/\/nicaragua-travel-guide.com\/site\/wp-content\/uploads\/2016\/07\/joyeriapulseraplatanombre-100x100.jpg 100w, https:\/\/nicaragua-travel-guide.com\/site\/wp-content\/uploads\/2016\/07\/joyeriapulseraplatanombre-200x200.jpg 200w\" sizes=\"(max-width: 225px) 100vw, 225px\" \/><\/td>\n<td style=\"height: 265px; width: 257.6666259765625px;\"><img loading=\"lazy\" decoding=\"async\" class=\"alignnone size-medium wp-image-13183\" src=\"http:\/\/nicaragua-travel-guide.com\/site\/wp-content\/uploads\/2016\/07\/joyeriagargantillasconllavesanvalentin.jpg\" alt=\"joyeriagargantillasconllavesanvalentin\" width=\"212\" height=\"168\" \/><\/td>\n<\/tr>\n<tr style=\"height: 21px;\">\n<td style=\"height: 21px; width: 1006px; background-color: #b8b6b6;\" colspan=\"4\">Nota:Le pondremos en contacto con la joyer\u00eda para la elaboraci\u00f3n <strong>Contactarnos<\/strong><\/td>\n<\/tr>\n<\/tbody>\n<\/table>\n<\/td>\n<\/tr>\n<\/tbody>\n<\/table>\n<p>&nbsp;<\/p>\n","protected":false},"excerpt":{"rendered":"<p>Inicio Graduaci\u00f3n Compromiso Matrimonio Quince a\u00f1os Joyer\u00eda en General Brazaletes, pulseras Cadenas de oro, collares, dijes y brazaletes Cadena de plata,collares, dijes y brazaletes de plata Dijes, Prendedores, pendientes de oro y plata en general Brazaletes y pulseras de oro para mujer Brazaletes y pulseras de plata para hombre Nota:Le pondremos en contacto con la [&hellip;]<\/p>\n","protected":false},"author":2,"featured_media":0,"parent":0,"menu_order":0,"comment_status":"closed","ping_status":"closed","template":"","meta":{"footnotes":""},"_links":{"self":[{"href":"https:\/\/nicaragua-travel-guide.com\/site\/wp-json\/wp\/v2\/pages\/7512"}],"collection":[{"href":"https:\/\/nicaragua-travel-guide.com\/site\/wp-json\/wp\/v2\/pages"}],"about":[{"href":"https:\/\/nicaragua-travel-guide.com\/site\/wp-json\/wp\/v2\/types\/page"}],"author":[{"embeddable":true,"href":"https:\/\/nicaragua-travel-guide.com\/site\/wp-json\/wp\/v2\/users\/2"}],"replies":[{"embeddable":true,"href":"https:\/\/nicaragua-travel-guide.com\/site\/wp-json\/wp\/v2\/comments?post=7512"}],"version-history":[{"count":23,"href":"https:\/\/nicaragua-travel-guide.com\/site\/wp-json\/wp\/v2\/pages\/7512\/revisions"}],"predecessor-version":[{"id":13204,"href":"https:\/\/nicaragua-travel-guide.com\/site\/wp-json\/wp\/v2\/pages\/7512\/revisions\/13204"}],"wp:attachment":[{"href":"https:\/\/nicaragua-travel-guide.com\/site\/wp-json\/wp\/v2\/media?parent=7512"}],"curies":[{"name":"wp","href":"https:\/\/api.w.org\/{rel}","templated":true}]}}