{"id":7527,"date":"2016-07-22T03:46:30","date_gmt":"2016-07-22T03:46:30","guid":{"rendered":"http:\/\/nicaragua-travel-guide.com\/site\/?page_id=7527"},"modified":"2016-10-01T23:46:17","modified_gmt":"2016-10-01T23:46:17","slug":"salon-de-belleza-tratamiento-capilar-con-keratina-paquete-por-evento-especial","status":"publish","type":"page","link":"https:\/\/nicaragua-travel-guide.com\/site\/salon-de-belleza-tratamiento-capilar-con-keratina-paquete-por-evento-especial\/","title":{"rendered":"Sal\u00f3n de belleza \u00abTratamiento capilar con Keratina\u00bb Paquete por evento especial."},"content":{"rendered":"<table style=\"width: 1073.666748046875px;\" border=\"0\">\n<tbody>\n<tr style=\"height: 15px;\">\n<td style=\"width: 987.666748046875px; height: 15px;\" colspan=\"2\" bgcolor=\"#FFFFFF\"><img loading=\"lazy\" decoding=\"async\" class=\"alignnone wp-image-13566\" src=\"http:\/\/nicaragua-travel-guide.com\/site\/wp-content\/uploads\/2016\/07\/Nicaragua-travel-guide-salon-de-belleza-tratamiento-de-keratina-global-keratina-lisis-designrecarga-de-keratinaalisado-japones.jpg\" alt=\"nicaragua-travel-guide-salon-de-belleza-tratamiento-de-keratina-global-keratina-lisis-designrecarga-de-keratinaalisado-japones\" width=\"1066\" height=\"374\" \/><\/td>\n<\/tr>\n<tr style=\"height: 717.666748046875px;\">\n<td style=\"width: 231px; height: 717.666748046875px;\" valign=\"top\" bgcolor=\"#FFFFFF\">\n<table border=\"0\" width=\"319\">\n<tbody>\n<tr style=\"height: 179.66668701171875px;\">\n<td style=\"height: 179.66668701171875px;\" valign=\"top\" width=\"313\">\u00a0\u00a0<img loading=\"lazy\" decoding=\"async\" class=\"alignnone wp-image-13569\" src=\"http:\/\/nicaragua-travel-guide.com\/site\/wp-content\/uploads\/2016\/07\/salonbellezalavakerat.jpg\" alt=\"salonbellezalavakerat\" width=\"302\" height=\"220\" \/><\/td>\n<\/tr>\n<tr style=\"height: 158px;\">\n<td style=\"height: 158px;\"><img loading=\"lazy\" decoding=\"async\" class=\"alignnone wp-image-13567\" src=\"http:\/\/nicaragua-travel-guide.com\/site\/wp-content\/uploads\/2016\/07\/salonbellezaplictinte.jpg\" alt=\"salonbellezaplictinte\" width=\"323\" height=\"215\" srcset=\"https:\/\/nicaragua-travel-guide.com\/site\/wp-content\/uploads\/2016\/07\/salonbellezaplictinte.jpg 275w, https:\/\/nicaragua-travel-guide.com\/site\/wp-content\/uploads\/2016\/07\/salonbellezaplictinte-180x120.jpg 180w\" sizes=\"(max-width: 323px) 100vw, 323px\" \/><\/td>\n<\/tr>\n<tr style=\"height: 272px;\">\n<td style=\"height: 272px;\"><img loading=\"lazy\" decoding=\"async\" class=\"alignnone wp-image-13568\" src=\"http:\/\/nicaragua-travel-guide.com\/site\/wp-content\/uploads\/2016\/07\/salonbellezatratakeratina.jpg\" alt=\"salonbellezatratakeratina\" width=\"272\" height=\"291\" \/><\/td>\n<\/tr>\n<\/tbody>\n<\/table>\n<\/td>\n<td style=\"width: 756.666748046875px; height: 717.666748046875px; background-color: #d9d202;\" valign=\"top\" bgcolor=\"#CCCC66\">Tratamiento con Keratina!<\/p>\n<p>&nbsp;<\/p>\n<p>Aproveche nuestra\u00a0Promoci\u00f3n\u00a0 o solo presente nuestro flyer.<\/p>\n<p>&nbsp;<\/p>\n<p>&nbsp;<\/p>\n<p>Ofreciendo siempre lo \u00faltimo en tratamientos capilares, ofrece los novedosos Masajes de Keratina para el cuidado de su cabello. Los Masajes de Keratina son ideales para el cuidado y restauraci\u00f3n del cabello maltratado o expuesto a qu\u00edmicos ya que ning\u00fan tratamiento capilar tiene la misma concentraci\u00f3n de nutrientes como los <strong>Masajes de Keratina<\/strong> aplicado por nuestros expertos estilistas.<\/p>\n<p>&nbsp;<\/p>\n<p>&nbsp;<\/p>\n<p>Los Masajes de Keratina hidratan y devuelven al cabellos el brillo y flexibilidad natural ya que permiten rellenar lo gastado y poroso de la <strong>fibra capilar <\/strong>y permanecer mucho m\u00e1s tiempo en ella.<\/p>\n<p>&nbsp;<\/p>\n<p>&nbsp;<\/p>\n<p>Los Masajes de keratina son lo mejor para el cabello porque contrarrestan la resequedad, aportan brillo y combaten las puntas partidas y quebradizas. Los masajes de keratina son un <strong>conjunto de amino\u00e1cidos <\/strong>o prote\u00ednas que le dan resistencia al cabello interna y externamente.<\/p>\n<p>&nbsp;<\/p>\n<p>&nbsp;<\/p>\n<p>Los Masajes de Keratina aplicados en nuestra peluquer\u00eda hacen que el pelo luzca fuerte y resistente ya que las cut\u00edculas quedan bien selladas lo cual se traduce en un <strong>cabello m\u00e1s suave y brillante<\/strong>.<\/p>\n<p>&nbsp;<\/p>\n<p>&nbsp;<\/p>\n<p>Para el caso de cabellos tinturados la salud capilar es esencial. Si luce opaco, poroso y con puntas partidas, el color se desprende r\u00e1pidamente y dura menos la tintura por lo cual, lo mas recomendado es realizar Masajes de Keratina para contrarrestar estos posibles problemas ya que le ayuda a mantener su cabello sano y por consiguiente el color lucir\u00e1 mejor y por m\u00e1s tiempo.<\/p>\n<p>&nbsp;<\/p>\n<p>&nbsp;<\/p>\n<p>Los Masajes de keratina son especializados para reestructurar el cabello y es recomendable aplicarlos m\u00ednimo una vez por semana durante un mes para darle vida a un pelo da\u00f1ado o mantener la salud capilar por mucho tiempo.<\/p>\n<p>&nbsp;<\/p>\n<p>&nbsp;<\/p>\n<p>Perm\u00edtanos devolverle la salud, brillo y fortaleza a su cabello con nuestros Masajes de Keratina.<\/td>\n<\/tr>\n<tr style=\"height: 25px;\">\n<td style=\"width: 987.666748046875px; height: 25px; background-color: #cfa70a;\" colspan=\"2\" valign=\"top\" bgcolor=\"#000000\">Por mayor informacion Cont\u00e1ctenos<\/td>\n<\/tr>\n<\/tbody>\n<\/table>\n","protected":false},"excerpt":{"rendered":"<p>\u00a0\u00a0 Tratamiento con Keratina! &nbsp; Aproveche nuestra\u00a0Promoci\u00f3n\u00a0 o solo presente nuestro flyer. &nbsp; &nbsp; Ofreciendo siempre lo \u00faltimo en tratamientos capilares, ofrece los novedosos Masajes de Keratina para el cuidado de su cabello. Los Masajes de Keratina son ideales para el cuidado y restauraci\u00f3n del cabello maltratado o expuesto a qu\u00edmicos ya que ning\u00fan tratamiento [&hellip;]<\/p>\n","protected":false},"author":2,"featured_media":0,"parent":0,"menu_order":0,"comment_status":"closed","ping_status":"closed","template":"","meta":{"footnotes":""},"_links":{"self":[{"href":"https:\/\/nicaragua-travel-guide.com\/site\/wp-json\/wp\/v2\/pages\/7527"}],"collection":[{"href":"https:\/\/nicaragua-travel-guide.com\/site\/wp-json\/wp\/v2\/pages"}],"about":[{"href":"https:\/\/nicaragua-travel-guide.com\/site\/wp-json\/wp\/v2\/types\/page"}],"author":[{"embeddable":true,"href":"https:\/\/nicaragua-travel-guide.com\/site\/wp-json\/wp\/v2\/users\/2"}],"replies":[{"embeddable":true,"href":"https:\/\/nicaragua-travel-guide.com\/site\/wp-json\/wp\/v2\/comments?post=7527"}],"version-history":[{"count":6,"href":"https:\/\/nicaragua-travel-guide.com\/site\/wp-json\/wp\/v2\/pages\/7527\/revisions"}],"predecessor-version":[{"id":13572,"href":"https:\/\/nicaragua-travel-guide.com\/site\/wp-json\/wp\/v2\/pages\/7527\/revisions\/13572"}],"wp:attachment":[{"href":"https:\/\/nicaragua-travel-guide.com\/site\/wp-json\/wp\/v2\/media?parent=7527"}],"curies":[{"name":"wp","href":"https:\/\/api.w.org\/{rel}","templated":true}]}}