{"id":7532,"date":"2016-07-22T03:51:17","date_gmt":"2016-07-22T03:51:17","guid":{"rendered":"http:\/\/nicaragua-travel-guide.com\/site\/?page_id=7532"},"modified":"2016-07-22T03:51:30","modified_gmt":"2016-07-22T03:51:30","slug":"salon-de-belleza-en-nicaragua-servicios-paquete-especial-por-evento","status":"publish","type":"page","link":"https:\/\/nicaragua-travel-guide.com\/site\/salon-de-belleza-en-nicaragua-servicios-paquete-especial-por-evento\/","title":{"rendered":"Sal\u00f3n de belleza en Nicaragua \u00abServicios\u00bb paquete especial por evento."},"content":{"rendered":"<table border=\"0\" width=\"1001\">\n<tbody>\n<tr>\n<td colspan=\"2\" bgcolor=\"#FFFFFF\"><img loading=\"lazy\" decoding=\"async\" src=\"http:\/\/www.nicaragua-travel-guide.com\/imangenestres\/salonbellaherramientas.jpg\" width=\"239\" height=\"267\" \/><img loading=\"lazy\" decoding=\"async\" src=\"http:\/\/www.nicaragua-travel-guide.com\/imangenestres\/salondemaquillaje.jpg\" width=\"293\" height=\"268\" \/><img loading=\"lazy\" decoding=\"async\" src=\"http:\/\/www.nicaragua-travel-guide.com\/imangenestres\/salommaqulnoche.jpg\" width=\"233\" height=\"265\" \/><img loading=\"lazy\" decoding=\"async\" src=\"http:\/\/www.nicaragua-travel-guide.com\/imangenestres\/salondemaquinovia.jpg\" width=\"241\" height=\"266\" \/><\/td>\n<\/tr>\n<tr>\n<td colspan=\"2\" bgcolor=\"#000000\"><strong>Estamos a su servicio por la Belleza<\/strong><strong>&#8230;.Visitenos y permita que estilistas profesionalesle ayuden a renovar su imagen!<\/strong><\/td>\n<\/tr>\n<tr>\n<td colspan=\"2\" height=\"230\">\n<table border=\"0\" width=\"1008\">\n<tbody>\n<tr>\n<td width=\"327\"><img loading=\"lazy\" decoding=\"async\" src=\"http:\/\/www.nicaragua-travel-guide.com\/imangenestres\/salondebellezacabellolavado.jpg\" alt=\"\" width=\"326\" height=\"283\" \/><\/td>\n<td width=\"671\">Contamos con todas las comodidades y una amplia gama de servicios de peluquer\u00eda en Vitacura para\u00a0resaltar\u00a0la belleza y dar el mejor cuidado a su cabello, satisfaciendo sus\u00a0expectativas con talento y calidad.Con apoyo en las t\u00e9cnicas estilistas m\u00e1s innovadoras y utilizando los mejores productos\u00a0para peluquer\u00edas, nuestro gran equipo de estilistas profesionales lo esperan para ayudarle a destacar sus rasgos personales con<strong> alta creatividad y precisi\u00f3n<\/strong> en\u00a0los cortes\u00a0de cabello de mujer y de hombre, maquillaje y peinados.<\/p>\n<p><strong>Nadie lo hace mejor para el cuidado integral de su cabello!<\/strong><\/td>\n<\/tr>\n<\/tbody>\n<\/table>\n<\/td>\n<\/tr>\n<tr>\n<td width=\"331\"><img loading=\"lazy\" decoding=\"async\" src=\"http:\/\/www.nicaragua-travel-guide.com\/imangenestres\/salonbellezaplictinte.jpg\" width=\"331\" height=\"276\" \/><\/td>\n<td rowspan=\"4\" valign=\"top\" bgcolor=\"#FFFFFF\" width=\"673\"><strong>Con productos de las mejores marcas y top de linea,<\/strong> En nuestra peluquer\u00eda contamos con un excelente equipo de estilistas, siempre al d\u00eda en cuanto a tendencias en cortes de pelo mujer y peinados de moda para\u00a0ofrecer una serie de\u00a0servicios con\u00a0la calidad que usted merece:<strong>CORTES DE PELO <\/strong>centro de belleza special con estilista profesional con t\u00e9cnicas\u00a0propias, presentamos un nuevo concepto para su belleza con lo mejor en cortes de cabello de mujer y hombre que reflejar\u00e1n su \u00f3ptima imagen y lo ayudar\u00e1n a triunfar.<\/p>\n<p>Con gran precisi\u00f3n y atenci\u00f3n personalizada, realizamos un estudio profesional de sus facciones y caracter\u00edsticas personales para recomendarle su mejor opci\u00f3n adecuada a su edad, personalidad, profesi\u00f3n y personalidad, incluyendo:<\/p>\n<p><strong>Cortes de pelo de mujer<\/strong> \u2013 <strong>Cortes de cabello para hombres \u2013 Cortes de pelo de ni\u00f1os<br \/>\nCortes de cabello freak \u2013 Cortes de cabello largo \u2013 Cortes de pelo corto<\/strong><\/p>\n<p><strong>PEINADOS A LA MODA<\/strong> proporcionando t\u00e9cnicas de vanguardia en servicios de estilista para que luzca radiante y fresca. introduce un concepto de vanguardia con su \u201ct\u00e9cnica perfecta\u201d, a trav\u00e9s de la cual, usted podr\u00e1 asistir a nuestro sal\u00f3n de belleza dos veces a la semana y recibir nuestros servicios de estilistas profesionales en lavado y peinado de pelo con los mejores productos a nivel internacional. Somos su mejor alternativa para aquellas ocasiones especiales que requieran peinados de fiesta y peinados de moda que la har\u00e1n lucir espectacular. Ofrecemos asesor\u00eda en maquillaje y peinados a la moda para un cuidado integral de su cabello, incluyendo:<\/p>\n<p><strong>Peinados:<\/strong><strong> Peinado de Fiesta \u2013 Peinados a la moda \u2013 <a href=\"http:\/\/www.nicaragua-travel-guide.com\/vestidodequinceanerapeinadomaquillajefoto.html\">Peinados de Quincea\u00f1era<\/a>&#8211; Peinados para boda: <a href=\"http:\/\/www.nicaragua-travel-guide.com\/vestidodenoviamaquillajepeinadofoto.html\">Peinado para la Novia<\/a>\u2013 Peinado para el Novio -Peinados\u00a0para pelo largo<\/strong><strong>-Peinado para pelo corto \u2013 Cambios de look\u00a0 \u2013 <a href=\"http:\/\/www.nicaragua-travel-guide.com\/salonbellezatratdekeratin.html\">Alisado y Tratamiento de Keratina<\/a><\/strong><\/p>\n<p><strong>COLORACION <\/strong>para marcar la diferencia con la \u00faltima tecnolog\u00eda y est\u00e1ndares de calidad en productos de coloraci\u00f3n, que incorporan la misma prote\u00edna con la que fue hecha tu cabello. Permita que nuestros expertos estilistas le ayuden a mejorar y embellecer su pelo con:<\/p>\n<p><strong>Tinte, Tonalizante, Coloraci\u00f3n sin amoniaco, Reflejos,Mechas, Efectos, Luces, Brillos<\/strong><\/p>\n<p><strong>TRATAMIENTOS CAPILARES <\/strong>para devolver sedosidad y brillo\u00a0 a su cabello. Nuestros servicios de estilista incorporan los mejores productos para dejar su cabello hermoso, sensual y saludable con los mejores productos para peluquer\u00eda:<\/p>\n<p><strong>Restauraci\u00f3n extrema \u2013 Encerado \u2013 Penetrado \u2013 Tratamiento de ca\u00edda de cabello \u2013 Tratamiento de Keratina &amp; Masajes de Keratina<\/strong><\/p>\n<p><strong>Experimente un cambio total de imagen o mantenga su belleza natural!<\/strong><\/p>\n<p>Un buen corte de pelo y peinados de moda le ayudar\u00e1n a tener m\u00e1s confianza en\u00a0s\u00ed mismo y lograr\u00a0aumentar su\u00a0autoestima de manera importante. Nuestros estilistas profesionales cuentan con la experiencia y habilidad art\u00edstica para ayudarle a realzar su belleza de acuerdo a su propia personalidad.<\/td>\n<\/tr>\n<tr>\n<td width=\"331\" height=\"235\"><img loading=\"lazy\" decoding=\"async\" src=\"http:\/\/www.nicaragua-travel-guide.com\/imangenestres\/salonbellezapeinado.jpg\" width=\"332\" height=\"327\" \/><\/td>\n<\/tr>\n<tr>\n<td width=\"331\" height=\"161\"><img loading=\"lazy\" decoding=\"async\" src=\"http:\/\/www.nicaragua-travel-guide.com\/imangenestres\/salonpeinadonina.jpg\" width=\"331\" height=\"270\" \/><\/td>\n<\/tr>\n<tr>\n<td valign=\"top\" height=\"216\"><strong><img loading=\"lazy\" decoding=\"async\" src=\"http:\/\/www.nicaragua-travel-guide.com\/imangenestres\/saloncortepelomujer.jpg\" width=\"331\" height=\"223\" \/><\/strong><\/td>\n<\/tr>\n<tr>\n<td colspan=\"2\" valign=\"top\" bgcolor=\"#000000\" height=\"21\"><strong>Nosotros le pondremos en manos de expertos Cont\u00e1ctenos!<\/strong><\/td>\n<\/tr>\n<\/tbody>\n<\/table>\n","protected":false},"excerpt":{"rendered":"<p>Estamos a su servicio por la Belleza&#8230;.Visitenos y permita que estilistas profesionalesle ayuden a renovar su imagen! Contamos con todas las comodidades y una amplia gama de servicios de peluquer\u00eda en Vitacura para\u00a0resaltar\u00a0la belleza y dar el mejor cuidado a su cabello, satisfaciendo sus\u00a0expectativas con talento y calidad.Con apoyo en las t\u00e9cnicas estilistas m\u00e1s innovadoras [&hellip;]<\/p>\n","protected":false},"author":2,"featured_media":0,"parent":0,"menu_order":0,"comment_status":"closed","ping_status":"closed","template":"","meta":{"footnotes":""},"_links":{"self":[{"href":"https:\/\/nicaragua-travel-guide.com\/site\/wp-json\/wp\/v2\/pages\/7532"}],"collection":[{"href":"https:\/\/nicaragua-travel-guide.com\/site\/wp-json\/wp\/v2\/pages"}],"about":[{"href":"https:\/\/nicaragua-travel-guide.com\/site\/wp-json\/wp\/v2\/types\/page"}],"author":[{"embeddable":true,"href":"https:\/\/nicaragua-travel-guide.com\/site\/wp-json\/wp\/v2\/users\/2"}],"replies":[{"embeddable":true,"href":"https:\/\/nicaragua-travel-guide.com\/site\/wp-json\/wp\/v2\/comments?post=7532"}],"version-history":[{"count":2,"href":"https:\/\/nicaragua-travel-guide.com\/site\/wp-json\/wp\/v2\/pages\/7532\/revisions"}],"predecessor-version":[{"id":7534,"href":"https:\/\/nicaragua-travel-guide.com\/site\/wp-json\/wp\/v2\/pages\/7532\/revisions\/7534"}],"wp:attachment":[{"href":"https:\/\/nicaragua-travel-guide.com\/site\/wp-json\/wp\/v2\/media?parent=7532"}],"curies":[{"name":"wp","href":"https:\/\/api.w.org\/{rel}","templated":true}]}}