{"id":7612,"date":"2016-07-22T15:20:08","date_gmt":"2016-07-22T15:20:08","guid":{"rendered":"http:\/\/nicaragua-travel-guide.com\/site\/?page_id=7612"},"modified":"2016-08-29T21:17:37","modified_gmt":"2016-08-29T21:17:37","slug":"boaco-la-ciudad-de-dos-pisos-visita-guiada-nicaragua-travel-guide-com","status":"publish","type":"page","link":"https:\/\/nicaragua-travel-guide.com\/site\/boaco-la-ciudad-de-dos-pisos-visita-guiada-nicaragua-travel-guide-com\/","title":{"rendered":"Boaco \u00abLa ciudad de dos pisos\u00bb Visita guiada nicaragua travel guide.com"},"content":{"rendered":"<table style=\"width: 980px;\">\n<tbody>\n<tr style=\"height: 19px;\">\n<td style=\"height: 19px; width: 50px;\" colspan=\"5\"><img loading=\"lazy\" decoding=\"async\" class=\"alignnone size-full wp-image-7613\" src=\"http:\/\/nicaragua-travel-guide.com\/site\/wp-content\/uploads\/2016\/07\/headerboaco.jpg\" alt=\"headerboaco\" width=\"1025\" height=\"345\" srcset=\"https:\/\/nicaragua-travel-guide.com\/site\/wp-content\/uploads\/2016\/07\/headerboaco.jpg 1025w, https:\/\/nicaragua-travel-guide.com\/site\/wp-content\/uploads\/2016\/07\/headerboaco-600x202.jpg 600w\" sizes=\"(max-width: 1025px) 100vw, 1025px\" \/><\/td>\n<\/tr>\n<tr style=\"height: 19px;\">\n<td style=\"height: 19px; width: 50px;\" colspan=\"5\">\n<table style=\"width: 998.6666870117188px;\">\n<tbody>\n<tr>\n<td style=\"width: 229px; background-color: #afdeb0;\" bgcolor=\"#99CC66\">Visita guiada local<\/td>\n<td style=\"width: 229px; background-color: #afdeb0;\" bgcolor=\"#99CC66\">Alojamiento<\/td>\n<td style=\"width: 229px; background-color: #afdeb0;\" bgcolor=\"#99CC66\">Restaurantes<\/td>\n<td style=\"width: 229px; background-color: #afdeb0;\" bgcolor=\"#99CC66\">Reserva Natural<\/td>\n<td style=\"width: 233.66668701171875px; background-color: #afdeb0;\" bgcolor=\"#99CC66\">Sitio Arqueol\u00f3gico<\/td>\n<\/tr>\n<\/tbody>\n<\/table>\n<\/td>\n<\/tr>\n<tr style=\"height: 111px;\">\n<td style=\"height: 111px; background-color: #f5e4a2; width: 50px;\" colspan=\"5\"><em>Regi\u00f3n de alta producci\u00f3n agr\u00edcola y ganadera, con escarpadas colinas y \u00e1reas poco exploradas.<\/em><\/p>\n<p><strong>Poblaci\u00f3n: <\/strong>aprox. 317,000 habitantes<br \/>\n<strong>Ubicaci\u00f3n:<\/strong> centro de Nicaragua<br \/>\n<strong>Atracciones:<\/strong> \u00e1reas agropecuarias, monta\u00f1as, elevaciones, artesan\u00edas<\/td>\n<\/tr>\n<tr style=\"height: 13px;\">\n<td style=\"height: 13px; width: 50px;\" colspan=\"5\">\u00a0<img loading=\"lazy\" decoding=\"async\" class=\"alignnone wp-image-12750\" src=\"http:\/\/nicaragua-travel-guide.com\/site\/wp-content\/uploads\/2016\/07\/nicaragua-travel-guide-viaje-a-la-ciudad-de-boaco-fiesta-patronal.jpg\" alt=\"nicaragua travel guide viaje a la ciudad de boaco fiesta patronal\" width=\"994\" height=\"348\" \/><\/td>\n<\/tr>\n<tr style=\"height: 44px;\">\n<td style=\"height: 44px; background-color: #afdeb0; width: 50px;\" colspan=\"5\" bgcolor=\"#99CC66\">Ubicado en el propio centro geogr\u00e1fico de Nicaragua, Boaco es un departamento muy productivo poco explorado\u00a0tur\u00edsticamente\u00a0 a pesar de los m\u00faltiples destinos atractivos que posee la regi\u00f3n.<\/td>\n<\/tr>\n<tr style=\"height: 22px;\">\n<td style=\"height: 22px; width: 50px;\" colspan=\"5\"><img loading=\"lazy\" decoding=\"async\" class=\"alignnone wp-image-12743\" src=\"http:\/\/nicaragua-travel-guide.com\/site\/wp-content\/uploads\/2016\/07\/nicaragua-travel-guide-viaje-a-la-ciudad-de-boaco-fiesta-patronal-mirador.jpg\" alt=\"nicaragua travel guide viaje a la ciudad de boaco fiesta patronal mirador\" width=\"994\" height=\"348\" \/><\/td>\n<\/tr>\n<tr style=\"height: 185px;\">\n<td style=\"height: 185px; background-color: #afdeb0; width: 50px;\" colspan=\"5\">Boaco est\u00e1 conformado por seis municipios, dedicados todos a la agricultura pero sobre todo a la ganader\u00eda y la producci\u00f3n de l\u00e1cteos. Seg\u00fan teor\u00edas, su nombre se debe a los \u201cBoaj\u201d, una antigua tribu de sumos que habit\u00f3 la regi\u00f3n; se presume que la uni\u00f3n de vocablos n\u00e1huatl y sumo producen \u201cBoaco\u201d: lugar de los Boaj.<\/p>\n<p>La cabecera departamental es la ciudad del mismo nombre. Ubicada a 90 kil\u00f3metros de Managua, Boaco es conocida en Nicaragua como \u201cla ciudad de dos pisos\u201d, por estar asentada en un terreno muy desnivelado con calles, callejones y caminos \u201ccuesta arriba y cuesta abajo\u201d. A inicios del mes de Julio se celebra la \u201cferia l\u00e1ctea\u201d, y el 25 del mismo mes se realizan las fiestas patronales en honor al ap\u00f3stol Santiago.<\/td>\n<\/tr>\n<tr style=\"height: 12px;\">\n<td style=\"height: 12px; width: 50px;\" colspan=\"5\"><img loading=\"lazy\" decoding=\"async\" class=\"wp-image-12745 aligncenter\" src=\"http:\/\/nicaragua-travel-guide.com\/site\/wp-content\/uploads\/2016\/07\/nicaragua-travel-guide-guia-de-viaje-rural-boaco-cerro.jpg\" alt=\"nicaragua travel guide guia de viaje rural boaco cerro\" width=\"994\" height=\"348\" \/><\/td>\n<\/tr>\n<tr style=\"height: 225px;\">\n<td style=\"height: 225px; background-color: #afdeb0; width: 50px;\" colspan=\"5\" valign=\"top\" bgcolor=\"#009900\">Siguiendo la carretera, antes de llegar a la ciudad de Boaco, se pasa por el municipio de Teustepe (\u201ccerro de los conejos\u201d, en n\u00e1huatl). En \u00e9l se encuentra, tallado en una enorme piedra, un petroglifo con la figura de un animal, considerado uno de los m\u00e1s antiguos del pa\u00eds.<\/p>\n<p>Dos atractivos naturales se encuentran al norte del departamento, en las cercan\u00edas del pueblo de San Jos\u00e9 de los Remates. El primero es el \u201cCerro Alegre\u201d, cuya cima est\u00e1 cubierta por un denso bosque nublado, declarado reserva natural. El segundo es el Ca\u00f1\u00f3n de los Talnites, el cual bordea un tramo del curso del r\u00edo Malacatoya.<\/p>\n<p>Otro atractivo singular de la zona, son los sombreros tejidos a mano, fabricados con cabuya. Estas obras artesanales son realizadas en diversas localidades boaque\u00f1as, pero la m\u00e1s reconocida es la ciudad de Camoapa.<\/td>\n<\/tr>\n<tr style=\"height: 19px;\">\n<td style=\"height: 19px; width: 50px;\" colspan=\"5\"><img loading=\"lazy\" decoding=\"async\" class=\"alignnone wp-image-12746\" src=\"http:\/\/nicaragua-travel-guide.com\/site\/wp-content\/uploads\/2016\/07\/nicaragua-travel-guide-guia-de-viaje-rural-boaco-feria-botas-y-sombreros-de-pita.jpg\" alt=\"nicaragua travel guide guia de viaje rural boaco feria botas y sombreros de pita\" width=\"995\" height=\"346\" \/><\/td>\n<\/tr>\n<tr style=\"height: 21px;\">\n<td style=\"height: 21px; background-color: #ebab57; width: 50px;\" colspan=\"5\" bgcolor=\"#009900\">sombreros y canastas de palma y cabuya &#8211; cuero calzado &#8211; hostalizas- miel- queso<\/td>\n<\/tr>\n<tr style=\"height: 21px;\">\n<td style=\"height: 21px; background-color: #afdeb0; width: 50px;\" colspan=\"5\" bgcolor=\"#99CC66\">\n<h2>Un poco de historia:<\/h2>\n<h2>La regi\u00f3n de Boaco fue habitada por tribus sumos y nahuas, principalmente, en tiempos precolombinos. A la llegada de los espa\u00f1oles, en la zona fueron fundados peque\u00f1os pueblos dedicados a la agricultura y luego ganader\u00eda, pertenecientes al departamento (o \u201cpartido\u201d para la \u00e9poca) de Chontales.<\/h2>\n<p>Sin embargo, su ubicaci\u00f3n los localizaba en la frontera colonial, por lo que continuamente eran blanco de ataques por parte de soldados ingleses y tribus caribe\u00f1as habitantes de la Mosquitia (un antiguo reino ind\u00edgena protegido por Inglaterra, que ocupaba el caribe Nicarag\u00fcense). Los atacantes saqueaban los poblados y raptaban a sus habitantes para venderlos como esclavos o intercambiarlos por armas.<\/p>\n<p>La ciudad de Boaco (antiguamente un peque\u00f1o poblado) cambi\u00f3 su ubicaci\u00f3n cuatro veces hasta llegar a su asiento actual, debido a enfermedades, malos terrenos, pero sobre todo por los ataques continuos de enemigos de la colonia.<\/p>\n<p>En la \u00e9poca independiente, muchos pobladores de Boaco aportaron en la lucha de la guerra nacional, en contra del ej\u00e9rcito de filibusteros norteamericanos que pretend\u00edan apoderarse del pa\u00eds. Muchos de estos boaque\u00f1os fueron asesinados o expropiados por los invasores y sus secuaces.<\/td>\n<\/tr>\n<tr style=\"height: 21px;\">\n<td style=\"height: 21px; width: 50px;\" colspan=\"5\"><img loading=\"lazy\" decoding=\"async\" class=\"alignnone wp-image-12749\" src=\"http:\/\/nicaragua-travel-guide.com\/site\/wp-content\/uploads\/2016\/07\/nicaragua-travel-guide-guia-de-viaje-rural-boaco-sitio-arqueologico.jpg\" alt=\"nicaragua travel guide guia de viaje rural boaco sitio arqueologico\" width=\"996\" height=\"349\" \/><\/td>\n<\/tr>\n<tr style=\"height: 76px;\">\n<td style=\"height: 76px; width: 50px;\" colspan=\"5\">En abril de 1936, el gobierno de la \u00e9poca reconoce la solicitud de los habitantes de la zona y autoriza la creaci\u00f3n del departamento de Boaco con las localidades que ahora lo conforman, separ\u00e1ndose de Chontales.<\/td>\n<\/tr>\n<tr style=\"height: 19px;\">\n<td style=\"height: 19px; width: 50px;\" colspan=\"5\"><img loading=\"lazy\" decoding=\"async\" class=\"alignnone wp-image-12747\" src=\"http:\/\/nicaragua-travel-guide.com\/site\/wp-content\/uploads\/2016\/07\/nicaragua-travel-guide-guia-de-viaje-rural-boaco-feria-miel-queso-y-derivados-de-la-leche.jpg\" alt=\"nicaragua travel guide guia de viaje rural boaco feria miel queso y derivados de la leche\" width=\"994\" height=\"348\" \/><\/td>\n<\/tr>\n<tr style=\"height: 44px;\">\n<td style=\"height: 44px; background-color: #afdeb0; width: 50px;\" colspan=\"5\">As\u00ed naci\u00f3 este departamento ganadero y productivo, famoso por su queso y su leche, y poseedor de bellezas naturales y otros atractivos poco conocidos pero dignos de ser explorados.<\/td>\n<\/tr>\n<tr style=\"height: 15px;\">\n<td style=\"height: 15px; width: 50px;\" colspan=\"5\"><img loading=\"lazy\" decoding=\"async\" class=\"alignnone wp-image-12751\" src=\"http:\/\/nicaragua-travel-guide.com\/site\/wp-content\/uploads\/2016\/07\/nicaragua-travel-guide-viaje-a-la-ciudad-de-boaco-fiesta-patronal-hipicos.jpg\" alt=\"nicaragua travel guide viaje a la ciudad de boaco fiesta patronal hipicos\" width=\"994\" height=\"348\" \/><\/td>\n<\/tr>\n<tr style=\"height: 15px;\">\n<td style=\"height: 15px; background-color: #ebab57; width: 50px;\" colspan=\"5\">\n<h1>Para organizar viaje, eventos y proyectos \u00a0 \u00a0 \u00a0 \u00a0 \u00a0Contactarnos<\/h1>\n<\/td>\n<\/tr>\n<\/tbody>\n<\/table>\n","protected":false},"excerpt":{"rendered":"<p>Visita guiada local Alojamiento Restaurantes Reserva Natural Sitio Arqueol\u00f3gico Regi\u00f3n de alta producci\u00f3n agr\u00edcola y ganadera, con escarpadas colinas y \u00e1reas poco exploradas. Poblaci\u00f3n: aprox. 317,000 habitantes Ubicaci\u00f3n: centro de Nicaragua Atracciones: \u00e1reas agropecuarias, monta\u00f1as, elevaciones, artesan\u00edas \u00a0 Ubicado en el propio centro geogr\u00e1fico de Nicaragua, Boaco es un departamento muy productivo poco explorado\u00a0tur\u00edsticamente\u00a0 a [&hellip;]<\/p>\n","protected":false},"author":2,"featured_media":0,"parent":0,"menu_order":0,"comment_status":"closed","ping_status":"closed","template":"","meta":{"footnotes":""},"_links":{"self":[{"href":"https:\/\/nicaragua-travel-guide.com\/site\/wp-json\/wp\/v2\/pages\/7612"}],"collection":[{"href":"https:\/\/nicaragua-travel-guide.com\/site\/wp-json\/wp\/v2\/pages"}],"about":[{"href":"https:\/\/nicaragua-travel-guide.com\/site\/wp-json\/wp\/v2\/types\/page"}],"author":[{"embeddable":true,"href":"https:\/\/nicaragua-travel-guide.com\/site\/wp-json\/wp\/v2\/users\/2"}],"replies":[{"embeddable":true,"href":"https:\/\/nicaragua-travel-guide.com\/site\/wp-json\/wp\/v2\/comments?post=7612"}],"version-history":[{"count":5,"href":"https:\/\/nicaragua-travel-guide.com\/site\/wp-json\/wp\/v2\/pages\/7612\/revisions"}],"predecessor-version":[{"id":12753,"href":"https:\/\/nicaragua-travel-guide.com\/site\/wp-json\/wp\/v2\/pages\/7612\/revisions\/12753"}],"wp:attachment":[{"href":"https:\/\/nicaragua-travel-guide.com\/site\/wp-json\/wp\/v2\/media?parent=7612"}],"curies":[{"name":"wp","href":"https:\/\/api.w.org\/{rel}","templated":true}]}}