{"id":7623,"date":"2016-07-22T15:56:34","date_gmt":"2016-07-22T15:56:34","guid":{"rendered":"http:\/\/nicaragua-travel-guide.com\/site\/?page_id=7623"},"modified":"2016-08-30T00:12:34","modified_gmt":"2016-08-30T00:12:34","slug":"region-autonoma-atlantico-norte-siuna-nicaragua-visita-guiada-atractivos-turisticos-saslaya-canon-rosa-grande-wailawas-puerto-cabezas-waspan-kayos-miskitos-y-mas","status":"publish","type":"page","link":"https:\/\/nicaragua-travel-guide.com\/site\/region-autonoma-atlantico-norte-siuna-nicaragua-visita-guiada-atractivos-turisticos-saslaya-canon-rosa-grande-wailawas-puerto-cabezas-waspan-kayos-miskitos-y-mas\/","title":{"rendered":"Regi\u00f3n Aut\u00f3noma Atl\u00e1ntico Norte SIUNA Nicaragua Tours  visita guiada"},"content":{"rendered":"<table style=\"width: 1084.666748046875px;\" border=\"0\">\n<tbody>\n<tr style=\"height: 21px;\">\n<td style=\"height: 21px; width: 1077.666748046875px; background-color: #ffffff; text-align: center;\" valign=\"top\" bgcolor=\"#009900\"><img loading=\"lazy\" decoding=\"async\" class=\"wp-image-12785 aligncenter\" src=\"http:\/\/nicaragua-travel-guide.com\/site\/wp-content\/uploads\/2016\/07\/nicaragua-travel-guide-tour-region-atlantico-norte-siuna-vuelo-local.jpg\" alt=\"nicaragua travel guide tour region atlantico norte siuna vuelo local\" width=\"1071\" height=\"375\" \/><\/td>\n<\/tr>\n<tr style=\"height: 21px;\">\n<td style=\"height: 21px; width: 1077.666748046875px; background-color: #cafabb; text-align: center;\" valign=\"top\" bgcolor=\"#009900\"><strong>SIUNA- RAAN -Turismo- Visitas Guiadas<\/strong><\/p>\n<ul>\n<li style=\"text-align: left;\">\u00a0 \u00a0 \u00a0 \u00a0 \u00a0 \u00a0<strong>Cerro Saslaya Reserva Natural (Paquete de 5 d\u00edas)<\/strong><\/li>\n<\/ul>\n<\/td>\n<\/tr>\n<tr style=\"height: 21px;\">\n<td style=\"height: 21px; width: 1077.666748046875px;\" valign=\"top\" bgcolor=\"#009900\"><img loading=\"lazy\" decoding=\"async\" class=\"wp-image-12776 alignleft\" src=\"http:\/\/nicaragua-travel-guide.com\/site\/wp-content\/uploads\/2016\/07\/nicaragua-travel-guide-region-atlantico-norte-de-nicaragua-tour-saslaya-siuna-zona-minera.jpg\" alt=\"nicaragua travel guide region atlantico norte de nicaragua tour saslaya siuna zona minera\" width=\"1081\" height=\"1399\" srcset=\"https:\/\/nicaragua-travel-guide.com\/site\/wp-content\/uploads\/2016\/07\/nicaragua-travel-guide-region-atlantico-norte-de-nicaragua-tour-saslaya-siuna-zona-minera.jpg 2975w, https:\/\/nicaragua-travel-guide.com\/site\/wp-content\/uploads\/2016\/07\/nicaragua-travel-guide-region-atlantico-norte-de-nicaragua-tour-saslaya-siuna-zona-minera-600x776.jpg 600w\" sizes=\"(max-width: 1081px) 100vw, 1081px\" \/><\/td>\n<\/tr>\n<tr style=\"height: 21px;\">\n<td style=\"height: 21px; width: 1077.666748046875px; background-color: #cafabb;\" valign=\"top\" bgcolor=\"#009900\">\n<ul>\n<li><strong>Visita guiada Wailwas<\/strong><\/li>\n<\/ul>\n<\/td>\n<\/tr>\n<tr style=\"height: 21px;\">\n<td style=\"height: 21px; width: 1077.666748046875px;\" valign=\"top\" bgcolor=\"#009900\"><strong><img loading=\"lazy\" decoding=\"async\" class=\"alignnone size-medium wp-image-12778\" src=\"http:\/\/nicaragua-travel-guide.com\/site\/wp-content\/uploads\/2016\/07\/nicaragua-travel-guide-region-atlantico-norte-de-nicaragua-tour-wailwas-siuna.jpg\" alt=\"nicaragua travel guide region atlantico norte de nicaragua tour wailwas siuna\" width=\"2975\" height=\"3850\" srcset=\"https:\/\/nicaragua-travel-guide.com\/site\/wp-content\/uploads\/2016\/07\/nicaragua-travel-guide-region-atlantico-norte-de-nicaragua-tour-wailwas-siuna.jpg 2975w, https:\/\/nicaragua-travel-guide.com\/site\/wp-content\/uploads\/2016\/07\/nicaragua-travel-guide-region-atlantico-norte-de-nicaragua-tour-wailwas-siuna-600x776.jpg 600w\" sizes=\"(max-width: 2975px) 100vw, 2975px\" \/><\/strong><\/td>\n<\/tr>\n<tr style=\"height: 21px;\">\n<td style=\"height: 21px; width: 1077.666748046875px; background-color: #cafabb;\" valign=\"top\" bgcolor=\"#009900\">\n<ul>\n<li><strong>Ca\u00f1\u00f3n\u00a0Labu<\/strong><\/li>\n<\/ul>\n<\/td>\n<\/tr>\n<tr style=\"height: 21px;\">\n<td style=\"height: 21px; width: 1077.666748046875px;\" valign=\"top\" bgcolor=\"#009900\"><img loading=\"lazy\" decoding=\"async\" class=\"wp-image-12774 alignleft\" src=\"http:\/\/nicaragua-travel-guide.com\/site\/wp-content\/uploads\/2016\/07\/nicaragua-travel-guide-region-atlantico-norte-tours-canon-labu-siuna.jpg\" alt=\"nicaragua travel guide region atlantico norte tours canon labu siuna\" width=\"1079\" height=\"1441\" \/><\/td>\n<\/tr>\n<tr style=\"height: 21px;\">\n<td style=\"height: 21px; width: 1077.666748046875px; background-color: #cafabb;\" bgcolor=\"#339900\">Por mayor informaci\u00f3n y reservaci\u00f3n \u00a0 \u00a0\u00a0<strong>Contactarnos<\/strong><\/td>\n<\/tr>\n<\/tbody>\n<\/table>\n","protected":false},"excerpt":{"rendered":"<p>SIUNA- RAAN -Turismo- Visitas Guiadas \u00a0 \u00a0 \u00a0 \u00a0 \u00a0 \u00a0Cerro Saslaya Reserva Natural (Paquete de 5 d\u00edas) Visita guiada Wailwas Ca\u00f1\u00f3n\u00a0Labu Por mayor informaci\u00f3n y reservaci\u00f3n \u00a0 \u00a0\u00a0Contactarnos<\/p>\n","protected":false},"author":2,"featured_media":0,"parent":0,"menu_order":0,"comment_status":"closed","ping_status":"closed","template":"","meta":{"footnotes":""},"_links":{"self":[{"href":"https:\/\/nicaragua-travel-guide.com\/site\/wp-json\/wp\/v2\/pages\/7623"}],"collection":[{"href":"https:\/\/nicaragua-travel-guide.com\/site\/wp-json\/wp\/v2\/pages"}],"about":[{"href":"https:\/\/nicaragua-travel-guide.com\/site\/wp-json\/wp\/v2\/types\/page"}],"author":[{"embeddable":true,"href":"https:\/\/nicaragua-travel-guide.com\/site\/wp-json\/wp\/v2\/users\/2"}],"replies":[{"embeddable":true,"href":"https:\/\/nicaragua-travel-guide.com\/site\/wp-json\/wp\/v2\/comments?post=7623"}],"version-history":[{"count":14,"href":"https:\/\/nicaragua-travel-guide.com\/site\/wp-json\/wp\/v2\/pages\/7623\/revisions"}],"predecessor-version":[{"id":12786,"href":"https:\/\/nicaragua-travel-guide.com\/site\/wp-json\/wp\/v2\/pages\/7623\/revisions\/12786"}],"wp:attachment":[{"href":"https:\/\/nicaragua-travel-guide.com\/site\/wp-json\/wp\/v2\/media?parent=7623"}],"curies":[{"name":"wp","href":"https:\/\/api.w.org\/{rel}","templated":true}]}}