{"id":7657,"date":"2016-07-22T17:25:20","date_gmt":"2016-07-22T17:25:20","guid":{"rendered":"http:\/\/nicaragua-travel-guide.com\/site\/?page_id=7657"},"modified":"2016-07-22T17:52:02","modified_gmt":"2016-07-22T17:52:02","slug":"paquetes-visitas-turisticas-guiadas-combos-a-su-eleccion-en-granada","status":"publish","type":"page","link":"https:\/\/nicaragua-travel-guide.com\/site\/paquetes-visitas-turisticas-guiadas-combos-a-su-eleccion-en-granada\/","title":{"rendered":"Paquetes visitas tur\u00edsticas guiadas Combos a su elecci\u00f3n en Granada"},"content":{"rendered":"<table border=\"0\" width=\"1013\">\n<tbody>\n<tr style=\"height: 21px;\">\n<td style=\"height: 21px;\" valign=\"top\"><strong><img loading=\"lazy\" decoding=\"async\" class=\"alignnone size-full wp-image-5124\" src=\"http:\/\/nicaragua-travel-guide.com\/site\/wp-content\/uploads\/2016\/06\/header-guia-de-actividades-alquiler-de-carros.jpg\" alt=\"header guia de actividades alquiler de carros\" width=\"1025\" height=\"345\" srcset=\"https:\/\/nicaragua-travel-guide.com\/site\/wp-content\/uploads\/2016\/06\/header-guia-de-actividades-alquiler-de-carros.jpg 1025w, https:\/\/nicaragua-travel-guide.com\/site\/wp-content\/uploads\/2016\/06\/header-guia-de-actividades-alquiler-de-carros-600x202.jpg 600w\" sizes=\"(max-width: 1025px) 100vw, 1025px\" \/><\/strong><\/td>\n<\/tr>\n<tr style=\"height: 21px;\">\n<td style=\"height: 21px;\" valign=\"top\"><strong>Paquetes visita guiada \u00a0a su elecci\u00f3n en Granada Nicaragua<\/strong><\/td>\n<\/tr>\n<tr style=\"height: 21px;\">\n<td style=\"height: 21px;\" valign=\"top\"><strong>Dise\u00f1amos paquetes tur\u00edsticos a su elecci\u00f3n desde el mas lujoso hasta lo mas econ\u00f3mico, por estad\u00edas por horas, medio d\u00eda, todo el d\u00eda, varios d\u00edas y semanas, elaboramos un itinerario incluyendo el o los destinos que usted quiere visitar, las actividades que usted quiere realizar e incluso el tipo de hotel donde se desee hospedar y el tipo de transporte reservacion y organizaci\u00f3n de eventos y actividades tur\u00edsticas.<\/strong><\/td>\n<\/tr>\n<tr style=\"height: 831.892px;\">\n<td style=\"height: 831.892px;\" valign=\"top\">En un Viaje a la medida usted b\u00e1sicamente dise\u00f1a el viaje o circuito a su gusto donde puede escoger:<br \/>\n<strong>1 &#8211;<\/strong> Seleccionar la regi\u00f3n y destinos de Nicaragua que desea visitar: regi\u00f3n del Pacifico, regi\u00f3n central o atl\u00e1ntico.<br \/>\n<strong>2 &#8211;<\/strong> seleccionar tipo de Transporte ( Mini Van, Auto de alquiler, avi\u00f3n, etc&#8230;)<br \/>\n<strong>3 &#8211;<\/strong> Ver <a href=\"http:\/\/www.nicaragua-travel-guide.com\/guiadeactividades.html\">Guia de Acitvidades<\/a> y seleccionar lo que desea realizar.<br \/>\n<strong>4 &#8211;<\/strong> Seleccionar tipo de Hotel ( resort, peque\u00f1o y acogedor, lujo, econ\u00f3mico,etc&#8230; )<\/p>\n<p>&nbsp;<\/p>\n<p><strong>Por favor\u00a0env\u00edenos\u00a0un correo indicando:<\/strong><br \/>\n<strong>A)<\/strong> Numero de personas<br \/>\n<strong>B)<\/strong> Fechas de su viaje (estimadas o seguras)<br \/>\n<strong>C)<\/strong> Destinos que desea visitar?<\/p>\n<p>&nbsp;<\/p>\n<ul>\n<li>UN TOUR LARGO<\/li>\n<li>DOS TOURS<\/li>\n<li>TRES TOURS<\/li>\n<li>CUATRO TOURS<\/li>\n<\/ul>\n<p>&nbsp;<\/p>\n<ul>\n<li>Servicio de Gu\u00eda por horas<\/li>\n<\/ul>\n<p>A) Canopy +Kayaks<\/p>\n<p>B) Volcan Mombacho \u00a0+\u00a0Comunidades Rurales<\/p>\n<p>C) Las Isletas en Lancha \u00a0+\u00a0Isla de Zapatera \/ Arqueolog\u00eda<\/p>\n<p>D) Kayas+\u00a0Las Isletas en lancha<\/p>\n<p>E) Canopy \u00a0 +\u00a0Volc\u00e1n Mombacho<\/p>\n<p>F) Volc\u00e1n Mombacho \u00a0 +\u00a0Ciudad de Granada<\/p>\n<p>G) La ciudad \u00a0+ 2 Museos de arqueolog\u00eda<\/p>\n<p>H) \u00a0La ciudad tour religioso + Viacrucis en lancha<\/p>\n<p>I) La ciudad + \u00a0Berlina + \u00a0las Isletas<\/p>\n<p>J) La ciudad \u00a0+ los pueblos<\/td>\n<\/tr>\n<tr style=\"height: 3px;\">\n<td style=\"height: 3px;\" valign=\"top\"><\/td>\n<\/tr>\n<tr style=\"height: 3px;\">\n<td style=\"height: 3px;\" valign=\"top\">Por mayor informaci\u00f3n y reservaci\u00f3n <strong>Contactarnos<\/strong><\/td>\n<\/tr>\n<\/tbody>\n<\/table>\n","protected":false},"excerpt":{"rendered":"<p>Paquetes visita guiada \u00a0a su elecci\u00f3n en Granada Nicaragua Dise\u00f1amos paquetes tur\u00edsticos a su elecci\u00f3n desde el mas lujoso hasta lo mas econ\u00f3mico, por estad\u00edas por horas, medio d\u00eda, todo el d\u00eda, varios d\u00edas y semanas, elaboramos un itinerario incluyendo el o los destinos que usted quiere visitar, las actividades que usted quiere realizar e [&hellip;]<\/p>\n","protected":false},"author":2,"featured_media":0,"parent":0,"menu_order":0,"comment_status":"closed","ping_status":"closed","template":"","meta":{"footnotes":""},"_links":{"self":[{"href":"https:\/\/nicaragua-travel-guide.com\/site\/wp-json\/wp\/v2\/pages\/7657"}],"collection":[{"href":"https:\/\/nicaragua-travel-guide.com\/site\/wp-json\/wp\/v2\/pages"}],"about":[{"href":"https:\/\/nicaragua-travel-guide.com\/site\/wp-json\/wp\/v2\/types\/page"}],"author":[{"embeddable":true,"href":"https:\/\/nicaragua-travel-guide.com\/site\/wp-json\/wp\/v2\/users\/2"}],"replies":[{"embeddable":true,"href":"https:\/\/nicaragua-travel-guide.com\/site\/wp-json\/wp\/v2\/comments?post=7657"}],"version-history":[{"count":5,"href":"https:\/\/nicaragua-travel-guide.com\/site\/wp-json\/wp\/v2\/pages\/7657\/revisions"}],"predecessor-version":[{"id":7662,"href":"https:\/\/nicaragua-travel-guide.com\/site\/wp-json\/wp\/v2\/pages\/7657\/revisions\/7662"}],"wp:attachment":[{"href":"https:\/\/nicaragua-travel-guide.com\/site\/wp-json\/wp\/v2\/media?parent=7657"}],"curies":[{"name":"wp","href":"https:\/\/api.w.org\/{rel}","templated":true}]}}