{"id":7702,"date":"2016-07-22T19:37:12","date_gmt":"2016-07-22T19:37:12","guid":{"rendered":"http:\/\/nicaragua-travel-guide.com\/site\/?page_id=7702"},"modified":"2016-07-22T19:42:16","modified_gmt":"2016-07-22T19:42:16","slug":"evento-especial-alquiler-o-confeccion-de-disfraz-tipico-nacional-de-fantasia-y-animalitos-mascotas-nicaragua-managua-masaya-y-granada","status":"publish","type":"page","link":"https:\/\/nicaragua-travel-guide.com\/site\/evento-especial-alquiler-o-confeccion-de-disfraz-tipico-nacional-de-fantasia-y-animalitos-mascotas-nicaragua-managua-masaya-y-granada\/","title":{"rendered":"Evento especial  \u00abAlquiler o confecci\u00f3n de disfraz t\u00edpico nacional de fantas\u00eda y animalitos mascotas\u00bb"},"content":{"rendered":"<table border=\"0\" width=\"1013\">\n<tbody>\n<tr>\n<td bgcolor=\"#FFCC00\" width=\"1007\">Alquiler y venta de disfraz y trajes folcl\u00f3ricos y confecci\u00f3n a su gusto y medida<\/td>\n<\/tr>\n<tr>\n<td valign=\"top\" bgcolor=\"#FFFFFF\" height=\"603\">Sera un gran gusto atenderle y ofrecerle nuestro servicio de alquiler y venta de trajes folcl\u00f3rico\u00a0\u00a0y disfraz para fiestas de ni\u00f1os de 3 a\u00f1os y mas edad hasta para adultos.<\/p>\n<p>Disfraces americanos traidos de los Estados Unidos:<\/p>\n<p>En la rama de\u00a0\u00a0disfraces americanos modernos para ni\u00f1os de 2, 5, 7 y 10 a\u00f1os. Tenemos animalitos:<\/p>\n<ul>\n<li>Elefante<\/li>\n<li>\u00a0Tigres<\/li>\n<li>Jirafas,<\/li>\n<li>Dinosaurio<\/li>\n<\/ul>\n<p>Ofrecemos mas estilos, nuevos trajes de fantas\u00eda para ni\u00f1os como princesitas y principitos.<\/p>\n<p>Tenemos la rama de lo tradicional y folcl\u00f3rico, inditas, h\u00fangaras, para polka, mestizaje, afrocaribe\u00f1o, para el baile del Zompopo todo de nicaragua. Folcl\u00f3ricos\u00a0\u00a0y\u00a0\u00a0de Fantas\u00eda de lujo con lentejuelas y penachos de plumas,y todos sus accesorios. ( diosas del ma\u00edz, quetzalcoalt, etc. As\u00ed tambi\u00e9n\u00a0\u00a0los Aguizotes, mitos y leyendas la muerte kirina, los diablitos, todos los personajes de el gueguense, y para comparsas.<\/p>\n<p>Ofrecemos la <strong>confecci\u00f3n de la mascara y \u00a0traje<\/strong>, a su medida y el color que le guste, d\u00edganos donde se encuentra usted, en que regi\u00f3n, as\u00ed veremos la posibilidad de entrar en contacto por medio telef\u00f3nico y hasta encontrarla para llevarla al taller de confecci\u00f3n y alquiler de trajes.<\/p>\n<p>La confecci\u00f3n de la mascara que seria suya costar\u00eda C$600 c\u00f3rdobas d\u00edgame donde esta ubicada? para reservar una cita personal y directa y por tel\u00e9fono convencional y celular.<\/p>\n<p>Puedes pagar en efectivo o directamente si desea comprarlo.<br \/>\nEl alquiler es por 24 horas se deja un deposito.<\/p>\n<p>El precio del Alquiler de cada Traje de animalitos para ni\u00f1os ( 3 a 10 a\u00f1os) con sus accesorios \u00a0es de $10 dolares o su equivalente en c\u00f3rdoba. tipo de cambio oficial.<\/p>\n<p>Folcl\u00f3rico Peque\u00f1o $15 dolares o su equivalente en c\u00f3rdobas.<br \/>\nFolcl\u00f3rico Nacional Grande: $20<\/p>\n<p>De fantas\u00eda para adulto (diosa del ma\u00edz, ) con sus accesorios sandalias, penacho y dem\u00e1s adornos C$<\/p>\n<div><\/div>\n<\/td>\n<\/tr>\n<tr>\n<td bgcolor=\"#FFCC00\" height=\"25\">Por mayor informaci\u00f3n y reservacion <strong>Contactarnos<\/strong><\/td>\n<\/tr>\n<\/tbody>\n<\/table>\n","protected":false},"excerpt":{"rendered":"<p>Alquiler y venta de disfraz y trajes folcl\u00f3ricos y confecci\u00f3n a su gusto y medida Sera un gran gusto atenderle y ofrecerle nuestro servicio de alquiler y venta de trajes folcl\u00f3rico\u00a0\u00a0y disfraz para fiestas de ni\u00f1os de 3 a\u00f1os y mas edad hasta para adultos. Disfraces americanos traidos de los Estados Unidos: En la rama [&hellip;]<\/p>\n","protected":false},"author":2,"featured_media":0,"parent":0,"menu_order":0,"comment_status":"closed","ping_status":"closed","template":"","meta":{"footnotes":""},"_links":{"self":[{"href":"https:\/\/nicaragua-travel-guide.com\/site\/wp-json\/wp\/v2\/pages\/7702"}],"collection":[{"href":"https:\/\/nicaragua-travel-guide.com\/site\/wp-json\/wp\/v2\/pages"}],"about":[{"href":"https:\/\/nicaragua-travel-guide.com\/site\/wp-json\/wp\/v2\/types\/page"}],"author":[{"embeddable":true,"href":"https:\/\/nicaragua-travel-guide.com\/site\/wp-json\/wp\/v2\/users\/2"}],"replies":[{"embeddable":true,"href":"https:\/\/nicaragua-travel-guide.com\/site\/wp-json\/wp\/v2\/comments?post=7702"}],"version-history":[{"count":3,"href":"https:\/\/nicaragua-travel-guide.com\/site\/wp-json\/wp\/v2\/pages\/7702\/revisions"}],"predecessor-version":[{"id":7705,"href":"https:\/\/nicaragua-travel-guide.com\/site\/wp-json\/wp\/v2\/pages\/7702\/revisions\/7705"}],"wp:attachment":[{"href":"https:\/\/nicaragua-travel-guide.com\/site\/wp-json\/wp\/v2\/media?parent=7702"}],"curies":[{"name":"wp","href":"https:\/\/api.w.org\/{rel}","templated":true}]}}