{"id":7753,"date":"2016-07-26T17:04:00","date_gmt":"2016-07-26T17:04:00","guid":{"rendered":"http:\/\/nicaragua-travel-guide.com\/site\/?page_id=7753"},"modified":"2016-11-01T22:20:31","modified_gmt":"2016-11-01T22:20:31","slug":"granada-hotel-dario-bar-y-restaurante-el-tranvia","status":"publish","type":"page","link":"https:\/\/nicaragua-travel-guide.com\/site\/granada-hotel-dario-bar-y-restaurante-el-tranvia\/","title":{"rendered":"Granada \u00abHotel Dario \u00abBar y Restaurante el Tranvia\u00bb"},"content":{"rendered":"<table style=\"width: 100.598%;\" cellspacing=\"0\" cellpadding=\"0\">\n<tbody>\n<tr style=\"height: 15px;\" bgcolor=\"#000000\">\n<td style=\"height: 15px; width: 55.7292%;\" valign=\"top\" bgcolor=\"#CCFF99\"><strong>Servicio de Bar y Restaurante El Tranv\u00eda<\/strong><\/td>\n<td style=\"height: 372.66666412353516px; width: 50.2708%;\" rowspan=\"3\" align=\"center\" valign=\"top\" bgcolor=\"#006633\"><img loading=\"lazy\" decoding=\"async\" class=\"alignnone size-full wp-image-13654\" src=\"http:\/\/nicaragua-travel-guide.com\/site\/wp-content\/uploads\/2016\/07\/hoteldariorestauranteltranviagranada.jpg-2.gif\" alt=\"hoteldariorestauranteltranviagranada-jpg\" width=\"574\" height=\"371\" \/><\/p>\n<p>&nbsp;<\/p>\n<p><strong>Ver Men\u00fa<\/strong><\/td>\n<\/tr>\n<tr style=\"height: 5px;\" bgcolor=\"#000000\">\n<td style=\"height: 5px; width: 55.7292%;\" valign=\"top\" bgcolor=\"#006633\"><strong>Descripci\u00f3n<\/strong><\/td>\n<\/tr>\n<tr style=\"height: 352.66666412353516px;\" bgcolor=\"#000000\">\n<td style=\"height: 513.6666641235352px; width: 55.7292%;\" rowspan=\"2\" valign=\"top\" bgcolor=\"#006633\">\n<table style=\"width: 649.243px;\" border=\"0\">\n<tbody>\n<tr>\n<td style=\"width: 649.243px;\" bgcolor=\"#CCFF99\">Siempre pensando en el confort y la satisfacci\u00f3n de nuestros hu\u00e9spedes, \u00abRestaurante El Tranv\u00eda\u00bb es la propuesta Gourmet que Hotel Dar\u00edo les hace.<\/p>\n<p>&nbsp;<\/p>\n<p>Nuestro Staff lo integran un Chef, especialista en cocina Caribe\u00f1a, latina y gourmet internacional, un Repostero y un parrillero. Los meseros son discretos y eficientes.<\/p>\n<p>&nbsp;<\/p>\n<p>El vino es excelente y la mesa generosa.<\/p>\n<p>&nbsp;<\/p>\n<p>El Tranv\u00eda es un peque\u00f1o sal\u00f3n acogedor, sobrio y elegante situado en el <strong><a href=\"http:\/\/nicaragua-travel-guide.com\/site\/granada-hotel-dario\/\">Hotel Dar\u00edo.<\/a><\/strong><\/p>\n<p>&nbsp;<\/p>\n<p>El local est\u00e1 ubicado en el antiguo gran sal\u00f3n de una mansi\u00f3n colonial totalmente equipada con muebles y la apropiada decoraci\u00f3n y servicio.<\/p>\n<p>&nbsp;<\/p>\n<p>La especialidad de la casa son las carnes, mariscos, comida gourmet internacional y la regional nicarag\u00fcense. La carta consta de los mejores vinos espa\u00f1oles y chilenos, y completa la calidad del servicio un personal profesional y atento.<\/td>\n<\/tr>\n<tr bgcolor=\"#000000\">\n<td style=\"width: 649.243px;\" valign=\"top\" bgcolor=\"#006633\">&nbsp;<\/p>\n<ul>\n<li><a href=\"http:\/\/nicaragua-travel-guide.com\/site\/guia-de-restaurantes-bar-y-cafeterias-servicio-de-alimentos-y-bebidas-en-granada-y-sus-alrededores\/\">&lt;&lt; Volver a donde comer en Granada y sus alrededores<\/a><\/li>\n<li><a href=\"http:\/\/nicaragua-travel-guide.com\/site\/guia-de-hoteles-alojamiento-donde-dormir-en-granada-y-sus-alrededores\/\">&lt;&lt; donde dormir en Granada y sus alrededores<\/a><\/li>\n<li><a href=\"http:\/\/nicaragua-travel-guide.com\/site\/granada\/\">&lt;&lt; Volver a Granada<\/a><\/li>\n<li>Por mayor informaci\u00f3n y reservacion <a href=\"http:\/\/nicaragua-travel-guide.com\/site\/contactanos\/\"><b>Contactarnos<\/b><\/a><\/li>\n<\/ul>\n<\/td>\n<\/tr>\n<\/tbody>\n<\/table>\n<\/td>\n<\/tr>\n<tr style=\"height: 161px;\" bgcolor=\"#000000\">\n<td style=\"height: 161px; width: 50.2708%;\" align=\"center\" valign=\"middle\" bgcolor=\"#CCFF99\">Nuestra carta es amplia, en ella encontrara aperitivos fr\u00edos y calientes. Ensaladas, sopas y una variedad de platillos ex\u00f3ticos mezcla del sabor caribe y la saz\u00f3n latina.<br \/>\nNuestros platillos son preparados con productos de primera calidad y hay quienes los han catalogado como verdaderas fantas\u00edas culinarias.<br \/>\nQue hoy por hoy nos permiten gozar de un muy buen nombre.<\/td>\n<\/tr>\n<\/tbody>\n<\/table>\n","protected":false},"excerpt":{"rendered":"<p>Servicio de Bar y Restaurante El Tranv\u00eda &nbsp; Ver Men\u00fa Descripci\u00f3n Siempre pensando en el confort y la satisfacci\u00f3n de nuestros hu\u00e9spedes, \u00abRestaurante El Tranv\u00eda\u00bb es la propuesta Gourmet que Hotel Dar\u00edo les hace. &nbsp; Nuestro Staff lo integran un Chef, especialista en cocina Caribe\u00f1a, latina y gourmet internacional, un Repostero y un parrillero. Los [&hellip;]<\/p>\n","protected":false},"author":2,"featured_media":0,"parent":0,"menu_order":0,"comment_status":"closed","ping_status":"closed","template":"","meta":{"footnotes":""},"_links":{"self":[{"href":"https:\/\/nicaragua-travel-guide.com\/site\/wp-json\/wp\/v2\/pages\/7753"}],"collection":[{"href":"https:\/\/nicaragua-travel-guide.com\/site\/wp-json\/wp\/v2\/pages"}],"about":[{"href":"https:\/\/nicaragua-travel-guide.com\/site\/wp-json\/wp\/v2\/types\/page"}],"author":[{"embeddable":true,"href":"https:\/\/nicaragua-travel-guide.com\/site\/wp-json\/wp\/v2\/users\/2"}],"replies":[{"embeddable":true,"href":"https:\/\/nicaragua-travel-guide.com\/site\/wp-json\/wp\/v2\/comments?post=7753"}],"version-history":[{"count":22,"href":"https:\/\/nicaragua-travel-guide.com\/site\/wp-json\/wp\/v2\/pages\/7753\/revisions"}],"predecessor-version":[{"id":13655,"href":"https:\/\/nicaragua-travel-guide.com\/site\/wp-json\/wp\/v2\/pages\/7753\/revisions\/13655"}],"wp:attachment":[{"href":"https:\/\/nicaragua-travel-guide.com\/site\/wp-json\/wp\/v2\/media?parent=7753"}],"curies":[{"name":"wp","href":"https:\/\/api.w.org\/{rel}","templated":true}]}}