{"id":7756,"date":"2016-07-26T17:08:12","date_gmt":"2016-07-26T17:08:12","guid":{"rendered":"http:\/\/nicaragua-travel-guide.com\/site\/?page_id=7756"},"modified":"2016-11-01T22:35:53","modified_gmt":"2016-11-01T22:35:53","slug":"granada-hotel-dario-coffee-shop-chocolate","status":"publish","type":"page","link":"https:\/\/nicaragua-travel-guide.com\/site\/granada-hotel-dario-coffee-shop-chocolate\/","title":{"rendered":"Granada Hotel Dario \u00abCoffee Shop Chocolate\u00bb"},"content":{"rendered":"<table style=\"width: 1054px;\" border=\"0\">\n<tbody>\n<tr style=\"height: 299px;\">\n<td style=\"width: 1056.22px; height: 525.3333740234375px;\" colspan=\"2\" rowspan=\"3\" valign=\"top\" bgcolor=\"#FFCC99\"><strong>Cafeter\u00eda\u00a0Chocolate Coffe Shop<\/strong><\/p>\n<p>&nbsp;<\/p>\n<p>&nbsp;<\/p>\n<p><strong>Descripci\u00f3n:<\/strong><\/p>\n<p>&nbsp;<\/p>\n<p>El Chocolate Coffee Shop es un rinc\u00f3n especial en el Hotel Dario donde se puede disfrutar del mejor caf\u00e9 de la ciudad de Granada, adem\u00e1s de un sin n\u00famero de bebidas ex\u00f3ticas preparadas a base de caf\u00e9 y chocolate.<\/p>\n<p>&nbsp;<\/p>\n<p>En el local tambi\u00e9n se ofrecen zumos de fruta fresca, smoothies, batidos, cocteles y una extensa selecci\u00f3n de los mejores licores nacionales y extranjeros. Adem\u00e1s, el men\u00fa incluye s\u00e1ndwiches, bocadillos, ensaladas, comida ligera y reposter\u00eda fina de alta calidad y sabor.<\/p>\n<p>&nbsp;<\/p>\n<p>Lugar sobrio y elegante en el que convergen el buen gusto arquitect\u00f3nico que hacen de su Hotel Dar\u00edo la mejor elecci\u00f3n hotelera de la Ciudad de Granada.<br \/>\nHemos apartado lo que fuera el Gran Sal\u00f3n de la antigua mansi\u00f3n colonial y creado su \u201cCafeter\u00eda Chocolate\u201d.<\/p>\n<p>&nbsp;<\/p>\n<p>Aqu\u00ed se sirve el mejor caf\u00e9, un buen chocolate y una estupenda variedad de de emparedados, Ensaladas, Reposter\u00eda Fina y Tapas Espa\u00f1olas.<\/p>\n<p>En nuestra carta de desayunos encontrara desde el tradicional Gallo pinto hasta Omelets, croissants y panqueques.<\/p>\n<p>En bebidas podr\u00e1 disfrutar de las mas ex\u00f3ticas frutas tropicales en Smoothies, Batidos, zumos y platos de frutas frescas.<\/p>\n<p>Estamos abiertos todos los d\u00edas del a\u00f1o.<\/p>\n<p>Desde las 6:30 AM hasta las 10:00.<\/p>\n<p>Les esperamos\u2026.<\/p>\n<p>&nbsp;<\/td>\n<td style=\"width: 305.17px; height: 299px;\" valign=\"top\" bgcolor=\"#330000\">\u00a0<img loading=\"lazy\" decoding=\"async\" class=\"wp-image-13659 alignleft\" src=\"http:\/\/nicaragua-travel-guide.com\/site\/wp-content\/uploads\/2016\/07\/cacaobarras.jpg\" alt=\"cacaobarras\" width=\"317\" height=\"302\" \/><\/td>\n<\/tr>\n<tr style=\"height: 189px;\">\n<td style=\"width: 305.17px; height: 189px;\" align=\"center\" valign=\"top\" bgcolor=\"#330000\"><img loading=\"lazy\" decoding=\"async\" class=\"alignnone  wp-image-13660\" src=\"http:\/\/nicaragua-travel-guide.com\/site\/wp-content\/uploads\/2016\/07\/comihoteldariodesalluno.jpg\" alt=\"comihoteldariodesalluno\" width=\"310\" height=\"222\" \/><\/td>\n<\/tr>\n<tr style=\"height: 37.3333740234375px;\">\n<td style=\"width: 305.17px; height: 37.3333740234375px;\" bgcolor=\"#FFCC99\"><img loading=\"lazy\" decoding=\"async\" class=\"wp-image-13658 aligncenter\" src=\"http:\/\/nicaragua-travel-guide.com\/site\/wp-content\/uploads\/2016\/07\/comihoteldariopostres.jpg.gif\" alt=\"comihoteldariopostres-jpg\" width=\"295\" height=\"197\" srcset=\"https:\/\/nicaragua-travel-guide.com\/site\/wp-content\/uploads\/2016\/07\/comihoteldariopostres.jpg.gif 256w, https:\/\/nicaragua-travel-guide.com\/site\/wp-content\/uploads\/2016\/07\/comihoteldariopostres.jpg-180x120.gif 180w\" sizes=\"(max-width: 295px) 100vw, 295px\" \/><\/p>\n<p><strong>\u00a0 \u00a0 \u00a0 \u00a0 \u00a0 \u00a0 \u00a0 \u00a0 \u00a0 \u00a0 VER EL \u00a0MENU<\/strong><\/td>\n<\/tr>\n<tr style=\"height: 21px;\">\n<td style=\"width: 504px; height: 21px;\" valign=\"top\" bgcolor=\"#FFCC99\">\u00a0<a href=\"http:\/\/nicaragua-travel-guide.com\/site\/granada-hotel-dario-bar-y-restaurante-el-tranvia\/\"><strong>&lt;&lt; Restaurante El Tranv\u00eda<\/strong><\/a><\/td>\n<td style=\"width: 857.392px; height: 21px;\" colspan=\"2\" valign=\"top\" bgcolor=\"#FFCC99\"><a href=\"http:\/\/nicaragua-travel-guide.com\/site\/granada-hotel-dario\/\">&lt;&lt; Hotel Dario<\/a><\/td>\n<\/tr>\n<tr style=\"height: 21px;\">\n<td style=\"width: 504px; height: 21px;\" colspan=\"3\" valign=\"top\" bgcolor=\"#FFCC99\"><\/td>\n<\/tr>\n<tr style=\"height: 21px;\">\n<td style=\"width: 504px; height: 21px;\" valign=\"top\" bgcolor=\"#FFCC99\">Por mayor informaci\u00f3n y reservacion <a href=\"http:\/\/nicaragua-travel-guide.com\/site\/contactanos\/\"><strong>Contactarnos<\/strong><\/a><\/td>\n<td style=\"width: 857.392px; height: 21px;\" colspan=\"2\" valign=\"top\" bgcolor=\"#FFCC99\"><a href=\"http:\/\/nicaragua-travel-guide.com\/site\/guia-de-restaurantes-bar-y-cafeterias-servicio-de-alimentos-y-bebidas-en-granada-y-sus-alrededores\/\">&lt;&lt; Donde Comer en Granada y sus alrededores<\/a><\/td>\n<\/tr>\n<tr style=\"height: 21px;\">\n<td style=\"width: 504px; height: 21px;\" valign=\"top\" bgcolor=\"#FFCC99\"><a href=\"http:\/\/nicaragua-travel-guide.com\/site\/granada\/\">&lt;&lt; Volver a Granada<\/a><\/td>\n<td style=\"width: 857.392px; height: 21px;\" colspan=\"2\" valign=\"top\" bgcolor=\"#FFCC99\"><a href=\"http:\/\/nicaragua-travel-guide.com\/site\/guia-de-hoteles-alojamiento-donde-dormir-en-granada-y-sus-alrededores\/\">&lt;&lt; Donde Dormir en Granada y sus Alrededores<\/a><\/td>\n<\/tr>\n<\/tbody>\n<\/table>\n","protected":false},"excerpt":{"rendered":"<p>Cafeter\u00eda\u00a0Chocolate Coffe Shop &nbsp; &nbsp; Descripci\u00f3n: &nbsp; El Chocolate Coffee Shop es un rinc\u00f3n especial en el Hotel Dario donde se puede disfrutar del mejor caf\u00e9 de la ciudad de Granada, adem\u00e1s de un sin n\u00famero de bebidas ex\u00f3ticas preparadas a base de caf\u00e9 y chocolate. &nbsp; En el local tambi\u00e9n se ofrecen zumos de [&hellip;]<\/p>\n","protected":false},"author":2,"featured_media":0,"parent":0,"menu_order":0,"comment_status":"closed","ping_status":"closed","template":"","meta":{"footnotes":""},"_links":{"self":[{"href":"https:\/\/nicaragua-travel-guide.com\/site\/wp-json\/wp\/v2\/pages\/7756"}],"collection":[{"href":"https:\/\/nicaragua-travel-guide.com\/site\/wp-json\/wp\/v2\/pages"}],"about":[{"href":"https:\/\/nicaragua-travel-guide.com\/site\/wp-json\/wp\/v2\/types\/page"}],"author":[{"embeddable":true,"href":"https:\/\/nicaragua-travel-guide.com\/site\/wp-json\/wp\/v2\/users\/2"}],"replies":[{"embeddable":true,"href":"https:\/\/nicaragua-travel-guide.com\/site\/wp-json\/wp\/v2\/comments?post=7756"}],"version-history":[{"count":16,"href":"https:\/\/nicaragua-travel-guide.com\/site\/wp-json\/wp\/v2\/pages\/7756\/revisions"}],"predecessor-version":[{"id":13661,"href":"https:\/\/nicaragua-travel-guide.com\/site\/wp-json\/wp\/v2\/pages\/7756\/revisions\/13661"}],"wp:attachment":[{"href":"https:\/\/nicaragua-travel-guide.com\/site\/wp-json\/wp\/v2\/media?parent=7756"}],"curies":[{"name":"wp","href":"https:\/\/api.w.org\/{rel}","templated":true}]}}