{"id":7758,"date":"2016-07-26T17:11:26","date_gmt":"2016-07-26T17:11:26","guid":{"rendered":"http:\/\/nicaragua-travel-guide.com\/site\/?page_id=7758"},"modified":"2016-09-16T20:27:53","modified_gmt":"2016-09-16T20:27:53","slug":"granada-hotel-granada","status":"publish","type":"page","link":"https:\/\/nicaragua-travel-guide.com\/site\/granada-hotel-granada\/","title":{"rendered":"Granada \u00abHotel Granada\u00bb"},"content":{"rendered":"<table style=\"width: 1010px;\" border=\"0\">\n<tbody>\n<tr style=\"height: 7px;\">\n<td style=\"height: 7px; width: 949px;\" colspan=\"2\" valign=\"top\" bgcolor=\"#FF6600\"><img loading=\"lazy\" decoding=\"async\" class=\"alignnone wp-image-13515\" src=\"http:\/\/nicaragua-travel-guide.com\/site\/wp-content\/uploads\/2016\/07\/Nicaragua-travel-guide-Granada-Hotel-Granada-header.jpg\" alt=\"nicaragua-travel-guide-granada-hotel-granada-header\" width=\"1006\" height=\"352\" \/><\/td>\n<\/tr>\n<tr style=\"height: 6px;\">\n<td style=\"height: 6px; width: 949px;\" colspan=\"2\" bgcolor=\"#FFFF00\">\n<table border=\"0\" width=\"1003\">\n<tbody>\n<tr style=\"height: 6.45486px;\">\n<td style=\"height: 6.45486px;\" bgcolor=\"#FF6600\" width=\"997\"><strong>Bienvenidos a Hotel Granada Nicaragua<\/strong><\/td>\n<\/tr>\n<\/tbody>\n<\/table>\n<\/td>\n<\/tr>\n<tr style=\"height: 136px;\">\n<td style=\"height: 136px; width: 600.6666870117188px;\" bgcolor=\"#CCCC00\">Nos encontramos ubicados en una \u00e1rea muy tranquila, rodeado de casas coloniales y centros de entrenimiento, al final de la calle La Calzada, frente a la iglesia de Guadalupe.<\/p>\n<p>El Hotel Granada se encuentra muy cerca del Lago de Nicaragua (o Cocibolca) y a s\u00f3lo cuatro cuadras del centro de la ciudad. Es, adem\u00e1s, el local m\u00e1s grande de y uno de los m\u00e1s antiguos de la ciudad.<\/td>\n<td style=\"height: 434px; width: 348.33331298828125px;\" rowspan=\"3\" valign=\"top\"><img loading=\"lazy\" decoding=\"async\" class=\"alignnone size-medium wp-image-13513\" src=\"http:\/\/nicaragua-travel-guide.com\/site\/wp-content\/uploads\/2016\/07\/hotelgranadatorre.jpg\" alt=\"hotelgranadatorre\" width=\"320\" height=\"478\" \/><\/td>\n<\/tr>\n<tr style=\"height: 27px;\">\n<td style=\"height: 27px; width: 600.6666870117188px;\" bgcolor=\"#006600\">Descripci\u00f3n:<\/td>\n<\/tr>\n<tr style=\"height: 271px;\">\n<td style=\"height: 271px; width: 600.6666870117188px;\" bgcolor=\"#CCCC33\">\n<p align=\"justify\">Esta fortaleza colonial, ubicada en el centro hist\u00f3rico de la ciudad, inici\u00f3 operaciones en 1976. Es el Hotel m\u00e1s grande de la ciudad, visitarnos es toda una experiencia, nuestras puertas est\u00e1n siempre abiertas para recibirlos como ustedes lo merecen.<\/p>\n<p align=\"justify\">El hotel Granada ofrece en la actualidad 46 habitaciones confortables y elegantes dise\u00f1adas con estilo colonial, todas cuentan con aire acondicionado ba\u00f1o privado y televisi\u00f3n por cable 14 de ellas son junior suite, una suite con terraza con capacidad para seis personas y 8 habitaciones son colonial king tambi\u00e9n hay 5 junior suites deluxe, 21 junior suites, 8 colonial king y 12 habitaciones est\u00e1ndar el hotel tiene 46 habitaciones a su disposici\u00f3n.<\/p>\n<p align=\"justify\">Al entrar a nuestro hotel encontrara un elegante lobby con una tranquila fuente al centro y en recepci\u00f3n, nuestros ejecutivos, dispuestos a servirle 24 horas al d\u00eda.<\/p>\n<\/td>\n<\/tr>\n<tr style=\"height: 35px;\">\n<td style=\"height: 35px; width: 600.6666870117188px;\" bgcolor=\"#006600\">Centro de Convenciones<\/td>\n<td style=\"height: 86.666748046875px; width: 348.33331298828125px;\" rowspan=\"3\" valign=\"top\"><img loading=\"lazy\" decoding=\"async\" class=\"alignnone size-medium wp-image-13503\" src=\"http:\/\/nicaragua-travel-guide.com\/site\/wp-content\/uploads\/2016\/07\/hotelgranadacenaconvencion.jpg\" alt=\"hotelgranadacenaconvencion\" width=\"320\" height=\"457\" \/><\/td>\n<\/tr>\n<tr style=\"height: 26.666748046875px;\">\n<td style=\"height: 26.666748046875px; width: 600.6666870117188px;\" bgcolor=\"#CCCC00\">\n<table style=\"width: 676.3333740234375px;\" border=\"0\">\n<tbody>\n<tr style=\"height: 68px;\">\n<td style=\"height: 68px; width: 668.3333740234375px;\">Adem\u00e1s, tiene <a href=\"http:\/\/nicaragua-travel-guide.com\/site\/granada-hotel-granada-centro-de-convenciones\/\"><strong>Centro de Convenciones<\/strong><\/a> salas de conferencias con capacidad para 75 personas, tambi\u00e9n hay un sal\u00f3n mayor para eventos de 600 personas y en la parte interior del hotel se cuenta con un espacio para un evento masivo de hasta 850 personas.<\/td>\n<\/tr>\n<tr style=\"height: 217px;\">\n<td style=\"height: 217px; width: 668.3333740234375px;\">Hotel Granada cuanta con un Bar &#8211; Restaurante y Cafeter\u00eda en la parte frontal;<\/p>\n<p><a href=\"http:\/\/nicaragua-travel-guide.com\/site\/granada-hotel-granada-bar-restaurant-trattoria\/\"><strong>\u00abTrattoria Garivaldi\u00bb<\/strong><\/a> y en el segundo piso el Restaurante Terraza con servicio de desayunos, comidas Buffet.<\/p>\n<p><strong>Ver Men\u00fa<\/strong><\/p>\n<ul>\n<li>Desayuno Continental Incluido a los hu\u00e9spedes del hotel<\/li>\n<li>Impuestos de venta (15%)<\/li>\n<\/ul>\n<\/td>\n<\/tr>\n<\/tbody>\n<\/table>\n<p>&nbsp;<\/td>\n<\/tr>\n<tr style=\"height: 25px;\">\n<td style=\"height: 25px; width: 600.6666870117188px;\" bgcolor=\"#006600\">Habitaciones en Hotel Granada<\/td>\n<\/tr>\n<tr style=\"height: 219px;\">\n<td style=\"height: 219px; width: 949px;\" colspan=\"2\">\n<table style=\"width: 1002px;\" border=\"0\">\n<tbody>\n<tr>\n<td style=\"width: 332.3333435058594px;\" bgcolor=\"#CCCC00\">El Hotel Granada ofrece en la actualidad habitaciones confortables y elegantes dise\u00f1adas al estilo colonial. Tenemos 14 Junior Suites, 8 Colonial King y 12 habitaciones est\u00e1ndar, y continuamos en el proceso de remodelaci\u00f3n.<\/td>\n<td style=\"width: 325.6666564941406px;\" bgcolor=\"#CCCC00\"><img loading=\"lazy\" decoding=\"async\" class=\"alignnone wp-image-13509\" src=\"http:\/\/nicaragua-travel-guide.com\/site\/wp-content\/uploads\/2016\/07\/hotelgranadapasillo.jpg\" alt=\"hotelgranadapasillo\" width=\"320\" height=\"214\" srcset=\"https:\/\/nicaragua-travel-guide.com\/site\/wp-content\/uploads\/2016\/07\/hotelgranadapasillo.jpg 320w, https:\/\/nicaragua-travel-guide.com\/site\/wp-content\/uploads\/2016\/07\/hotelgranadapasillo-180x120.jpg 180w\" sizes=\"(max-width: 320px) 100vw, 320px\" \/><\/td>\n<td style=\"width: 347px;\" bgcolor=\"#CCCC00\"><img loading=\"lazy\" decoding=\"async\" class=\"alignnone  wp-image-13504\" src=\"http:\/\/nicaragua-travel-guide.com\/site\/wp-content\/uploads\/2016\/07\/hotelgranadacorredorinterior.jpg\" alt=\"hotelgranadacorredorinterior\" width=\"328\" height=\"217\" srcset=\"https:\/\/nicaragua-travel-guide.com\/site\/wp-content\/uploads\/2016\/07\/hotelgranadacorredorinterior.jpg 350w, https:\/\/nicaragua-travel-guide.com\/site\/wp-content\/uploads\/2016\/07\/hotelgranadacorredorinterior-180x120.jpg 180w\" sizes=\"(max-width: 328px) 100vw, 328px\" \/><\/td>\n<\/tr>\n<\/tbody>\n<\/table>\n<\/td>\n<\/tr>\n<tr style=\"height: 21px;\">\n<td style=\"height: 21px; width: 949px;\" colspan=\"2\" bgcolor=\"#006600\"><\/td>\n<\/tr>\n<tr style=\"height: 32px;\">\n<td style=\"height: 32px; width: 949px;\" colspan=\"2\">\n<table border=\"0\" width=\"999\">\n<tbody>\n<tr>\n<td width=\"335\"><img loading=\"lazy\" decoding=\"async\" class=\"alignnone wp-image-13508\" src=\"http:\/\/nicaragua-travel-guide.com\/site\/wp-content\/uploads\/2016\/07\/hotelgranadahabitestandar.jpg\" alt=\"hotelgranadahabitestandar\" width=\"329\" height=\"220\" srcset=\"https:\/\/nicaragua-travel-guide.com\/site\/wp-content\/uploads\/2016\/07\/hotelgranadahabitestandar.jpg 227w, https:\/\/nicaragua-travel-guide.com\/site\/wp-content\/uploads\/2016\/07\/hotelgranadahabitestandar-180x120.jpg 180w\" sizes=\"(max-width: 329px) 100vw, 329px\" \/><\/td>\n<td width=\"340\"><img loading=\"lazy\" decoding=\"async\" class=\"alignnone wp-image-13501\" src=\"http:\/\/nicaragua-travel-guide.com\/site\/wp-content\/uploads\/2016\/07\/hotelgranadhabitacioncamadobles.jpg\" alt=\"hotelgranadhabitacioncamadobles\" width=\"367\" height=\"246\" srcset=\"https:\/\/nicaragua-travel-guide.com\/site\/wp-content\/uploads\/2016\/07\/hotelgranadhabitacioncamadobles.jpg 227w, https:\/\/nicaragua-travel-guide.com\/site\/wp-content\/uploads\/2016\/07\/hotelgranadhabitacioncamadobles-180x120.jpg 180w\" sizes=\"(max-width: 367px) 100vw, 367px\" \/><\/td>\n<td width=\"310\"><img loading=\"lazy\" decoding=\"async\" class=\"alignnone wp-image-13507\" src=\"http:\/\/nicaragua-travel-guide.com\/site\/wp-content\/uploads\/2016\/07\/hotelgranadahabitacionsuite.jpg\" alt=\"hotelgranadahabitacionsuite\" width=\"322\" height=\"238\" \/><\/td>\n<\/tr>\n<\/tbody>\n<\/table>\n<\/td>\n<\/tr>\n<tr style=\"height: 312px;\">\n<td style=\"height: 312px; width: 949px;\" colspan=\"2\" valign=\"top\" bgcolor=\"#CCCC00\">\n<table border=\"0\" width=\"1004\">\n<tbody>\n<tr style=\"height: 22px;\">\n<td style=\"height: 22px;\" colspan=\"5\" bgcolor=\"#006600\"><\/td>\n<\/tr>\n<tr style=\"height: 22px;\">\n<td style=\"height: 22px;\" bgcolor=\"#990000\" width=\"177\">Tipo<\/td>\n<td style=\"height: 22px;\" align=\"center\" valign=\"middle\" bgcolor=\"#990000\" width=\"116\">Precios<\/td>\n<td style=\"height: 22px;\" bgcolor=\"#990000\" width=\"90\">Hu\u00e9spedes<\/td>\n<td style=\"height: 22px;\" colspan=\"2\" align=\"left\" bgcolor=\"#990000\">Comodidades<\/td>\n<\/tr>\n<tr style=\"height: 46px;\">\n<td style=\"height: 46px;\" bgcolor=\"#FFFF66\">Habitaci\u00f3n Sencilla<\/td>\n<td style=\"height: 46px;\" bgcolor=\"#FFFF66\">US$40.25<\/td>\n<td style=\"height: 46px;\" bgcolor=\"#FFFF66\">1<\/td>\n<td style=\"height: 46px;\" bgcolor=\"#FFFF66\" width=\"291\">A\/A, TV, Ba\u00f1o Privado, Agua Caliente<\/td>\n<td style=\"height: 337.33349609375px;\" rowspan=\"7\" width=\"311\"><img loading=\"lazy\" decoding=\"async\" class=\"wp-image-13511 aligncenter\" src=\"http:\/\/nicaragua-travel-guide.com\/site\/wp-content\/uploads\/2016\/07\/hotelgranadarreglofloralmesaredonda.jpg\" alt=\"hotelgranadarreglofloralmesaredonda\" width=\"310\" height=\"310\" \/><\/td>\n<\/tr>\n<tr style=\"height: 46px;\" bgcolor=\"#FFCC66\">\n<td style=\"height: 46px;\" bgcolor=\"#CCCC33\">Suite<\/td>\n<td style=\"height: 46px;\" bgcolor=\"#CCCC33\">US$86.25<\/td>\n<td style=\"height: 46px;\" bgcolor=\"#CCCC33\">1<\/td>\n<td style=\"height: 46px;\" bgcolor=\"#CCCC33\">A\/A, TV, Ba\u00f1o Privado, Agua Caliente<\/td>\n<\/tr>\n<tr style=\"height: 46px;\" bgcolor=\"#FFCC66\">\n<td style=\"height: 46px;\" bgcolor=\"#FFFF66\">Habitaci\u00f3n Doble<\/td>\n<td style=\"height: 46px;\" bgcolor=\"#FFFF66\">US$51.75<\/td>\n<td style=\"height: 46px;\" bgcolor=\"#FFFF66\">2<\/td>\n<td style=\"height: 46px;\" bgcolor=\"#FFFF66\">A\/A, TV, Ba\u00f1o Privado, Agua Caliente<\/td>\n<\/tr>\n<tr style=\"height: 46px;\" bgcolor=\"#FFCC66\">\n<td style=\"height: 46px;\" bgcolor=\"#CCCC33\">Suite<\/td>\n<td style=\"height: 46px;\" bgcolor=\"#CCCC33\">US$103.50<\/td>\n<td style=\"height: 46px;\" bgcolor=\"#CCCC33\">2<\/td>\n<td style=\"height: 46px;\" bgcolor=\"#CCCC33\">A\/A, TV, Ba\u00f1o Privado, Agua Caliente<\/td>\n<\/tr>\n<tr style=\"height: 46px;\" bgcolor=\"#FFCC66\">\n<td style=\"height: 46px;\" bgcolor=\"#FFFF66\">Habitaci\u00f3n Triple<\/td>\n<td style=\"height: 46px;\" bgcolor=\"#FFFF66\">US$63.25<\/td>\n<td style=\"height: 46px;\" bgcolor=\"#FFFF66\">3<\/td>\n<td style=\"height: 46px;\" bgcolor=\"#FFFF66\">A\/A, TV, Ba\u00f1o Privado, Agua Caliente<\/td>\n<\/tr>\n<tr style=\"height: 46px;\" bgcolor=\"#FFCC66\">\n<td style=\"height: 46px;\" bgcolor=\"#CCCC33\">Habitaci\u00f3n Cu\u00e1druple<\/td>\n<td style=\"height: 46px;\" bgcolor=\"#CCCC33\">US$74.75<\/td>\n<td style=\"height: 46px;\" bgcolor=\"#CCCC33\">4<\/td>\n<td style=\"height: 46px;\" bgcolor=\"#CCCC33\">A\/A, TV, Ba\u00f1o Privado, Agua Caliente<\/td>\n<\/tr>\n<tr style=\"height: 61.33349609375px;\">\n<td style=\"height: 61.33349609375px;\" colspan=\"4\" bgcolor=\"#006600\">Se hacen precios especiales para grupos mayores de 10 personas.<\/p>\n<p><strong>Los precios ya incluyen impuesto y pueden variar por temporada.<\/strong><\/td>\n<\/tr>\n<tr style=\"height: 25px;\">\n<td style=\"height: 25px;\" colspan=\"5\" bgcolor=\"#990000\"><\/td>\n<\/tr>\n<\/tbody>\n<\/table>\n<\/td>\n<\/tr>\n<tr style=\"height: 100px;\">\n<td style=\"height: 100px; width: 949px;\" colspan=\"2\" bgcolor=\"#CCCC00\">\n<ul>\n<li><strong>Check In <\/strong>2:00 pm<\/li>\n<li><strong>Check Out<\/strong> 12:00 m<\/li>\n<li>Ni\u00f1os mayores de 12 a\u00f1os pagan como adultos<\/li>\n<\/ul>\n<\/td>\n<\/tr>\n<tr style=\"height: 881px;\">\n<td style=\"height: 881px; width: 949px;\" colspan=\"2\">\n<table style=\"width: 1001px;\" border=\"0\">\n<tbody>\n<tr style=\"height: 21.666748046875px;\">\n<td style=\"width: 994px; text-align: center; height: 21.666748046875px;\" colspan=\"3\" bgcolor=\"#990000\"><strong><span class=\"MenuBarItemSubmenuHover\">\u00a0 \u00a0 \u00a0 \u00a0 \u00a0 \u00a0 \u00a0 \u00a0 \u00a0 \u00a0 \u00a0 \u00a0 \u00a0 \u00a0 \u00a0 \u00a0 \u00a0 \u00a0 \u00a0 \u00a0 \u00a0 \u00a0 \u00a0 \u00a0 \u00a0 \u00a0 \u00a0 \u00a0 \u00a0 \u00a0 \u00a0 \u00a0 \u00a0 \u00a0 \u00a0 \u00a0 \u00a0 \u00a0\u00a0<\/span>\u00a0 \u00a0 \u00a0 \u00a0 \u00a0 \u00a0 \u00a0 \u00a0 \u00a0 \u00a0<\/strong><\/td>\n<\/tr>\n<tr style=\"height: 273px;\">\n<td style=\"width: 994px; height: 273px;\" colspan=\"3\">\n<table style=\"width: 994px;\" border=\"0\">\n<tbody>\n<tr>\n<td style=\"text-align: center; width: 318px;\"><strong>HABITACIONES<\/strong><\/td>\n<td style=\"text-align: center; width: 348.844px;\"><strong>\u00c1REA DE PISCINA<\/strong><\/td>\n<td style=\"width: 310.156px; text-align: center;\"><strong>CENTRO DE \u00a0 CONVENCIONES<\/strong><\/td>\n<\/tr>\n<tr>\n<td style=\"width: 318px;\"><img loading=\"lazy\" decoding=\"async\" class=\"wp-image-13506 aligncenter\" src=\"http:\/\/nicaragua-travel-guide.com\/site\/wp-content\/uploads\/2016\/07\/hotelgranadahabitacionking.jpg\" alt=\"hotelgranadahabitacionking\" width=\"267\" height=\"179\" srcset=\"https:\/\/nicaragua-travel-guide.com\/site\/wp-content\/uploads\/2016\/07\/hotelgranadahabitacionking.jpg 227w, https:\/\/nicaragua-travel-guide.com\/site\/wp-content\/uploads\/2016\/07\/hotelgranadahabitacionking-180x120.jpg 180w\" sizes=\"(max-width: 267px) 100vw, 267px\" \/><\/td>\n<td style=\"width: 348.844px;\"><img loading=\"lazy\" decoding=\"async\" class=\"alignnone wp-image-13510\" src=\"http:\/\/nicaragua-travel-guide.com\/site\/wp-content\/uploads\/2016\/07\/hotelgranadapiscina.jpg\" alt=\"hotelgranadapiscina\" width=\"348\" height=\"181\" \/><\/td>\n<td style=\"width: 310.156px;\"><img loading=\"lazy\" decoding=\"async\" class=\"wp-image-12111 aligncenter\" src=\"http:\/\/nicaragua-travel-guide.com\/site\/wp-content\/uploads\/2016\/07\/arreglomusicalpianoconcierto.jpg\" alt=\"arreglomusicalpianoconcierto\" width=\"243\" height=\"184\" \/><\/td>\n<\/tr>\n<\/tbody>\n<\/table>\n<\/td>\n<\/tr>\n<tr style=\"height: 121px;\">\n<td style=\"width: 994px; height: 121px;\" colspan=\"3\">\n<table border=\"0\" width=\"992\">\n<tbody>\n<tr>\n<td bgcolor=\"#CCCC00\" width=\"323\">Nuestras lujosas y acogedoras habitaciones con finos acabados de madera y muebles de rat\u00e1n hechos a mano y producidos en el hotel, brindan una atm\u00f3sfera del siglo XVI<\/td>\n<td bgcolor=\"#CCCC00\" width=\"349\">Contamos con la piscina m\u00e1s nueva y m\u00e1s grande de la ciudad donde encontrara servicio de bar y restaurante de 8:00 am a 8:00 pm. Tambi\u00e9n puede reservar esta \u00e1rea para eventos privados<\/td>\n<td bgcolor=\"#CCCC00\" width=\"306\">En el Hotel Granada puede organizar todo tipo de eventos. Dispone de 6 extraordinarios salones, incluyendo un sal\u00f3n con capacidad de mas de 1000 personas<\/td>\n<\/tr>\n<\/tbody>\n<\/table>\n<\/td>\n<\/tr>\n<tr style=\"height: 384px;\">\n<td style=\"width: 994px; height: 384px;\" colspan=\"3\">\n<table border=\"0\" width=\"995\">\n<tbody>\n<tr>\n<td bgcolor=\"#990000\" width=\"337\">RESTAURANTE LA TRATORIA<\/td>\n<td bgcolor=\"#990000\" width=\"332\">GALER\u00cdA DE ARTE<\/td>\n<td bgcolor=\"#990000\" width=\"312\">TIKI BAR<\/td>\n<\/tr>\n<tr>\n<td><img loading=\"lazy\" decoding=\"async\" class=\"alignnone size-full wp-image-13514\" src=\"http:\/\/nicaragua-travel-guide.com\/site\/wp-content\/uploads\/2016\/07\/hotelgranadarestaurantetratoria.jpg\" alt=\"hotelgranadarestaurantetratoria\" width=\"320\" height=\"215\" srcset=\"https:\/\/nicaragua-travel-guide.com\/site\/wp-content\/uploads\/2016\/07\/hotelgranadarestaurantetratoria.jpg 320w, https:\/\/nicaragua-travel-guide.com\/site\/wp-content\/uploads\/2016\/07\/hotelgranadarestaurantetratoria-180x120.jpg 180w\" sizes=\"(max-width: 320px) 100vw, 320px\" \/><\/td>\n<td><img loading=\"lazy\" decoding=\"async\" class=\"alignnone size-medium wp-image-13505\" src=\"http:\/\/nicaragua-travel-guide.com\/site\/wp-content\/uploads\/2016\/07\/hotelgranadagaleria.jpg\" alt=\"hotelgranadagaleria\" width=\"350\" height=\"234\" srcset=\"https:\/\/nicaragua-travel-guide.com\/site\/wp-content\/uploads\/2016\/07\/hotelgranadagaleria.jpg 350w, https:\/\/nicaragua-travel-guide.com\/site\/wp-content\/uploads\/2016\/07\/hotelgranadagaleria-180x120.jpg 180w\" sizes=\"(max-width: 350px) 100vw, 350px\" \/><\/td>\n<td><img loading=\"lazy\" decoding=\"async\" class=\"alignnone wp-image-13512\" src=\"http:\/\/nicaragua-travel-guide.com\/site\/wp-content\/uploads\/2016\/07\/hotelgranadatikibar.jpg\" alt=\"hotelgranadatikibar\" width=\"395\" height=\"205\" \/><\/td>\n<\/tr>\n<tr>\n<td valign=\"top\" bgcolor=\"#CCCC00\" height=\"117\">El restaurante principal \u201cTrator\u00eda Garibaldi\u201d ofrece no solo comida t\u00edpica sino tambi\u00e9n cocina internacional tal como mexicana e italiana.<\/td>\n<td bgcolor=\"#CCCC00\">El Sal\u00f3n \u201cLa Galer\u00eda\u201d, ofrece un espacio para que tanto\u00a0 artistas nacionales como internacionales, puedan exponer su arte, y de esta manera aportar al desarrollo cultural de la ciudad.<\/td>\n<td valign=\"top\" bgcolor=\"#CCCC00\">Excelente ambiente localizado en el \u00e1rea de piscina donde podr\u00e1 disfrutar de los mejores cocktails y snack de su preferencia.<\/td>\n<\/tr>\n<\/tbody>\n<\/table>\n<\/td>\n<\/tr>\n<tr style=\"height: 21px;\">\n<td style=\"width: 994px; height: 21px;\" colspan=\"3\" bgcolor=\"#006600\"><\/td>\n<\/tr>\n<tr style=\"height: 31px;\">\n<td style=\"width: 994px; height: 31px;\" colspan=\"3\" bgcolor=\"#FFFF00\">\n<table border=\"0\" width=\"994\">\n<tbody>\n<tr>\n<td bgcolor=\"#990000\" width=\"200\" height=\"26\"><a href=\"http:\/\/nicaragua-travel-guide.com\/site\/hotel-granada-servicios\/\"><strong>Servicios del Hotel<\/strong><\/a><\/td>\n<td bgcolor=\"#990000\" width=\"226\"><strong><a href=\"http:\/\/nicaragua-travel-guide.com\/site\/granada-hotel-granada-habitaciones\/\">Habitaciones del Hotel<\/a><\/strong><\/td>\n<td bgcolor=\"#990000\" width=\"242\"><a href=\"http:\/\/nicaragua-travel-guide.com\/site\/granada-hotel-granada-bar-restaurant-trattoria\/\"><strong>Restaurante del Hotel<\/strong><\/a><\/td>\n<td bgcolor=\"#990000\" width=\"308\">\u00a0 <a href=\"http:\/\/nicaragua-travel-guide.com\/site\/granada-hotel-granada-centro-de-convenciones\/\"><strong>Salones de Eventos en el \u00a0Hotel<\/strong><\/a><\/td>\n<\/tr>\n<\/tbody>\n<\/table>\n<\/td>\n<\/tr>\n<tr style=\"height: 35px;\">\n<td style=\"width: 994px; height: 35px;\" colspan=\"3\" bgcolor=\"#006600\">Por mayor informaci\u00f3n y reservaci\u00f3n \u00a0<a href=\"http:\/\/nicaragua-travel-guide.com\/site\/contactanos\/\"><strong>Contactarnos<\/strong><\/a><\/td>\n<\/tr>\n<\/tbody>\n<\/table>\n<\/td>\n<\/tr>\n<\/tbody>\n<\/table>\n","protected":false},"excerpt":{"rendered":"<p>Bienvenidos a Hotel Granada Nicaragua Nos encontramos ubicados en una \u00e1rea muy tranquila, rodeado de casas coloniales y centros de entrenimiento, al final de la calle La Calzada, frente a la iglesia de Guadalupe. El Hotel Granada se encuentra muy cerca del Lago de Nicaragua (o Cocibolca) y a s\u00f3lo cuatro cuadras del centro de [&hellip;]<\/p>\n","protected":false},"author":2,"featured_media":0,"parent":0,"menu_order":0,"comment_status":"closed","ping_status":"closed","template":"","meta":{"footnotes":""},"_links":{"self":[{"href":"https:\/\/nicaragua-travel-guide.com\/site\/wp-json\/wp\/v2\/pages\/7758"}],"collection":[{"href":"https:\/\/nicaragua-travel-guide.com\/site\/wp-json\/wp\/v2\/pages"}],"about":[{"href":"https:\/\/nicaragua-travel-guide.com\/site\/wp-json\/wp\/v2\/types\/page"}],"author":[{"embeddable":true,"href":"https:\/\/nicaragua-travel-guide.com\/site\/wp-json\/wp\/v2\/users\/2"}],"replies":[{"embeddable":true,"href":"https:\/\/nicaragua-travel-guide.com\/site\/wp-json\/wp\/v2\/comments?post=7758"}],"version-history":[{"count":31,"href":"https:\/\/nicaragua-travel-guide.com\/site\/wp-json\/wp\/v2\/pages\/7758\/revisions"}],"predecessor-version":[{"id":13518,"href":"https:\/\/nicaragua-travel-guide.com\/site\/wp-json\/wp\/v2\/pages\/7758\/revisions\/13518"}],"wp:attachment":[{"href":"https:\/\/nicaragua-travel-guide.com\/site\/wp-json\/wp\/v2\/media?parent=7758"}],"curies":[{"name":"wp","href":"https:\/\/api.w.org\/{rel}","templated":true}]}}