{"id":7760,"date":"2016-07-26T17:13:00","date_gmt":"2016-07-26T17:13:00","guid":{"rendered":"http:\/\/nicaragua-travel-guide.com\/site\/?page_id=7760"},"modified":"2016-11-02T02:52:54","modified_gmt":"2016-11-02T02:52:54","slug":"granada-hotel-granada-centro-de-convenciones","status":"publish","type":"page","link":"https:\/\/nicaragua-travel-guide.com\/site\/granada-hotel-granada-centro-de-convenciones\/","title":{"rendered":"Granada \u00abHotel Granada Centro de Convenciones\u00bb"},"content":{"rendered":"<table border=\"0\" width=\"1013\">\n<tbody>\n<tr style=\"height: 21.3472px;\">\n<td style=\"height: 21.3472px;\" colspan=\"2\" valign=\"top\" bgcolor=\"#006633\"><img loading=\"lazy\" decoding=\"async\" class=\"wp-image-13672 aligncenter\" src=\"http:\/\/nicaragua-travel-guide.com\/site\/wp-content\/uploads\/2016\/07\/hotel-granada-centrode-concenciones-header.jpg\" alt=\"hotel-granada-centrode-concenciones-header\" width=\"1084\" height=\"380\" \/><\/td>\n<\/tr>\n<tr style=\"height: 35px;\">\n<td style=\"height: 35px;\" colspan=\"2\" bgcolor=\"#006633\"><strong>Centro de eventos \u00a0y \u00a0Convenciones en Hotel Granada<\/strong><\/td>\n<\/tr>\n<tr style=\"height: 71px;\">\n<td style=\"height: 71px;\" colspan=\"2\" valign=\"top\" bgcolor=\"#CCCC00\">\n<p align=\"justify\">Contamos con un Centro de Convenciones para reuniones y actividades sociales. Con 6 salones de eventos y otros salones especiales tales como \u00abLa Galer\u00eda\u00bb, \u00abEl Sal\u00f3n Barbacoa\u00bb y el \u00abAnfiteatro\u00bb, donde usted puede celebrar cualquier tipo de evento, congresos, seminario, bodas y cualquier reuni\u00f3n privada de negocios.<\/p>\n<\/td>\n<\/tr>\n<tr style=\"height: 25px;\">\n<td style=\"height: 25px;\" valign=\"bottom\" bgcolor=\"#FF6600\" width=\"610\">Cortesias:<\/td>\n<td style=\"height: 386px;\" rowspan=\"12\" align=\"center\" valign=\"top\" bgcolor=\"#FF3300\" width=\"396\"><img loading=\"lazy\" decoding=\"async\" class=\"alignnone wp-image-13503\" src=\"http:\/\/nicaragua-travel-guide.com\/site\/wp-content\/uploads\/2016\/07\/hotelgranadacenaconvencion.jpg\" alt=\"hotelgranadacenaconvencion\" width=\"415\" height=\"592\" \/><\/td>\n<\/tr>\n<tr style=\"height: 30px;\">\n<td style=\"height: 30px;\" valign=\"top\" bgcolor=\"#CCCC00\">Podium, pizarra acr\u00edlica, pizarra de proyecci\u00f3n, caf\u00e9 y fuente de agua<\/td>\n<\/tr>\n<tr style=\"height: 30px;\">\n<td style=\"height: 30px;\" valign=\"bottom\" bgcolor=\"#FF6600\"><strong>Equipo adicional a solicitud:<\/strong><\/td>\n<\/tr>\n<tr style=\"height: 30px;\">\n<td style=\"height: 30px;\" valign=\"top\" bgcolor=\"#CCCC00\">Sistema de audio, micr\u00f3fonos, TV, DVD y Data show.<\/td>\n<\/tr>\n<tr style=\"height: 31px;\">\n<td style=\"height: 31px;\" valign=\"top\" bgcolor=\"#FF6600\">Servicio de Banquetes<\/td>\n<\/tr>\n<tr style=\"height: 117px;\">\n<td style=\"height: 117px;\" valign=\"top\" bgcolor=\"#CCCC33\">&nbsp;<\/p>\n<p>Elegante, estilizado y con una excelente variedad de platillos que usted puede escoger para su evento. Nuestros expertos en banquetes se asegurar\u00e1n de un servicio completo, tomando en cuenta hasta el m\u00e1s m\u00ednimo detalle para que su evento social o de negocios, sea una experiencia memorable. Disfrute la oportunidad de ser el mejor anfitri\u00f3n.<\/p>\n<p>&nbsp;<\/td>\n<\/tr>\n<tr style=\"height: 25px;\">\n<td style=\"height: 25px;\" valign=\"top\" bgcolor=\"#006600\"><a href=\"http:\/\/nicaragua-travel-guide.com\/site\/granada-hotel-granada\/\"><strong>&lt;&lt; Inicio Hotel Granada<\/strong><\/a><\/td>\n<\/tr>\n<tr style=\"height: 25px;\">\n<td style=\"height: 25px;\" valign=\"top\" bgcolor=\"#006600\"><strong><a href=\"http:\/\/nicaragua-travel-guide.com\/site\/hotel-granada-servicios\/\">&lt;&lt; Servicios del Hotel Granada<\/a><\/strong><\/td>\n<\/tr>\n<tr style=\"height: 11px;\">\n<td style=\"height: 11px;\" valign=\"top\" bgcolor=\"#006600\"><a href=\"http:\/\/nicaragua-travel-guide.com\/site\/granada-hotel-granada-habitaciones\/\">&lt;&lt; Habitaciones del \u00a0Hotel Granada<\/a><\/td>\n<\/tr>\n<tr style=\"height: 12px;\">\n<td style=\"height: 12px;\" valign=\"top\" bgcolor=\"#006600\"><a href=\"http:\/\/nicaragua-travel-guide.com\/site\/granada-hotel-granada-bar-restaurant-trattoria\/\">&lt;&lt;Restaurante del Hotel Granada<\/a><\/td>\n<\/tr>\n<tr style=\"height: 25px;\">\n<td style=\"height: 25px;\" valign=\"top\" bgcolor=\"#006600\"><strong><a href=\"http:\/\/nicaragua-travel-guide.com\/site\/granada\/\">&lt;&lt; Volver a Granada<\/a><\/strong><\/td>\n<\/tr>\n<tr style=\"height: 25px;\">\n<td style=\"height: 25px;\" valign=\"top\" bgcolor=\"#FF6600\">Por mayor informaci\u00f3n y reservacion <a href=\"http:\/\/nicaragua-travel-guide.com\/site\/contactanos\/\"><strong>Contactarnos<\/strong><\/a><\/td>\n<\/tr>\n<\/tbody>\n<\/table>\n","protected":false},"excerpt":{"rendered":"<p>Centro de eventos \u00a0y \u00a0Convenciones en Hotel Granada Contamos con un Centro de Convenciones para reuniones y actividades sociales. Con 6 salones de eventos y otros salones especiales tales como \u00abLa Galer\u00eda\u00bb, \u00abEl Sal\u00f3n Barbacoa\u00bb y el \u00abAnfiteatro\u00bb, donde usted puede celebrar cualquier tipo de evento, congresos, seminario, bodas y cualquier reuni\u00f3n privada de negocios. [&hellip;]<\/p>\n","protected":false},"author":2,"featured_media":0,"parent":0,"menu_order":0,"comment_status":"closed","ping_status":"closed","template":"","meta":{"footnotes":""},"_links":{"self":[{"href":"https:\/\/nicaragua-travel-guide.com\/site\/wp-json\/wp\/v2\/pages\/7760"}],"collection":[{"href":"https:\/\/nicaragua-travel-guide.com\/site\/wp-json\/wp\/v2\/pages"}],"about":[{"href":"https:\/\/nicaragua-travel-guide.com\/site\/wp-json\/wp\/v2\/types\/page"}],"author":[{"embeddable":true,"href":"https:\/\/nicaragua-travel-guide.com\/site\/wp-json\/wp\/v2\/users\/2"}],"replies":[{"embeddable":true,"href":"https:\/\/nicaragua-travel-guide.com\/site\/wp-json\/wp\/v2\/comments?post=7760"}],"version-history":[{"count":20,"href":"https:\/\/nicaragua-travel-guide.com\/site\/wp-json\/wp\/v2\/pages\/7760\/revisions"}],"predecessor-version":[{"id":13674,"href":"https:\/\/nicaragua-travel-guide.com\/site\/wp-json\/wp\/v2\/pages\/7760\/revisions\/13674"}],"wp:attachment":[{"href":"https:\/\/nicaragua-travel-guide.com\/site\/wp-json\/wp\/v2\/media?parent=7760"}],"curies":[{"name":"wp","href":"https:\/\/api.w.org\/{rel}","templated":true}]}}