{"id":7762,"date":"2016-07-26T17:15:40","date_gmt":"2016-07-26T17:15:40","guid":{"rendered":"http:\/\/nicaragua-travel-guide.com\/site\/?page_id=7762"},"modified":"2016-11-28T20:51:43","modified_gmt":"2016-11-28T20:51:43","slug":"granada-hotel-granada-bar-restaurant-trattoria","status":"publish","type":"page","link":"https:\/\/nicaragua-travel-guide.com\/site\/granada-hotel-granada-bar-restaurant-trattoria\/","title":{"rendered":"Granada \u00abHotel Granada Bar &#038; Restaurant Trattoria\u00bb"},"content":{"rendered":"<table style=\"width: 988px;\" border=\"0\">\n<tbody>\n<tr style=\"height: 47px;\">\n<td style=\"height: 47px; width: 591px;\" bgcolor=\"#006600\"><strong>Bar &#8211; Restaurante y\u00a0Cafeter\u00eda \u00abTrattoria Garivaldi\u00bb<\/strong><\/p>\n<p>Con Servicio en la Terraza o Salones del Hotel Granada<\/td>\n<td style=\"height: 336px; width: 396px; background-color: #ffffff;\" rowspan=\"4\" valign=\"top\" bgcolor=\"#006633\">\n<table style=\"width: 407.201px;\" border=\"0\">\n<tbody>\n<tr>\n<td style=\"width: 400.201px; background-color: #ffffff; border-color: #ffffff; height: 261px;\" bgcolor=\"#FFFFFF\" height=\"261\"><img loading=\"lazy\" decoding=\"async\" class=\"wp-image-13514 alignnone\" src=\"http:\/\/nicaragua-travel-guide.com\/site\/wp-content\/uploads\/2016\/07\/hotelgranadarestaurantetratoria.jpg\" alt=\"hotelgranadarestaurantetratoria\" width=\"432\" height=\"290\" srcset=\"https:\/\/nicaragua-travel-guide.com\/site\/wp-content\/uploads\/2016\/07\/hotelgranadarestaurantetratoria.jpg 320w, https:\/\/nicaragua-travel-guide.com\/site\/wp-content\/uploads\/2016\/07\/hotelgranadarestaurantetratoria-180x120.jpg 180w\" sizes=\"(max-width: 432px) 100vw, 432px\" \/><\/td>\n<\/tr>\n<tr>\n<td style=\"width: 400.201px; background-color: #ffffff; border-color: #ffffff; height: 261px;\" valign=\"top\" bgcolor=\"#FFFFFF\" height=\"193\">\u00a0<img loading=\"lazy\" decoding=\"async\" class=\"wp-image-13512 aligncenter\" src=\"http:\/\/nicaragua-travel-guide.com\/site\/wp-content\/uploads\/2016\/07\/hotelgranadatikibar.jpg\" alt=\"hotelgranadatikibar\" width=\"406\" height=\"211\" \/><\/td>\n<\/tr>\n<\/tbody>\n<\/table>\n<\/td>\n<\/tr>\n<tr style=\"height: 208px;\">\n<td style=\"height: 208px; width: 591px;\" valign=\"top\" bgcolor=\"#FFFFFF\">A como su nombre lo indica, el restaurante est\u00e1 ubicado en la terraza de un segundo piso y goza de una excelente vista de la Calle La Calzada, la catedral como fondo y, de frente, la hermosa Iglesia Guadalupe.<\/p>\n<p>&nbsp;<\/p>\n<p>La cocina est\u00e1 abierta desde las seis de la ma\u00f1ana y se especializa en comida tradicional nicarag\u00fcense. Aqu\u00ed, tambi\u00e9n se ofrece un happy hour de las cinco de la tarde a las ocho de la noche.<\/p>\n<p>&nbsp;<\/p>\n<p>El restaurante es parte del<a href=\"http:\/\/nicaragua-travel-guide.com\/site\/granada-hotel-granada\/\"><strong> Hotel Granada<\/strong><\/a><\/td>\n<\/tr>\n<tr style=\"height: 5px;\">\n<td style=\"height: 5px; width: 591px;\" valign=\"top\" bgcolor=\"#FF6600\">Tiki BAR<\/td>\n<\/tr>\n<tr style=\"height: 76px;\">\n<td style=\"height: 76px; width: 591px;\" align=\"center\" valign=\"middle\" bgcolor=\"#FFFFFF\">Excelente ambiente localizado en el \u00e1rea de piscina donde podr\u00e1 disfrutar de los mejores cocktails y snack de su preferencia.<\/td>\n<\/tr>\n<tr style=\"height: 23px;\" bgcolor=\"#006633\">\n<td style=\"height: 23px; width: 591px;\" bgcolor=\"#006600\"><a href=\"http:\/\/nicaragua-travel-guide.com\/site\/granada-hotel-granada-centro-de-convenciones\/\"><strong>Organizamos Eventos y buffet en Salones del Hotel Granada<\/strong><\/a><\/td>\n<td style=\"text-align: center; height: 23px; width: 396px;\" valign=\"top\" bgcolor=\"#006600\"><strong>Ver el Men\u00fa<\/strong><\/td>\n<\/tr>\n<tr style=\"height: 23px;\">\n<td style=\"height: 23px; width: 591px;\" bgcolor=\"#006600\"><a href=\"http:\/\/nicaragua-travel-guide.com\/site\/guia-de-restaurantes-bar-y-cafeterias-servicio-de-alimentos-y-bebidas-en-granada-y-sus-alrededores\/\">&lt;&lt; Donde Comer y beber en Granada y sus alrededores<\/a><\/td>\n<td style=\"height: 23px; width: 396px;\" valign=\"top\" bgcolor=\"#006600\"><a href=\"http:\/\/nicaragua-travel-guide.com\/site\/granada\/\"><strong>&lt;&lt; Volver a Granada<\/strong><\/a><\/td>\n<\/tr>\n<tr style=\"height: 21px;\">\n<td style=\"height: 21px; width: 591px;\" bgcolor=\"#006600\"><strong><a href=\"http:\/\/nicaragua-travel-guide.com\/site\/guia-de-hoteles-alojamiento-donde-dormir-en-granada-y-sus-alrededores\/\">&lt;&lt; Donde dormir en Granada y sus alrededores<\/a><\/strong><\/td>\n<td style=\"height: 21px; width: 396px;\" valign=\"top\" bgcolor=\"#006600\">Por mayor informaci\u00f3n y reservacion <a href=\"http:\/\/nicaragua-travel-guide.com\/site\/contactanos\/\"><strong>Contactarnos<\/strong><\/a><\/td>\n<\/tr>\n<\/tbody>\n<\/table>\n","protected":false},"excerpt":{"rendered":"<p>Bar &#8211; Restaurante y\u00a0Cafeter\u00eda \u00abTrattoria Garivaldi\u00bb Con Servicio en la Terraza o Salones del Hotel Granada \u00a0 A como su nombre lo indica, el restaurante est\u00e1 ubicado en la terraza de un segundo piso y goza de una excelente vista de la Calle La Calzada, la catedral como fondo y, de frente, la hermosa Iglesia [&hellip;]<\/p>\n","protected":false},"author":2,"featured_media":0,"parent":0,"menu_order":0,"comment_status":"closed","ping_status":"closed","template":"","meta":{"footnotes":""},"_links":{"self":[{"href":"https:\/\/nicaragua-travel-guide.com\/site\/wp-json\/wp\/v2\/pages\/7762"}],"collection":[{"href":"https:\/\/nicaragua-travel-guide.com\/site\/wp-json\/wp\/v2\/pages"}],"about":[{"href":"https:\/\/nicaragua-travel-guide.com\/site\/wp-json\/wp\/v2\/types\/page"}],"author":[{"embeddable":true,"href":"https:\/\/nicaragua-travel-guide.com\/site\/wp-json\/wp\/v2\/users\/2"}],"replies":[{"embeddable":true,"href":"https:\/\/nicaragua-travel-guide.com\/site\/wp-json\/wp\/v2\/comments?post=7762"}],"version-history":[{"count":19,"href":"https:\/\/nicaragua-travel-guide.com\/site\/wp-json\/wp\/v2\/pages\/7762\/revisions"}],"predecessor-version":[{"id":14193,"href":"https:\/\/nicaragua-travel-guide.com\/site\/wp-json\/wp\/v2\/pages\/7762\/revisions\/14193"}],"wp:attachment":[{"href":"https:\/\/nicaragua-travel-guide.com\/site\/wp-json\/wp\/v2\/media?parent=7762"}],"curies":[{"name":"wp","href":"https:\/\/api.w.org\/{rel}","templated":true}]}}