{"id":7764,"date":"2016-07-26T17:17:42","date_gmt":"2016-07-26T17:17:42","guid":{"rendered":"http:\/\/nicaragua-travel-guide.com\/site\/?page_id=7764"},"modified":"2016-11-02T03:30:28","modified_gmt":"2016-11-02T03:30:28","slug":"hotel-granada-servicios","status":"publish","type":"page","link":"https:\/\/nicaragua-travel-guide.com\/site\/hotel-granada-servicios\/","title":{"rendered":"Hotel Granada \u00abServicios\u00bb"},"content":{"rendered":"<table style=\"width: 1009.6666870117188px;\" border=\"0\">\n<tbody>\n<tr>\n<td style=\"width: 1017.6666870117188px; border-color: #fcfcfc; height: 1199px;\" valign=\"top\" bgcolor=\"#FFFF00\" height=\"1199\">\n<table style=\"width: 1012px;\" border=\"0\">\n<tbody>\n<tr>\n<td style=\"width: 1020px; background-color: #f7f0f0;\" colspan=\"2\" bgcolor=\"#FF6600\"><img loading=\"lazy\" decoding=\"async\" class=\"alignnone wp-image-13515\" style=\"background-color: #ffff00;\" src=\"http:\/\/nicaragua-travel-guide.com\/site\/wp-content\/uploads\/2016\/07\/Nicaragua-travel-guide-Granada-Hotel-Granada-header.jpg\" alt=\"nicaragua-travel-guide-granada-hotel-granada-header\" width=\"1011\" height=\"354\" \/><\/td>\n<\/tr>\n<tr>\n<td style=\"width: 1020px;\" colspan=\"2\" bgcolor=\"#FF6600\"><strong>Servicios en Hotel Granada:<\/strong><\/td>\n<\/tr>\n<tr>\n<td style=\"width: 658.677px;\" bgcolor=\"#FFCC33\"><strong><a href=\"http:\/\/nicaragua-travel-guide.com\/site\/granada-hotel-granada-bar-restaurant-trattoria\/\">Restaurante \u00abLa Trator\u00eda\u00bb<\/a><\/strong><\/p>\n<p>El restaurante principal \u201cTrator\u00eda Garibaldi\u201d ofrece no solo comida t\u00edpica sino tambi\u00e9n cocina internacional tal como mexicana e italiana.<\/td>\n<td style=\"width: 361.323px;\">\u00a0<img loading=\"lazy\" decoding=\"async\" class=\"alignnone size-full wp-image-13514\" src=\"http:\/\/nicaragua-travel-guide.com\/site\/wp-content\/uploads\/2016\/07\/hotelgranadarestaurantetratoria.jpg\" alt=\"hotelgranadarestaurantetratoria\" width=\"320\" height=\"215\" srcset=\"https:\/\/nicaragua-travel-guide.com\/site\/wp-content\/uploads\/2016\/07\/hotelgranadarestaurantetratoria.jpg 320w, https:\/\/nicaragua-travel-guide.com\/site\/wp-content\/uploads\/2016\/07\/hotelgranadarestaurantetratoria-180x120.jpg 180w\" sizes=\"(max-width: 320px) 100vw, 320px\" \/><\/td>\n<\/tr>\n<tr>\n<td style=\"width: 1020px;\" colspan=\"2\" bgcolor=\"#0033FF\">Nuestra Piscina<\/td>\n<\/tr>\n<tr>\n<td style=\"width: 658.677px;\" bgcolor=\"#00CCFF\">Contamos con la piscina m\u00e1s nueva y m\u00e1s grande de la ciudad donde encontrara servicio de bar y restaurante de 8 am a 8 pm. Tambi\u00e9n puede reservar esta \u00e1rea para eventos privados.<\/td>\n<td style=\"width: 361.323px;\">\u00a0<img loading=\"lazy\" decoding=\"async\" class=\"alignnone wp-image-13510\" src=\"http:\/\/nicaragua-travel-guide.com\/site\/wp-content\/uploads\/2016\/07\/hotelgranadapiscina.jpg\" alt=\"hotelgranadapiscina\" width=\"320\" height=\"166\" \/><\/td>\n<\/tr>\n<tr>\n<td style=\"width: 1020px;\" colspan=\"2\" bgcolor=\"#009933\" height=\"37\">Servicio de Desayuno<\/td>\n<\/tr>\n<tr>\n<td style=\"width: 658.677px;\" bgcolor=\"#CCCC00\">Para desayunos, la cafeter\u00eda del hotel ofrece un men\u00fa especial incluyendo el tradicional desayuno nicarag\u00fcense, <strong>el preferido de nuestros hu\u00e9spedes<\/strong>, as\u00ed como otras opciones de platillos internacionales.<\/p>\n<p>Servicio de desayuno de 7:00 am -10:30 am<\/td>\n<td style=\"width: 361.323px;\" bgcolor=\"#009933\">\u00a0<img loading=\"lazy\" decoding=\"async\" class=\"alignnone size-full wp-image-13503\" src=\"http:\/\/nicaragua-travel-guide.com\/site\/wp-content\/uploads\/2016\/07\/hotelgranadacenaconvencion.jpg\" alt=\"hotelgranadacenaconvencion\" width=\"320\" height=\"457\" \/><\/td>\n<\/tr>\n<tr>\n<td style=\"width: 1020px;\" colspan=\"2\" bgcolor=\"#CC0000\"><strong>Servicio de Habitaciones<\/strong><\/td>\n<\/tr>\n<tr>\n<td style=\"width: 658.677px;\" bgcolor=\"#FFFF99\">\n<ul>\n<li>Desayuno Incluido (Continental)<\/li>\n<li>Impuestos de venta 15% y 2% Impuestos Tur\u00edstico.<\/li>\n<li><strong>Check In <\/strong>2:00 pm<\/li>\n<li><strong>Check Out<\/strong> 12:00 m<\/li>\n<li>Ni\u00f1os mayores de 12 a\u00f1os pagan como adultos<\/li>\n<\/ul>\n<\/td>\n<td style=\"width: 361.323px;\" valign=\"top\">\u00a0<img loading=\"lazy\" decoding=\"async\" class=\"alignnone wp-image-13508\" src=\"http:\/\/nicaragua-travel-guide.com\/site\/wp-content\/uploads\/2016\/07\/hotelgranadahabitestandar.jpg\" alt=\"hotelgranadahabitestandar\" width=\"323\" height=\"216\" srcset=\"https:\/\/nicaragua-travel-guide.com\/site\/wp-content\/uploads\/2016\/07\/hotelgranadahabitestandar.jpg 227w, https:\/\/nicaragua-travel-guide.com\/site\/wp-content\/uploads\/2016\/07\/hotelgranadahabitestandar-180x120.jpg 180w\" sizes=\"(max-width: 323px) 100vw, 323px\" \/><\/td>\n<\/tr>\n<tr>\n<td style=\"width: 658.677px;\" bgcolor=\"#FFFF00\" height=\"231\">\n<table style=\"width: 670.632px;\" border=\"0\">\n<tbody>\n<tr>\n<td style=\"width: 657.632px;\" colspan=\"2\" bgcolor=\"#CCCC00\">Servicios del Hotel:<\/td>\n<\/tr>\n<tr>\n<td style=\"width: 342px;\" bgcolor=\"#FFFFFF\">34 Habitaciones<\/td>\n<td style=\"width: 315.632px;\" bgcolor=\"#FFFFFF\">Area de Piscina<\/td>\n<\/tr>\n<tr>\n<td style=\"width: 342px;\" bgcolor=\"#FFFFFF\">Tel\u00e9fono<\/td>\n<td style=\"width: 315.632px;\" bgcolor=\"#FFFFFF\">Desayuno Incluido<\/td>\n<\/tr>\n<tr>\n<td style=\"width: 342px;\" bgcolor=\"#FFFFFF\">Internet Inal\u00e1mbrica (Wi &#8211; Fi)<\/td>\n<td style=\"width: 315.632px;\" bgcolor=\"#FFFFFF\">Servicio de Tours<\/td>\n<\/tr>\n<tr>\n<td style=\"width: 342px;\" bgcolor=\"#FFFFFF\">6 Salones de Conferencia<\/td>\n<td style=\"width: 315.632px;\" bgcolor=\"#FFFFFF\">Parqueo Privado<\/td>\n<\/tr>\n<tr>\n<td style=\"width: 342px;\" bgcolor=\"#FFFFFF\">Servicio de Bar y Restaurante<\/td>\n<td style=\"width: 315.632px;\" bgcolor=\"#FFFFFF\">24 Horas de Servicio<\/td>\n<\/tr>\n<tr>\n<td style=\"width: 342px;\" bgcolor=\"#FFFFFF\">Servicio de Lavander\u00eda<\/td>\n<td style=\"width: 315.632px;\" bgcolor=\"#FFFFFF\">Servicio a la Habitaci\u00f3n<\/td>\n<\/tr>\n<tr>\n<td style=\"width: 657.632px;\" colspan=\"2\" bgcolor=\"#FFFFFF\">Lake Resort **Coming Soon**<\/td>\n<\/tr>\n<\/tbody>\n<\/table>\n<\/td>\n<td style=\"width: 361.323px;\" valign=\"top\" bgcolor=\"#CCCC00\">&nbsp;<\/p>\n<ul>\n<li><strong><a href=\"http:\/\/nicaragua-travel-guide.com\/site\/granada-hotel-granada\/\">Inicio Hotel Granada<\/a><\/strong><\/li>\n<li><strong><a href=\"http:\/\/nicaragua-travel-guide.com\/site\/granada-hotel-granada-habitaciones\/\">Habitaciones del Hotel Granada<\/a><\/strong><\/li>\n<li><strong><a href=\"http:\/\/nicaragua-travel-guide.com\/site\/granada-hotel-granada-bar-restaurant-trattoria\/\">Restaurante del Hotel Granada<\/a><\/strong><\/li>\n<li><strong><a href=\"http:\/\/nicaragua-travel-guide.com\/site\/granada-hotel-granada-centro-de-convenciones\/\">Salones de Evento Hotel Granada<\/a><\/strong><\/li>\n<\/ul>\n<p>&nbsp;<\/td>\n<\/tr>\n<tr>\n<td style=\"width: 1020px;\" colspan=\"2\" bgcolor=\"#FF6600\" height=\"26\">Por mayor informacion y reservacion <a href=\"http:\/\/nicaragua-travel-guide.com\/site\/contactanos\/\"><strong>Contactarnos<\/strong><\/a><\/td>\n<\/tr>\n<\/tbody>\n<\/table>\n<\/td>\n<\/tr>\n<\/tbody>\n<\/table>\n","protected":false},"excerpt":{"rendered":"<p>Servicios en Hotel Granada: Restaurante \u00abLa Trator\u00eda\u00bb El restaurante principal \u201cTrator\u00eda Garibaldi\u201d ofrece no solo comida t\u00edpica sino tambi\u00e9n cocina internacional tal como mexicana e italiana. \u00a0 Nuestra Piscina Contamos con la piscina m\u00e1s nueva y m\u00e1s grande de la ciudad donde encontrara servicio de bar y restaurante de 8 am a 8 pm. Tambi\u00e9n [&hellip;]<\/p>\n","protected":false},"author":2,"featured_media":0,"parent":0,"menu_order":0,"comment_status":"closed","ping_status":"closed","template":"","meta":{"footnotes":""},"_links":{"self":[{"href":"https:\/\/nicaragua-travel-guide.com\/site\/wp-json\/wp\/v2\/pages\/7764"}],"collection":[{"href":"https:\/\/nicaragua-travel-guide.com\/site\/wp-json\/wp\/v2\/pages"}],"about":[{"href":"https:\/\/nicaragua-travel-guide.com\/site\/wp-json\/wp\/v2\/types\/page"}],"author":[{"embeddable":true,"href":"https:\/\/nicaragua-travel-guide.com\/site\/wp-json\/wp\/v2\/users\/2"}],"replies":[{"embeddable":true,"href":"https:\/\/nicaragua-travel-guide.com\/site\/wp-json\/wp\/v2\/comments?post=7764"}],"version-history":[{"count":22,"href":"https:\/\/nicaragua-travel-guide.com\/site\/wp-json\/wp\/v2\/pages\/7764\/revisions"}],"predecessor-version":[{"id":13676,"href":"https:\/\/nicaragua-travel-guide.com\/site\/wp-json\/wp\/v2\/pages\/7764\/revisions\/13676"}],"wp:attachment":[{"href":"https:\/\/nicaragua-travel-guide.com\/site\/wp-json\/wp\/v2\/media?parent=7764"}],"curies":[{"name":"wp","href":"https:\/\/api.w.org\/{rel}","templated":true}]}}