{"id":7768,"date":"2016-07-26T17:22:44","date_gmt":"2016-07-26T17:22:44","guid":{"rendered":"http:\/\/nicaragua-travel-guide.com\/site\/?page_id=7768"},"modified":"2016-09-16T20:48:33","modified_gmt":"2016-09-16T20:48:33","slug":"granada-hotel-alhambra","status":"publish","type":"page","link":"https:\/\/nicaragua-travel-guide.com\/site\/granada-hotel-alhambra\/","title":{"rendered":"Granada \u00abHotel Alhambra\u00bb"},"content":{"rendered":"<table style=\"width: 1005.96px;\" border=\"0\">\n<tbody>\n<tr style=\"height: 10px;\">\n<td style=\"width: 40px; height: 10px; text-align: left;\" colspan=\"4\" align=\"center\" bgcolor=\"#CC6600\">\u00a0<img loading=\"lazy\" decoding=\"async\" class=\"wp-image-13520 alignnone\" src=\"http:\/\/nicaragua-travel-guide.com\/site\/wp-content\/uploads\/2016\/07\/Nicaragua-travel-guide-Granada-Hotel-Alhambra-header.jpg\" alt=\"nicaragua-travel-guide-granada-hotel-alhambra-header\" width=\"998\" height=\"349\" \/><\/td>\n<\/tr>\n<tr style=\"height: 21px;\">\n<td style=\"width: 40px; height: 21px;\" colspan=\"4\" bgcolor=\"#FFFF33\"><strong>Descripci\u00f3n<\/strong><\/td>\n<\/tr>\n<tr style=\"height: 589px;\">\n<td style=\"width: 40px; height: 589px;\" colspan=\"4\" bgcolor=\"#990000\">El Hotel est\u00e1 localizado en Granada, Nicaragua, la ciudad m\u00e1s antigua de Am\u00e9rica, fundada en 1524, en la orilla del Lago de Nicaragua, a 45 minutos de la ciudad capital Managua y a del Aeropuerto Internacional. Y a 90 minutos por v\u00eda terrestre de la frontera con Costa Rica.<\/p>\n<p>&nbsp;<\/p>\n<p>&nbsp;<\/p>\n<p align=\"justify\">El Hotel Alhambra con un ambiente colonial en donde resaltan sus jardines tropicales y el calor humano, lo est\u00e1 esperando para brindarle la mejor estad\u00eda y el servicio que usted merece.<\/p>\n<p align=\"justify\">El imponente lobby est\u00e1 decorado con esculturas, pinturas y muebles de la \u00e9poca colonial. Las 60 habitaciones del establecimiento son amplias y cuentan con un balc\u00f3n, ya sea con vistas a la plaza o al jard\u00edn. Todas ellas poseen aire acondicionado, TV por cable y ba\u00f1o privado con agua caliente. Las habitaciones de categor\u00eda &#8216;Deluxe&#8217; (de lujo) poseen minibar.<\/p>\n<p align=\"justify\">Asimismo, el hotel ofrece una gran variedad de servicios, entre ellos figuran varias salas de conferencia con capacidad hasta para 100 personas.<\/p>\n<p align=\"justify\">Adem\u00e1s, hay un fino <a href=\"http:\/\/nicaragua-travel-guide.com\/site\/granada-hotel-alhambra-restaurante-delliet\/\"><strong>Restaurante D&#8217;Elliet<\/strong><\/a> que sirve lo m\u00e1s representativo de la cocina nacional e internacional.<\/p>\n<p align=\"justify\">Tambi\u00e9n hay un bar, piscina, cajas fuertes, tienda de recuerdos, internet, fax, servicios de lavander\u00eda.<\/p>\n<p>Para su mejor estad\u00eda Hotel \u00a0Alhambra le ofrece 60 habitaciones elegantemente decoradas y totalmente equipadas para viajeros de placer y negocios, contamos con personal altamente capacitado y biling\u00fce, quienes podr\u00e1n proporcionar informaci\u00f3n tur\u00edstica.<\/p>\n<p>&nbsp;<\/p>\n<p>Nuestro sal\u00f3n de conferencia, tiene capacidad para acomodar hasta 100 personas, completamente equipado, el cual ser\u00e1 perfecto para su reuniones privadas o de negocios.<\/td>\n<\/tr>\n<tr style=\"height: 21px;\">\n<td style=\"width: 40px; height: 21px;\" colspan=\"4\" bgcolor=\"#FFFF00\"><strong>Servicios en el Hotel:<\/strong><\/td>\n<\/tr>\n<tr style=\"height: 262px;\">\n<td style=\"width: 40px; height: 262px;\" colspan=\"4\" bgcolor=\"#990000\">\n<table style=\"width: 998px;\" border=\"0\">\n<tbody>\n<tr>\n<td style=\"width: 323px;\" bgcolor=\"#990000\">\n<ul>\n<li>Restaurante con cocina Nacional e Internacional<\/li>\n<li>Cafeter\u00eda en la terraza del hotel<\/li>\n<li>Sal\u00f3n de conferencias para 100 personas<\/li>\n<li>Servicio de lavander\u00eda<\/li>\n<li>Piscina y \u00c1reas verdes<\/li>\n<li>Servicio de Internet<\/li>\n<li>Servicio de fax<\/li>\n<li>Cajas de seguridad<\/li>\n<\/ul>\n<\/td>\n<td style=\"width: 354px;\" bgcolor=\"#990000\"><img loading=\"lazy\" decoding=\"async\" class=\" wp-image-13521 aligncenter\" src=\"http:\/\/nicaragua-travel-guide.com\/site\/wp-content\/uploads\/2016\/07\/hotelalhambrafachada.jpg\" alt=\"hotelalhambrafachada\" width=\"350\" height=\"264\" \/><\/td>\n<td style=\"width: 303px;\" bgcolor=\"#990000\">El Alhambra es uno de los hoteles m\u00e1s lujosos de<strong> Granada.<\/strong> El hotel de estilo colonial est\u00e1 ubicado en el lado Oeste del parque central, situado en el coraz\u00f3n de la ciudad y cerca de los lugares tur\u00edsticos m\u00e1s visitados como lo es el <strong>Convento San Francisco<\/strong> , sus iglesias, la Calle La Calzada y las <strong>isletas de Granada.<\/strong><\/p>\n<p>Brindamos todos los servicios necesarios para hacer de sus reuniones todo un \u00e9xito.<\/td>\n<\/tr>\n<\/tbody>\n<\/table>\n<\/td>\n<\/tr>\n<tr style=\"height: 21px;\">\n<td style=\"width: 40px; height: 21px;\" colspan=\"4\" bgcolor=\"#990000\"><strong>Habitaciones:<\/strong><\/td>\n<\/tr>\n<tr style=\"height: 25px;\">\n<td style=\"width: 40px; height: 25px;\" colspan=\"4\" valign=\"top\" bgcolor=\"#FFFF00\">60 Habitaciones con A\/C, Televisi\u00f3n por cable, tel\u00e9fono , minibar y agua caliente<\/td>\n<\/tr>\n<tr style=\"height: 25px;\">\n<td style=\"width: 40px; height: 25px;\" colspan=\"4\" bgcolor=\"#000000\"><img loading=\"lazy\" decoding=\"async\" class=\"alignnone wp-image-13519\" src=\"http:\/\/nicaragua-travel-guide.com\/site\/wp-content\/uploads\/2016\/07\/Nicaragua-travel-guide-Granada-Hotel-Alhambra-habitaciones.jpg\" alt=\"nicaragua-travel-guide-granada-hotel-alhambra-habitaciones\" width=\"1011\" height=\"354\" \/><\/td>\n<\/tr>\n<tr style=\"height: 21px;\">\n<td style=\"width: 40px; height: 21px;\" colspan=\"4\" bgcolor=\"#FFFFFF\">Precios:<\/td>\n<\/tr>\n<tr style=\"height: 332px;\">\n<td style=\"width: 40px; height: 332px;\" colspan=\"4\" valign=\"top\" bgcolor=\"#FFFF00\">\n<table border=\"0\" summary=\"overview of the room prices and amenities\" width=\"1009\" cellspacing=\"0\" cellpadding=\"5\">\n<tbody>\n<tr style=\"height: 32.08px;\">\n<td style=\"height: 32.08px;\" bgcolor=\"#990000\" width=\"151\">Tipo<\/td>\n<td style=\"height: 32.08px;\" bgcolor=\"#990000\" width=\"85\">Precios<\/td>\n<td style=\"height: 32.08px;\" bgcolor=\"#990000\" width=\"76\">Hu\u00e9spedes<\/td>\n<td style=\"height: 32.08px;\" bgcolor=\"#990000\" width=\"287\">Comodidades<\/td>\n<td style=\"height: 240.08px;\" rowspan=\"10\" align=\"center\" valign=\"top\" bgcolor=\"#FFFF00\" width=\"360\">&nbsp;<\/p>\n<p>&nbsp;<\/p>\n<p>&nbsp;<\/p>\n<p>&nbsp;<\/p>\n<p><img loading=\"lazy\" decoding=\"async\" class=\" wp-image-13522 aligncenter\" src=\"http:\/\/nicaragua-travel-guide.com\/site\/wp-content\/uploads\/2016\/07\/hotelalambrapiscinatres.jpg\" alt=\"hotelalambrapiscinatres\" width=\"339\" height=\"247\" \/><\/td>\n<\/tr>\n<tr style=\"height: 22px;\">\n<td style=\"height: 22px;\" bgcolor=\"#FFFF66\">Habitaci\u00f3n Cl\u00e1sica<\/td>\n<td style=\"height: 22px;\" bgcolor=\"#FFFF66\">US$60.00<\/td>\n<td style=\"height: 22px;\" bgcolor=\"#FFFF66\">1<\/td>\n<td style=\"height: 22px;\" bgcolor=\"#FFFF66\">A\/A, TV, Ba\u00f1o Privado, Agua Caliente<\/td>\n<\/tr>\n<tr style=\"height: 22px;\">\n<td style=\"height: 22px;\" bgcolor=\"#FFFF66\">Habitaci\u00f3n Superior<\/td>\n<td style=\"height: 22px;\" bgcolor=\"#FFFF66\">US$70.00<\/td>\n<td style=\"height: 22px;\" bgcolor=\"#FFFF66\">1<\/td>\n<td style=\"height: 22px;\" bgcolor=\"#FFFF66\">A\/A, Agua Caliente, TV, Ba\u00f1o Privado<\/td>\n<\/tr>\n<tr style=\"height: 22px;\">\n<td style=\"height: 22px;\" bgcolor=\"#FFFF66\">Suite Superior<\/td>\n<td style=\"height: 22px;\" bgcolor=\"#FFFF66\">US$80.00<\/td>\n<td style=\"height: 22px;\" bgcolor=\"#FFFF66\">1<\/td>\n<td style=\"height: 22px;\" bgcolor=\"#FFFF66\">A\/A, TV, Ba\u00f1o Privado, Agua Caliente<\/td>\n<\/tr>\n<tr style=\"height: 22px;\">\n<td style=\"height: 22px;\" bgcolor=\"#FFFF66\">Suite de Lujo<\/td>\n<td style=\"height: 22px;\" bgcolor=\"#FFFF66\">US$110.00<\/td>\n<td style=\"height: 22px;\" bgcolor=\"#FFFF66\">1<\/td>\n<td style=\"height: 22px;\" bgcolor=\"#FFFF66\">A\/A, TV, Ba\u00f1o Privado, Agua Caliente<\/td>\n<\/tr>\n<tr style=\"height: 22px;\">\n<td style=\"height: 22px;\" bgcolor=\"#FFFF66\">Habitaci\u00f3n Cl\u00e1sica<\/td>\n<td style=\"height: 22px;\" bgcolor=\"#FFFF66\">US$65.00<\/td>\n<td style=\"height: 22px;\" bgcolor=\"#FFFF66\">2<\/td>\n<td style=\"height: 22px;\" bgcolor=\"#FFFF66\">A\/A, TV, Ba\u00f1o Privado, Agua Caliente<\/td>\n<\/tr>\n<tr style=\"height: 22px;\">\n<td style=\"height: 22px;\" bgcolor=\"#FFFF66\">Habitaci\u00f3n Superior<\/td>\n<td style=\"height: 22px;\" bgcolor=\"#FFFF66\">US$75.00<\/td>\n<td style=\"height: 22px;\" bgcolor=\"#FFFF66\">2<\/td>\n<td style=\"height: 22px;\" bgcolor=\"#FFFF66\">A\/A, TV, Ba\u00f1o Privado, Agua Caliente<\/td>\n<\/tr>\n<tr style=\"height: 22px;\">\n<td style=\"height: 22px;\" bgcolor=\"#FFFF66\">Suite Superior<\/td>\n<td style=\"height: 22px;\" bgcolor=\"#FFFF66\">US$90.00<\/td>\n<td style=\"height: 22px;\" bgcolor=\"#FFFF66\">2<\/td>\n<td style=\"height: 22px;\" bgcolor=\"#FFFF66\">A\/A, TV, Ba\u00f1o Privado, Agua Caliente<\/td>\n<\/tr>\n<tr style=\"height: 22px;\">\n<td style=\"height: 22px;\" bgcolor=\"#FFFF66\">Suite de Lujo<\/td>\n<td style=\"height: 22px;\" bgcolor=\"#FFFF66\">US$120.00<\/td>\n<td style=\"height: 22px;\" bgcolor=\"#FFFF66\">2<\/td>\n<td style=\"height: 22px;\" bgcolor=\"#FFFF66\">A\/A, TV, Ba\u00f1o Privado, Agua Caliente<\/td>\n<\/tr>\n<tr style=\"height: 32px;\">\n<td style=\"height: 32px;\" bgcolor=\"#FFFF66\">Habitaci\u00f3n Triple<\/td>\n<td style=\"height: 32px;\" bgcolor=\"#FFFF66\">US$70.00<\/td>\n<td style=\"height: 32px;\" bgcolor=\"#FFFF66\">3<\/td>\n<td style=\"height: 32px;\" bgcolor=\"#FFFF66\">A\/A, TV, Ba\u00f1o Privado, Agua Caliente<\/td>\n<\/tr>\n<\/tbody>\n<\/table>\n<\/td>\n<\/tr>\n<tr style=\"height: 21px;\">\n<td style=\"width: 40px; height: 21px;\" colspan=\"4\" bgcolor=\"#990000\"><strong>Los precios ya incluyen impuesto. Los precios pueden variar por temporada.<\/strong><\/td>\n<\/tr>\n<tr style=\"height: 25px;\">\n<td style=\"width: 40px; height: 25px;\" colspan=\"4\" valign=\"top\" bgcolor=\"#FFFF00\">Para m\u00e1s informaci\u00f3n y reservacion <strong><a href=\"http:\/\/nicaragua-travel-guide.com\/site\/contactanos\/\">Contactarnos<\/a><\/strong><\/td>\n<\/tr>\n<\/tbody>\n<\/table>\n","protected":false},"excerpt":{"rendered":"<p>\u00a0 Descripci\u00f3n El Hotel est\u00e1 localizado en Granada, Nicaragua, la ciudad m\u00e1s antigua de Am\u00e9rica, fundada en 1524, en la orilla del Lago de Nicaragua, a 45 minutos de la ciudad capital Managua y a del Aeropuerto Internacional. Y a 90 minutos por v\u00eda terrestre de la frontera con Costa Rica. &nbsp; &nbsp; El Hotel [&hellip;]<\/p>\n","protected":false},"author":2,"featured_media":0,"parent":0,"menu_order":0,"comment_status":"closed","ping_status":"closed","template":"","meta":{"footnotes":""},"_links":{"self":[{"href":"https:\/\/nicaragua-travel-guide.com\/site\/wp-json\/wp\/v2\/pages\/7768"}],"collection":[{"href":"https:\/\/nicaragua-travel-guide.com\/site\/wp-json\/wp\/v2\/pages"}],"about":[{"href":"https:\/\/nicaragua-travel-guide.com\/site\/wp-json\/wp\/v2\/types\/page"}],"author":[{"embeddable":true,"href":"https:\/\/nicaragua-travel-guide.com\/site\/wp-json\/wp\/v2\/users\/2"}],"replies":[{"embeddable":true,"href":"https:\/\/nicaragua-travel-guide.com\/site\/wp-json\/wp\/v2\/comments?post=7768"}],"version-history":[{"count":21,"href":"https:\/\/nicaragua-travel-guide.com\/site\/wp-json\/wp\/v2\/pages\/7768\/revisions"}],"predecessor-version":[{"id":13523,"href":"https:\/\/nicaragua-travel-guide.com\/site\/wp-json\/wp\/v2\/pages\/7768\/revisions\/13523"}],"wp:attachment":[{"href":"https:\/\/nicaragua-travel-guide.com\/site\/wp-json\/wp\/v2\/media?parent=7768"}],"curies":[{"name":"wp","href":"https:\/\/api.w.org\/{rel}","templated":true}]}}