{"id":7772,"date":"2016-07-26T17:26:36","date_gmt":"2016-07-26T17:26:36","guid":{"rendered":"http:\/\/nicaragua-travel-guide.com\/site\/?page_id=7772"},"modified":"2016-09-16T21:10:29","modified_gmt":"2016-09-16T21:10:29","slug":"granada-hotel-la-gran-francia","status":"publish","type":"page","link":"https:\/\/nicaragua-travel-guide.com\/site\/granada-hotel-la-gran-francia\/","title":{"rendered":"Granada \u00abHotel La Gran Francia\u00bb"},"content":{"rendered":"<table style=\"width: 1001px;\" border=\"0\" align=\"left\">\n<tbody>\n<tr bgcolor=\"#FFFF99\">\n<td style=\"width: 986px;\" colspan=\"3\" bgcolor=\"#FFCC00\"><strong>Hotel la Gran Francia<\/strong><\/td>\n<\/tr>\n<tr bgcolor=\"#FFFF99\">\n<td style=\"width: 986px;\" colspan=\"3\" bgcolor=\"#FFCC33\"><img loading=\"lazy\" decoding=\"async\" class=\"alignnone  wp-image-13524\" src=\"http:\/\/nicaragua-travel-guide.com\/site\/wp-content\/uploads\/2016\/07\/Nicaragua-travel-guide-Granada-Hotel-La-Gran-Francia-header.jpg\" alt=\"nicaragua-travel-guide-granada-hotel-la-gran-francia-header\" width=\"991\" height=\"347\" \/><\/td>\n<\/tr>\n<tr bgcolor=\"#FFFF99\">\n<td style=\"width: 986px;\" colspan=\"3\" bgcolor=\"#FFFFFF\">\n<table border=\"0\" width=\"987\">\n<tbody>\n<tr>\n<td width=\"348\">Parqueo Afuera<\/td>\n<td width=\"346\">Recepci\u00f3n\u00a0de Hotel<\/td>\n<td width=\"279\">Restaurante La Gran Francia<\/td>\n<\/tr>\n<\/tbody>\n<\/table>\n<\/td>\n<\/tr>\n<tr bgcolor=\"#FFFF99\">\n<td style=\"width: 986px;\" colspan=\"3\" bgcolor=\"#FFCC66\"><strong>La Gran Francia <\/strong>es una casona localizada en el propio centro de la antigua ciudad de Granada, en Nicaragua.<\/p>\n<p>Historiadores argumentan que la existencia de esta joya arquitect\u00f3nica se remonta a la de la fundaci\u00f3n de la ciudad, en el a\u00f1o 1524. <strong>La Gran Francia <\/strong>fue restaurada durante la d\u00e9cada de 1990, as\u00ed recuperando el esplendor y majestuosidad de sus primeros d\u00edas y ahora alberga un elegante hotel de 21 habitaciones, el cual ofrece todas las amenidades y comodidades modernas, como habitaciones con aire acondicionado, piscina, servicio de restaurante, dos bares y un centro de convenciones.<\/td>\n<\/tr>\n<tr bgcolor=\"#FFFF99\">\n<td style=\"width: 986px;\" colspan=\"3\" bgcolor=\"#FFFFFF\">En este hotel podr\u00e1s disfrutar de la calurosa hospitalidad Nicarag\u00fcense y del r\u00fastico y elegante estilo de nuestra ciudad colonial.<\/td>\n<\/tr>\n<tr bgcolor=\"#FFFF99\">\n<td style=\"width: 986px;\" colspan=\"3\" bgcolor=\"#FFCC66\"><strong>Servicios y amenidades:<\/strong><\/td>\n<\/tr>\n<tr bgcolor=\"#FFFF99\">\n<td style=\"width: 986px;\" colspan=\"3\" bgcolor=\"#FFFF99\">Nuestro hotel dispone de piscina, facilidades para banquetes y seminarios, servicio de bar y restaurante, room service, servicio de lavander\u00eda y 21 habitaciones de lujo con:<br \/>\n<strong><br \/>\n\u2022 Aire Acondicionado<br \/>\n\u2022 TV por Cable<br \/>\n\u2022 <span lang=\"es\" xml:lang=\"es\">Acceso a la Internet<\/span><\/strong><strong><br \/>\n\u2022 Mini Bar*<br \/>\n\u2022 Caja Fuerte*<br \/>\n\u2022 Acceso directo a L\u00edneas Telef\u00f3nicas Internacionales<\/strong><\/td>\n<\/tr>\n<tr bgcolor=\"#FFFF99\">\n<td style=\"width: 326.208px;\" bgcolor=\"#FFFF00\">\u00a0<strong>Tarifas<\/strong><\/td>\n<td style=\"width: 293.792px;\" bgcolor=\"#FFCC00\"><strong>Temporada Baja<\/strong><br \/>\n(Mayo, Junio, Septiembre, Octubre)<\/td>\n<td style=\"width: 366px;\" bgcolor=\"#FFFF00\"><strong>Temporada Alta<\/strong><br \/>\n(Enero, Febrero, Marzo, Abril, Julio, Agosto, Noviembre, Diciembre)<\/td>\n<\/tr>\n<tr>\n<td style=\"width: 986px;\" colspan=\"3\" bgcolor=\"#FFFFFF\" height=\"31\">\u00a0Habitaci\u00f3n Cl\u00e1sica<\/td>\n<\/tr>\n<tr>\n<td style=\"width: 326.208px;\" bgcolor=\"#FFCC99\" height=\"218\">\u00a0<img loading=\"lazy\" decoding=\"async\" class=\"wp-image-13526 alignnone\" src=\"http:\/\/nicaragua-travel-guide.com\/site\/wp-content\/uploads\/2016\/07\/hotelagranfranciahabitacion.jpg\" alt=\"hotelagranfranciahabitacion\" width=\"318\" height=\"239\" \/><span style=\"font-family: inherit; font-size: inherit; line-height: 1.5;\">\u00a0<\/span><span style=\"font-family: inherit; font-size: inherit; line-height: 1.5;\">\u00a0<\/span><\/td>\n<td style=\"width: 293.792px;\" bgcolor=\"#FFCC99\">\n<ul>\n<li>US$80-Ocupaci\u00f3n Sencilla**<\/li>\n<li>US$90-Ocupaci\u00f3n Doble**<\/li>\n<li>US$103-Ocupaci\u00f3n Triple**<\/li>\n<li>US$116-Ocupaci\u00f3n Cu\u00e1druple**<\/li>\n<\/ul>\n<p>&nbsp;<\/td>\n<td style=\"width: 366px;\" bgcolor=\"#FFCC99\">\u2022 US$80-Ocupaci\u00f3n Sencilla**<br \/>\n\u2022 US$100-Ocupaci\u00f3n Doble**<br \/>\n\u2022 US$113-Ocupaci\u00f3n Triple**<br \/>\n\u2022 US$126-Ocupaci\u00f3n Cu\u00e1druple**<\/td>\n<\/tr>\n<tr>\n<td style=\"width: 986px;\" colspan=\"3\" bgcolor=\"#FFFFFF\">\u00a0Habitaci\u00f3n Colonial<\/td>\n<\/tr>\n<tr>\n<td style=\"width: 326.208px;\" bgcolor=\"#FFCC66\"><img loading=\"lazy\" decoding=\"async\" class=\" wp-image-13527 aligncenter\" src=\"http:\/\/nicaragua-travel-guide.com\/site\/wp-content\/uploads\/2016\/07\/hotelagranfrancihabitacion.jpg\" alt=\"hotelagranfrancihabitacion\" width=\"318\" height=\"236\" \/><\/td>\n<td style=\"width: 293.792px;\" bgcolor=\"#FFCC66\">\n<ul>\n<li>US$80-Ocupaci\u00f3n Sencilla**<\/li>\n<li>US$90-Ocupaci\u00f3n Doble**<\/li>\n<li>US$103-Ocupaci\u00f3n Triple**<\/li>\n<\/ul>\n<p>&nbsp;<\/td>\n<td style=\"width: 366px;\" bgcolor=\"#FFCC66\">&nbsp;<\/p>\n<p>\u2022 US$80-Ocupaci\u00f3n Sencilla**<br \/>\n\u2022 US$100-Ocupaci\u00f3n Doble**<br \/>\n\u2022 US$113-Ocupaci\u00f3n Triple**<\/p>\n<p>&nbsp;<\/p>\n<p>&nbsp;<\/td>\n<\/tr>\n<tr>\n<td style=\"width: 986px;\" colspan=\"3\" bgcolor=\"#FFFFFF\">\u00a0Junior Suite*<\/td>\n<\/tr>\n<tr>\n<td style=\"width: 326.208px;\" bgcolor=\"#FFCC99\" height=\"239\"><img loading=\"lazy\" decoding=\"async\" class=\"wp-image-13528 aligncenter\" src=\"http:\/\/nicaragua-travel-guide.com\/site\/wp-content\/uploads\/2016\/07\/hotelagrnfrancihabit.jpg\" alt=\"hotelagrnfrancihabit\" width=\"319\" height=\"239\" \/><\/td>\n<td style=\"width: 293.792px;\" bgcolor=\"#FFCC99\">&nbsp;<\/p>\n<p>&nbsp;<\/p>\n<ul>\n<li>US$90-Ocupaci\u00f3n Sencilla**<\/li>\n<li>US$110-Ocupaci\u00f3n Doble**<\/li>\n<li>US$123-Ocupaci\u00f3n Triple**<\/li>\n<\/ul>\n<p>&nbsp;<\/p>\n<p>&nbsp;<\/td>\n<td style=\"width: 366px;\" bgcolor=\"#FFCC99\">&nbsp;<\/p>\n<p>&nbsp;<\/p>\n<ul>\n<li>US$100-Ocupaci\u00f3n Sencilla*<\/li>\n<li>US$120-Ocupaci\u00f3n Doble**<\/li>\n<li>US$133-Ocupaci\u00f3n Triple**<\/li>\n<\/ul>\n<p>&nbsp;<\/p>\n<p>&nbsp;<\/td>\n<\/tr>\n<tr>\n<td style=\"width: 986px;\" colspan=\"3\" bgcolor=\"#FFFFFF\">\u00a0Suite el Duque*<\/td>\n<\/tr>\n<tr>\n<td style=\"width: 326.208px;\" bgcolor=\"#FFCC66\" height=\"222\"><img loading=\"lazy\" decoding=\"async\" class=\"wp-image-13525 alignnone\" src=\"http:\/\/nicaragua-travel-guide.com\/site\/wp-content\/uploads\/2016\/07\/hotelagrnfrancihabitaciondos.jpg\" alt=\"hotelagrnfrancihabitaciondos\" width=\"320\" height=\"234\" \/><\/td>\n<td style=\"width: 293.792px;\" bgcolor=\"#FFCC66\">&nbsp;<\/p>\n<p>&nbsp;<\/p>\n<ul>\n<li>US$134-Ocupaci\u00f3n Sencilla**<\/li>\n<li>US$147-Ocupaci\u00f3n Doble**<\/li>\n<\/ul>\n<p>&nbsp;<\/p>\n<p>&nbsp;<\/td>\n<td style=\"width: 366px;\" bgcolor=\"#FFCC66\">\n<ul>\n<li>US$134-Ocupaci\u00f3n Sencilla*<\/li>\n<li>US$147-Ocupaci\u00f3n Doble**<\/li>\n<\/ul>\n<\/td>\n<\/tr>\n<tr bgcolor=\"#FFFF00\">\n<td style=\"width: 986px;\" colspan=\"3\" bgcolor=\"#FFFF99\" height=\"25\">\u00a0Nuestro Desayuno Completo es servido diariamente de 7am a 10am en nuestro Sal\u00f3n Pablo Antonio Cuadra.<\/td>\n<\/tr>\n<tr bgcolor=\"#FFFF00\">\n<td style=\"width: 986px;\" colspan=\"3\" bgcolor=\"#FFCC66\" height=\"25\">**Precios no Incluyen IVA<\/td>\n<\/tr>\n<tr bgcolor=\"#FFFF00\">\n<td style=\"width: 986px;\" colspan=\"3\" bgcolor=\"#FFFF99\" height=\"25\">&lt;&lt; Restaurante y Sal\u00f3n ( Opci\u00f3n de Alquilar para eventos Privados)<\/td>\n<\/tr>\n<tr bgcolor=\"#FFFF00\">\n<td style=\"width: 986px;\" colspan=\"3\" bgcolor=\"#FFFF00\" height=\"25\">Por mayor informaci\u00f3n y reservacion <a href=\"http:\/\/nicaragua-travel-guide.com\/site\/contactanos\/\"><strong>Contactarnos<\/strong><\/a><\/td>\n<\/tr>\n<\/tbody>\n<\/table>\n","protected":false},"excerpt":{"rendered":"<p>Hotel la Gran Francia Parqueo Afuera Recepci\u00f3n\u00a0de Hotel Restaurante La Gran Francia La Gran Francia es una casona localizada en el propio centro de la antigua ciudad de Granada, en Nicaragua. Historiadores argumentan que la existencia de esta joya arquitect\u00f3nica se remonta a la de la fundaci\u00f3n de la ciudad, en el a\u00f1o 1524. La [&hellip;]<\/p>\n","protected":false},"author":2,"featured_media":0,"parent":0,"menu_order":0,"comment_status":"closed","ping_status":"closed","template":"","meta":{"footnotes":""},"_links":{"self":[{"href":"https:\/\/nicaragua-travel-guide.com\/site\/wp-json\/wp\/v2\/pages\/7772"}],"collection":[{"href":"https:\/\/nicaragua-travel-guide.com\/site\/wp-json\/wp\/v2\/pages"}],"about":[{"href":"https:\/\/nicaragua-travel-guide.com\/site\/wp-json\/wp\/v2\/types\/page"}],"author":[{"embeddable":true,"href":"https:\/\/nicaragua-travel-guide.com\/site\/wp-json\/wp\/v2\/users\/2"}],"replies":[{"embeddable":true,"href":"https:\/\/nicaragua-travel-guide.com\/site\/wp-json\/wp\/v2\/comments?post=7772"}],"version-history":[{"count":5,"href":"https:\/\/nicaragua-travel-guide.com\/site\/wp-json\/wp\/v2\/pages\/7772\/revisions"}],"predecessor-version":[{"id":13529,"href":"https:\/\/nicaragua-travel-guide.com\/site\/wp-json\/wp\/v2\/pages\/7772\/revisions\/13529"}],"wp:attachment":[{"href":"https:\/\/nicaragua-travel-guide.com\/site\/wp-json\/wp\/v2\/media?parent=7772"}],"curies":[{"name":"wp","href":"https:\/\/api.w.org\/{rel}","templated":true}]}}