{"id":7784,"date":"2016-07-26T17:41:25","date_gmt":"2016-07-26T17:41:25","guid":{"rendered":"http:\/\/nicaragua-travel-guide.com\/site\/?page_id=7784"},"modified":"2016-11-07T16:23:31","modified_gmt":"2016-11-07T16:23:31","slug":"granada-hotel-plaza-colon","status":"publish","type":"page","link":"https:\/\/nicaragua-travel-guide.com\/site\/granada-hotel-plaza-colon\/","title":{"rendered":"Granada Hotel \u00abPlaza Colon\u00bb"},"content":{"rendered":"<table style=\"width: 1018px;\" border=\"0\">\n<tbody>\n<tr style=\"height: 20px;\">\n<td style=\"height: 20px; width: 957px;\" colspan=\"2\" bgcolor=\"#FFFFFF\"><img loading=\"lazy\" decoding=\"async\" class=\"wp-image-13807 aligncenter\" src=\"http:\/\/nicaragua-travel-guide.com\/site\/wp-content\/uploads\/2016\/07\/hotelplazacolonheader.jpg\" alt=\"hotelplazacolonheader\" width=\"1012\" height=\"285\" srcset=\"https:\/\/nicaragua-travel-guide.com\/site\/wp-content\/uploads\/2016\/07\/hotelplazacolonheader.jpg 820w, https:\/\/nicaragua-travel-guide.com\/site\/wp-content\/uploads\/2016\/07\/hotelplazacolonheader-600x168.jpg 600w\" sizes=\"(max-width: 1012px) 100vw, 1012px\" \/><\/td>\n<\/tr>\n<tr style=\"height: 39px;\">\n<td style=\"height: 39px; width: 957px;\" colspan=\"2\" bgcolor=\"#660033\"><strong>Hotel Plaza Colon<\/strong><\/td>\n<\/tr>\n<tr style=\"height: 22px;\">\n<td style=\"height: 22px; width: 957px;\" colspan=\"2\">Descripci\u00f3n:<\/td>\n<\/tr>\n<tr style=\"height: 3.3333740234375px;\">\n<td style=\"height: 295.3333740234375px; width: 616px;\" rowspan=\"2\" bgcolor=\"#FFFF99\"><strong>El Hotel<\/strong><\/p>\n<p>Ubicado frente al parque central, en el verdadero coraz\u00f3n de la ciudad de Granada, el Plaza Col\u00f3n es un elegante edificio colonial que fue restaurado a su estilo y arquitectura original, con jardines interiores y balcones al Parque Central y la Catedral.hotel de alta calidad que logra combinar a la perfecci\u00f3n la modernidad de sus instalaciones con la antigua arquitectura restaurada de su edificio colonial, propia del centro de esta bella ciudad.<\/p>\n<p>Por su ubicaci\u00f3n central, Hotel Plaza Col\u00f3n se encuentra cercano a muchos de los atractivos principales del centro hist\u00f3rico de la antigua ciudad de Granada.<\/p>\n<p>Granada tiene un excelente ambiente nocturno con distintos bares y lounges; en el Hotel puede visitar El Bar y disfrutar de su cocktail de bienvenida \u00abEl Macua\u00bb, que es tambi\u00e9n la bebida nacional de Nicaragua.\u00a0 Justo enfrente del Hotel, puede tomar un coche halado por caballos y hacer un tour por la ciudad.\u00a0 El caf\u00e9 Don Sim\u00f3n, enseguida al Hotel, le ofrecer\u00e1 una muestra del mejor caf\u00e9 nicarag\u00fcense.<\/td>\n<td style=\"height: 3.3333740234375px; width: 341px;\" bgcolor=\"#FFFF99\"><img loading=\"lazy\" decoding=\"async\" class=\"wp-image-13808 aligncenter\" src=\"http:\/\/nicaragua-travel-guide.com\/site\/wp-content\/uploads\/2016\/07\/hotelplazacolonsala.jpg\" alt=\"hotelplazacolonsala\" width=\"349\" height=\"229\" \/><\/td>\n<\/tr>\n<tr style=\"height: 292px;\">\n<td style=\"height: 292px; width: 341px;\" bgcolor=\"#FFFF99\"><img loading=\"lazy\" decoding=\"async\" class=\"wp-image-13810 aligncenter\" src=\"http:\/\/nicaragua-travel-guide.com\/site\/wp-content\/uploads\/2016\/07\/hotelplazacoloncorredor.jpg\" alt=\"hotelplazacoloncorredor\" width=\"345\" height=\"228\" \/><\/td>\n<\/tr>\n<tr style=\"height: 481px;\">\n<td style=\"height: 481px; width: 957px;\" colspan=\"2\" bgcolor=\"#FFFFFF\">\n<table border=\"0\" width=\"1004\">\n<tbody>\n<tr>\n<td bgcolor=\"#660000\" width=\"283\"><strong>Precios<\/strong><\/td>\n<td bgcolor=\"#660000\" width=\"121\">Precios<\/td>\n<td bgcolor=\"#660000\" width=\"84\">Hu\u00e9spedes<\/td>\n<td bgcolor=\"#660000\" width=\"498\">Comodidades<\/td>\n<\/tr>\n<tr>\n<td>Tipo<\/td>\n<td><\/td>\n<td><\/td>\n<td><\/td>\n<\/tr>\n<tr>\n<td bgcolor=\"#FFFFFF\">Queen Superior<\/td>\n<td>US$99.00<\/td>\n<td align=\"center\" valign=\"middle\">1<\/td>\n<td>A\/A, Abanico, TV, Ba\u00f1o Privado, Agua Caliente, Desayuno Incluido<\/td>\n<\/tr>\n<tr>\n<td bgcolor=\"#FFFFFF\">Queen (con balc\u00f3n)<\/td>\n<td>US$109.00<\/td>\n<td>1<\/td>\n<td>A\/A, Abanico, TV, Ba\u00f1o Privado, Agua Caliente, Desayuno Incluido<\/td>\n<\/tr>\n<tr>\n<td bgcolor=\"#FFFFFF\">Doble Superior<\/td>\n<td>US$109.00<\/td>\n<td>2<\/td>\n<td>A\/A, Abanico, TV, Ba\u00f1o Privado, Agua Caliente, Desayuno Incluido<\/td>\n<\/tr>\n<tr>\n<td bgcolor=\"#FFFFFF\">Doble (con balc\u00f3n)<\/td>\n<td>US$129.00<\/td>\n<td>2<\/td>\n<td>A\/A, Abanico, TV, Ba\u00f1o Privado, Agua Caliente, Desayuno Incluido<\/td>\n<\/tr>\n<tr>\n<td bgcolor=\"#FFFFFF\">Suite<\/td>\n<td>US$209.00<\/td>\n<td>4<\/td>\n<td>A\/A, Abanico, TV, Ba\u00f1o Privado, Agua Caliente, Desayuno Incluido<\/td>\n<\/tr>\n<tr>\n<td colspan=\"4\"><strong>Los precios ya incluyen impuesto<\/strong><strong>.<\/strong><strong> Los precios de las habitaciones pueden variar por temporada.<\/strong><\/td>\n<\/tr>\n<tr>\n<td colspan=\"4\" valign=\"top\" bgcolor=\"#FFFF00\" height=\"259\">\n<table style=\"width: 997.3333740234375px;\" border=\"0\">\n<tbody>\n<tr style=\"height: 198px;\">\n<td style=\"width: 401px; height: 198px;\" bgcolor=\"#660000\"><strong>Nota:<\/strong><\/p>\n<ul>\n<li>Persona extra en habitaci\u00f3n doble US$10.<\/li>\n<li>Ni\u00f1o extra en habitaci\u00f3n US$5.<\/li>\n<li>Cama extra US$15.<\/li>\n<li>Desayuno extra US$5.<\/li>\n<\/ul>\n<\/td>\n<td style=\"width: 259px; height: 198px;\" bgcolor=\"#660000\"><img loading=\"lazy\" decoding=\"async\" class=\"wp-image-13811 aligncenter\" style=\"font-family: inherit; font-size: inherit; line-height: 1.5; background-color: #ffff99;\" src=\"http:\/\/nicaragua-travel-guide.com\/site\/wp-content\/uploads\/2016\/07\/hotelplazacolonhabitacion.jpg\" alt=\"hotelplazacolonhabitacion\" width=\"220\" height=\"220\" srcset=\"https:\/\/nicaragua-travel-guide.com\/site\/wp-content\/uploads\/2016\/07\/hotelplazacolonhabitacion.jpg 160w, https:\/\/nicaragua-travel-guide.com\/site\/wp-content\/uploads\/2016\/07\/hotelplazacolonhabitacion-100x100.jpg 100w\" sizes=\"(max-width: 220px) 100vw, 220px\" \/><\/td>\n<td style=\"width: 346.3333740234375px; height: 198px;\" bgcolor=\"#FFFFFF\"><img loading=\"lazy\" decoding=\"async\" class=\"wp-image-13809 aligncenter\" style=\"font-family: inherit; font-size: inherit; line-height: 1.5; background-color: #ffff99;\" src=\"http:\/\/nicaragua-travel-guide.com\/site\/wp-content\/uploads\/2016\/07\/hotelpazacolonhabitacdos.jpg\" alt=\"hotelpazacolonhabitacdos\" width=\"380\" height=\"252\" srcset=\"https:\/\/nicaragua-travel-guide.com\/site\/wp-content\/uploads\/2016\/07\/hotelpazacolonhabitacdos.jpg 240w, https:\/\/nicaragua-travel-guide.com\/site\/wp-content\/uploads\/2016\/07\/hotelpazacolonhabitacdos-180x120.jpg 180w\" sizes=\"(max-width: 380px) 100vw, 380px\" \/><\/td>\n<\/tr>\n<tr style=\"height: 26px;\">\n<td style=\"width: 1006.3333740234375px; height: 26px;\" colspan=\"3\" bgcolor=\"#FFCC00\">Por mayor informaci\u00f3n y reservacion<a href=\"http:\/\/nicaragua-travel-guide.com\/site\/contactanos\/\"><strong> Contactarnos<\/strong><\/a><\/td>\n<\/tr>\n<\/tbody>\n<\/table>\n<\/td>\n<\/tr>\n<\/tbody>\n<\/table>\n<\/td>\n<\/tr>\n<\/tbody>\n<\/table>\n","protected":false},"excerpt":{"rendered":"<p>Hotel Plaza Colon Descripci\u00f3n: El Hotel Ubicado frente al parque central, en el verdadero coraz\u00f3n de la ciudad de Granada, el Plaza Col\u00f3n es un elegante edificio colonial que fue restaurado a su estilo y arquitectura original, con jardines interiores y balcones al Parque Central y la Catedral.hotel de alta calidad que logra combinar a [&hellip;]<\/p>\n","protected":false},"author":2,"featured_media":0,"parent":0,"menu_order":0,"comment_status":"closed","ping_status":"closed","template":"","meta":{"footnotes":""},"_links":{"self":[{"href":"https:\/\/nicaragua-travel-guide.com\/site\/wp-json\/wp\/v2\/pages\/7784"}],"collection":[{"href":"https:\/\/nicaragua-travel-guide.com\/site\/wp-json\/wp\/v2\/pages"}],"about":[{"href":"https:\/\/nicaragua-travel-guide.com\/site\/wp-json\/wp\/v2\/types\/page"}],"author":[{"embeddable":true,"href":"https:\/\/nicaragua-travel-guide.com\/site\/wp-json\/wp\/v2\/users\/2"}],"replies":[{"embeddable":true,"href":"https:\/\/nicaragua-travel-guide.com\/site\/wp-json\/wp\/v2\/comments?post=7784"}],"version-history":[{"count":7,"href":"https:\/\/nicaragua-travel-guide.com\/site\/wp-json\/wp\/v2\/pages\/7784\/revisions"}],"predecessor-version":[{"id":13814,"href":"https:\/\/nicaragua-travel-guide.com\/site\/wp-json\/wp\/v2\/pages\/7784\/revisions\/13814"}],"wp:attachment":[{"href":"https:\/\/nicaragua-travel-guide.com\/site\/wp-json\/wp\/v2\/media?parent=7784"}],"curies":[{"name":"wp","href":"https:\/\/api.w.org\/{rel}","templated":true}]}}