{"id":7786,"date":"2016-07-26T17:42:47","date_gmt":"2016-07-26T17:42:47","guid":{"rendered":"http:\/\/nicaragua-travel-guide.com\/site\/?page_id=7786"},"modified":"2016-11-07T16:48:31","modified_gmt":"2016-11-07T16:48:31","slug":"granada-hotel-el-almirante","status":"publish","type":"page","link":"https:\/\/nicaragua-travel-guide.com\/site\/granada-hotel-el-almirante\/","title":{"rendered":"Granada Hotel \u00abEl Almirante\u00bb"},"content":{"rendered":"<table style=\"width: 1009px;\" border=\"0\">\n<tbody>\n<tr style=\"height: 183px;\">\n<td style=\"height: 548.6666870117188px; width: 239px;\" rowspan=\"2\" valign=\"top\" bgcolor=\"#FFFFFF\">\n<table border=\"0\" width=\"240\">\n<tbody>\n<tr>\n<td>\u00a0<img loading=\"lazy\" decoding=\"async\" class=\"alignnone size-full wp-image-13826\" src=\"http:\/\/nicaragua-travel-guide.com\/site\/wp-content\/uploads\/2016\/07\/hotelelalmirantelogo.gif\" alt=\"hotelelalmirantelogo\" width=\"180\" height=\"182\" srcset=\"https:\/\/nicaragua-travel-guide.com\/site\/wp-content\/uploads\/2016\/07\/hotelelalmirantelogo.gif 180w, https:\/\/nicaragua-travel-guide.com\/site\/wp-content\/uploads\/2016\/07\/hotelelalmirantelogo-100x100.gif 100w\" sizes=\"(max-width: 180px) 100vw, 180px\" \/><\/td>\n<\/tr>\n<tr>\n<td bgcolor=\"#0099FF\">Inicio<\/td>\n<\/tr>\n<tr>\n<td bgcolor=\"#FFFFFF\"><a href=\"http:\/\/nicaragua-travel-guide.com\/site\/granada-hotel-el-almirante-perfil\/\">El Hotel<\/a><\/td>\n<\/tr>\n<tr>\n<td><a href=\"http:\/\/nicaragua-travel-guide.com\/site\/granada-hotel-el-almirante-habitaciones\/\">Habitaciones<\/a><\/td>\n<\/tr>\n<tr>\n<td><a href=\"http:\/\/nicaragua-travel-guide.com\/site\/granada-hotel-el-almirante-el-restaurante\/\">Restaurante<\/a><\/td>\n<\/tr>\n<tr>\n<td><a href=\"http:\/\/nicaragua-travel-guide.com\/site\/granada-hotel-el-almirante-actividades\/\">Actividades<\/a><\/td>\n<\/tr>\n<tr>\n<td>\u00c1lbum de fotos<\/td>\n<\/tr>\n<tr>\n<td><strong>Contacto<\/strong><\/td>\n<\/tr>\n<tr>\n<td><\/td>\n<\/tr>\n<\/tbody>\n<\/table>\n<p><img loading=\"lazy\" decoding=\"async\" class=\"wp-image-13827 aligncenter\" src=\"http:\/\/nicaragua-travel-guide.com\/site\/wp-content\/uploads\/2016\/07\/hotelelalmirantepicina.jpg\" alt=\"hotelelalmirantepicina\" width=\"227\" height=\"151\" srcset=\"https:\/\/nicaragua-travel-guide.com\/site\/wp-content\/uploads\/2016\/07\/hotelelalmirantepicina.jpg 238w, https:\/\/nicaragua-travel-guide.com\/site\/wp-content\/uploads\/2016\/07\/hotelelalmirantepicina-180x120.jpg 180w\" sizes=\"(max-width: 227px) 100vw, 227px\" \/><\/td>\n<td style=\"height: 183px; width: 184px;\" bgcolor=\"#FFFFFF\"><img loading=\"lazy\" decoding=\"async\" class=\"alignnone size-full wp-image-13819\" src=\"http:\/\/nicaragua-travel-guide.com\/site\/wp-content\/uploads\/2016\/07\/hotelelalmirantecamazules.gif\" alt=\"hotelelalmirantecamazules\" width=\"184\" height=\"177\" \/><\/td>\n<td style=\"height: 183px; width: 180px;\" bgcolor=\"#FFFFFF\"><img loading=\"lazy\" decoding=\"async\" class=\"alignnone size-full wp-image-13822\" src=\"http:\/\/nicaragua-travel-guide.com\/site\/wp-content\/uploads\/2016\/07\/hotelelalmirantecomidas.gif\" alt=\"hotelelalmirantecomidas\" width=\"184\" height=\"177\" \/><\/td>\n<td style=\"height: 183px; width: 183px;\" bgcolor=\"#FFFFFF\"><img loading=\"lazy\" decoding=\"async\" class=\"alignnone size-full wp-image-13824\" src=\"http:\/\/nicaragua-travel-guide.com\/site\/wp-content\/uploads\/2016\/07\/hotelelalmiranteestilocolonial.gif\" alt=\"hotelelalmiranteestilocolonial\" width=\"184\" height=\"176\" \/><\/td>\n<td style=\"height: 183px; width: 187px;\" bgcolor=\"#FFFFFF\"><img loading=\"lazy\" decoding=\"async\" class=\"alignnone size-full wp-image-13821\" src=\"http:\/\/nicaragua-travel-guide.com\/site\/wp-content\/uploads\/2016\/07\/hotelelalmiranteciudadgranada.gif\" alt=\"hotelelalmiranteciudadgranada\" width=\"184\" height=\"179\" \/><\/td>\n<\/tr>\n<tr style=\"height: 365.66668701171875px;\">\n<td style=\"height: 365.66668701171875px; width: 734px;\" colspan=\"4\" bgcolor=\"#FFFFFF\">El hotel El Almirante en Granada se inaugur\u00f3 a principios de 2010 y dispone de 20 habitaciones.<\/p>\n<p>Est\u00e1 situado en una calle tranquila a tan s\u00f3lo 5 minutos de la Plaza Central y la Catedral.El hotel se ha construido siguiendo el estilo colonial tradicional, con un equipamiento de alta calidad y con todos los servicios que pueden ir asociados a un hotel nuevo y moderno \u2013 como sistema solar ecol\u00f3gico , ahorro de energia en las habitaciones , Wi Fi gratis , televisi\u00f3n LCD con cable TV , mini bar , caja de seguridad gratis , recepci\u00f3n abierta las 24 horas y parking privado gratis -.Todos nuestros empleados son biling\u00fces.<\/p>\n<p>Asimismo el hotel dispone de piscina y terraza solarium , un c\u00f3modo sal\u00f3n de estar y un completo bar que conduce al amplio restaurante &#8211; patio , presidido por una barbacoa. El restaurante ofrece comida tradicional e internacional, tanto en desayuno como en almuerzo y cena.<\/p>\n<p>Les invitamos a visitar nuestra p\u00e1gina web para descubrir nuestro alojamiento y todas aquellas actividades que ofrece la ciudad de Granada y puedan ser de su inter\u00e9s.Nuestros empleados estar\u00e1n encantados de poder atenderles.Queremos darle la bienvenida a nuestro hotel colonial en Granada, y contamos con verles pronto.<\/td>\n<\/tr>\n<\/tbody>\n<\/table>\n","protected":false},"excerpt":{"rendered":"<p>\u00a0 Inicio El Hotel Habitaciones Restaurante Actividades \u00c1lbum de fotos Contacto El hotel El Almirante en Granada se inaugur\u00f3 a principios de 2010 y dispone de 20 habitaciones. Est\u00e1 situado en una calle tranquila a tan s\u00f3lo 5 minutos de la Plaza Central y la Catedral.El hotel se ha construido siguiendo el estilo colonial tradicional, [&hellip;]<\/p>\n","protected":false},"author":2,"featured_media":0,"parent":0,"menu_order":0,"comment_status":"closed","ping_status":"closed","template":"","meta":{"footnotes":""},"_links":{"self":[{"href":"https:\/\/nicaragua-travel-guide.com\/site\/wp-json\/wp\/v2\/pages\/7786"}],"collection":[{"href":"https:\/\/nicaragua-travel-guide.com\/site\/wp-json\/wp\/v2\/pages"}],"about":[{"href":"https:\/\/nicaragua-travel-guide.com\/site\/wp-json\/wp\/v2\/types\/page"}],"author":[{"embeddable":true,"href":"https:\/\/nicaragua-travel-guide.com\/site\/wp-json\/wp\/v2\/users\/2"}],"replies":[{"embeddable":true,"href":"https:\/\/nicaragua-travel-guide.com\/site\/wp-json\/wp\/v2\/comments?post=7786"}],"version-history":[{"count":13,"href":"https:\/\/nicaragua-travel-guide.com\/site\/wp-json\/wp\/v2\/pages\/7786\/revisions"}],"predecessor-version":[{"id":13830,"href":"https:\/\/nicaragua-travel-guide.com\/site\/wp-json\/wp\/v2\/pages\/7786\/revisions\/13830"}],"wp:attachment":[{"href":"https:\/\/nicaragua-travel-guide.com\/site\/wp-json\/wp\/v2\/media?parent=7786"}],"curies":[{"name":"wp","href":"https:\/\/api.w.org\/{rel}","templated":true}]}}