{"id":7788,"date":"2016-07-26T17:44:20","date_gmt":"2016-07-26T17:44:20","guid":{"rendered":"http:\/\/nicaragua-travel-guide.com\/site\/?page_id=7788"},"modified":"2016-11-07T17:43:24","modified_gmt":"2016-11-07T17:43:24","slug":"granada-hotel-el-almirante-perfil","status":"publish","type":"page","link":"https:\/\/nicaragua-travel-guide.com\/site\/granada-hotel-el-almirante-perfil\/","title":{"rendered":"Granada Hotel \u00abEl Almirante\u00bb Perfil"},"content":{"rendered":"<table style=\"width: 1137px;\">\n<tbody>\n<tr style=\"height: 556.666748046875px;\">\n<th style=\"height: 556.666748046875px; width: 290.6666965484619px;\" colspan=\"3\" scope=\"row\" valign=\"top\" bgcolor=\"#FFFFFF\">\n<table style=\"width: 251px;\" border=\"0\">\n<tbody>\n<tr>\n<td style=\"width: 244px;\"><img loading=\"lazy\" decoding=\"async\" class=\"alignnone wp-image-13826\" src=\"http:\/\/nicaragua-travel-guide.com\/site\/wp-content\/uploads\/2016\/07\/hotelelalmirantelogo.gif\" alt=\"hotelelalmirantelogo\" width=\"278\" height=\"283\" \/><\/td>\n<\/tr>\n<tr>\n<td style=\"width: 244px;\"><a href=\"http:\/\/nicaragua-travel-guide.com\/site\/granada-hotel-el-almirante\/\">Inicio<\/a><\/td>\n<\/tr>\n<tr>\n<td style=\"width: 244px;\" bgcolor=\"#0099FF\">El Hotel<\/td>\n<\/tr>\n<tr>\n<td style=\"width: 244px;\"><a href=\"http:\/\/nicaragua-travel-guide.com\/site\/granada-hotel-el-almirante-habitaciones\/\">Habitaciones<\/a><\/td>\n<\/tr>\n<tr>\n<td style=\"width: 244px;\"><a href=\"http:\/\/nicaragua-travel-guide.com\/site\/granada-hotel-el-almirante-el-restaurante\/\">Restaurante<\/a><\/td>\n<\/tr>\n<tr>\n<td style=\"width: 244px;\"><a href=\"http:\/\/nicaragua-travel-guide.com\/site\/granada-hotel-el-almirante-actividades\/\">Actividades<\/a><\/td>\n<\/tr>\n<tr>\n<td style=\"width: 244px;\">\u00c1lbum de fotos<\/td>\n<\/tr>\n<tr>\n<td style=\"width: 244px;\">Contacto<\/td>\n<\/tr>\n<\/tbody>\n<\/table>\n<p><img loading=\"lazy\" decoding=\"async\" class=\"alignnone size-medium wp-image-13820\" src=\"http:\/\/nicaragua-travel-guide.com\/site\/wp-content\/uploads\/2016\/07\/hotelelalmirantecanastabano.jpg\" alt=\"hotelelalmirantecanastabano\" width=\"238\" height=\"179\" \/><\/th>\n<th style=\"height: 556.666748046875px; width: 489.33331298828125px;\" scope=\"row\" valign=\"top\" bgcolor=\"#FFFFFF\">Hotel Colonial El Almirante Granada<\/p>\n<p>&nbsp;<\/p>\n<p>&nbsp;<\/p>\n<p>El Hotel El Almirante en Granada , Nicaragua , ha sido inaugurado en 2010 tras una extensa renovaci\u00f3n durante m\u00e1s de un a\u00f1o.<\/p>\n<p>&nbsp;<\/p>\n<p>&nbsp;<\/p>\n<p>El edificio pertenec\u00eda a una antigua casa familiar, con un amplio interior, t\u00edpico del estilo tradicional hispano que corresponde a la ciudad.<\/p>\n<p>&nbsp;<\/p>\n<p>&nbsp;<\/p>\n<p>Granada es una de las ciudades coloniales m\u00e1s hermosas de Latinoam\u00e9rica.<\/p>\n<p>&nbsp;<\/p>\n<p>antigua ciudad a orillas del Lago Nicaragua est\u00e1 repleta de Historia y de encanto colonial espa\u00f1ol , y es una de los m\u00e1s remotos asentamientos europeos en el hemisferio oeste.<\/p>\n<p>&nbsp;<\/p>\n<p>&nbsp;<\/p>\n<p>Es una satisfacci\u00f3n para nosotros haber podido mantener el estilo colonial reutilizando algunos de los elementos arquitect\u00f3nicos que exist\u00edan previamente en el edificio.<\/p>\n<p>&nbsp;<\/p>\n<p>Al mismo tiempo, nuestro Hotel ofrece un equipamiento moderno comprometido con el medio ambiente, como agua caliente mediante paneles solares y aparatos que ahorran energ\u00eda.<\/p>\n<p>&nbsp;<\/p>\n<p>&nbsp;<\/p>\n<p>Est\u00e1 usted invitado a visitar nuestra galer\u00eda de fotos del edificio antes y despu\u00e9s de su renovaci\u00f3n.<\/th>\n<th style=\"height: 556.666748046875px; width: 380px;\" scope=\"row\" valign=\"top\" bgcolor=\"#FFFFFF\">\n<table style=\"width: 391px; height: 713px;\" border=\"0\">\n<tbody>\n<tr style=\"height: 146.33334350585938px;\">\n<td style=\"height: 146.33334350585938px; width: 380.6666564941406px;\"><img loading=\"lazy\" decoding=\"async\" class=\" wp-image-13819 aligncenter\" style=\"font-family: inherit; font-size: inherit; line-height: 1.5;\" src=\"http:\/\/nicaragua-travel-guide.com\/site\/wp-content\/uploads\/2016\/07\/hotelelalmirantecamazules.gif\" alt=\"hotelelalmirantecamazules\" width=\"310\" height=\"296\" \/><\/td>\n<\/tr>\n<tr style=\"height: 179px;\">\n<td style=\"height: 179px; width: 380.6666564941406px;\"><img loading=\"lazy\" decoding=\"async\" class=\"wp-image-13823 aligncenter\" style=\"font-family: inherit; font-size: inherit; line-height: 1.5;\" src=\"http:\/\/nicaragua-travel-guide.com\/site\/wp-content\/uploads\/2016\/07\/hotelelalmirantecuarto.jpg\" alt=\"hotelelalmirantecuarto\" width=\"312\" height=\"229\" \/><\/td>\n<\/tr>\n<tr style=\"height: 161px;\">\n<td style=\"height: 161px; width: 380.6666564941406px;\"><img loading=\"lazy\" decoding=\"async\" class=\"wp-image-13825 aligncenter\" style=\"font-family: inherit; font-size: inherit; line-height: 1.5;\" src=\"http:\/\/nicaragua-travel-guide.com\/site\/wp-content\/uploads\/2016\/07\/hotelelalmirantelavamano.jpg\" alt=\"????????????????????????????????????\" width=\"310\" height=\"202\" \/><\/td>\n<\/tr>\n<\/tbody>\n<\/table>\n<\/th>\n<\/tr>\n<\/tbody>\n<\/table>\n","protected":false},"excerpt":{"rendered":"<p>Inicio El Hotel Habitaciones Restaurante Actividades \u00c1lbum de fotos Contacto Hotel Colonial El Almirante Granada &nbsp; &nbsp; El Hotel El Almirante en Granada , Nicaragua , ha sido inaugurado en 2010 tras una extensa renovaci\u00f3n durante m\u00e1s de un a\u00f1o. &nbsp; &nbsp; El edificio pertenec\u00eda a una antigua casa familiar, con un amplio interior, t\u00edpico [&hellip;]<\/p>\n","protected":false},"author":2,"featured_media":0,"parent":0,"menu_order":0,"comment_status":"closed","ping_status":"closed","template":"","meta":{"footnotes":""},"_links":{"self":[{"href":"https:\/\/nicaragua-travel-guide.com\/site\/wp-json\/wp\/v2\/pages\/7788"}],"collection":[{"href":"https:\/\/nicaragua-travel-guide.com\/site\/wp-json\/wp\/v2\/pages"}],"about":[{"href":"https:\/\/nicaragua-travel-guide.com\/site\/wp-json\/wp\/v2\/types\/page"}],"author":[{"embeddable":true,"href":"https:\/\/nicaragua-travel-guide.com\/site\/wp-json\/wp\/v2\/users\/2"}],"replies":[{"embeddable":true,"href":"https:\/\/nicaragua-travel-guide.com\/site\/wp-json\/wp\/v2\/comments?post=7788"}],"version-history":[{"count":18,"href":"https:\/\/nicaragua-travel-guide.com\/site\/wp-json\/wp\/v2\/pages\/7788\/revisions"}],"predecessor-version":[{"id":13843,"href":"https:\/\/nicaragua-travel-guide.com\/site\/wp-json\/wp\/v2\/pages\/7788\/revisions\/13843"}],"wp:attachment":[{"href":"https:\/\/nicaragua-travel-guide.com\/site\/wp-json\/wp\/v2\/media?parent=7788"}],"curies":[{"name":"wp","href":"https:\/\/api.w.org\/{rel}","templated":true}]}}