{"id":7794,"date":"2016-07-26T17:50:59","date_gmt":"2016-07-26T17:50:59","guid":{"rendered":"http:\/\/nicaragua-travel-guide.com\/site\/?page_id=7794"},"modified":"2016-07-28T16:01:10","modified_gmt":"2016-07-28T16:01:10","slug":"granada-hotel-el-almirante-actividades","status":"publish","type":"page","link":"https:\/\/nicaragua-travel-guide.com\/site\/granada-hotel-el-almirante-actividades\/","title":{"rendered":"Granada Hotel \u00abEl Almirante\u00bb Actividades"},"content":{"rendered":"<table style=\"width: 1011px;\" border=\"0\">\n<tbody>\n<tr>\n<td style=\"width: 222.188px;\" valign=\"top\">\n<table border=\"0\" width=\"236\">\n<tbody>\n<tr>\n<td width=\"230\"><img loading=\"lazy\" decoding=\"async\" src=\"http:\/\/www.nicaragua-travel-guide.com\/imangenestres\/hotelelalmirantelogo.gif\" alt=\"\" width=\"233\" height=\"211\" \/><\/td>\n<\/tr>\n<tr>\n<td bgcolor=\"#FFFFFF\"><a href=\"http:\/\/nicaragua-travel-guide.com\/site\/granada-hotel-el-almirante\/\">Inicio<\/a><\/td>\n<\/tr>\n<tr>\n<td bgcolor=\"#FFFFFF\"><a href=\"http:\/\/nicaragua-travel-guide.com\/site\/granada-hotel-el-almirante-perfil\/\">El Hotel<\/a><\/td>\n<\/tr>\n<tr>\n<td bgcolor=\"#FFFFFF\"><a href=\"http:\/\/nicaragua-travel-guide.com\/site\/granada-hotel-el-almirante-habitaciones\/\">Habitaciones<\/a><\/td>\n<\/tr>\n<tr>\n<td><a href=\"http:\/\/nicaragua-travel-guide.com\/site\/granada-hotel-el-almirante-el-restaurante\/\">Restaurante<\/a><\/td>\n<\/tr>\n<tr>\n<td bgcolor=\"#0099FF\">Actividades<\/td>\n<\/tr>\n<tr>\n<td>\u00c1lbum de fotos<\/td>\n<\/tr>\n<tr>\n<td><strong>Contacto<\/strong><\/td>\n<\/tr>\n<tr>\n<td><\/td>\n<\/tr>\n<\/tbody>\n<\/table>\n<\/td>\n<td style=\"width: 776.812px;\">ACTIVIDADES<\/p>\n<p>Granada<br \/>\nHist\u00f3ricamente Granada, que supone la cuarta ciudad con mayor poblaci\u00f3n de Nicaragua, es tambi\u00e9n uno de los n\u00facleos m\u00e1s importantes desde el punto de vista econ\u00f3mico y pol\u00edtico.Fundada en 1524 por Francisco \u00a0Hern\u00e1ndez de C\u00f3rdoba , su arquitectura y trazado provienen de una rica herencia colonial .Granada, conocida tambi\u00e9n como La gran sultana, por su apariencia morisca y andaluza, disfruta hoy en d\u00eda del incremento del turismo y sus visitantes exploran tesoros ocultos de la ciudad a trav\u00e9s de las populares playas que encuentran en el lago Nicaragua.<\/p>\n<p>Museos<br \/>\nGranada es un tesoro nacional \u2013 la cuna de los \u00eddolos precolombinos y de las estatuas descubiertas tras la conquista espa\u00f1ola \u2013 y todo esto queda alojado en el\u00a0museo del convento de San Francisco\u00a0. Adem\u00e1s de los espa\u00f1oles, Granada fue atacada por piratas ingleses, franceses y holandeses que intentaron tomar el control de Nicaragua.<\/p>\n<p>Arquitectura<br \/>\nEn la ciudad puede pasear alrededor de varios edificios y plazas en el Parque Central.Asismismo por las calles podr\u00e1 encontrar exhibiciones art\u00edsticas. Finalmente al caer la tarde comienza la vida nocturna en la calle La Calzada, con numerosos bares y restaurantes y artistas callejeros.<\/p>\n<p>Senderismo en la Reserva Natural<br \/>\nEn volc\u00e1n Mombacho, que permanece inactivo, domina la Reserva Natural que lleva su nombre, creada en 1999. Existen excursiones organizadas para turistas, que podr\u00e1n disfrutar de la naturaleza y los paisajes, as\u00ed como la flora y la fauna existentes cerca de la cima del volc\u00e1n. Existen a su disposici\u00f3n mapas y gu\u00edas, as\u00ed como material para practicar senderismo, en el centro de visitantes. Las visitas duran entre 30 minutos y varias horas.<\/p>\n<p>Excursiones y pesca en barca en el Lago Nicaragua<br \/>\nEl c\u00e1lido clima de Granada se v\u00e9 beneficiado por su cercan\u00eda al lago y por estar rodeada de monta\u00f1as. La pesca es una de las mayores atracciones en el lago Nicaragua, el segundo lago m\u00e1s grande de Latinoam\u00e9rica, y es el refugio de muchas criaturas marinas, siendo el \u00fanico lago del mundo donde viven tiburones.<\/p>\n<p>Visita a Las Isletas<br \/>\nEl volc\u00e1n Mombacho fu\u00e9 el reponsable de la creaci\u00f3n de Las Isletas, un archipi\u00e9lago formado por 365 diminutas islas.La vista del Lago y de las isletas desde el volc\u00e1n es espectacular. Tambi\u00e9n es posible divisar en dias claros las zonas de Ometepe y las Islas Zapatera \u2013 la \u00faltima de ellas es un volc\u00e1n inactivo -. Usted puede alquilar una barca, con o sin gu\u00eda, para explorar Las Isletas. Disfrute de las vistas, incluida la vegetaci\u00f3n y la vida animal, con preciosos p\u00e1jaros ex\u00f3ticos que revolotean por todas las islas.<\/p>\n<p>Para m\u00e1s informaci\u00f3n sobre actividades en Granada o para reservar excursiones no dude en consultar a nuestro personal.<\/td>\n<\/tr>\n<\/tbody>\n<\/table>\n","protected":false},"excerpt":{"rendered":"<p>Inicio El Hotel Habitaciones Restaurante Actividades \u00c1lbum de fotos Contacto ACTIVIDADES Granada Hist\u00f3ricamente Granada, que supone la cuarta ciudad con mayor poblaci\u00f3n de Nicaragua, es tambi\u00e9n uno de los n\u00facleos m\u00e1s importantes desde el punto de vista econ\u00f3mico y pol\u00edtico.Fundada en 1524 por Francisco \u00a0Hern\u00e1ndez de C\u00f3rdoba , su arquitectura y trazado provienen de una [&hellip;]<\/p>\n","protected":false},"author":2,"featured_media":0,"parent":0,"menu_order":0,"comment_status":"closed","ping_status":"closed","template":"","meta":{"footnotes":""},"_links":{"self":[{"href":"https:\/\/nicaragua-travel-guide.com\/site\/wp-json\/wp\/v2\/pages\/7794"}],"collection":[{"href":"https:\/\/nicaragua-travel-guide.com\/site\/wp-json\/wp\/v2\/pages"}],"about":[{"href":"https:\/\/nicaragua-travel-guide.com\/site\/wp-json\/wp\/v2\/types\/page"}],"author":[{"embeddable":true,"href":"https:\/\/nicaragua-travel-guide.com\/site\/wp-json\/wp\/v2\/users\/2"}],"replies":[{"embeddable":true,"href":"https:\/\/nicaragua-travel-guide.com\/site\/wp-json\/wp\/v2\/comments?post=7794"}],"version-history":[{"count":12,"href":"https:\/\/nicaragua-travel-guide.com\/site\/wp-json\/wp\/v2\/pages\/7794\/revisions"}],"predecessor-version":[{"id":8466,"href":"https:\/\/nicaragua-travel-guide.com\/site\/wp-json\/wp\/v2\/pages\/7794\/revisions\/8466"}],"wp:attachment":[{"href":"https:\/\/nicaragua-travel-guide.com\/site\/wp-json\/wp\/v2\/media?parent=7794"}],"curies":[{"name":"wp","href":"https:\/\/api.w.org\/{rel}","templated":true}]}}