{"id":7798,"date":"2016-07-26T17:56:25","date_gmt":"2016-07-26T17:56:25","guid":{"rendered":"http:\/\/nicaragua-travel-guide.com\/site\/?page_id=7798"},"modified":"2016-08-01T08:31:43","modified_gmt":"2016-08-01T08:31:43","slug":"granada-hotel-granada-spa-perfil","status":"publish","type":"page","link":"https:\/\/nicaragua-travel-guide.com\/site\/granada-hotel-granada-spa-perfil\/","title":{"rendered":"Granada Hotel \u00abGranada Spa\u00bb perfil"},"content":{"rendered":"<table border=\"0\" width=\"1015\">\n<tbody>\n<tr>\n<td colspan=\"2\" bgcolor=\"#990099\">\n<table border=\"0\" width=\"1003\">\n<tbody>\n<tr>\n<td bgcolor=\"#990099\" width=\"118\" height=\"122\"><\/td>\n<td bgcolor=\"#990099\" width=\"875\">Sobre el Hotel Spa Granada:<br \/>\nDonde lo tradicional se encuentra con lo moderno<\/td>\n<\/tr>\n<\/tbody>\n<\/table>\n<\/td>\n<\/tr>\n<tr>\n<td valign=\"top\" bgcolor=\"#9933FF\" width=\"568\" height=\"358\">El Hotel Spa Granada est\u00e1 situado en la mansi\u00f3n colonial m\u00e1s grande que todav\u00eda existe en Granada. Se compone de cinco jardines tradicionales coloniales, cada uno con su propio distintivo.<\/p>\n<p>El Hotel Spa Granada combina la majestuosidad de una antigua casa colonial, con una moderna decoraci\u00f3n , creando un ambiente \u00fanico y exquisito, donde lo tradicional se encuentra con lo moderno.<\/p>\n<p>Siempre fresco gracias a las brisas del lago Cocibolca, los grandes balcones proporcionan un punto de vista ideal para ver las gloriosas puestas de sol de Nicaragua<\/p>\n<p>Disfrutar\u00e1 de refrescarse en la piscina de 60 pies rodeada de un florido jard\u00edn con bar, relaj\u00e1ndose con el tratamiento de spa incluido con cada noche de estad\u00eda, y deleitando su paladar en el Choco caf\u00e9, aprendiendo y probando nuestro delicioso chocolate en el Choco Museo.<\/td>\n<td rowspan=\"2\" valign=\"top\" bgcolor=\"#9933FF\" width=\"437\"><img loading=\"lazy\" decoding=\"async\" src=\"http:\/\/www.nicaragua-travel-guide.com\/imangenestres\/hotelspagaranadacorredor.jpg\" width=\"432\" height=\"354\" \/><\/p>\n<p>\u00abHemos restaurando meticulosamente la propiedad desde 2004 hasta 2009, para crear el mejor hotel de Granada\u00bb<\/td>\n<\/tr>\n<tr>\n<td align=\"left\" bgcolor=\"#FFFFFF\" height=\"62\">\n<table border=\"0\" width=\"568\">\n<tbody>\n<tr>\n<td style=\"text-align: center;\" bgcolor=\"#FFFFFF\" width=\"248\" height=\"26\"><a href=\"http:\/\/nicaragua-travel-guide.com\/site\/granada-hotel-granada-spa-precios\/\">Precios y Amenidades<\/a><\/td>\n<td style=\"text-align: center;\" bgcolor=\"#660000\" width=\"286\">\u00a0<a href=\"http:\/\/nicaragua-travel-guide.com\/site\/granada-hotel-granada-spa-piscina\/\">Piscina<\/a><\/td>\n<\/tr>\n<tr>\n<td style=\"text-align: center;\" bgcolor=\"#990099\" height=\"26\">\u00a0<a href=\"http:\/\/nicaragua-travel-guide.com\/site\/granada-hotel-granada-spa-el-spa\/\">El Spa\u00a0<\/a><\/td>\n<td style=\"text-align: center;\" bgcolor=\"#FFFF00\">\u00a0<strong>Contactarnos<\/strong><\/td>\n<\/tr>\n<\/tbody>\n<\/table>\n<\/td>\n<\/tr>\n<\/tbody>\n<\/table>\n","protected":false},"excerpt":{"rendered":"<p>Sobre el Hotel Spa Granada: Donde lo tradicional se encuentra con lo moderno El Hotel Spa Granada est\u00e1 situado en la mansi\u00f3n colonial m\u00e1s grande que todav\u00eda existe en Granada. Se compone de cinco jardines tradicionales coloniales, cada uno con su propio distintivo. El Hotel Spa Granada combina la majestuosidad de una antigua casa colonial, [&hellip;]<\/p>\n","protected":false},"author":2,"featured_media":0,"parent":0,"menu_order":0,"comment_status":"closed","ping_status":"closed","template":"","meta":{"footnotes":""},"_links":{"self":[{"href":"https:\/\/nicaragua-travel-guide.com\/site\/wp-json\/wp\/v2\/pages\/7798"}],"collection":[{"href":"https:\/\/nicaragua-travel-guide.com\/site\/wp-json\/wp\/v2\/pages"}],"about":[{"href":"https:\/\/nicaragua-travel-guide.com\/site\/wp-json\/wp\/v2\/types\/page"}],"author":[{"embeddable":true,"href":"https:\/\/nicaragua-travel-guide.com\/site\/wp-json\/wp\/v2\/users\/2"}],"replies":[{"embeddable":true,"href":"https:\/\/nicaragua-travel-guide.com\/site\/wp-json\/wp\/v2\/comments?post=7798"}],"version-history":[{"count":9,"href":"https:\/\/nicaragua-travel-guide.com\/site\/wp-json\/wp\/v2\/pages\/7798\/revisions"}],"predecessor-version":[{"id":9319,"href":"https:\/\/nicaragua-travel-guide.com\/site\/wp-json\/wp\/v2\/pages\/7798\/revisions\/9319"}],"wp:attachment":[{"href":"https:\/\/nicaragua-travel-guide.com\/site\/wp-json\/wp\/v2\/media?parent=7798"}],"curies":[{"name":"wp","href":"https:\/\/api.w.org\/{rel}","templated":true}]}}