{"id":7800,"date":"2016-07-26T17:59:14","date_gmt":"2016-07-26T17:59:14","guid":{"rendered":"http:\/\/nicaragua-travel-guide.com\/site\/?page_id=7800"},"modified":"2016-08-01T08:14:42","modified_gmt":"2016-08-01T08:14:42","slug":"granada-hotel-granada-spa-precios","status":"publish","type":"page","link":"https:\/\/nicaragua-travel-guide.com\/site\/granada-hotel-granada-spa-precios\/","title":{"rendered":"Granada Hotel \u00abGranada Spa\u00bb Precios"},"content":{"rendered":"<table border=\"0\" width=\"1017\">\n<tbody>\n<tr style=\"height: 643.122px;\">\n<td style=\"height: 643.122px;\" valign=\"top\" bgcolor=\"#9933FF\" width=\"1011\">\n<table border=\"0\" width=\"938\">\n<tbody>\n<tr style=\"height: 71px;\">\n<td style=\"height: 71px;\" colspan=\"4\" valign=\"top\" bgcolor=\"#6600CC\">\n<table style=\"width: 997px;\" border=\"0\">\n<tbody>\n<tr style=\"height: 31.5243px;\">\n<td style=\"width: 144px; height: 62.5243px;\" rowspan=\"2\" valign=\"top\" bgcolor=\"#6600CC\"><\/td>\n<td style=\"width: 442.719px; height: 31.5243px;\" bgcolor=\"#6600CC\">Bienvenidos<\/td>\n<td style=\"width: 402.281px; height: 62.5243px;\" rowspan=\"2\" bgcolor=\"#6600CC\">\u00abEsta situado en el centro hist\u00f3rico de Granada<br \/>\n(estamos ubicado a dos minutos del Parque Central),<br \/>\nel Hotel Spa Granada ofrece una oasis de paz\u00bb<\/td>\n<\/tr>\n<tr style=\"height: 31px;\">\n<td style=\"width: 442.719px; height: 31px;\" valign=\"top\" bgcolor=\"#6600CC\">Hotel Spa Granada<\/td>\n<\/tr>\n<\/tbody>\n<\/table>\n<\/td>\n<\/tr>\n<tr style=\"height: 25px;\">\n<td style=\"height: 25px;\" colspan=\"4\" valign=\"top\" bgcolor=\"#FFFFFF\">Precios de Habitaciones y Amenidades<\/td>\n<\/tr>\n<tr style=\"height: 21px;\">\n<td style=\"height: 260px;\" rowspan=\"6\" valign=\"top\" bgcolor=\"#9933FF\" width=\"401\"><img loading=\"lazy\" decoding=\"async\" src=\"http:\/\/www.nicaragua-travel-guide.com\/imangenestres\/hotelspagranadacamarosada.jpg\" width=\"401\" height=\"289\" \/><\/td>\n<td style=\"height: 21px;\" bgcolor=\"#CC99FF\">Tipo<\/td>\n<td style=\"height: 21px;\" bgcolor=\"#CC99FF\">Temporada \u00a0Alta*<\/td>\n<td style=\"height: 21px;\" bgcolor=\"#CC99FF\">Temporada \u00a0Baja<\/td>\n<\/tr>\n<tr style=\"height: 21px;\">\n<td style=\"height: 21px;\" bgcolor=\"#9933FF\" width=\"105\">Economy<\/td>\n<td style=\"height: 21px;\" bgcolor=\"#9933FF\" width=\"213\">$ 65<\/td>\n<td style=\"height: 21px;\" bgcolor=\"#9933FF\" width=\"276\">$ 55<\/td>\n<\/tr>\n<tr style=\"height: 21px;\">\n<td style=\"height: 21px;\" bgcolor=\"#CC99FF\">Superior<\/td>\n<td style=\"height: 21px;\" bgcolor=\"#CC99FF\">$ 75<\/td>\n<td style=\"height: 21px;\" bgcolor=\"#CC99FF\">$ 65<\/td>\n<\/tr>\n<tr style=\"height: 21px;\">\n<td style=\"height: 21px;\" bgcolor=\"#9933FF\">Deluxe<\/td>\n<td style=\"height: 21px;\" bgcolor=\"#9933FF\">$ 95<\/td>\n<td style=\"height: 21px;\" bgcolor=\"#9933FF\">$ 79<\/td>\n<\/tr>\n<tr style=\"height: 21px;\">\n<td style=\"height: 21px;\" bgcolor=\"#CC99FF\">Suite<\/td>\n<td style=\"height: 21px;\" bgcolor=\"#CC99FF\">$ 165<\/td>\n<td style=\"height: 21px;\" bgcolor=\"#CC99FF\">$ 139<\/td>\n<\/tr>\n<tr style=\"height: 155px;\">\n<td style=\"height: 155px;\" colspan=\"3\" valign=\"top\" bgcolor=\"#9933FF\">Por habitaci\u00f3n y por noche:<\/p>\n<p>(1 cama \/ 2 adultos, habitaci\u00f3n economy para 1 persona )<\/p>\n<p>Estancia gratuita en la habitaci\u00f3n con adultos para ni\u00f1os menores de 12 a\u00f1os<br \/>\nPrecios mas impuesto sobre el valor agregado y impuesto tur\u00edstico de hotel<br \/>\n* Julio, agosto, de noviembre a marzo y vacaciones especiales.<\/td>\n<\/tr>\n<tr style=\"height: 209px;\">\n<td style=\"height: 209px;\" colspan=\"4\" valign=\"top\" bgcolor=\"#9933FF\">\n<table border=\"0\" width=\"1006\">\n<tbody>\n<tr>\n<td bgcolor=\"#6600CC\" width=\"487\" height=\"203\">&gt; Tratamiento de spa de cortes\u00eda por habitaci\u00f3n por d\u00eda<br \/>\n&gt; Desayuno buffet completo incluido<br \/>\n&gt; Entrada libre y gratuita al Mombacho Beach Club<br \/>\n&gt; Aire acondicionado, Televisi\u00f3n por cable, WiFi gratuito<br \/>\n&gt; Ba\u00f1os privados con agua caliente<br \/>\n&gt; El acceso a una cocina totalmente equipada<br \/>\n&gt; Recepci\u00f3n las 24 horas y limpieza de habitaciones todos los d\u00eda<\/td>\n<td bgcolor=\"#6600CC\" width=\"252\"><img loading=\"lazy\" decoding=\"async\" src=\"http:\/\/www.nicaragua-travel-guide.com\/imangenestres\/hotelspagranadacamatrimonial.jpg\" width=\"252\" height=\"201\" \/><\/td>\n<td bgcolor=\"#6600CC\" width=\"253\"><img loading=\"lazy\" decoding=\"async\" src=\"http:\/\/www.nicaragua-travel-guide.com\/imangenestres\/hotelspagranadabitacionroja.jpg\" width=\"256\" height=\"196\" \/><\/td>\n<\/tr>\n<\/tbody>\n<\/table>\n<\/td>\n<\/tr>\n<tr style=\"height: 20.0139px;\">\n<td style=\"height: 20.0139px;\" colspan=\"4\" valign=\"top\" bgcolor=\"#FFFFFF\">\n<table style=\"width: 1000px;\" border=\"0\">\n<tbody>\n<tr style=\"height: 10px;\">\n<td style=\"height: 21.0799px; width: 152px; text-align: center;\" rowspan=\"2\" bgcolor=\"#FFFFFF\">\u00a0<a href=\"http:\/\/nicaragua-travel-guide.com\/site\/granada-hotel-granada-spa-perfil\/\">Sobre el Hotel<\/a><\/td>\n<td style=\"height: 42.0799px; width: 192.899px; text-align: center;\" rowspan=\"2\" bgcolor=\"#990099\">Precio de habitaciones<\/td>\n<td style=\"height: 42.0799px; width: 200.101px; text-align: center;\" rowspan=\"2\" bgcolor=\"#990099\"><a href=\"http:\/\/nicaragua-travel-guide.com\/site\/granada-hotel-granada-spa-choco-museo-y-cafe\/\">Tour de Choco Museo<\/a><\/td>\n<td style=\"height: 42.0799px; width: 96px;\" rowspan=\"2\" align=\"center\" valign=\"middle\" bgcolor=\"#FFCC66\"><a href=\"http:\/\/nicaragua-travel-guide.com\/site\/granada-hotel-granada-spa-piscina\/\">El spa<\/a><\/td>\n<td style=\"height: 42.0799px; text-align: center; width: 124px;\" rowspan=\"2\" bgcolor=\"#0066FF\"><a href=\"http:\/\/nicaragua-travel-guide.com\/site\/granada-hotel-granada-spa-piscina\/\">La Piscina<\/a><\/td>\n<td style=\"height: 42.0799px; width: 199px;\" rowspan=\"2\" align=\"center\" valign=\"middle\" bgcolor=\"#FFFF00\"><strong>Contactarnos<\/strong><\/td>\n<\/tr>\n<\/tbody>\n<\/table>\n<\/td>\n<\/tr>\n<\/tbody>\n<\/table>\n<\/td>\n<\/tr>\n<\/tbody>\n<\/table>\n","protected":false},"excerpt":{"rendered":"<p>Bienvenidos \u00abEsta situado en el centro hist\u00f3rico de Granada (estamos ubicado a dos minutos del Parque Central), el Hotel Spa Granada ofrece una oasis de paz\u00bb Hotel Spa Granada Precios de Habitaciones y Amenidades Tipo Temporada \u00a0Alta* Temporada \u00a0Baja Economy $ 65 $ 55 Superior $ 75 $ 65 Deluxe $ 95 $ 79 Suite [&hellip;]<\/p>\n","protected":false},"author":2,"featured_media":0,"parent":0,"menu_order":0,"comment_status":"closed","ping_status":"closed","template":"","meta":{"footnotes":""},"_links":{"self":[{"href":"https:\/\/nicaragua-travel-guide.com\/site\/wp-json\/wp\/v2\/pages\/7800"}],"collection":[{"href":"https:\/\/nicaragua-travel-guide.com\/site\/wp-json\/wp\/v2\/pages"}],"about":[{"href":"https:\/\/nicaragua-travel-guide.com\/site\/wp-json\/wp\/v2\/types\/page"}],"author":[{"embeddable":true,"href":"https:\/\/nicaragua-travel-guide.com\/site\/wp-json\/wp\/v2\/users\/2"}],"replies":[{"embeddable":true,"href":"https:\/\/nicaragua-travel-guide.com\/site\/wp-json\/wp\/v2\/comments?post=7800"}],"version-history":[{"count":16,"href":"https:\/\/nicaragua-travel-guide.com\/site\/wp-json\/wp\/v2\/pages\/7800\/revisions"}],"predecessor-version":[{"id":9311,"href":"https:\/\/nicaragua-travel-guide.com\/site\/wp-json\/wp\/v2\/pages\/7800\/revisions\/9311"}],"wp:attachment":[{"href":"https:\/\/nicaragua-travel-guide.com\/site\/wp-json\/wp\/v2\/media?parent=7800"}],"curies":[{"name":"wp","href":"https:\/\/api.w.org\/{rel}","templated":true}]}}