{"id":7802,"date":"2016-07-26T18:01:21","date_gmt":"2016-07-26T18:01:21","guid":{"rendered":"http:\/\/nicaragua-travel-guide.com\/site\/?page_id=7802"},"modified":"2016-08-01T08:24:54","modified_gmt":"2016-08-01T08:24:54","slug":"granada-hotel-granada-spa-el-spa","status":"publish","type":"page","link":"https:\/\/nicaragua-travel-guide.com\/site\/granada-hotel-granada-spa-el-spa\/","title":{"rendered":"Granada Hotel \u00abGranada Spa\u00bb El Spa"},"content":{"rendered":"<table border=\"0\" width=\"1018\">\n<tbody>\n<tr>\n<td valign=\"top\" bgcolor=\"#9933FF\" width=\"1012\" height=\"415\">\n<table style=\"width: 1020px;\" border=\"0\">\n<tbody>\n<tr style=\"height: 21px;\">\n<td style=\"width: 1000px; height: 21px;\" colspan=\"3\" bgcolor=\"#CC99FF\">Hotel Spa Granada ofrece; \u00a0una selecci\u00f3n de tratamientos terap\u00e9uticos y relajantes<\/td>\n<\/tr>\n<tr style=\"height: 168.111px;\">\n<td style=\"width: 244.115px; height: 168.111px;\" bgcolor=\"#9933FF\">Venga a relajarse&#8230;<\/p>\n<blockquote><p>Masajes<br \/>\n&gt; Tratamientos faciales<br \/>\n&gt; Manicuras<br \/>\n&gt; Pedicuras<br \/>\n&gt; Depilaci\u00f3n<br \/>\n&gt; Cuidado del cabello<\/p>\n<p>&gt;Terapias<\/p><\/blockquote>\n<p>&nbsp;<\/p>\n<p>&nbsp;<\/td>\n<td style=\"width: 478.885px; height: 168.111px;\" valign=\"top\" bgcolor=\"#9933FF\">\n<table border=\"0\">\n<tbody>\n<tr>\n<td height=\"196\"><img loading=\"lazy\" decoding=\"async\" class=\"\" src=\"http:\/\/www.nicaragua-travel-guide.com\/imangenestres\/hotelspagranadaspa.jpg\" width=\"260\" height=\"171\" \/><\/td>\n<td><img loading=\"lazy\" decoding=\"async\" src=\"http:\/\/www.nicaragua-travel-guide.com\/imangenestres\/hotelspagranadaspacama.jpg\" width=\"273\" height=\"245\" \/><\/td>\n<\/tr>\n<\/tbody>\n<\/table>\n<\/td>\n<td style=\"width: 277px; height: 168.111px;\" valign=\"top\" bgcolor=\"#9933FF\">El Regalo Perfecto&#8230;<\/p>\n<p>Que mejor regalo que una tarde de relajaci\u00f3n y belleza? Nuestros certificados de regalo son el regalo perfecto para las navidades, cumplea\u00f1os y cualquier ocasi\u00f3n!<\/p>\n<p>Regala cualquier tratamiento de Spa o un certificado por un valor en dolares el cual podr\u00e1n redimir cuando deseen.<\/td>\n<\/tr>\n<tr style=\"height: 21px;\">\n<td style=\"width: 1000px; height: 21px;\" colspan=\"3\" bgcolor=\"#9933FF\">\n<table style=\"height: 35px; width: 1008px;\" border=\"0\">\n<tbody>\n<tr>\n<td style=\"width: 182px;\" valign=\"top\" bgcolor=\"#9933FF\"><a style=\"font-family: inherit; font-size: inherit; line-height: 1.5; background-color: #ffffff;\" href=\"http:\/\/nicaragua-travel-guide.com\/site\/granada-hotel-granada-spa-perfil\/\">El Hotel<\/a><\/td>\n<td style=\"width: 245px;\" valign=\"top\" bgcolor=\"#9933FF\"><a href=\"http:\/\/nicaragua-travel-guide.com\/site\/granada-hotel-granada-spa-precios\/\">Precios de habitaciones<\/a><\/td>\n<td style=\"width: 127.319px;\" colspan=\"2\" valign=\"top\" bgcolor=\"#9933FF\">El spa<b>\u00a0<\/b><\/td>\n<td style=\"width: 135.125px;\" align=\"center\" valign=\"top\" bgcolor=\"#0066FF\"><a style=\"font-family: inherit; font-size: inherit; line-height: 1.5; background-color: #ffffff;\" href=\"http:\/\/nicaragua-travel-guide.com\/site\/granada-hotel-granada-spa-piscina\/\">Piscina<\/a><\/td>\n<td style=\"width: 194px;\" align=\"center\" valign=\"top\" bgcolor=\"#0066FF\"><a href=\"http:\/\/nicaragua-travel-guide.com\/site\/granada-hotel-granada-spa-choco-museo-y-cafe\/\">Choco Museo<\/a><\/td>\n<td style=\"width: 20px;\" colspan=\"2\" align=\"center\" valign=\"top\" bgcolor=\"#993399\"><strong>Contactarnos<\/strong><\/td>\n<\/tr>\n<\/tbody>\n<\/table>\n<\/td>\n<\/tr>\n<tr style=\"height: 21px;\">\n<td style=\"width: 1000px; height: 21px;\" colspan=\"3\" bgcolor=\"#9933FF\">Nuestros terapeutas usan productos org\u00e1nicos locales. \u00a0 \u00a0 \u00a0 \u00a0 \u00a0 \u00a0 \u00a0 \u00a0 \u00a0 \u00a0 \u00a0 \u00a0 \u00a0 Entrada gratis a la piscina con cualquier tratamiento de Spa de $10 o mas!<\/td>\n<\/tr>\n<\/tbody>\n<\/table>\n<\/td>\n<\/tr>\n<\/tbody>\n<\/table>\n","protected":false},"excerpt":{"rendered":"<p>Hotel Spa Granada ofrece; \u00a0una selecci\u00f3n de tratamientos terap\u00e9uticos y relajantes Venga a relajarse&#8230; Masajes &gt; Tratamientos faciales &gt; Manicuras &gt; Pedicuras &gt; Depilaci\u00f3n &gt; Cuidado del cabello &gt;Terapias &nbsp; &nbsp; El Regalo Perfecto&#8230; Que mejor regalo que una tarde de relajaci\u00f3n y belleza? Nuestros certificados de regalo son el regalo perfecto para las navidades, [&hellip;]<\/p>\n","protected":false},"author":2,"featured_media":0,"parent":0,"menu_order":0,"comment_status":"closed","ping_status":"closed","template":"","meta":{"footnotes":""},"_links":{"self":[{"href":"https:\/\/nicaragua-travel-guide.com\/site\/wp-json\/wp\/v2\/pages\/7802"}],"collection":[{"href":"https:\/\/nicaragua-travel-guide.com\/site\/wp-json\/wp\/v2\/pages"}],"about":[{"href":"https:\/\/nicaragua-travel-guide.com\/site\/wp-json\/wp\/v2\/types\/page"}],"author":[{"embeddable":true,"href":"https:\/\/nicaragua-travel-guide.com\/site\/wp-json\/wp\/v2\/users\/2"}],"replies":[{"embeddable":true,"href":"https:\/\/nicaragua-travel-guide.com\/site\/wp-json\/wp\/v2\/comments?post=7802"}],"version-history":[{"count":17,"href":"https:\/\/nicaragua-travel-guide.com\/site\/wp-json\/wp\/v2\/pages\/7802\/revisions"}],"predecessor-version":[{"id":9316,"href":"https:\/\/nicaragua-travel-guide.com\/site\/wp-json\/wp\/v2\/pages\/7802\/revisions\/9316"}],"wp:attachment":[{"href":"https:\/\/nicaragua-travel-guide.com\/site\/wp-json\/wp\/v2\/media?parent=7802"}],"curies":[{"name":"wp","href":"https:\/\/api.w.org\/{rel}","templated":true}]}}