{"id":7804,"date":"2016-07-26T18:03:06","date_gmt":"2016-07-26T18:03:06","guid":{"rendered":"http:\/\/nicaragua-travel-guide.com\/site\/?page_id=7804"},"modified":"2016-08-01T08:29:52","modified_gmt":"2016-08-01T08:29:52","slug":"granada-hotel-granada-spa-piscina","status":"publish","type":"page","link":"https:\/\/nicaragua-travel-guide.com\/site\/granada-hotel-granada-spa-piscina\/","title":{"rendered":"Granada Hotel \u00abGranada Spa\u00bb Piscina"},"content":{"rendered":"<table border=\"0\" width=\"1018\">\n<tbody>\n<tr>\n<td valign=\"top\" bgcolor=\"#FFCC66\" width=\"1012\" height=\"812\">\n<table border=\"0\" width=\"1012\">\n<tbody>\n<tr style=\"height: 753px;\">\n<td style=\"height: 753px;\" colspan=\"3\" bgcolor=\"#FFCC99\"><img loading=\"lazy\" decoding=\"async\" src=\"http:\/\/www.nicaragua-travel-guide.com\/imangenestres\/hotelspagranadamombacho.jpg\" width=\"1003\" height=\"282\" \/><\/td>\n<\/tr>\n<tr style=\"height: 21px;\">\n<td style=\"height: 21px;\" colspan=\"3\" bgcolor=\"#0066FF\" width=\"1006\">Piscina Mombacho Beach Club<\/td>\n<\/tr>\n<tr style=\"height: 21px;\">\n<td style=\"height: 21px;\" colspan=\"3\" bgcolor=\"#FFFFFF\">\u00abHemos llamado nuestro ultimo patio Mombacho Beach Club, en honor del Volc\u00e1n Mombacho\u00bb<\/td>\n<\/tr>\n<tr style=\"height: 241.069px;\">\n<td style=\"height: 241.069px;\" colspan=\"3\" bgcolor=\"#0066FF\">\n<table style=\"height: 549px;\" border=\"0\" width=\"1007\">\n<tbody>\n<tr style=\"height: 225px;\">\n<td style=\"width: 355.799px; height: 225px;\" valign=\"top\" bgcolor=\"#0066FF\">La Piscina<\/p>\n<p>Ubicado dentro del Hotel Spa Granada, el Mombacho Beach Club es la piscina m\u00e1s grande en el centro hist\u00f3rico de Granada.<\/p>\n<p>Ya sea para nadar, refrescarse, disfrutar de c\u00f3cteles y aperitivos, o revisar el correo electr\u00f3nico, este lugar es adecuado para usted!<\/td>\n<td style=\"width: 321.354px; height: 225px;\" valign=\"top\" bgcolor=\"#0066FF\">Comida y BebidasNuestra barra de jugos y batidos frescos hechos a base de frutas locales.<\/p>\n<p>Por supuesto, tenemos una variedad de cervezas y refrescos, as\u00ed como alimento disponible todo el d\u00eda.<\/p>\n<p>Comida ligera, snacks, wraps y sandwiches disponibles<\/td>\n<td style=\"width: 310.243px; height: 225px;\" valign=\"top\" bgcolor=\"#0066FF\">Eventos<\/p>\n<p>El Mombacho Beach Club y \/ o el Hotel Spa Granada est\u00e1 disponible para alquilar para fiestas, quincea\u00f1os, bodas, barbacoas privadas&#8230;<\/td>\n<\/tr>\n<tr style=\"height: 54.7605px;\">\n<td style=\"width: 355.799px; height: 54.7605px;\" valign=\"top\" bgcolor=\"#0066FF\"><img loading=\"lazy\" decoding=\"async\" class=\"aligncenter\" src=\"http:\/\/www.nicaragua-travel-guide.com\/imangenestres\/hotelspagranadapiscinabancas.jpg\" width=\"303\" height=\"227\" \/><\/td>\n<td style=\"width: 321.354px; height: 54.7605px;\" valign=\"top\" bgcolor=\"#0066FF\"><img loading=\"lazy\" decoding=\"async\" class=\"aligncenter\" src=\"http:\/\/www.nicaragua-travel-guide.com\/imangenestres\/hotelspagranadabar.jpg\" width=\"169\" height=\"227\" \/><\/td>\n<td style=\"width: 310.243px; height: 54.7605px;\" valign=\"top\" bgcolor=\"#0066FF\"><img loading=\"lazy\" decoding=\"async\" src=\"http:\/\/www.nicaragua-travel-guide.com\/imangenestres\/hotelspagranadapatitos.jpg\" width=\"309\" height=\"350\" \/><\/td>\n<\/tr>\n<\/tbody>\n<\/table>\n<\/td>\n<\/tr>\n<tr style=\"height: 21px;\">\n<td style=\"height: 21px;\" colspan=\"3\" bgcolor=\"#0066FF\">\n<table border=\"0\" width=\"998\">\n<tbody>\n<tr>\n<td bgcolor=\"#0066FF\" width=\"992\">Abierto todos los d\u00edas 10 a.m.-6 p.m \u00a0U$5 por persona \u00a0 \u00a0 \u00a0 \u00a0 \u00a0 \u00a0 \u00a0 \u00a0 \u00a0 \u00a0 \u00a0 \u00a0 \u00a0 \u00a0 \u00a0 \u00a0 \u00a0 \u00a0 \u00a0 \u00a0 \u00a0 \u00a0 \u00a0 \u00a0 \u00a0 \u00a0 \u00a0 \u00a0 \u00a0 \u00a0 \u00a0 \u00a0 \u00a0 \u00a0 \u00a0 \u00a0\u00a0Entrada gratuita para los hu\u00e9spedes del hotel<\/td>\n<\/tr>\n<\/tbody>\n<\/table>\n<\/td>\n<\/tr>\n<tr style=\"height: 28px;\">\n<td style=\"height: 28px;\" colspan=\"3\" bgcolor=\"#FFCC33\">\n<table style=\"width: 1001px;\" border=\"0\">\n<tbody>\n<tr>\n<td style=\"width: 267px;\" bgcolor=\"#9900FF\"><a href=\"http:\/\/nicaragua-travel-guide.com\/site\/granada-hotel-granada-spa-perfil\/\">Sobre el Hotel<\/a><\/td>\n<td style=\"width: 456.104px;\" bgcolor=\"#9900FF\">\u00a0 \u00a0 \u00a0 \u00a0 \u00a0 \u00a0 \u00a0 \u00a0<a href=\"http:\/\/nicaragua-travel-guide.com\/site\/granada-hotel-granada-spa-precios\/\">Precio de habitaciones\u00a0<\/a><\/td>\n<td style=\"width: 247.896px;\" bgcolor=\"#FFCC99\"><a href=\"http:\/\/nicaragua-travel-guide.com\/site\/granada-hotel-granada-spa-el-spa\/\">Spa<\/a><\/td>\n<td style=\"width: 201px;\" bgcolor=\"#0066FF\">Piscina<\/td>\n<td style=\"width: 205px;\" bgcolor=\"#FFFF00\">Contactarnos<\/td>\n<\/tr>\n<\/tbody>\n<\/table>\n<\/td>\n<\/tr>\n<\/tbody>\n<\/table>\n<\/td>\n<\/tr>\n<\/tbody>\n<\/table>\n","protected":false},"excerpt":{"rendered":"<p>Piscina Mombacho Beach Club \u00abHemos llamado nuestro ultimo patio Mombacho Beach Club, en honor del Volc\u00e1n Mombacho\u00bb La Piscina Ubicado dentro del Hotel Spa Granada, el Mombacho Beach Club es la piscina m\u00e1s grande en el centro hist\u00f3rico de Granada. Ya sea para nadar, refrescarse, disfrutar de c\u00f3cteles y aperitivos, o revisar el correo electr\u00f3nico, [&hellip;]<\/p>\n","protected":false},"author":2,"featured_media":0,"parent":0,"menu_order":0,"comment_status":"closed","ping_status":"closed","template":"","meta":{"footnotes":""},"_links":{"self":[{"href":"https:\/\/nicaragua-travel-guide.com\/site\/wp-json\/wp\/v2\/pages\/7804"}],"collection":[{"href":"https:\/\/nicaragua-travel-guide.com\/site\/wp-json\/wp\/v2\/pages"}],"about":[{"href":"https:\/\/nicaragua-travel-guide.com\/site\/wp-json\/wp\/v2\/types\/page"}],"author":[{"embeddable":true,"href":"https:\/\/nicaragua-travel-guide.com\/site\/wp-json\/wp\/v2\/users\/2"}],"replies":[{"embeddable":true,"href":"https:\/\/nicaragua-travel-guide.com\/site\/wp-json\/wp\/v2\/comments?post=7804"}],"version-history":[{"count":10,"href":"https:\/\/nicaragua-travel-guide.com\/site\/wp-json\/wp\/v2\/pages\/7804\/revisions"}],"predecessor-version":[{"id":9317,"href":"https:\/\/nicaragua-travel-guide.com\/site\/wp-json\/wp\/v2\/pages\/7804\/revisions\/9317"}],"wp:attachment":[{"href":"https:\/\/nicaragua-travel-guide.com\/site\/wp-json\/wp\/v2\/media?parent=7804"}],"curies":[{"name":"wp","href":"https:\/\/api.w.org\/{rel}","templated":true}]}}