{"id":7806,"date":"2016-07-26T18:06:05","date_gmt":"2016-07-26T18:06:05","guid":{"rendered":"http:\/\/nicaragua-travel-guide.com\/site\/?page_id=7806"},"modified":"2016-08-01T07:14:59","modified_gmt":"2016-08-01T07:14:59","slug":"granada-hotel-granada-spa-choco-museo-y-cafe","status":"publish","type":"page","link":"https:\/\/nicaragua-travel-guide.com\/site\/granada-hotel-granada-spa-choco-museo-y-cafe\/","title":{"rendered":"Granada Hotel \u00abGranada Spa\u00bb Choco- museo y cafe"},"content":{"rendered":"<table border=\"0\" width=\"1017\">\n<tbody>\n<tr>\n<td valign=\"top\" bgcolor=\"#FFFF00\" width=\"1011\" height=\"1391\">\n<table border=\"0\" width=\"1011\">\n<tbody>\n<tr style=\"height: 14px;\">\n<td style=\"height: 14px;\" colspan=\"2\" valign=\"top\" bgcolor=\"#660000\">\n<table style=\"height: 237px; width: 1013.2px;\">\n<tbody>\n<tr style=\"height: 154.774px;\">\n<td style=\"width: 380px; height: 154.774px;\"><img loading=\"lazy\" decoding=\"async\" class=\"\" src=\"http:\/\/www.nicaragua-travel-guide.com\/imangenestres\/logochocomuseo.jpg\" width=\"378\" height=\"155\" \/><\/td>\n<td style=\"width: 218px; height: 154.774px;\"><img loading=\"lazy\" decoding=\"async\" class=\"aligncenter\" src=\"http:\/\/www.nicaragua-travel-guide.com\/imangenestres\/cacaotostado.jpg\" width=\"225\" height=\"168\" \/><\/td>\n<td style=\"width: 182px; height: 154.774px;\"><img loading=\"lazy\" decoding=\"async\" class=\"\" src=\"http:\/\/www.nicaragua-travel-guide.com\/imangenestres\/cacaobarras.jpg\" width=\"194\" height=\"185\" \/><\/td>\n<td style=\"width: 233.201px; height: 154.774px;\"><img loading=\"lazy\" decoding=\"async\" class=\"\" src=\"http:\/\/www.nicaragua-travel-guide.com\/imangenestres\/cacaobebida.jpg\" width=\"173\" height=\"173\" \/><\/td>\n<\/tr>\n<\/tbody>\n<\/table>\n<\/td>\n<\/tr>\n<tr style=\"height: 21px;\">\n<td style=\"height: 21px;\" colspan=\"2\" bgcolor=\"#990000\"><\/td>\n<\/tr>\n<tr style=\"height: 21px;\">\n<td style=\"height: 21px;\" colspan=\"2\" bgcolor=\"#FFCC99\"><strong>Descripci\u00f3n:<\/strong><\/td>\n<\/tr>\n<tr style=\"height: 271px;\">\n<td style=\"height: 271px;\" colspan=\"2\" bgcolor=\"#990000\">El Choco Museo, ubicado en una de las calles principales de la ciudad de Granada, es un destino para los amantes del chocolate. A trav\u00e9s de una visita al museo, talleres pr\u00e1cticos o un viaje a una finca de cacao &#8211; organizados en el local- se explica la historia del chocolate, su proceso de elaboraci\u00f3n y de consumo.<\/p>\n<p>En este lugar los visitantes saborean el chocolate en su forma m\u00e1s pura, aprenden c\u00f3mo hacer una barra de chocolate a partir de una semilla de cacao y escuchan la historia de c\u00f3mo esta semilla se us\u00f3 primeramente en Am\u00e9rica Central, para luego llegar a Europa y convertirse en uno de los dulces m\u00e1s populares del mundo.<\/p>\n<p>Adem\u00e1s de obtener informaci\u00f3n hist\u00f3rica, en el museo se obtiene &#8211; de manera gratuita &#8211; un t\u00e9 de cacao libre de calor\u00edas y una muestra de chocolate org\u00e1nico nicarag\u00fcense 100% natural, fabricado sin ingredientes artificiales, preservativos o aditivos. Los ingredientes de los chocolates del museo var\u00edan desde los cacahuates hasta la naranja, licor, coco, almendras, entre otros componentes.<\/td>\n<\/tr>\n<tr style=\"height: 21px;\">\n<td style=\"height: 21px;\" colspan=\"2\" bgcolor=\"#FFCC99\">Servicio de Cafeter\u00eda y \u00a0chocolate<\/td>\n<\/tr>\n<tr style=\"height: 241px;\">\n<td style=\"height: 241px;\" colspan=\"2\" bgcolor=\"#990000\">La cafeter\u00eda ChocoCaf\u00e9, ubicada dentro de una casa colonial de ambiente moderno y acogedor, ofrece a sus clientes desayunos americanos combinados con el sabor de la comida nicarag\u00fcense, en la modalidad buffet \u00aball you can eat\u00bb.<\/p>\n<p>El men\u00fa incluye caf\u00e9, jugos, frutas, yogurt, granola, variedad de panes, huevos al gusto, omeletes, crepas, pancakes al gusto, entre muchos otros platillos.<\/p>\n<p>Por las tardes, los visitantes pueden saborear una amplia variedad de especialidades de chocolate, tales como el fondue de chocolate, chocolate caliente 100% org\u00e1nico y nicarag\u00fcense, o el tradicional fresco de cacao.<\/p>\n<p>El establecimiento se encuentra Junto al ChocoMuseo.<\/td>\n<\/tr>\n<tr style=\"height: 21px;\">\n<td style=\"height: 21px;\" colspan=\"2\" bgcolor=\"#FFFFCC\">En el Choco Museo se ofrecen dos tipos de actividades para adultos y ni\u00f1os:<\/td>\n<\/tr>\n<tr style=\"height: 21px;\">\n<td style=\"height: 21px;\" colspan=\"2\" bgcolor=\"#FFFFCC\">\n<p style=\"text-align: center;\">Talleres de Chocolate:<\/p>\n<p style=\"text-align: center;\">Se imparten diariamente a las 4:00 pm y 6:00 pm o bien, dependiendo del horario de quien lo solicite.<\/p>\n<p style=\"text-align: center;\">Los instructores tambi\u00e9n comparten recetas ancestrales de bebidas a base de cacao y explican c\u00f3mo fabricar una barra de chocolate.<\/p>\n<p style=\"text-align: center;\">Los talleres duran aproximadamente dos horas.<\/p>\n<\/td>\n<\/tr>\n<tr style=\"height: 21px;\">\n<td style=\"height: 21px;\" colspan=\"2\" bgcolor=\"#990000\">\n<table style=\"height: 30px;\" width=\"992\">\n<tbody>\n<tr style=\"height: 298.847px;\">\n<td style=\"width: 488.021px; height: 298.847px;\"><img loading=\"lazy\" decoding=\"async\" class=\"aligncenter\" src=\"http:\/\/www.nicaragua-travel-guide.com\/imangenestres\/chocomuseofabrica.jpg\" width=\"384\" height=\"288\" \/><\/td>\n<td style=\"width: 489.132px; height: 298.847px;\">&nbsp;<\/p>\n<p><img loading=\"lazy\" decoding=\"async\" class=\"aligncenter\" src=\"http:\/\/www.nicaragua-travel-guide.com\/imangenestres\/chocomuseotienda.jpg\" width=\"207\" height=\"276\" \/><\/td>\n<\/tr>\n<\/tbody>\n<\/table>\n<\/td>\n<\/tr>\n<tr style=\"height: 21px;\">\n<td style=\"height: 21px;\" colspan=\"2\" bgcolor=\"#990000\"><strong>Tour a una finca de cacao:<\/strong><\/td>\n<\/tr>\n<tr style=\"height: 93.5452px;\">\n<td style=\"height: 93.5452px;\" colspan=\"2\" align=\"center\" valign=\"top\" bgcolor=\"#FFFFFF\">Descubrir el origen del chocolate, observar el entorno natural de la zona, sentir la fresca brisa del Lago de Nicaragua y maravillarse con las vistas del Volc\u00e1n Mombacho y las isletas de Granada, son parte de un paseo en lancha o a caballo.<\/p>\n<p>&nbsp;<\/p>\n<p>Adem\u00e1s, mediante una cabalgata se pueden observar aves, explorar el bosque tropical y las plantaciones org\u00e1nicas de cacao y caf\u00e9.<\/p>\n<p>En esta finca , los turistas aprenden sobre las etapas de producci\u00f3n y procesamiento de semillas de cacao.<\/p>\n<p>&nbsp;<\/p>\n<p>El viaje dura aproximadamente siete horas.<\/td>\n<\/tr>\n<tr style=\"height: 21px;\">\n<td style=\"height: 21px;\" colspan=\"2\" bgcolor=\"#FFFFCC\">\n<table style=\"height: 67px;\" width=\"1011\">\n<tbody>\n<tr>\n<td style=\"width: 330.243px;\"><img loading=\"lazy\" decoding=\"async\" class=\"aligncenter\" src=\"http:\/\/www.nicaragua-travel-guide.com\/imangenestres\/cacaoarbol.jpg\" width=\"139\" height=\"222\" \/><\/td>\n<td style=\"width: 330.243px;\"><img loading=\"lazy\" decoding=\"async\" class=\"aligncenter\" src=\"http:\/\/www.nicaragua-travel-guide.com\/imangenestres\/cacaosaco.jpg\" width=\"219\" height=\"225\" \/><\/td>\n<td style=\"width: 330.243px;\"><img loading=\"lazy\" decoding=\"async\" src=\"http:\/\/www.nicaragua-travel-guide.com\/imangenestres\/chocomuseofincatour.jpg\" width=\"577\" height=\"226\" \/><\/td>\n<\/tr>\n<\/tbody>\n<\/table>\n<\/td>\n<\/tr>\n<tr style=\"height: 21px;\">\n<td style=\"height: 21px;\" colspan=\"2\" bgcolor=\"#FFFFCC\">En el tour aprenderas sobre la historia del origen del cacao, y el proceso de elaboracion del chocolate y visitar la finca del cacao.<\/td>\n<\/tr>\n<tr style=\"height: 30px;\">\n<td style=\"height: 30px;\" colspan=\"2\" bgcolor=\"#FFFFCC\">\n<table border=\"0\" width=\"1008\">\n<tbody>\n<tr>\n<td bgcolor=\"#990000\" width=\"392\" height=\"25\">Por mayor informaci\u00f3n y reservacion <strong>Contactarnos<\/strong><\/td>\n<td bgcolor=\"#990000\" width=\"274\">&lt;&lt; Donde Comer y beber en Granada<\/td>\n<td bgcolor=\"#990000\" width=\"328\">&lt;&lt; Actividades en Granada y sus alrededores<\/td>\n<\/tr>\n<\/tbody>\n<\/table>\n<\/td>\n<\/tr>\n<\/tbody>\n<\/table>\n<\/td>\n<\/tr>\n<\/tbody>\n<\/table>\n","protected":false},"excerpt":{"rendered":"<p>Descripci\u00f3n: El Choco Museo, ubicado en una de las calles principales de la ciudad de Granada, es un destino para los amantes del chocolate. A trav\u00e9s de una visita al museo, talleres pr\u00e1cticos o un viaje a una finca de cacao &#8211; organizados en el local- se explica la historia del chocolate, su proceso de [&hellip;]<\/p>\n","protected":false},"author":2,"featured_media":0,"parent":0,"menu_order":0,"comment_status":"closed","ping_status":"closed","template":"","meta":{"footnotes":""},"_links":{"self":[{"href":"https:\/\/nicaragua-travel-guide.com\/site\/wp-json\/wp\/v2\/pages\/7806"}],"collection":[{"href":"https:\/\/nicaragua-travel-guide.com\/site\/wp-json\/wp\/v2\/pages"}],"about":[{"href":"https:\/\/nicaragua-travel-guide.com\/site\/wp-json\/wp\/v2\/types\/page"}],"author":[{"embeddable":true,"href":"https:\/\/nicaragua-travel-guide.com\/site\/wp-json\/wp\/v2\/users\/2"}],"replies":[{"embeddable":true,"href":"https:\/\/nicaragua-travel-guide.com\/site\/wp-json\/wp\/v2\/comments?post=7806"}],"version-history":[{"count":11,"href":"https:\/\/nicaragua-travel-guide.com\/site\/wp-json\/wp\/v2\/pages\/7806\/revisions"}],"predecessor-version":[{"id":9262,"href":"https:\/\/nicaragua-travel-guide.com\/site\/wp-json\/wp\/v2\/pages\/7806\/revisions\/9262"}],"wp:attachment":[{"href":"https:\/\/nicaragua-travel-guide.com\/site\/wp-json\/wp\/v2\/media?parent=7806"}],"curies":[{"name":"wp","href":"https:\/\/api.w.org\/{rel}","templated":true}]}}