{"id":7808,"date":"2016-07-26T18:10:10","date_gmt":"2016-07-26T18:10:10","guid":{"rendered":"http:\/\/nicaragua-travel-guide.com\/site\/?page_id=7808"},"modified":"2016-11-07T02:54:27","modified_gmt":"2016-11-07T02:54:27","slug":"granada-hotel-la-mar-dulce","status":"publish","type":"page","link":"https:\/\/nicaragua-travel-guide.com\/site\/granada-hotel-la-mar-dulce\/","title":{"rendered":"Granada Hotel \u00abLa Mar Dulce\u00bb"},"content":{"rendered":"<table style=\"width: 999.3333740234375px; height: 1012px;\" border=\"0\">\n<tbody>\n<tr style=\"height: 39px;\">\n<td style=\"width: 40px; height: 39px;\" colspan=\"4\" bgcolor=\"#FFFFFF\">\n<table style=\"width: 1006.6666870117188px; height: 31px;\">\n<tbody>\n<tr style=\"height: 35.3368px;\">\n<td style=\"width: 446px; height: 35.3368px;\"><img loading=\"lazy\" decoding=\"async\" class=\"alignnone wp-image-13797\" src=\"http:\/\/nicaragua-travel-guide.com\/site\/wp-content\/uploads\/2016\/07\/hotelamardulcelogo.jpg\" alt=\"hotelamardulcelogo\" width=\"436\" height=\"266\" \/><\/td>\n<td style=\"width: 561.6666870117188px; height: 35.3368px;\"><em><img loading=\"lazy\" decoding=\"async\" class=\"alignnone wp-image-13796\" src=\"http:\/\/nicaragua-travel-guide.com\/site\/wp-content\/uploads\/2016\/07\/hotelamardulcefrente.jpg\" alt=\"hotelamardulcefrente\" width=\"562\" height=\"296\" \/><\/em><\/td>\n<\/tr>\n<\/tbody>\n<\/table>\n<\/td>\n<\/tr>\n<tr style=\"height: 27px;\">\n<td style=\"width: 40px; height: 27px;\" colspan=\"4\" bgcolor=\"#FFFFFF\">\n<table style=\"height: 21px; width: 1003px;\" border=\"0\">\n<tbody>\n<tr>\n<td style=\"width: 591px;\" bgcolor=\"#0066FF\"><strong>Bienvenidos a su Hotel \u00abLa Mar Dulce\u00bb<\/strong><\/td>\n<td style=\"width: 115px;\" bgcolor=\"#FFFFFF\"><a href=\"http:\/\/nicaragua-travel-guide.com\/site\/granada-hotel-la-mar-dulce-servicios\/\"><strong>Servicios<\/strong><\/a><\/td>\n<td style=\"width: 126px;\" bgcolor=\"#FFFFFF\"><strong><a href=\"http:\/\/nicaragua-travel-guide.com\/site\/granada-hotel-la-mar-dulce-habitaciones\/\">Habitaciones<\/a><\/strong><\/td>\n<td style=\"width: 151px;\" bgcolor=\"#FFFFFF\"><a href=\"http:\/\/nicaragua-travel-guide.com\/site\/granada-hotel-la-mar-dulce-tarifas\/\"><strong>Tarifas<\/strong><\/a><\/td>\n<\/tr>\n<\/tbody>\n<\/table>\n<\/td>\n<\/tr>\n<tr style=\"height: 74px;\">\n<td style=\"width: 40px; height: 74px;\" colspan=\"4\" valign=\"top\" bgcolor=\"#FFFFFF\"><b>Descripci\u00f3n<\/b><strong>:<\/strong><\/p>\n<p><em>Ubicado a tres cuadras de la entrada principal de la hist\u00f3rica ciudad de Granada, fundada por el conquistador Francisco Hern\u00e1ndez de C\u00f3rdoba, la ciudad colonial m\u00e1s antigua del continente americano.<\/em><\/p>\n<p><em>Hotel La Mar Dulce, ubicado en un elegante edificio que le ofrece todas las comodidades modernas de la actualidad. Dise\u00f1ado pensando en ofrecerles a nuestros visitantes extranjeros, como de nuestra hermosa Nicaragua, la tradicional hospitalidad granadina, en un ambiente seguro, limpio, tranquilo y acogedor.<\/em><\/p>\n<p><em>Le garantizamos que usted gozara de una exclusiva atenci\u00f3n siendo para nosotros un placer atenderles. Hemos ideado un ambiente acogedor y confortable que prestan las instalaciones y atenci\u00f3n exclusiva personalizada y buen servicio a nuestros hu\u00e9spedes. Todo en un ambiente amplio, fresco y acogedor, donde el visitante descubrir\u00e1 otra forma de vivir sus vacaciones.<\/em><\/p>\n<p><em>La ciudad de Granada tiene un excelente ambiente nocturno con distintos bares y lounges. En el Hotel puede visitar nuestra \u00e1rea del Bar y disfrutar de varios cocktails internacionales y de diversas bebidas como nuestro ron nacional Flor de Ca\u00f1a.<\/em><\/td>\n<\/tr>\n<tr style=\"height: 28px;\">\n<td style=\"width: 40px; height: 28px;\" colspan=\"4\" valign=\"top\" bgcolor=\"#FFFFFF\">\n<table style=\"height: 5px; width: 1021px;\">\n<tbody>\n<tr style=\"height: 200.847px;\">\n<td style=\"width: 492px; height: 200.847px;\"><img loading=\"lazy\" decoding=\"async\" class=\"alignnone wp-image-13799\" src=\"http:\/\/nicaragua-travel-guide.com\/site\/wp-content\/uploads\/2016\/07\/hotelamardulcehabitacion.jpg\" alt=\"hotelamardulcehabitacion\" width=\"528\" height=\"285\" \/><\/td>\n<td style=\"width: 517px; height: 200.847px;\"><img loading=\"lazy\" decoding=\"async\" class=\"alignnone wp-image-13798\" src=\"http:\/\/nicaragua-travel-guide.com\/site\/wp-content\/uploads\/2016\/07\/hotelamardulcefotostres.jpg\" alt=\"hotelamardulcefotostres\" width=\"509\" height=\"278\" \/><\/td>\n<\/tr>\n<\/tbody>\n<\/table>\n<\/td>\n<\/tr>\n<tr style=\"height: 28px;\">\n<td style=\"width: 40px; height: 28px;\" colspan=\"4\" valign=\"top\" bgcolor=\"#FFFFFF\">\n<table style=\"width: 1016.65px; height: 23px;\" border=\"0\">\n<tbody>\n<tr>\n<td style=\"width: 360px;\" bgcolor=\"#0066FF\"><a href=\"http:\/\/nicaragua-travel-guide.com\/site\/guia-de-hoteles-alojamiento-donde-dormir-en-granada-y-sus-alrededores\/\">&lt;&lt; Donde dormir en Granada y \u00a0Reservar<\/a><\/td>\n<td style=\"width: 281px;\" bgcolor=\"#0066FF\"><a href=\"http:\/\/nicaragua-travel-guide.com\/site\/granada\/\">&lt;&lt; Granada Inicio<\/a><\/td>\n<td style=\"width: 358.653px;\" bgcolor=\"#0066FF\"><strong>Contactarnos<\/strong><\/td>\n<\/tr>\n<\/tbody>\n<\/table>\n<\/td>\n<\/tr>\n<\/tbody>\n<\/table>\n","protected":false},"excerpt":{"rendered":"<p>Bienvenidos a su Hotel \u00abLa Mar Dulce\u00bb Servicios Habitaciones Tarifas Descripci\u00f3n: Ubicado a tres cuadras de la entrada principal de la hist\u00f3rica ciudad de Granada, fundada por el conquistador Francisco Hern\u00e1ndez de C\u00f3rdoba, la ciudad colonial m\u00e1s antigua del continente americano. Hotel La Mar Dulce, ubicado en un elegante edificio que le ofrece todas las [&hellip;]<\/p>\n","protected":false},"author":2,"featured_media":0,"parent":0,"menu_order":0,"comment_status":"closed","ping_status":"closed","template":"","meta":{"footnotes":""},"_links":{"self":[{"href":"https:\/\/nicaragua-travel-guide.com\/site\/wp-json\/wp\/v2\/pages\/7808"}],"collection":[{"href":"https:\/\/nicaragua-travel-guide.com\/site\/wp-json\/wp\/v2\/pages"}],"about":[{"href":"https:\/\/nicaragua-travel-guide.com\/site\/wp-json\/wp\/v2\/types\/page"}],"author":[{"embeddable":true,"href":"https:\/\/nicaragua-travel-guide.com\/site\/wp-json\/wp\/v2\/users\/2"}],"replies":[{"embeddable":true,"href":"https:\/\/nicaragua-travel-guide.com\/site\/wp-json\/wp\/v2\/comments?post=7808"}],"version-history":[{"count":21,"href":"https:\/\/nicaragua-travel-guide.com\/site\/wp-json\/wp\/v2\/pages\/7808\/revisions"}],"predecessor-version":[{"id":13800,"href":"https:\/\/nicaragua-travel-guide.com\/site\/wp-json\/wp\/v2\/pages\/7808\/revisions\/13800"}],"wp:attachment":[{"href":"https:\/\/nicaragua-travel-guide.com\/site\/wp-json\/wp\/v2\/media?parent=7808"}],"curies":[{"name":"wp","href":"https:\/\/api.w.org\/{rel}","templated":true}]}}