{"id":7812,"date":"2016-07-26T18:13:33","date_gmt":"2016-07-26T18:13:33","guid":{"rendered":"http:\/\/nicaragua-travel-guide.com\/site\/?page_id=7812"},"modified":"2016-11-07T03:10:02","modified_gmt":"2016-11-07T03:10:02","slug":"granada-hotel-la-mar-dulce-habitaciones","status":"publish","type":"page","link":"https:\/\/nicaragua-travel-guide.com\/site\/granada-hotel-la-mar-dulce-habitaciones\/","title":{"rendered":"Granada Hotel \u00abLa Mar Dulce\u00bb Habitaciones"},"content":{"rendered":"<table style=\"width: 1094.3333740234375px;\" border=\"0\">\n<tbody>\n<tr style=\"height: 2.333343505859375px;\">\n<td style=\"width: 1090.3333740234375px; height: 2.333343505859375px;\" colspan=\"2\" valign=\"top\" bgcolor=\"#FFFFFF\">\n<table style=\"height: 5px; width: 1078.666748046875px;\">\n<tbody>\n<tr style=\"height: 279.66668701171875px;\">\n<td style=\"width: 475px; height: 279.66668701171875px;\"><img loading=\"lazy\" decoding=\"async\" class=\"wp-image-13797 alignleft\" src=\"http:\/\/nicaragua-travel-guide.com\/site\/wp-content\/uploads\/2016\/07\/hotelamardulcelogo.jpg\" alt=\"hotelamardulcelogo\" width=\"466\" height=\"285\" \/><\/td>\n<td style=\"width: 634.666748046875px; height: 279.66668701171875px;\"><img loading=\"lazy\" decoding=\"async\" class=\"wp-image-13798 alignright\" src=\"http:\/\/nicaragua-travel-guide.com\/site\/wp-content\/uploads\/2016\/07\/hotelamardulcefotostres.jpg\" alt=\"hotelamardulcefotostres\" width=\"622\" height=\"339\" \/><\/td>\n<\/tr>\n<\/tbody>\n<\/table>\n<\/td>\n<\/tr>\n<tr style=\"height: 2.333343505859375px;\">\n<td style=\"width: 1090.3333740234375px; height: 2.333343505859375px;\" colspan=\"2\" valign=\"top\" bgcolor=\"#FFFFFF\">\n<table border=\"0\" width=\"1005\">\n<tbody>\n<tr>\n<td bgcolor=\"#0066FF\" width=\"566\">Habitaciones del Hotel Mar Dulce<\/td>\n<td bgcolor=\"#FFFFFF\" width=\"134\"><strong><a href=\"http:\/\/nicaragua-travel-guide.com\/site\/granada-hotel-la-mar-dulce\/\">Inicio<\/a><\/strong><\/td>\n<td bgcolor=\"#FFFFFF\" width=\"139\"><a href=\"http:\/\/nicaragua-travel-guide.com\/site\/granada-hotel-la-mar-dulce-servicios\/\"><strong>Servicios<\/strong><\/a><\/td>\n<td bgcolor=\"#FFFFFF\" width=\"148\"><a href=\"http:\/\/nicaragua-travel-guide.com\/site\/granada-hotel-la-mar-dulce-tarifas\/\"><strong>Tarifas<\/strong><\/a><\/td>\n<\/tr>\n<\/tbody>\n<\/table>\n<\/td>\n<\/tr>\n<tr style=\"height: 35px;\">\n<td style=\"width: 1090.3333740234375px; height: 35px;\" colspan=\"2\" valign=\"top\" bgcolor=\"#FFFFFF\"><em>El hotel tiene un total de 16 habitaciones:<\/em><\/td>\n<\/tr>\n<tr style=\"height: 415px;\">\n<td style=\"width: 340px; height: 415px;\" valign=\"top\" bgcolor=\"#FFFFFF\"><em><strong>4 Habitaciones con Balcones<\/strong><\/em>:<\/p>\n<p><em>*2 habitaciones con 1 cama Queen,<\/em><\/p>\n<p><em>* 2 habitaciones con 2 camas Twins<\/em><\/p>\n<p><em><strong>*11 Habitaciones Standard<\/strong><\/em><\/p>\n<p><em>*5 habitaciones con 1 cama Twin y 1 full,<\/em><\/p>\n<p><em>*2 habitaciones con 2camas Twin,<\/em><\/p>\n<p><em>*3 habitaciones con 1 cama Queen,<\/em><\/p>\n<p><em>* Una habitaci\u00f3n con una cama Full<\/em><\/p>\n<p><em><strong>*1 Suite con cama King<\/strong><\/em><\/td>\n<td style=\"width: 750.3333740234375px; height: 415px;\" bgcolor=\"#FFFFFF\"><img loading=\"lazy\" decoding=\"async\" class=\"wp-image-13799 aligncenter\" src=\"http:\/\/nicaragua-travel-guide.com\/site\/wp-content\/uploads\/2016\/07\/hotelamardulcehabitacion.jpg\" alt=\"hotelamardulcehabitacion\" width=\"715\" height=\"387\" \/><\/td>\n<\/tr>\n<tr style=\"height: 255px;\">\n<td style=\"width: 1090.3333740234375px; height: 255px;\" colspan=\"2\" valign=\"top\" bgcolor=\"#FFFFFF\">\n<table style=\"width: 1072.3333740234375px;\" border=\"0\">\n<tbody>\n<tr>\n<td style=\"width: 1076.3333740234375px;\" bgcolor=\"#FFFFFF\"><em><u>Detalle de habitaciones:<\/u><\/em><\/td>\n<\/tr>\n<tr>\n<td style=\"width: 1076.3333740234375px;\" bgcolor=\"#FFFFFF\">\n<ul>\n<li><strong><em>Suite \u00a0King con Balcon:<\/em><\/strong><em>\u00a0Cama King, AC, agua caliente,\u00a0 TV cable, caja de seguridad, \u00a0minibar, abanico de techo, tel\u00e9fono,\u00a0 balc\u00f3n con vista a la piscina, peque\u00f1a sala.<\/em><\/li>\n<\/ul>\n<\/td>\n<\/tr>\n<tr>\n<td style=\"width: 1076.3333740234375px;\" valign=\"top\" bgcolor=\"#FFFFFF\" height=\"42\">\n<ul>\n<li><strong><em>Doble con Balcon:<\/em><\/strong><em> Dos camas Twins, AC, agua caliente, TV Cable, caja de seguridad, abanico de techo, tel\u00e9fono y un peque\u00f1o balc\u00f3n<\/em><\/li>\n<\/ul>\n<\/td>\n<\/tr>\n<tr>\n<td style=\"width: 1076.3333740234375px;\" bgcolor=\"#FFFFFF\">\n<ul>\n<li><strong><em>Sencilla con Balcon:<\/em><\/strong><em>Cama Queen, AC, agua caliente, TV Cable, caja de seguridad, abanico de techo, tel\u00e9fono y un peque\u00f1o balc\u00f3n<\/em><\/li>\n<\/ul>\n<\/td>\n<\/tr>\n<tr>\n<td style=\"width: 1076.3333740234375px;\" bgcolor=\"#FFFFFF\">\n<ul>\n<li><strong><em>Habitaciones Standards:<\/em><\/strong><em>Habitaciones con Twin, Full o cama Queen, AC, agua caliente, TV Cable, caja de seguridad, abanico de techo, tel\u00e9fono y un peque\u00f1o balc\u00f3n<\/em><\/li>\n<\/ul>\n<\/td>\n<\/tr>\n<tr>\n<td style=\"width: 1076.3333740234375px;\" bgcolor=\"#FFFFFF\">\n<table style=\"width: 1001.6666870117188px;\" border=\"0\">\n<tbody>\n<tr>\n<td style=\"width: 348px;\" bgcolor=\"#0066FF\" height=\"25\">Por mayor informaci\u00f3n \u00a0<strong>Contactarnos<\/strong><\/td>\n<td style=\"width: 397px;\" bgcolor=\"#0066FF\"><a href=\"http:\/\/nicaragua-travel-guide.com\/site\/guia-de-hoteles-alojamiento-donde-dormir-en-granada-y-sus-alrededores\/\"><strong>&lt;&lt; Donde dormir en Granada y Reservar<\/strong><\/a><\/td>\n<td style=\"width: 252.66668701171875px;\" bgcolor=\"#0066FF\"><a href=\"http:\/\/nicaragua-travel-guide.com\/site\/granada\/\"><strong>&lt;&lt; Granada Inicio<\/strong><\/a><\/td>\n<\/tr>\n<\/tbody>\n<\/table>\n<\/td>\n<\/tr>\n<\/tbody>\n<\/table>\n<\/td>\n<\/tr>\n<\/tbody>\n<\/table>\n","protected":false},"excerpt":{"rendered":"<p>Habitaciones del Hotel Mar Dulce Inicio Servicios Tarifas El hotel tiene un total de 16 habitaciones: 4 Habitaciones con Balcones: *2 habitaciones con 1 cama Queen, * 2 habitaciones con 2 camas Twins *11 Habitaciones Standard *5 habitaciones con 1 cama Twin y 1 full, *2 habitaciones con 2camas Twin, *3 habitaciones con 1 cama [&hellip;]<\/p>\n","protected":false},"author":2,"featured_media":0,"parent":0,"menu_order":0,"comment_status":"closed","ping_status":"closed","template":"","meta":{"footnotes":""},"_links":{"self":[{"href":"https:\/\/nicaragua-travel-guide.com\/site\/wp-json\/wp\/v2\/pages\/7812"}],"collection":[{"href":"https:\/\/nicaragua-travel-guide.com\/site\/wp-json\/wp\/v2\/pages"}],"about":[{"href":"https:\/\/nicaragua-travel-guide.com\/site\/wp-json\/wp\/v2\/types\/page"}],"author":[{"embeddable":true,"href":"https:\/\/nicaragua-travel-guide.com\/site\/wp-json\/wp\/v2\/users\/2"}],"replies":[{"embeddable":true,"href":"https:\/\/nicaragua-travel-guide.com\/site\/wp-json\/wp\/v2\/comments?post=7812"}],"version-history":[{"count":18,"href":"https:\/\/nicaragua-travel-guide.com\/site\/wp-json\/wp\/v2\/pages\/7812\/revisions"}],"predecessor-version":[{"id":13803,"href":"https:\/\/nicaragua-travel-guide.com\/site\/wp-json\/wp\/v2\/pages\/7812\/revisions\/13803"}],"wp:attachment":[{"href":"https:\/\/nicaragua-travel-guide.com\/site\/wp-json\/wp\/v2\/media?parent=7812"}],"curies":[{"name":"wp","href":"https:\/\/api.w.org\/{rel}","templated":true}]}}