{"id":7814,"date":"2016-07-26T18:15:14","date_gmt":"2016-07-26T18:15:14","guid":{"rendered":"http:\/\/nicaragua-travel-guide.com\/site\/?page_id=7814"},"modified":"2016-11-07T03:16:13","modified_gmt":"2016-11-07T03:16:13","slug":"granada-hotel-la-mar-dulce-tarifas","status":"publish","type":"page","link":"https:\/\/nicaragua-travel-guide.com\/site\/granada-hotel-la-mar-dulce-tarifas\/","title":{"rendered":"Granada Hotel \u00abLa Mar Dulce\u00bb Tarifas"},"content":{"rendered":"<table style=\"width: 1022px;\" border=\"0\">\n<tbody>\n<tr>\n<td style=\"width: 70.33333587646484px;\" colspan=\"7\" bgcolor=\"#FFFFFF\">\n<table style=\"height: 247px; width: 1016.08px;\">\n<tbody>\n<tr style=\"height: 186.892px;\">\n<td style=\"width: 484.6666564941406px; height: 186.892px; border-color: #faf5f5;\"><img loading=\"lazy\" decoding=\"async\" class=\"alignnone wp-image-13797\" src=\"http:\/\/nicaragua-travel-guide.com\/site\/wp-content\/uploads\/2016\/07\/hotelamardulcelogo.jpg\" alt=\"hotelamardulcelogo\" width=\"483\" height=\"295\" \/><\/td>\n<td style=\"width: 514px; height: 186.892px; border-color: #faf5f5;\"><img loading=\"lazy\" decoding=\"async\" class=\"alignnone wp-image-13798\" src=\"http:\/\/nicaragua-travel-guide.com\/site\/wp-content\/uploads\/2016\/07\/hotelamardulcefotostres.jpg\" alt=\"hotelamardulcefotostres\" width=\"544\" height=\"297\" \/><\/td>\n<\/tr>\n<\/tbody>\n<\/table>\n<\/td>\n<\/tr>\n<tr>\n<td style=\"width: 70.33333587646484px;\" colspan=\"7\" bgcolor=\"#FFFFFF\">\n<table style=\"width: 1010.94px;\" border=\"0\">\n<tbody>\n<tr>\n<td style=\"width: 456px;\" bgcolor=\"#0066FF\">Bienvenidos a su Hotel La Mar Dulce<\/td>\n<td style=\"width: 107px;\" bgcolor=\"#FFFFFF\">Tarifas<\/td>\n<td style=\"width: 145px;\" bgcolor=\"#0066FF\"><a href=\"http:\/\/nicaragua-travel-guide.com\/site\/granada-hotel-la-mar-dulce-servicios\/\">Servicios<\/a><\/td>\n<td style=\"width: 155px;\" bgcolor=\"#0066FF\"><a href=\"http:\/\/nicaragua-travel-guide.com\/site\/granada-hotel-la-mar-dulce-habitaciones\/\">Habitaciones<\/a><\/td>\n<td style=\"width: 127.941px;\" bgcolor=\"#0066FF\"><a href=\"http:\/\/nicaragua-travel-guide.com\/site\/granada-hotel-la-mar-dulce\/\">Inicio<\/a><\/td>\n<\/tr>\n<\/tbody>\n<\/table>\n<\/td>\n<\/tr>\n<tr>\n<td style=\"width: 70.33333587646484px;\" colspan=\"7\" valign=\"top\" bgcolor=\"#FFFFFF\" height=\"326\">\n<table border=\"0\" width=\"1013\">\n<tbody>\n<tr style=\"height: 146.635px;\">\n<td style=\"height: 146.635px;\" bgcolor=\"#FFFFFF\" width=\"494\">Tarifas:<\/p>\n<p><em>*Incluye , (Desayuno Americano, Continental o Nicarag\u00fcense) <\/em><br \/>\n<em>*Precios incluyen impuesto IVA (15%)<br \/>\n*Precios en D\u00f3lares americanos<\/em><br \/>\n<em>* Entrada: 14.00hrs. Salida: 12: 00 pm<\/em><\/td>\n<td style=\"height: 288.747px;\" rowspan=\"3\" align=\"right\" valign=\"middle\" bgcolor=\"#FFFFFF\" width=\"512\"><img loading=\"lazy\" decoding=\"async\" class=\"wp-image-13799 alignright\" style=\"text-align: start;\" src=\"http:\/\/nicaragua-travel-guide.com\/site\/wp-content\/uploads\/2016\/07\/hotelamardulcehabitacion.jpg\" alt=\"hotelamardulcehabitacion\" width=\"485\" height=\"262\" \/><\/td>\n<\/tr>\n<tr style=\"height: 21px;\">\n<td style=\"height: 21px;\" bgcolor=\"#FFFFFF\"><em>Por favor cons\u00faltenos<\/em><\/td>\n<\/tr>\n<tr style=\"height: 121.111px;\">\n<td style=\"height: 148.111px;\" rowspan=\"2\" bgcolor=\"#FFFFFF\">\n<ul>\n<li><strong><em>Temporada Alta<\/em><\/strong><em>:<\/em><\/li>\n<li><em>Noviembre 15 hasta Marzo 31, Agosto 1 hasta Agosto 20<\/em><\/li>\n<li><strong><em>Fechas especiales<\/em><\/strong> <em>:<\/em><\/li>\n<li><em>Festival de la Poes\u00eda <\/em><em>Jueves, Viernes y S\u00e1bado Santo, H\u00edpica de Granada, Diciembre 7 y 8,\u00a0 Diciembre 24 al 31.<\/em><\/li>\n<\/ul>\n<\/td>\n<\/tr>\n<tr style=\"height: 27px;\">\n<td style=\"height: 27px;\" bgcolor=\"#FFFFFF\"><em>\u00a1Ofrecemos los mejores precios en la ciudad!<\/em><\/td>\n<\/tr>\n<\/tbody>\n<\/table>\n<\/td>\n<\/tr>\n<tr>\n<td style=\"width: 70.33333587646484px;\" colspan=\"7\" bgcolor=\"#FFFFFF\">\n<table style=\"width: 997px;\" border=\"0\">\n<tbody>\n<tr>\n<td style=\"width: 322.052px;\" bgcolor=\"#0066FF\">Por mayor informaci\u00f3n \u00a0<strong>Contactarnos<\/strong><\/td>\n<td style=\"width: 423.948px;\" bgcolor=\"#0066FF\"><a href=\"http:\/\/nicaragua-travel-guide.com\/site\/guia-de-hoteles-alojamiento-donde-dormir-en-granada-y-sus-alrededores\/\"><strong>&lt;&lt; Donde Dormir en Granada y Reservar<\/strong><\/a><\/td>\n<td style=\"width: 242px;\" bgcolor=\"#0066FF\"><a href=\"http:\/\/nicaragua-travel-guide.com\/site\/granada\/\"><strong>&lt;&lt; Granada Inicio<\/strong><\/a><\/td>\n<\/tr>\n<\/tbody>\n<\/table>\n<\/td>\n<\/tr>\n<\/tbody>\n<\/table>\n","protected":false},"excerpt":{"rendered":"<p>Bienvenidos a su Hotel La Mar Dulce Tarifas Servicios Habitaciones Inicio Tarifas: *Incluye , (Desayuno Americano, Continental o Nicarag\u00fcense) *Precios incluyen impuesto IVA (15%) *Precios en D\u00f3lares americanos * Entrada: 14.00hrs. Salida: 12: 00 pm Por favor cons\u00faltenos Temporada Alta: Noviembre 15 hasta Marzo 31, Agosto 1 hasta Agosto 20 Fechas especiales : Festival de [&hellip;]<\/p>\n","protected":false},"author":2,"featured_media":0,"parent":0,"menu_order":0,"comment_status":"closed","ping_status":"closed","template":"","meta":{"footnotes":""},"_links":{"self":[{"href":"https:\/\/nicaragua-travel-guide.com\/site\/wp-json\/wp\/v2\/pages\/7814"}],"collection":[{"href":"https:\/\/nicaragua-travel-guide.com\/site\/wp-json\/wp\/v2\/pages"}],"about":[{"href":"https:\/\/nicaragua-travel-guide.com\/site\/wp-json\/wp\/v2\/types\/page"}],"author":[{"embeddable":true,"href":"https:\/\/nicaragua-travel-guide.com\/site\/wp-json\/wp\/v2\/users\/2"}],"replies":[{"embeddable":true,"href":"https:\/\/nicaragua-travel-guide.com\/site\/wp-json\/wp\/v2\/comments?post=7814"}],"version-history":[{"count":19,"href":"https:\/\/nicaragua-travel-guide.com\/site\/wp-json\/wp\/v2\/pages\/7814\/revisions"}],"predecessor-version":[{"id":13805,"href":"https:\/\/nicaragua-travel-guide.com\/site\/wp-json\/wp\/v2\/pages\/7814\/revisions\/13805"}],"wp:attachment":[{"href":"https:\/\/nicaragua-travel-guide.com\/site\/wp-json\/wp\/v2\/media?parent=7814"}],"curies":[{"name":"wp","href":"https:\/\/api.w.org\/{rel}","templated":true}]}}